{"id":11961,"date":"2024-08-25T04:58:04","date_gmt":"2024-08-25T03:58:04","guid":{"rendered":"https:\/\/kliniksanktmoritz.ch\/?post_type=product&#038;p=11961"},"modified":"2024-08-25T04:59:29","modified_gmt":"2024-08-25T03:59:29","slug":"sfigmomanometro-digitale-riester-ri-champion-smart-pro","status":"publish","type":"product","link":"https:\/\/kliniksanktmoritz.ch\/fr\/produit\/sfigmomanometro-digitale-riester-ri-champion-smart-pro\/","title":{"rendered":"Sfigmomanometro digitale Riester Ri-Champion Smart Pro+"},"content":{"rendered":"","protected":false},"excerpt":{"rendered":"<p>Informations g\u00e9n\u00e9rales<br \/>\nLe tensiom\u00e8tre num\u00e9rique Riester Ri-Champion Smart Pro+ est un dispositif clinique valid\u00e9, r\u00e9alis\u00e9 pour des r\u00e9sultats rapides et fiables. Performances avanc\u00e9es en mati\u00e8re de surveillance du battement irr\u00e9gulier : analyse des 3 mesures cons\u00e9cutives.<br \/>\n- Pour usage domestique et professionnel.<br \/>\n- Rapide et silencieux<br \/>\n- 200 heures avec 4 piles AA<br \/>\n- Un grand livre pour une lecture facile<br \/>\n- Conforme EN1060-4<\/p>\n<p>Application<br \/>\nL'instrument num\u00e9rique Riester Ri-Champion Smart Pro+ se connecte \u00e0 App, une application innovante et gratuite pour smartphone, con\u00e7ue pour fonctionner avec diff\u00e9rents appareils m\u00e9dicaux capables de mesurer la temp\u00e9rature, la pression art\u00e9rielle, le poids et les composants corporels, la saturation, la sonnette, la glic\u00e9mie, l'activit\u00e9 physique et bien d'autres choses encore, fr\u00e9quence cardiaque, poids et composants corporels, saturation, ECG, son, glic\u00e9mie, activit\u00e9 physique et bien d'autres choses encore, sans configurations ni impostazioni complesse, et disponible en 10 langues (GB, FR, IT, ES, DE, NL, GR, PT, RO, PL).<br \/>\nDotation standard<br \/>\nFornito con bracciale adulto<\/p>\n<p>Informations techniques<br \/>\n- Codice Riester : 1735-BT<br \/>\n- Connectivit\u00e9 Bluetooth<br \/>\n- Plage de mesure : 40-199 bpm<br \/>\n- Plage sistolique : 60-255 mmHg<br \/>\n- Plage de distolica : 30-195 mmHg<br \/>\n- Gamme de pulsations : 40-199 bpm \u00b14%<br \/>\n- Pression maximale de gonflement : 280 mmHg \u00b13 o \u00b12%<br \/>\n- Alimentation : 4 piles AA ou alimentation par c\u00e2ble (en option)<br \/>\n- Dur\u00e9e de vie de la batterie : 200 heures<br \/>\n- M\u00e9moire : 400 missions<br \/>\n- Dimensioni. 141 x 121 x 72 mm<br \/>\n- Peso : 350 g<\/p>","protected":false},"featured_media":11962,"template":"","meta":{"_acf_changed":false,"wds_primary_product_brand":0,"wds_primary_product_cat":0,"_wordproof_timestamp":false},"product_brand":[],"product_cat":[113,78],"product_tag":[],"class_list":{"0":"post-11961","1":"product","2":"type-product","3":"status-publish","4":"has-post-thumbnail","6":"product_cat-device","7":"product_cat-digitaltwin","9":"first","10":"instock","11":"shipping-taxable","12":"purchasable","13":"product-type-simple"},"acf":[],"_links":{"self":[{"href":"https:\/\/kliniksanktmoritz.ch\/fr\/wp-json\/wp\/v2\/product\/11961","targetHints":{"allow":["GET"]}}],"collection":[{"href":"https:\/\/kliniksanktmoritz.ch\/fr\/wp-json\/wp\/v2\/product"}],"about":[{"href":"https:\/\/kliniksanktmoritz.ch\/fr\/wp-json\/wp\/v2\/types\/product"}],"wp:featuredmedia":[{"embeddable":true,"href":"https:\/\/kliniksanktmoritz.ch\/fr\/wp-json\/wp\/v2\/media\/11962"}],"wp:attachment":[{"href":"https:\/\/kliniksanktmoritz.ch\/fr\/wp-json\/wp\/v2\/media?parent=11961"}],"wp:term":[{"taxonomy":"product_brand","embeddable":true,"href":"https:\/\/kliniksanktmoritz.ch\/fr\/wp-json\/wp\/v2\/product_brand?post=11961"},{"taxonomy":"product_cat","embeddable":true,"href":"https:\/\/kliniksanktmoritz.ch\/fr\/wp-json\/wp\/v2\/product_cat?post=11961"},{"taxonomy":"product_tag","embeddable":true,"href":"https:\/\/kliniksanktmoritz.ch\/fr\/wp-json\/wp\/v2\/product_tag?post=11961"}],"curies":[{"name":"wp","href":"https:\/\/api.w.org\/{rel}","templated":true}]}}