{"id":11964,"date":"2024-08-25T05:01:17","date_gmt":"2024-08-25T04:01:17","guid":{"rendered":"https:\/\/kliniksanktmoritz.ch\/?post_type=product&#038;p=11964"},"modified":"2024-08-25T05:01:18","modified_gmt":"2024-08-25T04:01:18","slug":"omron-m7-intelli-it-afib","status":"publish","type":"product","link":"https:\/\/kliniksanktmoritz.ch\/fr\/produit\/omron-m7-intelli-it-afib\/","title":{"rendered":"Omron M7 Intelli IT AFib"},"content":{"rendered":"","protected":false},"excerpt":{"rendered":"<p>Informations g\u00e9n\u00e9rales<br \/>\nTensiom\u00e8tre num\u00e9rique \u00e0 pince Omron M7 Intelli IT AFIB, avec pince Intelli Wrap 22-42 cm. La bague Intelli Wrap s'adapte aux bracons de dimensions normales et grandes, \u00e9liminant les impr\u00e9cisions de lecture li\u00e9es \u00e0 une position erron\u00e9e. Fonction de rappel de la fibrillation auriculaire (AFIB).<\/p>\n<p>La technologie Intellisense garantit le rappel automatique de la pression de gonflage correcte.<br \/>\nLance les battements irr\u00e9guliers et d\u00e9cide de mani\u00e8re autonome si le r\u00e9sultat est satisfaisant ou si la mesure doit \u00eatre interrompue (seuls les r\u00e9sultats exacts sont affich\u00e9s).<br \/>\nNouvelle fonction d'\u00e9limination de la fibrillation auriculaire AFIB \u00e0 partir d'une impulsion, \u00e9limination qui s'effectue \u00e0 chaque mise en \u0153uvre et en utilisant 3 mises en \u0153uvre diff\u00e9rentes comme dans les technologies pr\u00e9c\u00e9dentes.<br \/>\nDotation standard<br \/>\n- Omron M7 Intelli IT AFIB<br \/>\n- Bracciale Intelli Wrap 22-42 cm<br \/>\n- Manuale : GB, FR, IT, ES, DE, NL, RU, TR, AR.<\/p>\n<p>Informations techniques<br \/>\n- Code OMRON : HEM-7380T1-EBK<br \/>\n- Technologie Intellisense<br \/>\n- Rilevatore battito irregolare e AFib con tecnologia IntelliSense AFIB a ogni misurazione<br \/>\n- Guida posizionamento bracciale<br \/>\n- Technologie Intelli Wrap (pr\u00e9cision \u00e0 360\u00b0 : mesures pr\u00e9cises \u00e0 chaque point de la circonf\u00e9rence de l'attache)<br \/>\n- Bracciale : Intelli Wrap 22-42 cm<br \/>\n- Missions de m\u00e9moire : 100 x 2 personnes + un invit\u00e9 mod.<br \/>\n- Remise en \u00e9tat des mouvements<br \/>\n- Indicateur lumineux de pression sanguine \u00e9lev\u00e9e : indique si les valeurs d\u00e9passent les normes E.H.S. pour l'automatisation \u00e0 domicile (pression sanguine 85 ou pression diastolique 135).<br \/>\n- Ipertensione<br \/>\n- M\u00e9dias des 3 derni\u00e8res missions (m\u00e9dias des 3 derni\u00e8res missions sur une dur\u00e9e de 10 minutes)<br \/>\n- Confrontation des missions avec les lettres pr\u00e9c\u00e9dentes<br \/>\n- Connexion App\/Bluetooth<\/p>","protected":false},"featured_media":11966,"template":"","meta":{"_acf_changed":false,"wds_primary_product_brand":0,"wds_primary_product_cat":0,"_wordproof_timestamp":false},"product_brand":[],"product_cat":[113,78],"product_tag":[],"class_list":{"0":"post-11964","1":"product","2":"type-product","3":"status-publish","4":"has-post-thumbnail","6":"product_cat-device","7":"product_cat-digitaltwin","9":"first","10":"instock","11":"shipping-taxable","12":"purchasable","13":"product-type-simple"},"acf":[],"_links":{"self":[{"href":"https:\/\/kliniksanktmoritz.ch\/fr\/wp-json\/wp\/v2\/product\/11964","targetHints":{"allow":["GET"]}}],"collection":[{"href":"https:\/\/kliniksanktmoritz.ch\/fr\/wp-json\/wp\/v2\/product"}],"about":[{"href":"https:\/\/kliniksanktmoritz.ch\/fr\/wp-json\/wp\/v2\/types\/product"}],"wp:featuredmedia":[{"embeddable":true,"href":"https:\/\/kliniksanktmoritz.ch\/fr\/wp-json\/wp\/v2\/media\/11966"}],"wp:attachment":[{"href":"https:\/\/kliniksanktmoritz.ch\/fr\/wp-json\/wp\/v2\/media?parent=11964"}],"wp:term":[{"taxonomy":"product_brand","embeddable":true,"href":"https:\/\/kliniksanktmoritz.ch\/fr\/wp-json\/wp\/v2\/product_brand?post=11964"},{"taxonomy":"product_cat","embeddable":true,"href":"https:\/\/kliniksanktmoritz.ch\/fr\/wp-json\/wp\/v2\/product_cat?post=11964"},{"taxonomy":"product_tag","embeddable":true,"href":"https:\/\/kliniksanktmoritz.ch\/fr\/wp-json\/wp\/v2\/product_tag?post=11964"}],"curies":[{"name":"wp","href":"https:\/\/api.w.org\/{rel}","templated":true}]}}