{"id":11967,"date":"2024-08-25T05:03:25","date_gmt":"2024-08-25T04:03:25","guid":{"rendered":"https:\/\/kliniksanktmoritz.ch\/?post_type=product&#038;p=11967"},"modified":"2024-08-25T05:03:26","modified_gmt":"2024-08-25T04:03:26","slug":"termometro-ad-infrarossi-bluetooth","status":"publish","type":"product","link":"https:\/\/kliniksanktmoritz.ch\/fr\/produit\/termometro-ad-infrarossi-bluetooth\/","title":{"rendered":"Termom\u00e8tre \u00e0 infrarouges Bluetooth"},"content":{"rendered":"","protected":false},"excerpt":{"rendered":"<p>Informations g\u00e9n\u00e9rales<br \/>\nTermom\u00e8tre \u00e0 infrarouges multifonctions qui mesure la temp\u00e9rature du corps (auriculaire et frontal), de l'environnement et des objets.<br \/>\nAdatto sai per uso professionale che domestico, clinamente accurato, affidabile e rapido, con tecnologia brevettata per misure separate per adulti e bambini.<\/p>\n<p>- Schermo LED retroilluminato a 4 colori<br \/>\n- 10 groupes de m\u00e9moire<br \/>\n- Commutable entre \u00b0C et \u00b0F<br \/>\n- Allarme febbre, acustico e visivo<br \/>\n- Capuchon magn\u00e9tique pour passer automatiquement de la mesure frontale \u00e0 la mesure auriculaire<br \/>\nApplication<br \/>\nLe termom\u00e8tre \u00e0 infrarouge se connecte \u00e0 App, une application innovante et gratuite pour smartphone, con\u00e7ue pour fonctionner avec plusieurs appareils m\u00e9dicaux capables de mesurer la temp\u00e9rature, la pression art\u00e9rielle, la fr\u00e9quence cardiaque, le poids et les composants corporels, la saturation, l'ECG, le son, la glic\u00e9mie, l'activit\u00e9 physique et bien d'autres choses encore, le poids et les composants corporels, la saturation, l'ECG, le son, la glic\u00e9mie, l'activit\u00e9 physique et bien d'autres choses encore, sans configurations ni impositions particuli\u00e8res, et disponible en 10 langues (GB, FR, IT, ES, DE, NL, GR, PT, RO, PL).<br \/>\nDotation standard<br \/>\nDot\u00e9 d'une borsetta, de 2 batteries AAA, d'un manuel multilingue : GB, FR, IT, ES, DE.<\/p>\n<p>Informations techniques<br \/>\n- Mod\u00e8le : AOJ-20S<br \/>\n- Poids : 80g (avec batterie)<br \/>\n- Dimensions : 143 x 35 x 41 mm<br \/>\n- Regolamenti :<br \/>\n\tASTM E 1965-98 (modifi\u00e9 en 2009)<br \/>\n\tSpecifiche standard per termometri a infrarossi per la determinazione<br \/>\n\tMesure de la temp\u00e9rature du patient<br \/>\n\tIS080601-2-56 Premi\u00e8re \u00e9dition 2009-10-01<br \/>\n\tApparecchiature elettromedicali - Parte 2-56 : Requisiti particolari per la sicurezza di base e le prestazioni essenziali dei termometri clinici per la misurazione della temperatura corporea.<br \/>\n- \u00c9cran : LCD en segments, r\u00e9tro-\u00e9clairage par LED en quatre couleurs (bleu, vert, arancione, rose)<br \/>\n- Unit\u00e9 de temp\u00e9rature : \u00b0C \/ \u00b0F, interchangeable<br \/>\n- Alimentation : DC 3V, AAA X2<br \/>\n- Campo di misura :<br \/>\n\tFronte e orecchio 32.0oC-42.9\u00b0C (89.6\u00b0F-109.2\u00b0F)<br \/>\n\tObjet : 0\u00b0C-100\u00b0C (32\u00b0F-199\u00b0F)<br \/>\n- Pr\u00e9cisione :<br \/>\n\tModalit\u00e0 orecchio e fronte \u00b10,2\u00b0C\/\u00b10,4\u00b0F<br \/>\n\tMode de fonctionnement \u00b11,0\u00b0C\/2,0\u00b0F<br \/>\n- Variation de la temp\u00e9rature : 0,1\u00b0C\/\u00b0F<br \/>\n- Automatique :  10s\u00b11s<br \/>\n- Conditions d'utilisation :<br \/>\n\tTemp\u00e9rature : 10\u00b0C-40\u00b0C (50\u00b0F-104\u00b0F)<br \/>\n\tTemp\u00e9rature : 15-95% RH, sans condensation Pression atmosph\u00e9rique : 70-106kPa<br \/>\n- Condizione di stoccaggio :<br \/>\n\tTemp\u00e9rature ambiante : -20\u00b0C-55\u00b0C (-4\u00b0F-131 \u00b0F)<br \/>\n\tHumidit\u00e9 relative : 0-95% RH, sans condensation Pression atmosph\u00e9rique : de 50kPa \u00e0 106kPa<br \/>\n- Piles : 2 * AAA, utilisables jusqu'\u00e0 3000 fois.<\/p>","protected":false},"featured_media":11968,"template":"","meta":{"_acf_changed":false,"wds_primary_product_brand":0,"wds_primary_product_cat":0,"_wordproof_timestamp":false},"product_brand":[],"product_cat":[113,78],"product_tag":[],"class_list":{"0":"post-11967","1":"product","2":"type-product","3":"status-publish","4":"has-post-thumbnail","6":"product_cat-device","7":"product_cat-digitaltwin","9":"first","10":"instock","11":"shipping-taxable","12":"purchasable","13":"product-type-simple"},"acf":[],"_links":{"self":[{"href":"https:\/\/kliniksanktmoritz.ch\/fr\/wp-json\/wp\/v2\/product\/11967","targetHints":{"allow":["GET"]}}],"collection":[{"href":"https:\/\/kliniksanktmoritz.ch\/fr\/wp-json\/wp\/v2\/product"}],"about":[{"href":"https:\/\/kliniksanktmoritz.ch\/fr\/wp-json\/wp\/v2\/types\/product"}],"wp:featuredmedia":[{"embeddable":true,"href":"https:\/\/kliniksanktmoritz.ch\/fr\/wp-json\/wp\/v2\/media\/11968"}],"wp:attachment":[{"href":"https:\/\/kliniksanktmoritz.ch\/fr\/wp-json\/wp\/v2\/media?parent=11967"}],"wp:term":[{"taxonomy":"product_brand","embeddable":true,"href":"https:\/\/kliniksanktmoritz.ch\/fr\/wp-json\/wp\/v2\/product_brand?post=11967"},{"taxonomy":"product_cat","embeddable":true,"href":"https:\/\/kliniksanktmoritz.ch\/fr\/wp-json\/wp\/v2\/product_cat?post=11967"},{"taxonomy":"product_tag","embeddable":true,"href":"https:\/\/kliniksanktmoritz.ch\/fr\/wp-json\/wp\/v2\/product_tag?post=11967"}],"curies":[{"name":"wp","href":"https:\/\/api.w.org\/{rel}","templated":true}]}}