{"id":11976,"date":"2024-08-25T05:05:08","date_gmt":"2024-08-25T04:05:08","guid":{"rendered":"https:\/\/kliniksanktmoritz.ch\/?post_type=product&#038;p=11976"},"modified":"2024-08-25T05:09:03","modified_gmt":"2024-08-25T04:09:03","slug":"kit-glucometro-gima-mg-dl","status":"publish","type":"product","link":"https:\/\/kliniksanktmoritz.ch\/fr\/produit\/kit-glucometro-gima-mg-dl\/","title":{"rendered":"Kit glucometro GIMA mg\/dL"},"content":{"rendered":"","protected":false},"excerpt":{"rendered":"<p>Informations g\u00e9n\u00e9rales<br \/>\nAgent d'accueil et d'enregistrement<\/p>\n<p>Glucom\u00e8tre pr\u00e9cis et fiable pour l'autodiagnostic et l'utilisation professionnelle. Des \u00e9tudes cliniques approfondies d\u00e9montrent la pr\u00e9cision du syst\u00e8me Gima de contr\u00f4le de la glyc\u00e9mie, d\u00e9velopp\u00e9 par Acon, avec des \u00e9chantillons de sang frais capillaire, veineux et n\u00e9onatal.<\/p>\n<p>Conformit\u00e9 \u00e0 ISO15197:2013\/EN ISO15197:2015<\/p>\n<p>Version Bluetooth : l'int\u00e9gration compl\u00e8te du Bluetooth permet la transmission de donn\u00e9es vers les dispositifs de gestion des donn\u00e9es.<\/p>\n<p>Application<br \/>\nLe glucom\u00e8tre GIMA mg\/dL en version Bluetooth se connecte \u00e0 App, une application innovante et gratuite pour smartphone, con\u00e7ue pour fonctionner avec des dispositifs m\u00e9dicaux vari\u00e9s et multiples capables de mesurer la temp\u00e9rature, la pression art\u00e9rielle, la saturation, l'ECG, le son, la glic\u00e9mie, l'activit\u00e9 physique et bien d'autres choses encore, fr\u00e9quence cardiaque, poids et composants corporels, saturation, ECG, son, glic\u00e9mie, activit\u00e9 physique et bien d'autres choses encore, sans configurations ni impostazioni complesse, et disponible en 10 langues (GB, FR, IT, ES, DE, NL, GR, PT, RO, PL).<\/p>\n<p>Compatibilit\u00e9 avec les appareils de t\u00e9l\u00e9m\u00e9decine :<br \/>\n- Plate-forme de sant\u00e9 CGM<br \/>\n- AdiLife<br \/>\n- iTEL<br \/>\nDotation standard<br \/>\n- Manuale : GB, FR, IT, ES<br \/>\n- 10 strisce<br \/>\n- Solution de contr\u00f4le<br \/>\n- 10 lancette<br \/>\n- Penna pungidito<br \/>\n- Capuchon trasparent (pour test sur avambraccio ou palmier)<br \/>\n- Borsa per il trasporto<\/p>\n<p>Informations techniques<br \/>\nCompatibilit\u00e9 avec les appareils de t\u00e9l\u00e9m\u00e9decine :<br \/>\n- Plate-forme de sant\u00e9 CGM<br \/>\n- AdiLife<br \/>\n- iTEL<\/p>\n<p>- Technologie : Biosensoriel\/Elettrochimie, D\u00e9gradation du glucose (GDH-FAD)<br \/>\n- M\u00e9thode d'\u00e9talonnage : Pas de codage<br \/>\n- R\u00e9sultats de l'\u00e9talonnage : \u00e9quivalent au plasma<br \/>\n- Temps de r\u00e9ponse : 5 secondes<br \/>\n- Volume campione : 0,6\u00b5L<br \/>\n- Tipo campione : Sang frais \u00e0 l'int\u00e9rieur (capillare, venoso, neonatale)<br \/>\n- Aree di prova : Punta del dito, avambraccio, palmo<br \/>\n- Intervalle d'\u00e9mission : 10-70%<br \/>\n- M\u00e9moire : 1.000 r\u00e9sultats en donn\u00e9es et en temps r\u00e9el<br \/>\n- Valeurs moyennes du test : calcul des valeurs moyennes \u00e0 7, 14, 30, 60, 90 jours<br \/>\n- Transfert de donn\u00e9es : USB<br \/>\n- Solution de contr\u00f4le : 3 niveaux<br \/>\n- Mise en place automatique : 2 minutes apr\u00e8s la derni\u00e8re action<br \/>\n- Alimentation : 2 piles CR 2032 3,0V<br \/>\n- Dur\u00e9e de vie de la batterie : 3.000 utilisations<\/p>\n<p>Autres fonctions :<br \/>\n- Remont\u00e9e automatique d'un v\u00e9hicule d\u00e9fectueux<br \/>\n- Remise en \u00e9tat du campione alterato<\/p>","protected":false},"featured_media":11982,"template":"","meta":{"_acf_changed":false,"wds_primary_product_brand":0,"wds_primary_product_cat":0,"_wordproof_timestamp":false},"product_brand":[],"product_cat":[113,78],"product_tag":[],"class_list":{"0":"post-11976","1":"product","2":"type-product","3":"status-publish","4":"has-post-thumbnail","6":"product_cat-device","7":"product_cat-digitaltwin","9":"first","10":"instock","11":"shipping-taxable","12":"purchasable","13":"product-type-simple"},"acf":[],"_links":{"self":[{"href":"https:\/\/kliniksanktmoritz.ch\/fr\/wp-json\/wp\/v2\/product\/11976","targetHints":{"allow":["GET"]}}],"collection":[{"href":"https:\/\/kliniksanktmoritz.ch\/fr\/wp-json\/wp\/v2\/product"}],"about":[{"href":"https:\/\/kliniksanktmoritz.ch\/fr\/wp-json\/wp\/v2\/types\/product"}],"wp:featuredmedia":[{"embeddable":true,"href":"https:\/\/kliniksanktmoritz.ch\/fr\/wp-json\/wp\/v2\/media\/11982"}],"wp:attachment":[{"href":"https:\/\/kliniksanktmoritz.ch\/fr\/wp-json\/wp\/v2\/media?parent=11976"}],"wp:term":[{"taxonomy":"product_brand","embeddable":true,"href":"https:\/\/kliniksanktmoritz.ch\/fr\/wp-json\/wp\/v2\/product_brand?post=11976"},{"taxonomy":"product_cat","embeddable":true,"href":"https:\/\/kliniksanktmoritz.ch\/fr\/wp-json\/wp\/v2\/product_cat?post=11976"},{"taxonomy":"product_tag","embeddable":true,"href":"https:\/\/kliniksanktmoritz.ch\/fr\/wp-json\/wp\/v2\/product_tag?post=11976"}],"curies":[{"name":"wp","href":"https:\/\/api.w.org\/{rel}","templated":true}]}}