{"id":11983,"date":"2024-08-25T05:08:03","date_gmt":"2024-08-25T04:08:03","guid":{"rendered":"https:\/\/kliniksanktmoritz.ch\/?post_type=product&#038;p=11983"},"modified":"2024-09-01T11:35:26","modified_gmt":"2024-09-01T10:35:26","slug":"bilan-smart-omron-viva","status":"publish","type":"product","link":"https:\/\/kliniksanktmoritz.ch\/fr\/produit\/bilan-smart-omron-viva\/","title":{"rendered":"Bilan intelligent OMRON VIVA"},"content":{"rendered":"","protected":false},"excerpt":{"rendered":"<p>**OMRON VIVA** est un dispositif m\u00e9dical qui suit les param\u00e8tres cl\u00e9s de la composition corporelle, notamment le poids, la graisse visc\u00e9rale, le taux m\u00e9tabolique de base, l'IMC, la graisse corporelle et les muscles squelettiques.<\/p>\n<p>**Pr\u00e9cision fiable**<\/p>\n<p>VIVA utilise la technologie de l'analyse d'imp\u00e9dance bio\u00e9lectrique (BIA) pour mesurer la composition corporelle.<\/p>\n<p>**L'importance de l'analyse de la graisse visc\u00e9rale**<\/p>\n<p>La graisse visc\u00e9rale s'accumule autour des organes vitaux. Des quantit\u00e9s excessives de cette \"graisse active\" peuvent affecter les hormones et les fonctions corporelles, augmenter la tension art\u00e9rielle et avoir un impact sur le bien-\u00eatre g\u00e9n\u00e9ral.<\/p>\n<p>Am\u00e9liorez votre sant\u00e9 en surveillant six param\u00e8tres corporels sp\u00e9cifiques : la graisse visc\u00e9rale, la graisse corporelle, les muscles squelettiques, le m\u00e9tabolisme au repos, l'indice de masse corporelle et le poids.<\/p>\n<p>**Un composant du syst\u00e8me intelligent d'OMRON**<\/p>\n<p>Le suivi de la composition corporelle, de la tension art\u00e9rielle et de la fr\u00e9quence cardiaque peut vous aider \u00e0 comprendre l'\u00e9tat de votre sant\u00e9 cardiovasculaire et \u00e0 agir rapidement.<\/p>\n<p>Suivez vos progr\u00e8s et partagez-les facilement gr\u00e2ce \u00e0 l'application \"OMRON connect\", qui vous permet de mieux comprendre la sant\u00e9 de votre c\u0153ur. Compatible avec iOS et Android.<\/p>\n<p>**\u00c9quipement standard**<br \/>\n- 1 Balance de composition corporelle OMRON VIVA Smart<br \/>\n- 4x piles AAA<br \/>\n- Manuel d'instruction<br \/>\n- Manuel de configuration<\/p>\n<p>**Informations techniques**<br \/>\n- Connectivit\u00e9 Bluetooth. Enregistre jusqu'\u00e0 30 mesures pour les moments o\u00f9 votre t\u00e9l\u00e9phone n'est pas \u00e0 port\u00e9e de main (iOS et Android).<br \/>\n- Multi-utilisateurs : 4 utilisateurs + invit\u00e9 avec fonction de reconnaissance automatique<br \/>\n- OMRON connect app : transfert automatique des donn\u00e9es (compatible avec iOS et Android)<br \/>\n- Mesure : technologie \"STEP ON\". Lecture rapide : 4 secondes. Arr\u00eat automatique.<br \/>\n- Surface du produit : verre de s\u00e9curit\u00e9 tremp\u00e9, coins arrondis, 4 plaques d'\u00e9lectrodes en acier inoxydable<br \/>\n- Dimensions ext\u00e9rieures : conception compacte et mince, environ 285 \u00d7 28 \u00d7 280 mm<br \/>\n- Taille de l'\u00e9cran : grand \u00e9cran LCD clair 58 x 78 mm avec classification des mesures<br \/>\n- Poids : environ 1,6 kg<br \/>\n- Unit\u00e9s de mesure : kg (cm)\/lb (pieds\/pouces)<br \/>\n- Capacit\u00e9 maximale : 150 kg (par incr\u00e9ments de 100 g)<br \/>\n- Hauteur : de 100,0 \u00e0 199,5 cm (de 3\u2032 4\u2033 \u00e0 6\u2032 6 3\/4\u2033)<br \/>\n- Tranche d'\u00e2ge : de 10 \u00e0 80 ans<br \/>\n- Alimentation : 4 piles alcalines AAA (LR03)<\/p>\n<p>OMRON VIVA est un appareil m\u00e9dical avec des param\u00e8tres pr\u00e9cis qui indiquent le poids, la graisse visc\u00e9rale, le m\u00e9tabolisme de base et l'IMC, la graisse et le muscle squelettique.<\/p>\n<p>Pr\u00e9cision dans l'apposition de l'\u00e9tiquette<\/p>\n<p>VIVA est un appareil qui utilise la technologie d'analyse de l'imp\u00e9dance bio\u00e9lectrique (BIA) pour \u00e9valuer la composition corporelle.<\/p>\n<p>L'importance de l'analyse de la graisse visc\u00e9rale<\/p>\n<p>Le gras visc\u00e9ral s'accumule dans les organes vitaux. Une quantit\u00e9 excessive de ce \"gras actif\" influe sur les organes et les fonctions corporelles. Elle augmente la pression art\u00e9rielle et affecte le bien-\u00eatre g\u00e9n\u00e9ral.<\/p>\n<p>Am\u00e9liore votre bien-\u00eatre et votre maintien sous contr\u00f4le, en surveillant 6 param\u00e8tres corporels sp\u00e9cifiques : graisse visc\u00e9rale, graisse, musculature sch\u00e9matique, m\u00e9tabolisme de r\u00e9action, indice de masse corporelle et poids.<\/p>\n<p>Un composant du syst\u00e8me intelligent d'OMRON<\/p>\n<p>La surveillance de la composition corporelle ainsi que la mesure de la pression et de la fr\u00e9quence cardiaque peuvent aider \u00e0 comprendre l'\u00e9tat de sant\u00e9 du patient au niveau cardiovasculaire et \u00e0 vieillir en douceur.<\/p>\n<p>L'application \"OMRON connect\" vous permet de suivre vos progr\u00e8s et de les condenser facilement. Elle vous permet de comprendre de mani\u00e8re approfondie l'\u00e9tat de sant\u00e9 de votre c\u0153ur. Compatible avec iOS et Android.<br \/>\nDotation standard<br \/>\n- 1 bilan avec capteur de composition corporelle OMRON VIVA Smart<br \/>\n- 4x batterie AAA<br \/>\n- manuel d'utilisation<br \/>\n- manuel de configuration<\/p>\n<p>Informations techniques<br \/>\n- Connectivit\u00e9 Bluetooth. M\u00e9morise jusqu'\u00e0 30 missions pour les moments o\u00f9 vous n'avez pas de t\u00e9l\u00e9phone portable \u00e0 port\u00e9e de main (iOS et Android).<br \/>\n- Multiutente : 4 personnes + salle d'attente avec fonction de reconnaissance automatique<br \/>\n- OMRON connect app : transfert automatique des donn\u00e9es (compatible avec iOS et Android)<br \/>\n- Mise en \u0153uvre : technologie \"STEP ON\". Vitesse : 4 secondes. Mise en place automatique.<br \/>\n- Superficie du produit : vetro di sicurezza temperato, angoli arrotondati, 4 piastre elettrodi in acciaio inox<br \/>\n- Dimensions ext\u00e9rieures : design compatto et sottile environ 285 \u00d7 28 \u00d7 280 mm<br \/>\n- Dimensions de l'\u00e9cran : \u00e9cran LCD large et compact de 58 x 78 mm avec classification des mesures.<br \/>\n- Peso : environ 1,6 kg<br \/>\n- Unit\u00e9 de mesure : kg (cm)\/lb (pieds\/pollici)<br \/>\n- Capacit\u00e9 maximale : 150 kg (par paliers de 100 g)<br \/>\n- Taille : de 100,0 \u00e0 199,5 cm (de 3\u2032 4\u2033\"\" \u00e0 6\u2032 6 3\/4\u2033\"\")<br \/>\n- \u00c2ge : de 10 \u00e0 80 ans<br \/>\n- Alimentation : 4 piles alcalines AAA (LR03)<\/p>","protected":false},"featured_media":11984,"template":"","meta":{"_acf_changed":false,"wds_primary_product_brand":0,"wds_primary_product_cat":0,"_wordproof_timestamp":false},"product_brand":[],"product_cat":[113,78],"product_tag":[],"class_list":{"0":"post-11983","1":"product","2":"type-product","3":"status-publish","4":"has-post-thumbnail","6":"product_cat-device","7":"product_cat-digitaltwin","9":"first","10":"instock","11":"shipping-taxable","12":"purchasable","13":"product-type-simple"},"acf":[],"_links":{"self":[{"href":"https:\/\/kliniksanktmoritz.ch\/fr\/wp-json\/wp\/v2\/product\/11983","targetHints":{"allow":["GET"]}}],"collection":[{"href":"https:\/\/kliniksanktmoritz.ch\/fr\/wp-json\/wp\/v2\/product"}],"about":[{"href":"https:\/\/kliniksanktmoritz.ch\/fr\/wp-json\/wp\/v2\/types\/product"}],"wp:featuredmedia":[{"embeddable":true,"href":"https:\/\/kliniksanktmoritz.ch\/fr\/wp-json\/wp\/v2\/media\/11984"}],"wp:attachment":[{"href":"https:\/\/kliniksanktmoritz.ch\/fr\/wp-json\/wp\/v2\/media?parent=11983"}],"wp:term":[{"taxonomy":"product_brand","embeddable":true,"href":"https:\/\/kliniksanktmoritz.ch\/fr\/wp-json\/wp\/v2\/product_brand?post=11983"},{"taxonomy":"product_cat","embeddable":true,"href":"https:\/\/kliniksanktmoritz.ch\/fr\/wp-json\/wp\/v2\/product_cat?post=11983"},{"taxonomy":"product_tag","embeddable":true,"href":"https:\/\/kliniksanktmoritz.ch\/fr\/wp-json\/wp\/v2\/product_tag?post=11983"}],"curies":[{"name":"wp","href":"https:\/\/api.w.org\/{rel}","templated":true}]}}