{"id":11991,"date":"2024-08-25T05:10:54","date_gmt":"2024-08-25T04:10:54","guid":{"rendered":"https:\/\/kliniksanktmoritz.ch\/?post_type=product&#038;p=11991"},"modified":"2024-08-25T05:10:56","modified_gmt":"2024-08-25T04:10:56","slug":"bilancia-body-fat-gimafit","status":"publish","type":"product","link":"https:\/\/kliniksanktmoritz.ch\/fr\/produit\/bilancia-body-fat-gimafit\/","title":{"rendered":"Bilan de graisse corporelle GIMAFIT"},"content":{"rendered":"","protected":false},"excerpt":{"rendered":"<p>Informations g\u00e9n\u00e9rales<br \/>\nBilan de graisse corporelle GIMAFIT avec Bluetooth 5.0 + WiFi. Bilan multi-fonctions, pour la mesure de la graisse corporelle, de l'eau, de la masse musculaire et de la masse osseuse. Fonction battement cardiaque, IMC, BMR. Equip\u00e9 de 4 capteurs de pr\u00e9cision de type G. <\/p>\n<p>Application<br \/>\nLe bilan Body Fat GIMAFIT se connecte \u00e0 App, une application innovante et gratuite pour smartphone, con\u00e7ue pour fonctionner avec plusieurs appareils m\u00e9dicaux capables de mesurer la temp\u00e9rature, la pression art\u00e9rielle, la fr\u00e9quence cardiaque, le poids et les composants corporels, la saturation, le son, la glic\u00e9mie, l'activit\u00e9 physique et bien d'autres choses encore, le poids et les composants corporels, la saturation, l'ECG, le son, la glic\u00e9mie, l'activit\u00e9 physique et bien d'autres choses encore, sans configurations ni impositions particuli\u00e8res, et disponible en 10 langues (GB, FR, IT, ES, DE, NL, GR, PT, RO, PL).<\/p>\n<p>Dotation standard<br \/>\n- 4 batteries AAA<br \/>\n- Manuale : GB, FR, IT, ES, PT, PL, GR<\/p>\n<p>Informations techniques<br \/>\n- Mat\u00e9riau de la pi\u00e8ce : cuir et acier inoxydable<br \/>\n- Poids : 180 kg (poids minimal 0,15 kg)<br \/>\n- \u00c9cran LED : 80 x 40 mm lumi\u00e8re blanche<br \/>\n- Pr\u00e9cision : 200 g (entre 50 et 100 kg)<br \/>\n- Piles : 4 AAA (incluses)<br \/>\n- Dimensions : 30 x 30 x 2,3 cm<br \/>\n- Unit\u00e9 de mesure kg \/ livre <\/p>","protected":false},"featured_media":11992,"template":"","meta":{"_acf_changed":false,"wds_primary_product_brand":0,"wds_primary_product_cat":0,"_wordproof_timestamp":false},"product_brand":[],"product_cat":[113,78],"product_tag":[],"class_list":{"0":"post-11991","1":"product","2":"type-product","3":"status-publish","4":"has-post-thumbnail","6":"product_cat-device","7":"product_cat-digitaltwin","9":"first","10":"instock","11":"shipping-taxable","12":"purchasable","13":"product-type-simple"},"acf":[],"_links":{"self":[{"href":"https:\/\/kliniksanktmoritz.ch\/fr\/wp-json\/wp\/v2\/product\/11991","targetHints":{"allow":["GET"]}}],"collection":[{"href":"https:\/\/kliniksanktmoritz.ch\/fr\/wp-json\/wp\/v2\/product"}],"about":[{"href":"https:\/\/kliniksanktmoritz.ch\/fr\/wp-json\/wp\/v2\/types\/product"}],"wp:featuredmedia":[{"embeddable":true,"href":"https:\/\/kliniksanktmoritz.ch\/fr\/wp-json\/wp\/v2\/media\/11992"}],"wp:attachment":[{"href":"https:\/\/kliniksanktmoritz.ch\/fr\/wp-json\/wp\/v2\/media?parent=11991"}],"wp:term":[{"taxonomy":"product_brand","embeddable":true,"href":"https:\/\/kliniksanktmoritz.ch\/fr\/wp-json\/wp\/v2\/product_brand?post=11991"},{"taxonomy":"product_cat","embeddable":true,"href":"https:\/\/kliniksanktmoritz.ch\/fr\/wp-json\/wp\/v2\/product_cat?post=11991"},{"taxonomy":"product_tag","embeddable":true,"href":"https:\/\/kliniksanktmoritz.ch\/fr\/wp-json\/wp\/v2\/product_tag?post=11991"}],"curies":[{"name":"wp","href":"https:\/\/api.w.org\/{rel}","templated":true}]}}