{"id":11995,"date":"2024-08-25T05:12:35","date_gmt":"2024-08-25T04:12:35","guid":{"rendered":"https:\/\/kliniksanktmoritz.ch\/?post_type=product&#038;p=11995"},"modified":"2024-08-25T05:12:36","modified_gmt":"2024-08-25T04:12:36","slug":"duoek-s-monitor-ecg-portatile","status":"publish","type":"product","link":"https:\/\/kliniksanktmoritz.ch\/fr\/produit\/duoek-s-monitor-ecg-portatile\/","title":{"rendered":"DuoEK S Monitor ECG portatif"},"content":{"rendered":"","protected":false},"excerpt":{"rendered":"<p>Informations g\u00e9n\u00e9rales<br \/>\nDuoEK\u2122 S est un moniteur ECG portable pour les mesures et les analyses d'urine. Compact et l\u00e9ger, il permet de contr\u00f4ler facilement l'ECG \u00e0 tout moment et en tout lieu.<br \/>\n- 3 d\u00e9riv\u00e9s : mano-mano, mano-gamba et toracica<br \/>\n- \u00e9cran OLEd pour les images de l'\u00e9lectrocardiogramme<br \/>\n- mise en \u0153uvre avec une seule impulsion<br \/>\n- 500 missions avec une seule r\u00e9ponse<br \/>\nDuoEK\u2122 S \u00e8 adatto per persone con stress elevato, orari irregolari, patologie cardiache e disturbi cardiaci (palpitazioni, panico, vertigini, oppressione toracica e cos\u00ec via).<br \/>\nApplication ViHealth gratuite pour iOS et Android<br \/>\nIl est possible de caricaturer automatiquement les donn\u00e9es et de communiquer au m\u00e9decin la r\u00e9f\u00e9rence au format PDF.<br \/>\nDotation standard<br \/>\nLivr\u00e9 avec caricature et manuel multilingue (GB, FR , IT, ES, DE).<\/p>\n<p>Informations techniques<br \/>\n- Poumons ECG : de 30 secondes \u00e0 15 minutes<br \/>\n- Fr\u00e9quence cardiaque : 30 - 250 bpm<br \/>\n- Alimentation : batteries \u00e0 polim\u00e8res de lithium rechargeables<br \/>\n- Dur\u00e9e de fonctionnement de la batterie : &gt; 500 commandes<br \/>\n- D\u00e9lai de r\u00e9ponse : 2-3 heures<br \/>\n- Connexion : connecteur micro-USB<br \/>\n- Sans fil : Bluetooth 4.0 BLE<br \/>\n- M\u00e9moire int\u00e9gr\u00e9e :<br \/>\n- 10 s\u00e9ances par ECG &lt; 1 minute\n- 4 sessions par ECG de 5 minutes\n- M\u00e9moire sur l&#039;application : illimit\u00e9e\n- Dimensions : 92 x 32 x 8,2 mm\n- Poids : 26,8 gr.\n\n<\/p>","protected":false},"featured_media":11999,"template":"","meta":{"_acf_changed":false,"wds_primary_product_brand":0,"wds_primary_product_cat":0,"_wordproof_timestamp":false},"product_brand":[],"product_cat":[113,78],"product_tag":[],"class_list":{"0":"post-11995","1":"product","2":"type-product","3":"status-publish","4":"has-post-thumbnail","6":"product_cat-device","7":"product_cat-digitaltwin","9":"first","10":"instock","11":"shipping-taxable","12":"purchasable","13":"product-type-simple"},"acf":[],"_links":{"self":[{"href":"https:\/\/kliniksanktmoritz.ch\/fr\/wp-json\/wp\/v2\/product\/11995","targetHints":{"allow":["GET"]}}],"collection":[{"href":"https:\/\/kliniksanktmoritz.ch\/fr\/wp-json\/wp\/v2\/product"}],"about":[{"href":"https:\/\/kliniksanktmoritz.ch\/fr\/wp-json\/wp\/v2\/types\/product"}],"wp:featuredmedia":[{"embeddable":true,"href":"https:\/\/kliniksanktmoritz.ch\/fr\/wp-json\/wp\/v2\/media\/11999"}],"wp:attachment":[{"href":"https:\/\/kliniksanktmoritz.ch\/fr\/wp-json\/wp\/v2\/media?parent=11995"}],"wp:term":[{"taxonomy":"product_brand","embeddable":true,"href":"https:\/\/kliniksanktmoritz.ch\/fr\/wp-json\/wp\/v2\/product_brand?post=11995"},{"taxonomy":"product_cat","embeddable":true,"href":"https:\/\/kliniksanktmoritz.ch\/fr\/wp-json\/wp\/v2\/product_cat?post=11995"},{"taxonomy":"product_tag","embeddable":true,"href":"https:\/\/kliniksanktmoritz.ch\/fr\/wp-json\/wp\/v2\/product_tag?post=11995"}],"curies":[{"name":"wp","href":"https:\/\/api.w.org\/{rel}","templated":true}]}}