{"id":12000,"date":"2024-08-25T05:14:12","date_gmt":"2024-08-25T04:14:12","guid":{"rendered":"https:\/\/kliniksanktmoritz.ch\/?post_type=product&#038;p=12000"},"modified":"2024-08-25T05:14:13","modified_gmt":"2024-08-25T04:14:13","slug":"smartwatch-quadrant","status":"publish","type":"product","link":"https:\/\/kliniksanktmoritz.ch\/fr\/produit\/quadrant-des-smartwatches\/","title":{"rendered":"Quadrant des montres intelligentes"},"content":{"rendered":"","protected":false},"excerpt":{"rendered":"<p>Informations g\u00e9n\u00e9rales<br \/>\nQuadrant est une montre intelligente con\u00e7ue pour surveiller divers param\u00e8tres li\u00e9s \u00e0 la sant\u00e9.<\/p>\n<p>Adapt\u00e9 \u00e0 toutes les occasions, du travail au temps libre, il comprend les param\u00e8tres et fonctions suivants :<\/p>\n<p>Parametri<\/p>\n<p>- Temp\u00e9rature corporelle<br \/>\n- Fr\u00e9quence cardiaque<br \/>\n- ECG<br \/>\n- BPM (pression sanguine)<br \/>\n- SpO2 (niveau d'oxyg\u00e8ne dans le sang)<br \/>\n- Fr\u00e9quence respiratoire<br \/>\n- Sonno<br \/>\n- Le sport<br \/>\n- Calorie<br \/>\n- Passi<br \/>\nFonctionnalit\u00e9s suppl\u00e9mentaires<\/p>\n<p>- M\u00e9t\u00e9o<br \/>\n- Cronometro<br \/>\n- Lettore musicale<br \/>\n- Foto<br \/>\nIl permet \u00e9galement la connexion sans fil \u00e0 l'application S1MPL0, compatible avec Android 8.1 et les versions sup\u00e9rieures, avec iOS 13 et les versions sup\u00e9rieures, ainsi qu'\u00e0 l'application.<\/p>\n<p>Application<br \/>\nLa smartwatch Quadrant se connecte \u00e0 App, une application innovante et gratuite pour smartphone, con\u00e7ue pour fonctionner avec plusieurs appareils m\u00e9dicaux capables de mesurer la temp\u00e9rature, la pression art\u00e9rielle, la fr\u00e9quence cardiaque, le poids et les composants corporels, la saturation, l'ECG, le son, la glic\u00e9mie, l'activit\u00e9 physique et bien d'autres choses encore, sans configuration ni imposition, le poids et les composants corporels, la saturation, l'ECG, le son, la glic\u00e9mie, l'activit\u00e9 physique et bien d'autres choses encore, sans configurations ni impositions particuli\u00e8res, et disponible en 10 langues (GB, FR, IT, ES, DE, NL, GR, PT, RO, PL).<br \/>\nDotation standard<br \/>\nLivr\u00e9 avec un tuyau d'alimentation et un manuel en GB, IT.<\/p>\n<p>Informations techniques<br \/>\n- Acc\u00e9l\u00e9rom\u00e8tre : capteur 3D<br \/>\n- \u00c9cran : IPS TFT DE 1,70\u2033.<br \/>\n- Transmission des donn\u00e9es : 4.2 BLE<br \/>\n- Intervalle de temp\u00e9rature : -10\u00b0 ~ 50\u00b0.<br \/>\n- Alimentazione : Piles \u00e0 polimeri di litio<br \/>\n- Capacit\u00e9 de la batterie : 200 MAH<br \/>\n- Dur\u00e9e de vie de la batterie :<br \/>\n- stand-by : 30 jours<br \/>\n- Utilisation normale : 15 jours<br \/>\n- utilisation fr\u00e9quente : 7 jours<br \/>\n- D\u00e9lai de r\u00e9ponse : 2-3 heures<br \/>\n- Peso : 55 g<br \/>\n- R\u00e9sistance \u00e0 l'eau : IP68<br \/>\n- Pas de dispositif m\u00e9dical<\/p>","protected":false},"featured_media":12004,"template":"","meta":{"_acf_changed":false,"wds_primary_product_brand":0,"wds_primary_product_cat":0,"_wordproof_timestamp":false},"product_brand":[],"product_cat":[113,78],"product_tag":[],"class_list":{"0":"post-12000","1":"product","2":"type-product","3":"status-publish","4":"has-post-thumbnail","6":"product_cat-device","7":"product_cat-digitaltwin","9":"first","10":"instock","11":"shipping-taxable","12":"purchasable","13":"product-type-simple"},"acf":[],"_links":{"self":[{"href":"https:\/\/kliniksanktmoritz.ch\/fr\/wp-json\/wp\/v2\/product\/12000","targetHints":{"allow":["GET"]}}],"collection":[{"href":"https:\/\/kliniksanktmoritz.ch\/fr\/wp-json\/wp\/v2\/product"}],"about":[{"href":"https:\/\/kliniksanktmoritz.ch\/fr\/wp-json\/wp\/v2\/types\/product"}],"wp:featuredmedia":[{"embeddable":true,"href":"https:\/\/kliniksanktmoritz.ch\/fr\/wp-json\/wp\/v2\/media\/12004"}],"wp:attachment":[{"href":"https:\/\/kliniksanktmoritz.ch\/fr\/wp-json\/wp\/v2\/media?parent=12000"}],"wp:term":[{"taxonomy":"product_brand","embeddable":true,"href":"https:\/\/kliniksanktmoritz.ch\/fr\/wp-json\/wp\/v2\/product_brand?post=12000"},{"taxonomy":"product_cat","embeddable":true,"href":"https:\/\/kliniksanktmoritz.ch\/fr\/wp-json\/wp\/v2\/product_cat?post=12000"},{"taxonomy":"product_tag","embeddable":true,"href":"https:\/\/kliniksanktmoritz.ch\/fr\/wp-json\/wp\/v2\/product_tag?post=12000"}],"curies":[{"name":"wp","href":"https:\/\/api.w.org\/{rel}","templated":true}]}}