{"id":12005,"date":"2024-08-25T05:15:13","date_gmt":"2024-08-25T04:15:13","guid":{"rendered":"https:\/\/kliniksanktmoritz.ch\/?post_type=product&#038;p=12005"},"modified":"2024-09-01T11:28:57","modified_gmt":"2024-09-01T10:28:57","slug":"smartwatch-sportpix","status":"publish","type":"product","link":"https:\/\/kliniksanktmoritz.ch\/fr\/produit\/smartwatch-sportpix\/","title":{"rendered":"Smartwatch Sportpix"},"content":{"rendered":"","protected":false},"excerpt":{"rendered":"<p>**Informations g\u00e9n\u00e9rales**<br \/>\nSportpix est une montre intelligente con\u00e7ue pour surveiller divers param\u00e8tres de sant\u00e9 et d'activit\u00e9 sportive.<\/p>\n<p>Particuli\u00e8rement adapt\u00e9 aux athl\u00e8tes, il comprend les param\u00e8tres et caract\u00e9ristiques suivants :<\/p>\n<p>**Param\u00e8tres**<\/p>\n<p>- Temp\u00e9rature du corps<br \/>\n- Fr\u00e9quence cardiaque<br \/>\n- ECG<br \/>\n- BPM (pression art\u00e9rielle)<br \/>\n- SpO2 (taux d'oxyg\u00e8ne dans le sang)<br \/>\n- Fr\u00e9quence respiratoire<br \/>\n- Sommeil<br \/>\n- Sports<br \/>\n- Calories<br \/>\n- \u00c9tapes<\/p>\n<p>**Caract\u00e9ristiques suppl\u00e9mentaires**<\/p>\n<p>- M\u00e9t\u00e9o<br \/>\n- Chronom\u00e8tre<br \/>\n- Lecteur de musique<br \/>\n- Appareil photo<\/p>\n<p>Il permet \u00e9galement une connexion sans fil \u00e0 l'application S1MPL0, compatible avec Android 8.1 et plus, et iOS 13 et plus.<\/p>\n<p>**App**<br \/>\nLa smartwatch Sportpix se connecte \u00e0 App, une application smartphone innovante et gratuite, con\u00e7ue pour fonctionner avec diff\u00e9rents dispositifs m\u00e9dicaux qui peuvent mesurer la temp\u00e9rature, la pression art\u00e9rielle, la fr\u00e9quence cardiaque, le poids et la composition corporelle, la saturation en oxyg\u00e8ne, l'ECG, le sommeil, la glyc\u00e9mie, l'activit\u00e9 physique, et plus encore, sans configurations ou r\u00e9glages complexes, disponible en 10 langues (anglais, fran\u00e7ais, italien, espagnol, allemand, n\u00e9erlandais, grec, portugais, roumain, polonais).<\/p>\n<p>**\u00c9quipement standard**<br \/>\nIl est livr\u00e9 avec un c\u00e2ble de chargement et des manuels en anglais et en italien.<\/p>\n<p>**Informations techniques**<br \/>\n- Acc\u00e9l\u00e9rom\u00e8tre : capteur 3D<br \/>\n- \u00c9cran : 1,3\u2033 OLED<br \/>\n- Synchronisation des donn\u00e9es : 4.0 BT<br \/>\n- Plage de temp\u00e9rature : -10\u00b0 \u00e0 50\u00b0 C<br \/>\n- Alimentation : Batterie au lithium polym\u00e8re<br \/>\n- Capacit\u00e9 de la batterie : 240 MAH<br \/>\n- Autonomie de la batterie :<br \/>\n- En attente : 15 jours<br \/>\n- Utilisation normale : 5 jours<br \/>\n- Utilisation fr\u00e9quente : 3 jours<br \/>\n- Temps de charge : 2-3 heures<br \/>\n- Poids : 38 g<br \/>\n- R\u00e9sistance \u00e0 l'eau : IP67<br \/>\n- Pas un dispositif m\u00e9dical<\/p>\n<p>Informations g\u00e9n\u00e9rales<br \/>\nSportpix est une montre intelligente con\u00e7ue pour surveiller divers param\u00e8tres li\u00e9s \u00e0 la sant\u00e9 et \u00e0 l'activit\u00e9 sportive.<\/p>\n<p>Particuli\u00e8rement adapt\u00e9 \u00e0 la pratique du sport, il comprend les param\u00e8tres et fonctions suivants :<\/p>\n<p>Parametri<\/p>\n<p>- Temp\u00e9rature corporelle<br \/>\n- Fr\u00e9quence cardiaque<br \/>\n- ECG<br \/>\n- BPM (pression sanguine)<br \/>\n- SpO2 (niveau d'oxyg\u00e8ne dans le sang)<br \/>\n- Fr\u00e9quence respiratoire<br \/>\n- Sonno<br \/>\n- Le sport<br \/>\n- Calorie<br \/>\n- Passi<br \/>\nFonctionnalit\u00e9s suppl\u00e9mentaires<\/p>\n<p>- M\u00e9t\u00e9o<br \/>\n- Cronometro<br \/>\n- Lettore musicale<br \/>\n- Foto<br \/>\nIl permet \u00e9galement la connexion sans fil \u00e0 l'application S1MPL0, compatible avec Android 8.1 et les versions sup\u00e9rieures, avec iOS 13 et les versions sup\u00e9rieures, ainsi qu'\u00e0 l'application.<\/p>\n<p>Application<br \/>\nLa smartwatch Sportpix se connecte \u00e0 App, une application innovante et gratuite pour smartphone, con\u00e7ue pour fonctionner avec des dispositifs m\u00e9dicaux vari\u00e9s et multiples, capables de mesurer la temp\u00e9rature, la pression art\u00e9rielle, la fr\u00e9quence cardiaque, le poids et les composants corporels, la saturation, l'ECG, la sonnette, la glic\u00e9mie, l'activit\u00e9 physique et bien d'autres choses encore, le poids et les composants corporels, la saturation, l'ECG, le son, la glic\u00e9mie, l'activit\u00e9 physique et bien d'autres choses encore, sans configurations ni impositions particuli\u00e8res, et disponible en 10 langues (GB, FR, IT, ES, DE, NL, GR, PT, RO, PL).<br \/>\nDotation standard<br \/>\nLivr\u00e9 avec un tuyau d'alimentation et un manuel en GB, IT.<\/p>\n<p>Informations techniques<br \/>\n- Acc\u00e9l\u00e9rom\u00e8tre : capteur 3D<br \/>\n- \u00c9cran : OLED 1,3\u2033.<br \/>\n- Transmission des donn\u00e9es : 4.0 BT<br \/>\n- Intervalle de temp\u00e9rature : -10\u00b0 ~ 50\u00b0.<br \/>\n- Alimentazione : Piles \u00e0 polimeri di litio<br \/>\n- Capacit\u00e9 de la batterie : 240 MAH<br \/>\n- Dur\u00e9e de vie de la batterie :<br \/>\n- stand-by : 15 jours<br \/>\n- Utilisation normale : 5 jours<br \/>\n- utilisation fr\u00e9quente : 3 jours<br \/>\n- D\u00e9lai de r\u00e9ponse : 2-3 heures<br \/>\n- Peso : 38 g<br \/>\n- R\u00e9sistance \u00e0 l'eau : IP67<br \/>\n- Pas de dispositif m\u00e9dical<\/p>","protected":false},"featured_media":12002,"template":"","meta":{"_acf_changed":false,"wds_primary_product_brand":0,"wds_primary_product_cat":0,"_wordproof_timestamp":false},"product_brand":[],"product_cat":[113,78],"product_tag":[],"class_list":{"0":"post-12005","1":"product","2":"type-product","3":"status-publish","4":"has-post-thumbnail","6":"product_cat-device","7":"product_cat-digitaltwin","9":"first","10":"instock","11":"shipping-taxable","12":"purchasable","13":"product-type-simple"},"acf":[],"_links":{"self":[{"href":"https:\/\/kliniksanktmoritz.ch\/fr\/wp-json\/wp\/v2\/product\/12005","targetHints":{"allow":["GET"]}}],"collection":[{"href":"https:\/\/kliniksanktmoritz.ch\/fr\/wp-json\/wp\/v2\/product"}],"about":[{"href":"https:\/\/kliniksanktmoritz.ch\/fr\/wp-json\/wp\/v2\/types\/product"}],"wp:featuredmedia":[{"embeddable":true,"href":"https:\/\/kliniksanktmoritz.ch\/fr\/wp-json\/wp\/v2\/media\/12002"}],"wp:attachment":[{"href":"https:\/\/kliniksanktmoritz.ch\/fr\/wp-json\/wp\/v2\/media?parent=12005"}],"wp:term":[{"taxonomy":"product_brand","embeddable":true,"href":"https:\/\/kliniksanktmoritz.ch\/fr\/wp-json\/wp\/v2\/product_brand?post=12005"},{"taxonomy":"product_cat","embeddable":true,"href":"https:\/\/kliniksanktmoritz.ch\/fr\/wp-json\/wp\/v2\/product_cat?post=12005"},{"taxonomy":"product_tag","embeddable":true,"href":"https:\/\/kliniksanktmoritz.ch\/fr\/wp-json\/wp\/v2\/product_tag?post=12005"}],"curies":[{"name":"wp","href":"https:\/\/api.w.org\/{rel}","templated":true}]}}