{"id":12059,"date":"2024-08-28T09:47:24","date_gmt":"2024-08-28T08:47:24","guid":{"rendered":"https:\/\/kliniksanktmoritz.ch\/?post_type=product&#038;p=12059"},"modified":"2024-08-28T09:47:25","modified_gmt":"2024-08-28T08:47:25","slug":"myfitnesspal","status":"publish","type":"product","link":"https:\/\/kliniksanktmoritz.ch\/fr\/produit\/myfitnesspal\/","title":{"rendered":"Myfitnesspal"},"content":{"rendered":"","protected":false},"excerpt":{"rendered":"<p>1<\/p>\n<p>Suivi de l'alimentation, de la forme physique et du je\u00fbne<\/p>\n<p>Le suivi des calories et des macros est facile gr\u00e2ce \u00e0 notre lecteur de code-barres et \u00e0 l'int\u00e9gration des appareils.<\/p>\n<p>Le journal alimentaire de l'application MyFitnessPal avec une journ\u00e9e d'entr\u00e9es alimentaires, les calories restantes et un chronom\u00e8tre de je\u00fbne intermittent en cours.<br \/>\n2<\/p>\n<p>Apprendre ce qui fonctionne<\/p>\n<p>Des informations nutritionnelles personnalis\u00e9es r\u00e9v\u00e8lent ce qui fonctionne et vous permettent de faire des choix plus judicieux.<\/p>\n<p>L'\u00e9cran nutritionnel de l'application MyFitnessPal montre les progr\u00e8s r\u00e9alis\u00e9s chaque semaine pour atteindre les objectifs fix\u00e9s en mati\u00e8re de glucides, de lipides et de prot\u00e9ines.<br \/>\n3<\/p>\n<p>Changez vos habitudes et atteignez vos objectifs<\/p>\n<p>Vous disposez d\u00e9sormais des outils et des connaissances n\u00e9cessaires pour prendre des habitudes saines pour la vie.<\/p>\n<p>Femme buvant de l'eau pendant une s\u00e9ance d'entra\u00eenement avec une vue de la carte d'exercice de l'application MyFitnessPal, qui indique qu'elle a br\u00fbl\u00e9 100 calories en 30 minutes.<br \/>\nPlus de 35 applications et appareils<\/p>\n<p>Synchronisation des pas, du poids, des s\u00e9ances d'entra\u00eenement et plus encore<\/p>\n<p>Exemple d'ic\u00f4nes provenant d'applications synchronis\u00e9es avec MyFitnessPal, notamment Apple Health Kit, Google Fit, Fitbit, Garmin, Strava et Samsung Health.<\/p>\n<p>Si c'est comestible, c'est ici.<br \/>\nApplication de suivi des aliments avec 18 millions d'aliments dans le monde<\/p>","protected":false},"featured_media":12060,"template":"","meta":{"_acf_changed":false,"wds_primary_product_brand":0,"wds_primary_product_cat":0,"_wordproof_timestamp":false},"product_brand":[],"product_cat":[115,78],"product_tag":[],"class_list":{"0":"post-12059","1":"product","2":"type-product","3":"status-publish","4":"has-post-thumbnail","6":"product_cat-app","7":"product_cat-digitaltwin","9":"first","10":"instock","11":"shipping-taxable","12":"purchasable","13":"product-type-simple"},"acf":[],"_links":{"self":[{"href":"https:\/\/kliniksanktmoritz.ch\/fr\/wp-json\/wp\/v2\/product\/12059","targetHints":{"allow":["GET"]}}],"collection":[{"href":"https:\/\/kliniksanktmoritz.ch\/fr\/wp-json\/wp\/v2\/product"}],"about":[{"href":"https:\/\/kliniksanktmoritz.ch\/fr\/wp-json\/wp\/v2\/types\/product"}],"wp:featuredmedia":[{"embeddable":true,"href":"https:\/\/kliniksanktmoritz.ch\/fr\/wp-json\/wp\/v2\/media\/12060"}],"wp:attachment":[{"href":"https:\/\/kliniksanktmoritz.ch\/fr\/wp-json\/wp\/v2\/media?parent=12059"}],"wp:term":[{"taxonomy":"product_brand","embeddable":true,"href":"https:\/\/kliniksanktmoritz.ch\/fr\/wp-json\/wp\/v2\/product_brand?post=12059"},{"taxonomy":"product_cat","embeddable":true,"href":"https:\/\/kliniksanktmoritz.ch\/fr\/wp-json\/wp\/v2\/product_cat?post=12059"},{"taxonomy":"product_tag","embeddable":true,"href":"https:\/\/kliniksanktmoritz.ch\/fr\/wp-json\/wp\/v2\/product_tag?post=12059"}],"curies":[{"name":"wp","href":"https:\/\/api.w.org\/{rel}","templated":true}]}}