{"id":12066,"date":"2024-08-28T09:49:57","date_gmt":"2024-08-28T08:49:57","guid":{"rendered":"https:\/\/kliniksanktmoritz.ch\/?post_type=product&#038;p=12066"},"modified":"2024-08-28T09:49:58","modified_gmt":"2024-08-28T08:49:58","slug":"foodmarble","status":"publish","type":"product","link":"https:\/\/kliniksanktmoritz.ch\/fr\/produit\/marbrure-alimentaire\/","title":{"rendered":"Marbre alimentaire"},"content":{"rendered":"","protected":false},"excerpt":{"rendered":"<p>Manger sans se poser de questions !<br \/>\nLa nouvelle \u00e8re de l'analyse de l'haleine digestive bas\u00e9e sur une technologie clinique valid\u00e9e.<\/p>\n<p>exp\u00e9rience fr\u00e9quente<br \/>\ndes perturbations digestives.<br \/>\nL'alimentation est souvent un facteur, mais comment faire ?<br \/>\nsavoir quels sont les aliments qui vous conviennent le mieux ?<\/p>\n<p>Comment cela fonctionne-t-il ?<br \/>\nLa r\u00e9volution de la sant\u00e9 intestinale<br \/>\nLes appareils d'analyse de l'haleine digestive les plus r\u00e9cents et les plus avanc\u00e9s pour les personnes souffrant de SIBO, de syndrome de l'intestin irritable et de certains probl\u00e8mes digestifs. Surveillez vos repas, votre stress, votre sommeil et vos sympt\u00f4mes et testez votre niveau de fermentation avec des r\u00e9sultats personnalis\u00e9s en temps r\u00e9el.<\/p>\n<p>SIBO - Suivi des intol\u00e9rances alimentaires<br \/>\nGuide de d\u00e9marrage<br \/>\nValid\u00e9<\/p>\n<p>Bas\u00e9 sur une technologie clinique valid\u00e9e, telle qu'elle est utilis\u00e9e dans les soins de sant\u00e9 et la recherche<br \/>\ntrouvez vos aliments<br \/>\nPersonnalis\u00e9<\/p>\n<p>Votre digestion est unique. Nous vous aidons \u00e0 trouver les aliments qui vous conviennent.<br \/>\nalcootest<br \/>\nPratique<\/p>\n<p>Mesurez la fa\u00e7on dont vous dig\u00e9rez diff\u00e9rents aliments depuis chez vous. Vous avez d\u00e9sormais le contr\u00f4le<\/p>","protected":false},"featured_media":12068,"template":"","meta":{"_acf_changed":false,"wds_primary_product_brand":0,"wds_primary_product_cat":0,"_wordproof_timestamp":false},"product_brand":[],"product_cat":[113,78],"product_tag":[],"class_list":{"0":"post-12066","1":"product","2":"type-product","3":"status-publish","4":"has-post-thumbnail","6":"product_cat-device","7":"product_cat-digitaltwin","9":"first","10":"instock","11":"shipping-taxable","12":"purchasable","13":"product-type-simple"},"acf":[],"_links":{"self":[{"href":"https:\/\/kliniksanktmoritz.ch\/fr\/wp-json\/wp\/v2\/product\/12066","targetHints":{"allow":["GET"]}}],"collection":[{"href":"https:\/\/kliniksanktmoritz.ch\/fr\/wp-json\/wp\/v2\/product"}],"about":[{"href":"https:\/\/kliniksanktmoritz.ch\/fr\/wp-json\/wp\/v2\/types\/product"}],"wp:featuredmedia":[{"embeddable":true,"href":"https:\/\/kliniksanktmoritz.ch\/fr\/wp-json\/wp\/v2\/media\/12068"}],"wp:attachment":[{"href":"https:\/\/kliniksanktmoritz.ch\/fr\/wp-json\/wp\/v2\/media?parent=12066"}],"wp:term":[{"taxonomy":"product_brand","embeddable":true,"href":"https:\/\/kliniksanktmoritz.ch\/fr\/wp-json\/wp\/v2\/product_brand?post=12066"},{"taxonomy":"product_cat","embeddable":true,"href":"https:\/\/kliniksanktmoritz.ch\/fr\/wp-json\/wp\/v2\/product_cat?post=12066"},{"taxonomy":"product_tag","embeddable":true,"href":"https:\/\/kliniksanktmoritz.ch\/fr\/wp-json\/wp\/v2\/product_tag?post=12066"}],"curies":[{"name":"wp","href":"https:\/\/api.w.org\/{rel}","templated":true}]}}