{"id":12071,"date":"2024-08-28T09:52:07","date_gmt":"2024-08-28T08:52:07","guid":{"rendered":"https:\/\/kliniksanktmoritz.ch\/?post_type=product&#038;p=12071"},"modified":"2024-08-28T09:52:09","modified_gmt":"2024-08-28T08:52:09","slug":"parc-a-hydrates","status":"publish","type":"product","link":"https:\/\/kliniksanktmoritz.ch\/fr\/produit\/parc-a-hydrates\/","title":{"rendered":"Parc \u00e0 hydrates"},"content":{"rendered":"","protected":false},"excerpt":{"rendered":"<p>Il est difficile de boire suffisamment d'eau chaque jour et de savoir quelle quantit\u00e9 boire. HidrateSpark facilite les choses gr\u00e2ce \u00e0 un objectif personnalis\u00e9, un suivi automatique et des rappels de consommation personnalisables.<\/p>\n<p>Dans la bo\u00eete :<\/p>\n<p>Flacon et couvercle HidrateSpark PRO<br \/>\nPalette de capteurs aliment\u00e9e par SipSense<br \/>\nC\u00e2ble de charge rapide<br \/>\nInstructions de d\u00e9marrage rapide<br \/>\nDimensions : pouces<\/p>\n<p>17 oz - 2.76\" x 9.06\" (convient \u00e0 la plupart des porte-gobelets)<br \/>\n20 oz - 2,76\" x 8,25\" (convient \u00e0 la plupart des porte-gobelets)<br \/>\n21 oz - 2.76\" x 10.63\" (convient \u00e0 la plupart des porte-gobelets)<br \/>\n24 oz - 2.76\u2033 x 10.92\u2033 (convient \u00e0 la plupart des porte-gobelets)<br \/>\n32 oz - 3.82\u2033 x 11.3\u2033<br \/>\nPoids : livres<\/p>\n<p>17 oz - 0.95 lbs.<br \/>\n20 oz - 0.96 lbs.<br \/>\n21 oz - 1.06 lbs.<br \/>\n24 oz - 0.6 lbs.<br \/>\n32 oz - 1.63 lbs.<br \/>\nMat\u00e9riau :<\/p>\n<p>17 oz - Acier inoxydable isol\u00e9<br \/>\n20 oz - Acier inoxydable isol\u00e9<br \/>\n21 oz - Acier inoxydable isol\u00e9<br \/>\n24 oz - plastique Tritan<br \/>\n32 oz - Acier inoxydable isol\u00e9<br \/>\nManuels<\/p>\n<p>Caract\u00e9ristiques :<\/p>\n<p>Les lueurs vous rappellent de vous hydrater tout au long de la journ\u00e9e. Personnalisez vos lueurs dans l'application HidrateSpark.<br \/>\nLa technologie SipSense suit chaque gorg\u00e9e que vous buvez.<br \/>\nLe Bluetooth synchronise les gorg\u00e9es avec l'application gratuite HidrateSpark pour suivre vos progr\u00e8s.<br \/>\nL'application HidrateSpark est t\u00e9l\u00e9chargeable gratuitement pour iOS et Android.<br \/>\nL'application calcule un objectif d'hydratation personnalis\u00e9.<br \/>\nL'acier inoxydable isol\u00e9 sous vide garde les boissons froides pendant 24 heures. Les gobelets munis d'un couvercle \u00e0 pression peuvent \u00e9galement conserver les boissons chaudes pendant 4 heures.<br \/>\nBatterie rechargeable d'une autonomie de 10 \u00e0 14 jours.<br \/>\nS'int\u00e8gre \u00e0 Apple Health, Fitbit, Google Fit et Withings Health Mate.<br \/>\nSans BPA.<br \/>\nSoins :<\/p>\n<p>Le capteur doit \u00eatre retir\u00e9 AVANT de nettoyer le corps de la bouteille et n'\u00eatre nettoy\u00e9 qu'\u00e0 l'aide d'un chiffon humide.<br \/>\nNE PAS immerger le palet de d\u00e9tection dans l'eau ni le mettre au lave-vaisselle.<br \/>\nLes couvercles et les corps en plastique Tritan peuvent \u00eatre lav\u00e9s au lave-vaisselle.<br \/>\nTous les corps de bouteilles en acier inoxydable doivent \u00eatre lav\u00e9s \u00e0 la main uniquement.<br \/>\nLe gobelet de 20 oz est le seul produit con\u00e7u pour les liquides chauds. NE PAS utiliser de liquides chauds dans d'autres formats, car leurs pailles et couvercles ne sont pas con\u00e7us pour r\u00e9sister \u00e0 la pression interne cr\u00e9\u00e9e par les contenus chauds, ce qui peut entra\u00eener la d\u00e9charge de liquides chauds susceptibles de causer des blessures.<\/p>","protected":false},"featured_media":12073,"template":"","meta":{"_acf_changed":false,"wds_primary_product_brand":0,"wds_primary_product_cat":0,"_wordproof_timestamp":false},"product_brand":[],"product_cat":[113,78],"product_tag":[],"class_list":{"0":"post-12071","1":"product","2":"type-product","3":"status-publish","4":"has-post-thumbnail","6":"product_cat-device","7":"product_cat-digitaltwin","9":"first","10":"instock","11":"shipping-taxable","12":"purchasable","13":"product-type-simple"},"acf":[],"_links":{"self":[{"href":"https:\/\/kliniksanktmoritz.ch\/fr\/wp-json\/wp\/v2\/product\/12071","targetHints":{"allow":["GET"]}}],"collection":[{"href":"https:\/\/kliniksanktmoritz.ch\/fr\/wp-json\/wp\/v2\/product"}],"about":[{"href":"https:\/\/kliniksanktmoritz.ch\/fr\/wp-json\/wp\/v2\/types\/product"}],"wp:featuredmedia":[{"embeddable":true,"href":"https:\/\/kliniksanktmoritz.ch\/fr\/wp-json\/wp\/v2\/media\/12073"}],"wp:attachment":[{"href":"https:\/\/kliniksanktmoritz.ch\/fr\/wp-json\/wp\/v2\/media?parent=12071"}],"wp:term":[{"taxonomy":"product_brand","embeddable":true,"href":"https:\/\/kliniksanktmoritz.ch\/fr\/wp-json\/wp\/v2\/product_brand?post=12071"},{"taxonomy":"product_cat","embeddable":true,"href":"https:\/\/kliniksanktmoritz.ch\/fr\/wp-json\/wp\/v2\/product_cat?post=12071"},{"taxonomy":"product_tag","embeddable":true,"href":"https:\/\/kliniksanktmoritz.ch\/fr\/wp-json\/wp\/v2\/product_tag?post=12071"}],"curies":[{"name":"wp","href":"https:\/\/api.w.org\/{rel}","templated":true}]}}