{"id":12078,"date":"2024-08-28T09:55:08","date_gmt":"2024-08-28T08:55:08","guid":{"rendered":"https:\/\/kliniksanktmoritz.ch\/?post_type=product&#038;p=12078"},"modified":"2024-10-03T17:24:05","modified_gmt":"2024-10-03T16:24:05","slug":"supersapiens","status":"publish","type":"product","link":"https:\/\/kliniksanktmoritz.ch\/fr\/produit\/supersapiens\/","title":{"rendered":"Supersapiens"},"content":{"rendered":"","protected":false},"excerpt":{"rendered":"<p>Le plan de 3 mois de Supersapiens offre l'exp\u00e9rience ultime de suivi de la performance, combinant des biocapteurs de pointe avec une application transparente et un portail de bureau pour une visibilit\u00e9 compl\u00e8te du glucose. Avec six biocapteurs et des patchs de performance livr\u00e9s tous les trois mois, les utilisateurs peuvent b\u00e9n\u00e9ficier de donn\u00e9es de glucose en temps r\u00e9el et d'informations quotidiennes, ce qui est parfait pour les athl\u00e8tes qui ont besoin de suivre leur alimentation et leur r\u00e9cup\u00e9ration.<\/p>\n<p>Parmi les principales caract\u00e9ristiques, citons le suivi du glucose minute par minute, les notifications push personnalis\u00e9es et la possibilit\u00e9 d'analyser les tendances \u00e0 long terme sur le bureau. Le bracelet Energy Band, \u00e9tanche, ne n\u00e9cessite pas de t\u00e9l\u00e9phone et offre un moyen puissant et facile de surveiller les niveaux d'\u00e9nergie.<\/p>\n<p>Maximisez votre potentiel avec Supersapiens, o\u00f9 la science rencontre la performance.<\/p>\n<p>&#8212;<\/p>\n<p>**Pr\u00eat \u00e0 prendre le contr\u00f4le de votre \u00e9nergie ?<\/p>\n<p>&nbsp;<\/p>\n<p>FACTUR\u00c9 TOUS LES 3 MOIS<\/p>\n<p>LE PLUS POPULAIRE<br \/>\nPlan de 3 mois<\/p>\n<p>6 Biocapteurs*<\/p>\n<p>6 patchs de performance<\/p>\n<p>Supersapiens App<\/p>\n<p>Exp\u00e9dition gratuite + TVA incluse<\/p>\n<p>Envoi tous les 3 mois<\/p>\n<p>Annuler \u00e0 tout moment<\/p>\n<p>TRACE EN DIRECT<br \/>\nTrace du glucose minute par minute et fl\u00e8che de tendance. Interpr\u00e9tez instantan\u00e9ment les effets de l'alimentation, de l'humeur, des mouvements.<\/p>\n<p>PERSPECTIVES JOURNALI\u00c8RES<br \/>\nSuivez les progr\u00e8s quotidiens gr\u00e2ce \u00e0 des r\u00e9sum\u00e9s et des aper\u00e7us d'\u00e9v\u00e9nements cl\u00e9s directement dans l'application.<\/p>\n<p>SCORE DE GLUCOSE<br \/>\nUne mesure h\u00e9ro\u00efque pour chaque s\u00e9ance d'entra\u00eenement afin d'analyser votre alimentation pour la performance.<\/p>\n<p>En savoir plus<\/p>\n<p>NOTIFICATIONS PUSH<br \/>\nDes alertes en temps r\u00e9el lorsque vous vous \u00e9loignez de la zone de r\u00e9cup\u00e9ration, facilitant ainsi la stabilit\u00e9 du glucose.<\/p>\n<p>En savoir plus<\/p>\n<p>PORTAIL DESKTOP<br \/>\nZoomer sur des semaines et des mois. Analysez les tendances \u00e0 long terme. Exporter, partager et collaborer, le tout \u00e0 partir du bureau.<\/p>\n<p>BANDE D'\u00c9NERGIE<br \/>\nPas besoin de t\u00e9l\u00e9phone ! Le bracelet Energy Band se synchronise directement entre le biocapteur et votre poignet via Bluetooth.<\/p>\n<p>En savoir plus<\/p>\n<p>VISIBILIT\u00c9 TOTALE<\/p>\n<p>Coup d'\u0153il sur l'application<br \/>\n\"J'utilise l'application depuis plus de deux mois et je suis toujours \u00e9tonn\u00e9 de la facilit\u00e9 et de l'intuitivit\u00e9 avec lesquelles elle est utilis\u00e9e. - Revue de l'App Store<\/p>\n<p>\"Pour moi, Supersapiens est la chose la plus importante que j'ai jamais faite pour am\u00e9liorer mon cyclisme, ma sant\u00e9 et ma forme physique. - App Store Review<\/p>\n<p>TRACE EN DIRECT<\/p>\n<p>MINUTE PAR MINUTE<br \/>\nTRACE EN DIRECT<\/p>\n<p>EXERCICE<br \/>\nR\u00c9SUM\u00c9<\/p>\n<p>RUSH<br \/>\nNOTIFICATION<\/p>\n<p>\u00c9V\u00c9NEMENT ALIMENTAIRE<\/p>\n<p>R\u00c9CUP\u00c9RER<br \/>\nR\u00c9SUM\u00c9<\/p>\n<p>R\u00c9CUP\u00c9RATION<br \/>\nM\u00c9TRIQUES<\/p>\n<p>\u00c9V\u00c9NEMENT QUOTIDIEN<br \/>\nLOG<\/p>\n<p>ALIMENTATION<br \/>\n\u00c9V\u00c9NEMENT<br \/>\nABBOTT LIBRE SENSE<\/p>\n<p>Glucose Sport<br \/>\nBiocapteur<\/p>\n<p>Port continu jusqu'\u00e0 14 jours<\/p>\n<p>Peut \u00eatre port\u00e9 pendant la natation<\/p>\n<p>Transmission des donn\u00e9es de glyc\u00e9mie par Bluetooth<\/p>\n<p>Donn\u00e9es glyc\u00e9miques minute par minute<\/p>\n<p>Des donn\u00e9es tr\u00e8s pr\u00e9cises et stables<\/p>\n<p>Capteur sans aiguille, application sans douleur<\/p>\n<p>\u200d<br \/>\nMIEUX ENSEMBLE<\/p>\n<p>Int\u00e9grations avec vos applications pr\u00e9f\u00e9r\u00e9es<br \/>\nAjoutez de mani\u00e8re transparente des donn\u00e9es sur le glucose \u00e0 vos applications et appareils existants. Importez des donn\u00e9es telles que la fr\u00e9quence cardiaque, la puissance et l'allure dans le tableau de bord Supersapiens.<\/p>\n<p>EN SAVOIR PLUS<br \/>\n\u200d<br \/>\n\u200d<\/p>\n<p>APPAREILS GARMIN<\/p>\n<p>WAHOO<br \/>\nDISPOSITIFS<\/p>\n<p>TRAININGPEAKS<\/p>\n<p>APPLE HEALTH<\/p>\n<p>\u200d<br \/>\nPAS DE T\u00c9L\u00c9PHONE N\u00c9CESSAIRE<\/p>\n<p>Rencontre avec le groupe \u00e9nerg\u00e9tique<br \/>\nSimple. \u00c9l\u00e9gant. Puissant. S'associe directement au biocapteur Abbott Libre Glucose Sport via Bluetooth. \u00c9tanche et incassable.<\/p>\n<p>EN SAVOIR PLUS<\/p>\n<p>Vous voulez en savoir plus ?<br \/>\nT\u00e9l\u00e9chargez notre guide du glucose.<br \/>\nGUIDE DE T\u00c9L\u00c9CHARGEMENT<\/p>\n<p>DE MEILLEURES PERFORMANCES<\/p>\n<p>Optimisez votre \u00e9nergie. Atteindre ses objectifs plus vite et plus fort.<\/p>\n<p>APPRENDRE<\/p>\n<p>Le glucose (commun\u00e9ment appel\u00e9 glyc\u00e9mie) est la principale source d'\u00e9nergie de votre corps pour une activit\u00e9 de haute intensit\u00e9.<\/p>\n<p>MONITEUR<\/p>\n<p>Les glucides se d\u00e9composent en glucose, qui est transport\u00e9 dans la circulation sanguine et utilis\u00e9 imm\u00e9diatement comme \u00e9nergie ou stock\u00e9 dans les muscles et le foie (parfois sous forme de graisse).<\/p>\n<p>CONTR\u00d4LE<\/p>\n<p>La visibilit\u00e9 du glucose signifie une augmentation efficace des niveaux au bon moment, pour un maximum d'\u00e9nergie soutenue lorsque votre corps en a besoin.<\/p>","protected":false},"featured_media":12081,"template":"","meta":{"_acf_changed":false,"wds_primary_product_brand":0,"wds_primary_product_cat":0,"_wordproof_timestamp":false},"product_brand":[],"product_cat":[113,78],"product_tag":[],"class_list":{"0":"post-12078","1":"product","2":"type-product","3":"status-publish","4":"has-post-thumbnail","6":"product_cat-device","7":"product_cat-digitaltwin","9":"first","10":"instock","11":"shipping-taxable","12":"purchasable","13":"product-type-simple"},"acf":[],"_links":{"self":[{"href":"https:\/\/kliniksanktmoritz.ch\/fr\/wp-json\/wp\/v2\/product\/12078","targetHints":{"allow":["GET"]}}],"collection":[{"href":"https:\/\/kliniksanktmoritz.ch\/fr\/wp-json\/wp\/v2\/product"}],"about":[{"href":"https:\/\/kliniksanktmoritz.ch\/fr\/wp-json\/wp\/v2\/types\/product"}],"wp:featuredmedia":[{"embeddable":true,"href":"https:\/\/kliniksanktmoritz.ch\/fr\/wp-json\/wp\/v2\/media\/12081"}],"wp:attachment":[{"href":"https:\/\/kliniksanktmoritz.ch\/fr\/wp-json\/wp\/v2\/media?parent=12078"}],"wp:term":[{"taxonomy":"product_brand","embeddable":true,"href":"https:\/\/kliniksanktmoritz.ch\/fr\/wp-json\/wp\/v2\/product_brand?post=12078"},{"taxonomy":"product_cat","embeddable":true,"href":"https:\/\/kliniksanktmoritz.ch\/fr\/wp-json\/wp\/v2\/product_cat?post=12078"},{"taxonomy":"product_tag","embeddable":true,"href":"https:\/\/kliniksanktmoritz.ch\/fr\/wp-json\/wp\/v2\/product_tag?post=12078"}],"curies":[{"name":"wp","href":"https:\/\/api.w.org\/{rel}","templated":true}]}}