{"id":12091,"date":"2024-08-28T09:57:43","date_gmt":"2024-08-28T08:57:43","guid":{"rendered":"https:\/\/kliniksanktmoritz.ch\/?post_type=product&#038;p=12091"},"modified":"2024-08-28T09:57:44","modified_gmt":"2024-08-28T08:57:44","slug":"cnoga-mtx","status":"publish","type":"product","link":"https:\/\/kliniksanktmoritz.ch\/fr\/produit\/cnoga-mtx\/","title":{"rendered":"CNOGA MTX"},"content":{"rendered":"","protected":false},"excerpt":{"rendered":"<p>H\u00e9modynamique<br \/>\nImpulsion<\/p>\n<p>Pression art\u00e9rielle continue<\/p>\n<p>D\u00e9bit cardiaque<\/p>\n<p>Volume de l'AVC<\/p>\n<p>Pression art\u00e9rielle moyenne<\/p>\n<p>OCG - Cardiogramme optique<\/p>\n<p>H\u00e9matologie<br \/>\nH\u00e9moglobine<\/p>\n<p>H\u00e9matocrite<\/p>\n<p>Num\u00e9ration \u00e9rythrocytaire<\/p>\n<p>Viscosit\u00e9 du sang<\/p>\n<p>Gaz du sang<br \/>\nSaturation en oxyg\u00e8ne (SpO2)<\/p>\n<p>PCO2<\/p>\n<p>PO2<\/p>\n<p>Contenu en O2<\/p>\n<p>Teneur en CO2<\/p>\n<p>PH<\/p>\n<p>Facile \u00e0 connecter<br \/>\nGestion de l'historique<\/p>\n<p>Analyse des tendances<\/p>\n<p>Notifications d'alerte<\/p>\n<p>Connectivit\u00e9 avec les prestataires de soins personnels<\/p>\n<p>Bluetooth - Connectivit\u00e9 au nuage<\/p>\n<p>Les r\u00e9sultats peuvent \u00eatre partag\u00e9s par SDK\/API<\/p>","protected":false},"featured_media":12093,"template":"","meta":{"_acf_changed":false,"wds_primary_product_brand":0,"wds_primary_product_cat":0,"_wordproof_timestamp":false},"product_brand":[],"product_cat":[113,78],"product_tag":[],"class_list":{"0":"post-12091","1":"product","2":"type-product","3":"status-publish","4":"has-post-thumbnail","6":"product_cat-device","7":"product_cat-digitaltwin","9":"first","10":"instock","11":"shipping-taxable","12":"purchasable","13":"product-type-simple"},"acf":[],"_links":{"self":[{"href":"https:\/\/kliniksanktmoritz.ch\/fr\/wp-json\/wp\/v2\/product\/12091","targetHints":{"allow":["GET"]}}],"collection":[{"href":"https:\/\/kliniksanktmoritz.ch\/fr\/wp-json\/wp\/v2\/product"}],"about":[{"href":"https:\/\/kliniksanktmoritz.ch\/fr\/wp-json\/wp\/v2\/types\/product"}],"wp:featuredmedia":[{"embeddable":true,"href":"https:\/\/kliniksanktmoritz.ch\/fr\/wp-json\/wp\/v2\/media\/12093"}],"wp:attachment":[{"href":"https:\/\/kliniksanktmoritz.ch\/fr\/wp-json\/wp\/v2\/media?parent=12091"}],"wp:term":[{"taxonomy":"product_brand","embeddable":true,"href":"https:\/\/kliniksanktmoritz.ch\/fr\/wp-json\/wp\/v2\/product_brand?post=12091"},{"taxonomy":"product_cat","embeddable":true,"href":"https:\/\/kliniksanktmoritz.ch\/fr\/wp-json\/wp\/v2\/product_cat?post=12091"},{"taxonomy":"product_tag","embeddable":true,"href":"https:\/\/kliniksanktmoritz.ch\/fr\/wp-json\/wp\/v2\/product_tag?post=12091"}],"curies":[{"name":"wp","href":"https:\/\/api.w.org\/{rel}","templated":true}]}}