{"id":12097,"date":"2024-08-28T10:00:12","date_gmt":"2024-08-28T09:00:12","guid":{"rendered":"https:\/\/kliniksanktmoritz.ch\/?post_type=product&#038;p=12097"},"modified":"2024-08-28T10:00:13","modified_gmt":"2024-08-28T09:00:13","slug":"aktiia","status":"publish","type":"product","link":"https:\/\/kliniksanktmoritz.ch\/fr\/produit\/aktiia\/","title":{"rendered":"Aktiia"},"content":{"rendered":"","protected":false},"excerpt":{"rendered":"<p>Contr\u00f4le de la pression art\u00e9rielle<br \/>\nAktiia mesure automatiquement votre tension art\u00e9rielle pendant que vous vaquez \u00e0 vos occupations quotidiennes, sans interruption.<\/p>\n<p>La confiance des utilisateurs<\/p>\n<p>Valid\u00e9 cliniquement<\/p>\n<p>Dispositif m\u00e9dical<\/p>\n<p>Contr\u00f4ler sans effort<br \/>\nAktiia est un tensiom\u00e8tre \u00e9l\u00e9gant et de haute technologie qui s'int\u00e8gre parfaitement \u00e0 un mode de vie actif, en fournissant des donn\u00e9es de sant\u00e9 fiables sans aucune difficult\u00e9.<\/p>\n<p>Partager les r\u00e9sultats<br \/>\nLa surveillance continue donne une image compl\u00e8te de votre tension art\u00e9rielle tout au long de la journ\u00e9e et de la nuit. Partagez avec votre m\u00e9decin et vos proches.<\/p>\n<p>Prendre des d\u00e9cisions en connaissance de cause<br \/>\nAktiia ne se contente pas de surveiller, il s'agit d'am\u00e9liorer. Optimiser les changements de mode de vie pour une meilleure sant\u00e9.<\/p>\n<p>D\u00e9couvrir des informations sur la sant\u00e9<br \/>\n\"L'essai clinique pivot d'Aktiia a montr\u00e9 que sa solution respectait les normes de pr\u00e9cision ISO pour les mesures systoliques et diastoliques.<br \/>\n\"Une avanc\u00e9e importante pour les personnes souffrant de probl\u00e8mes de tension art\u00e9rielle.<br \/>\n\"Enregistre automatiquement les valeurs de la tension art\u00e9rielle sur 24 heures, m\u00eame lorsque la personne dort.<br \/>\n\"Le seul produit qui effectue des relev\u00e9s automatiquement \u00e0 toute heure.<br \/>\n\"Il est tr\u00e8s facile \u00e0 utiliser. Le bracelet prend des mesures lorsque vous \u00eates au repos\".<br \/>\n\"L'essai clinique pivot d'Aktiia a montr\u00e9 que sa solution respectait les normes de pr\u00e9cision ISO pour les mesures systoliques et diastoliques.<br \/>\n\"Une avanc\u00e9e importante pour les personnes souffrant de probl\u00e8mes de tension art\u00e9rielle.<br \/>\n1<br \/>\n2<br \/>\n3<br \/>\n4<br \/>\n5<\/p>\n<p>Pr\u00e9cision confirm\u00e9e par des essais cliniques<br \/>\nAktiia a une pr\u00e9cision \u00e9quivalente \u00e0 celle d'un brassard de tension art\u00e9rielle, comme le prouvent 6 essais cliniques.<\/p>\n<p>D\u00e9couvrez la science qui sous-tend notre pr\u00e9cision<\/p>\n<p>Tension systolique<br \/>\nPr\u00e9cision<br \/>\n0,45 \u00b1 7,75 mmHg<\/p>\n<p>Tension diastolique<br \/>\nPr\u00e9cision<br \/>\n0,38 \u00b1 6,86 mmHg<\/p>\n<p>L'avenir de la surveillance de la pression art\u00e9rielle est l\u00e0<br \/>\nLa confiance des utilisateurs<br \/>\nChoisi par des milliers de personnes pour sa fiabilit\u00e9 et sa convivialit\u00e9.<\/p>","protected":false},"featured_media":12101,"template":"","meta":{"_acf_changed":false,"wds_primary_product_brand":0,"wds_primary_product_cat":0,"_wordproof_timestamp":false},"product_brand":[],"product_cat":[113,78],"product_tag":[],"class_list":{"0":"post-12097","1":"product","2":"type-product","3":"status-publish","4":"has-post-thumbnail","6":"product_cat-device","7":"product_cat-digitaltwin","9":"first","10":"instock","11":"shipping-taxable","12":"purchasable","13":"product-type-simple"},"acf":[],"_links":{"self":[{"href":"https:\/\/kliniksanktmoritz.ch\/fr\/wp-json\/wp\/v2\/product\/12097","targetHints":{"allow":["GET"]}}],"collection":[{"href":"https:\/\/kliniksanktmoritz.ch\/fr\/wp-json\/wp\/v2\/product"}],"about":[{"href":"https:\/\/kliniksanktmoritz.ch\/fr\/wp-json\/wp\/v2\/types\/product"}],"wp:featuredmedia":[{"embeddable":true,"href":"https:\/\/kliniksanktmoritz.ch\/fr\/wp-json\/wp\/v2\/media\/12101"}],"wp:attachment":[{"href":"https:\/\/kliniksanktmoritz.ch\/fr\/wp-json\/wp\/v2\/media?parent=12097"}],"wp:term":[{"taxonomy":"product_brand","embeddable":true,"href":"https:\/\/kliniksanktmoritz.ch\/fr\/wp-json\/wp\/v2\/product_brand?post=12097"},{"taxonomy":"product_cat","embeddable":true,"href":"https:\/\/kliniksanktmoritz.ch\/fr\/wp-json\/wp\/v2\/product_cat?post=12097"},{"taxonomy":"product_tag","embeddable":true,"href":"https:\/\/kliniksanktmoritz.ch\/fr\/wp-json\/wp\/v2\/product_tag?post=12097"}],"curies":[{"name":"wp","href":"https:\/\/api.w.org\/{rel}","templated":true}]}}