{"id":12102,"date":"2024-08-28T10:04:31","date_gmt":"2024-08-28T09:04:31","guid":{"rendered":"https:\/\/kliniksanktmoritz.ch\/?post_type=product&#038;p=12102"},"modified":"2024-08-28T10:04:34","modified_gmt":"2024-08-28T09:04:34","slug":"hexoskin","status":"publish","type":"product","link":"https:\/\/kliniksanktmoritz.ch\/fr\/produit\/hexoskin\/","title":{"rendered":"HEXOSKIN"},"content":{"rendered":"","protected":false},"excerpt":{"rendered":"<p>LES V\u00caTEMENTS INTELLIGENTS LES PLUS AVANC\u00c9S SONT L\u00c0 !<br \/>\nLes v\u00eatements intelligents Hexoskin comprennent des capteurs textiles int\u00e9gr\u00e9s dans des v\u00eatements confortables pour une surveillance pr\u00e9cise et continue des fonctions cardiaques, respiratoires et de l'activit\u00e9.<\/p>\n<p>Les utilisateurs d'Hexoskin peuvent visualiser, rapporter et analyser leurs donn\u00e9es avec la plateforme de sant\u00e9 connect\u00e9e Hexoskin. Les v\u00eatements intelligents Hexoskin ont \u00e9t\u00e9 utilis\u00e9s dans plus de 200 publications scientifiques, soit plus que tous les v\u00eatements intelligents concurrents r\u00e9unis. Commandez d\u00e8s aujourd'hui ! <\/p>\n<p>Sp\u00e9cifications des produits Hexoskin. Moniteurs, caract\u00e9ristiques, chemise biom\u00e9trique et donn\u00e9es et technologie<br \/>\nQU'EST-CE QUE LE MONITEUR DE V\u00caTEMENTS INTELLIGENTS HEXOSKIN ?<br \/>\nDonn\u00e9es cardiaques, pulmonaires, d'activit\u00e9 et de sommeil en continu.<br \/>\n\u00c9lectrocardiographe continu \u00e0 1 d\u00e9rivation fournissant des informations sur l'ECG et la fr\u00e9quence cardiaque : ECG et fr\u00e9quence cardiaque, variabilit\u00e9 de la fr\u00e9quence cardiaque (VFC) pour la surveillance du stress, l'\u00e9valuation de l'effort, de la charge et de la fatigue, \u00e9v\u00e9nements QRS, zones de fr\u00e9quence cardiaque, fr\u00e9quence cardiaque maximale, fr\u00e9quence cardiaque au repos et r\u00e9cup\u00e9ration de la fr\u00e9quence cardiaque.<br \/>\nVentilation respiratoire continue avec capteurs thoraciques et abdominaux de pl\u00e9thysmographie par inductance respiratoire (RIP) : Fr\u00e9quence respiratoire (RPM), ventilation minute (L\/min) et VO2max.<br \/>\nIntensit\u00e9 de l'activit\u00e9, acc\u00e9l\u00e9ration maximale, pas, cadence, positions et sommeil gr\u00e2ce \u00e0 un acc\u00e9l\u00e9rom\u00e8tre \u00e0 3 axes<br \/>\nVoir les principales mesures de sant\u00e9 rapport\u00e9es avec Hexoskin<br \/>\nV\u00caTEMENTS INTELLIGENTS HEXOSKIN<br \/>\nV\u00eatements intelligents non invasifs et confortables pour hommes, femmes et enfants<br \/>\nTissu italien haute performance, lavable en machine, con\u00e7u pour r\u00e9sister.<br \/>\nS\u00e8che rapidement, respirante, l\u00e9g\u00e8re, anti-odeur, r\u00e9sistante au chlore, protection UV.<br \/>\nCARACT\u00c9RISTIQUES TECHNOLOGIQUES<br \/>\nJusqu'\u00e0 plus de 36 heures d'autonomie<br \/>\nJusqu'\u00e0 plus de 100 jours d'enregistrement<br \/>\nConnectivit\u00e9 Bluetooth avec l'iPhone, l'iPad et les appareils Android<br \/>\nValid\u00e9 cliniquement par des laboratoires de recherche ind\u00e9pendants<br \/>\nCon\u00e7u et assembl\u00e9 au Canada<br \/>\nPLATEFORME DE SANT\u00c9 CONNECT\u00c9E HEXOSKIN<br \/>\nApps et tableaux de bord en ligne pour visualiser, g\u00e9rer et interpr\u00e9ter les donn\u00e9es Hexoskin<br \/>\nL'interface Hexoskin OneAPI permet de t\u00e9l\u00e9charger des donn\u00e9es brutes et d'utiliser son propre logiciel d'analyse pour le suivi de la sant\u00e9.<br \/>\nDonn\u00e9es ECG analogiques 256Hz<br \/>\nCapteurs respiratoires analogiques \u00e0 double canal 128Hz<br \/>\nAcc\u00e9l\u00e9ration analogique 3D 64Hz<br \/>\nLa licence SDK Hexoskin pour Android est disponible<br \/>\nCE QUE MESURE L'HEXOSKIN<br \/>\nHexoskin vous donne un aper\u00e7u de votre \u00e9tat de sant\u00e9, de votre sommeil et de vos activit\u00e9s quotidiennes. Les chemises intelligentes et la plateforme de sant\u00e9 connect\u00e9e Hexoskin sont \u00e9galement utilis\u00e9es dans le cadre de recherches et de projets sur la cardiologie, la respiration, l'activit\u00e9, le stress, la cognition et le sommeil. Pour plus d'informations, consultez nos pages Actualit\u00e9s et Recherche en sant\u00e9.<\/p>\n<p>RYTHME CARDIAQUE<br \/>\nSurveillez vos battements cardiaques et visualisez votre ECG en temps r\u00e9el avec une grande pr\u00e9cision.<\/p>\n<p>VARIABILIT\u00c9 DE LA FR\u00c9QUENCE CARDIAQUE<br \/>\nLa VRC est un outil essentiel pour mesurer le stress, la charge et la fatigue de l'entra\u00eenement afin de pr\u00e9venir le surentra\u00eenement ou les blessures.<\/p>\n<p>TAUX DE RESPIRATION<br \/>\nApprenez \u00e0 contr\u00f4ler votre respiration, \u00e0 augmenter vos performances et \u00e0 r\u00e9duire votre stress.<\/p>\n<p>VOLUME RESPIRATOIRE<br \/>\nApprenez quelle est votre ventilation pulmonaire pour chacune de vos activit\u00e9s. Comprendre comment votre respiration est li\u00e9e \u00e0 vos cycles de sommeil.<\/p>\n<p>ACTIVIT\u00c9<br \/>\n(PAS, CADENCE ET CALORIES)<br \/>\nVotre niveau d'intensit\u00e9, vos pas et votre rythme sont enregistr\u00e9s sur votre tableau de bord et visibles EN TEMPS R\u00c9EL sur votre appareil.<\/p>\n<p>SOMMEIL<br \/>\nHexoskin est un appareil de suivi du sommeil avanc\u00e9 et valid\u00e9 : il mesure votre fr\u00e9quence cardiaque au repos, votre respiration et vos positions de sommeil.<\/p>\n<p>SANT\u00c9 CONNECT\u00c9E ET SOLUTIONS LOGICIELLES<br \/>\nPour profiter pleinement de la puissance de la plateforme de sant\u00e9 connect\u00e9e Hexoskin, t\u00e9l\u00e9chargez les applications iOS et Android pour suivre votre sant\u00e9 en temps r\u00e9el, suivre votre \u00e9tat de sant\u00e9 et produire des rapports d'\u00e9valuation du sommeil. G\u00e9rez plusieurs utilisateurs et acc\u00e9dez aux donn\u00e9es brutes et trait\u00e9es sur le tableau de bord en ligne Hexoskin.<\/p>\n<p>SANT\u00c9 ET PERFORMANCE<br \/>\nSuivez votre \u00e9tat de sant\u00e9, mesurez votre sant\u00e9, vos performances et votre sommeil en temps r\u00e9el et suivez vos progr\u00e8s. Les v\u00eatements intelligents Hexoskin permettent une surveillance cardiaque ECG pr\u00e9cise avec un suivi continu de la fonction pulmonaire et de l'activit\u00e9. D\u00e9couvrez la plateforme de sant\u00e9 connect\u00e9e Hexoskin d\u00e8s aujourd'hui !<\/p>\n<p>RECHERCHE UNIVERSITAIRE\/CLINIQUE<br \/>\nHexoskin offre une solution compl\u00e8te de bout en bout pour recueillir des preuves concr\u00e8tes. Des centaines de chercheurs \u00e0 travers le monde utilisent la plateforme de sant\u00e9 connect\u00e9e Hexoskin pour la recherche en sant\u00e9 et le d\u00e9veloppement clinique dans les domaines de la cardiologie, de la respiration, du sommeil, du stress, des troubles mentaux, de la neurologie et de la p\u00e9diatrie.<\/p>\n<p>PREMIERS INTERVENANTS ET D\u00c9FENSE<br \/>\nLes v\u00eatements intelligents Hexoskin permettent la surveillance continue du sommeil et de la variabilit\u00e9 de la fr\u00e9quence cardiaque (VFC) pour les premiers intervenants et le personnel de d\u00e9fense, afin de mener des \u00e9tudes longitudinales sur la sant\u00e9 mentale et la surveillance du stress, les traumatismes li\u00e9s au stress op\u00e9rationnel (TSO) et l'\u00e9valuation du syndrome de stress post-traumatique (SSPT).<\/p>\n<p>MHEALTH INTELLIGENCE<br \/>\n\"La technologie portable Hexoskin permettra aux chercheurs et aux cliniciens d'\u00e9tudier les personnes gravement touch\u00e9es par l'enc\u00e9phalomy\u00e9lite myalgique (EM\/CF), ce qui est rarement fait en raison de leur capacit\u00e9 limit\u00e9e \u00e0 participer \u00e0 des \u00e9tudes cliniques.<\/p>\n<p>MEDCITY NEWS<br \/>\nHexoskin est un excellent produit, capable de suivre avec pr\u00e9cision toute une s\u00e9rie de donn\u00e9es biom\u00e9triques. \"Hexoskin propose une chemise portable pour la r\u00e9\u00e9ducation \u00e0 domicile. Le produit peut mesurer la fr\u00e9quence cardiaque, l'activit\u00e9, la fr\u00e9quence respiratoire et le sommeil\". <\/p>\n<p>MHEALTH INTELLIGENCE<br \/>\n\"La technologie portable Hexoskin permettra aux chercheurs et aux cliniciens d'\u00e9tudier les personnes gravement touch\u00e9es par l'enc\u00e9phalomy\u00e9lite myalgique (EM\/CF), ce qui est rarement fait en raison de leur capacit\u00e9 limit\u00e9e \u00e0 participer \u00e0 des \u00e9tudes cliniques.<\/p>\n<p>MEDCITY NEWS<br \/>\nHexoskin est un excellent produit, capable de suivre avec pr\u00e9cision toute une s\u00e9rie de donn\u00e9es biom\u00e9triques. \"Hexoskin propose une chemise portable pour la r\u00e9\u00e9ducation \u00e0 domicile. Le produit peut mesurer la fr\u00e9quence cardiaque, l'activit\u00e9, la fr\u00e9quence respiratoire et le sommeil\". <\/p>\n<p>MHEALTH INTELLIGENCE<br \/>\n\"La technologie portable Hexoskin permettra aux chercheurs et aux cliniciens d'\u00e9tudier les personnes gravement touch\u00e9es par l'enc\u00e9phalomy\u00e9lite myalgique (EM\/CF), ce qui est rarement fait en raison de leur capacit\u00e9 limit\u00e9e \u00e0 participer \u00e0 des \u00e9tudes cliniques.<\/p>\n<p>MEDCITY NEWS<br \/>\nHexoskin est un excellent produit, capable de suivre avec pr\u00e9cision toute une s\u00e9rie de donn\u00e9es biom\u00e9triques. \"Hexoskin propose une chemise portable pour la r\u00e9\u00e9ducation \u00e0 domicile. Le produit peut mesurer la fr\u00e9quence cardiaque, l'activit\u00e9, la fr\u00e9quence respiratoire et le sommeil\". <\/p>","protected":false},"featured_media":12106,"template":"","meta":{"_acf_changed":false,"wds_primary_product_brand":0,"wds_primary_product_cat":0,"_wordproof_timestamp":false},"product_brand":[],"product_cat":[113,78],"product_tag":[],"class_list":{"0":"post-12102","1":"product","2":"type-product","3":"status-publish","4":"has-post-thumbnail","6":"product_cat-device","7":"product_cat-digitaltwin","9":"first","10":"instock","11":"shipping-taxable","12":"purchasable","13":"product-type-simple"},"acf":[],"_links":{"self":[{"href":"https:\/\/kliniksanktmoritz.ch\/fr\/wp-json\/wp\/v2\/product\/12102","targetHints":{"allow":["GET"]}}],"collection":[{"href":"https:\/\/kliniksanktmoritz.ch\/fr\/wp-json\/wp\/v2\/product"}],"about":[{"href":"https:\/\/kliniksanktmoritz.ch\/fr\/wp-json\/wp\/v2\/types\/product"}],"wp:featuredmedia":[{"embeddable":true,"href":"https:\/\/kliniksanktmoritz.ch\/fr\/wp-json\/wp\/v2\/media\/12106"}],"wp:attachment":[{"href":"https:\/\/kliniksanktmoritz.ch\/fr\/wp-json\/wp\/v2\/media?parent=12102"}],"wp:term":[{"taxonomy":"product_brand","embeddable":true,"href":"https:\/\/kliniksanktmoritz.ch\/fr\/wp-json\/wp\/v2\/product_brand?post=12102"},{"taxonomy":"product_cat","embeddable":true,"href":"https:\/\/kliniksanktmoritz.ch\/fr\/wp-json\/wp\/v2\/product_cat?post=12102"},{"taxonomy":"product_tag","embeddable":true,"href":"https:\/\/kliniksanktmoritz.ch\/fr\/wp-json\/wp\/v2\/product_tag?post=12102"}],"curies":[{"name":"wp","href":"https:\/\/api.w.org\/{rel}","templated":true}]}}