{"id":12171,"date":"2024-08-31T16:55:21","date_gmt":"2024-08-31T15:55:21","guid":{"rendered":"https:\/\/kliniksanktmoritz.ch\/?post_type=product&#038;p=12171"},"modified":"2024-09-01T11:13:10","modified_gmt":"2024-09-01T10:13:10","slug":"sirtlife-500","status":"publish","type":"product","link":"https:\/\/kliniksanktmoritz.ch\/fr\/produit\/sirtlife-500\/","title":{"rendered":"Sirtlife 500"},"content":{"rendered":"","protected":false},"excerpt":{"rendered":"<p>12 forfaits avec livraison mensuelle<\/p>\n<p>Sirtlife 500<\/p>\n<p>Pour une efficacit\u00e9 optimale du produit, la dose recommand\u00e9e est de 2 comprim\u00e9s par jour de SIRT500 Plus. Nos experts confirment que les premiers r\u00e9sultats sont visibles au bout de 2 \u00e0 3 mois apr\u00e8s le d\u00e9but du traitement.<\/p>\n<p>Abonnez-vous pour recevoir SIRT500 Plus \u00e0 un prix sp\u00e9cial<\/p>\n<p>Lire les ingr\u00e9dients<\/p>\n<p>Important : Les promotions en cours et les remises quantitatives ne sont pas cumulables.<\/p>\n<p>Comment le prendre ?<\/p>\n<p>Prendre un comprim\u00e9 de Sirt500 le matin et un le soir.<\/p>\n<p>Nos experts recommandent de prendre les compl\u00e9ments SIRTLIFE avant les principaux repas et de poursuivre le traitement en continu pendant au moins 2 \u00e0 3 mois.<\/p>\n<p>Pour des r\u00e9sultats optimaux, la prise de compl\u00e9ments SIRTLIFE doit \u00eatre accompagn\u00e9e d'une alimentation \u00e9quilibr\u00e9e et d'une activit\u00e9 physique r\u00e9guli\u00e8re. Les compl\u00e9ments ne doivent pas \u00eatre consid\u00e9r\u00e9s comme des substituts \u00e0 une alimentation vari\u00e9e et \u00e9quilibr\u00e9e et \u00e0 un mode de vie sain.<\/p>\n<p>MISES EN GARDE : Ne pas d\u00e9passer la dose journali\u00e8re recommand\u00e9e. Tenir hors de port\u00e9e des enfants de moins de 3 ans.<\/p>\n<p>Les compl\u00e9ments SIRTLIFE ne pr\u00e9sentent pas de contre-indications, sauf chez les personnes allergiques aux principes actifs du produit. Dans ce cas ou en cas de maladie chronique, il est recommand\u00e9 de consulter son m\u00e9decin avant de commencer le traitement.<\/p>\n<p>Les produits SIRTLIFE sont des compl\u00e9ments alimentaires haut de gamme, d\u00e9velopp\u00e9s sur la base d'ann\u00e9es d'\u00e9tudes scientifiques par notre \u00e9quipe, qui a analys\u00e9 en profondeur la corr\u00e9lation entre la production de sirtuines dans l'organisme et le bon fonctionnement des processus m\u00e9taboliques.<\/p>\n<p>\u00c0 partir de 30-35 ans, la production naturelle de sirtuines dans l'organisme commence \u00e0 diminuer. C'est pourquoi nos experts recommandent de commencer le traitement vers cet \u00e2ge. Les sirtuines sont une classe de prot\u00e9ines qui exercent une activit\u00e9 enzymatique pr\u00e9cieuse et r\u00e9gulent d'importantes voies m\u00e9taboliques dans l'organisme.<\/p>\n<p>Les sirtuines agissent de mani\u00e8re syst\u00e9mique dans l'ensemble de l'organisme, r\u00e9gulant les processus m\u00e9taboliques et physiologiques et agissant sur le m\u00e9canisme qui se produit lorsque nous consommons des sucreries ou des aliments raffin\u00e9s : la r\u00e9sistance \u00e0 l'insuline.<\/p>\n<p>Outre l'am\u00e9lioration des processus m\u00e9taboliques, la production de sirtuines dans l'organisme joue un r\u00f4le de premier plan dans la pr\u00e9vention de maladies telles que l'hyperglyc\u00e9mie, le diab\u00e8te, l'ob\u00e9sit\u00e9 et le syndrome m\u00e9tabolique.<\/p>\n<p>Que contient SIRT500 Plus ?<\/p>\n<p>SIRT500 Plus est un compl\u00e9ment alimentaire naturel \u00e0 base de min\u00e9raux, de polyph\u00e9nols et d'activateurs de sirtuines.<\/p>\n<p>Les produits SIRT500 Plus contiennent uniquement des ingr\u00e9dients naturels de haute qualit\u00e9, extraits par des proc\u00e9dures sans solvant et dans une concentration sup\u00e9rieure \u00e0 la moyenne des suppl\u00e9ments disponibles sur le march\u00e9.<\/p>\n<p>LES MIN\u00c9RAUX<\/p>\n<p>SIRT500 Plus contient diff\u00e9rents min\u00e9raux qui activent les sirtuines et sont donc capables de stimuler le rajeunissement des cellules et de soutenir le syst\u00e8me immunitaire au cours du vieillissement :<\/p>\n<p>Zinc<\/p>\n<p>Le zinc fait partie des complexes enzymatiques n\u00e9cessaires au bon fonctionnement des hormones, de l'insuline, des hormones sexuelles et de l'hormone de croissance. C'est un min\u00e9ral fondamental pour notre organisme.<\/p>\n<p>S\u00e9l\u00e9nium<\/p>\n<p>Le s\u00e9l\u00e9nium est un antioxydant tr\u00e8s efficace. Il s'oppose au stress oxydatif cellulaire, a des activit\u00e9s pr\u00e9ventives, exerce une action protectrice sur la thyro\u00efde en assurant son bon fonctionnement, et sur les annexes cutan\u00e9es.<\/p>\n<p>Chrome<\/p>\n<p>Le chrome r\u00e9gule les niveaux d'insuline, une hormone fondamentale de notre corps qui influence le contr\u00f4le des graisses et du glucose.<\/p>\n<p>LES POLYPH\u00c9NOLS<\/p>\n<p>Les polyph\u00e9nols sont des substances contenues dans les aliments, principalement dans les aliments d'origine v\u00e9g\u00e9tale. Ils sont surtout pr\u00e9sents dans les fruits, les l\u00e9gumes, le vin rouge, le th\u00e9 vert, le chocolat, le caf\u00e9 et l'huile d'olive.<\/p>\n<p>Connus pour leurs effets anti-inflammatoires, antioxydants et anti-agr\u00e9gants av\u00e9r\u00e9s, les polyph\u00e9nols repr\u00e9sentent un \u00e9l\u00e9ment de d\u00e9fense important pour l'organisme : ce sont des mol\u00e9cules organiques d'origine v\u00e9g\u00e9tale qui contribuent au maintien de la sant\u00e9 cellulaire, \u00e0 la lutte contre le vieillissement et \u00e0 la r\u00e9gulation de l'absorption et du stockage du cholest\u00e9rol dans le sang.<\/p>\n<p>Les meilleurs polyph\u00e9nols et activateurs de sirtuines connus en m\u00e9decine et contenus dans le compl\u00e9ment alimentaire naturel exclusif SIRT500 Plus sont principalement au nombre de quatre :<\/p>\n<p>L'ONOCHIOL<\/p>\n<p>Il a \u00e9t\u00e9 d\u00e9montr\u00e9 que l'onochiol poss\u00e8de des propri\u00e9t\u00e9s anti-inflammatoires et protectrices. Il exerce des activit\u00e9s pr\u00e9ventives, notamment sur les cellules de notre corps. Il est \u00e9galement capable de r\u00e9duire l'accumulation de graisse corporelle.<\/p>\n<p>ACIDE ELLAGIQUE<\/p>\n<p>L'acide ellagique est un antioxydant ph\u00e9nolique naturel. Il poss\u00e8de des propri\u00e9t\u00e9s antioxydantes, antithrombotiques et antiallergiques, ainsi que des effets vasoprotecteurs et gastroprotecteurs.<\/p>\n<p>POLYDATINE<\/p>\n<p>La polydatine fait partie de la classe des stilb\u00e8nes de la famille des polyph\u00e9nols. Elle exerce des activit\u00e9s antioxydantes, anti-inflammatoires, antivieillissement et antiagr\u00e9gantes.<\/p>\n<p>PTEROSTILBENE<\/p>\n<p>Le pt\u00e9rostilb\u00e8ne r\u00e9duit l'accumulation de graisse, poss\u00e8de des propri\u00e9t\u00e9s protectrices et anti-inflammatoires et soutient le syst\u00e8me immunitaire en exer\u00e7ant des activit\u00e9s pr\u00e9ventives.<\/p>\n<p>12 confections avec conseils en mati\u00e8re d'hygi\u00e8ne<\/p>\n<p>Sirtlife 500<\/p>\n<p>&nbsp;<\/p>\n<p>Pour une efficacit\u00e9 optimale du produit, la dose recommand\u00e9e est de 2 comprim\u00e9s par jour de SIRT500 Plus. Nos experts confirment que les premiers r\u00e9sultats sont visibles 2-3 mois apr\u00e8s le d\u00e9but du traitement.<\/p>\n<p>&nbsp;<\/p>\n<p>Abbonati per ricevere SIRT500 Plus a un prezzo speciale<\/p>\n<p>Lisez les ingr\u00e9dients<\/p>\n<p>Important : Les promotions en cours et les r\u00e9ductions quantitatives ne sont pas cumulables.<\/p>\n<p>&nbsp;<\/p>\n<p>Modalit\u00e9 d'assunzione :<\/p>\n<ul>\n<li>Assumere una pastiglia di Sirt500 la mattina e una la sera<\/li>\n<\/ul>\n<p>&nbsp;<\/p>\n<p>Nos experts recommandent d'utiliser les int\u00e9grateurs SIRTLIFE avant les t\u00e2ches principales et de poursuivre le traitement de mani\u00e8re continue pendant environ 2 \u00e0 3 mois.<\/p>\n<p>Pour un r\u00e9sultat optimal, l'utilisation des int\u00e9grateurs SIRTLIFE doit \u00eatre accompagn\u00e9e d'un r\u00e9gime alimentaire \u00e9quilibr\u00e9 et d'une activit\u00e9 physique r\u00e9guli\u00e8re. Les int\u00e9grateurs n'ont pas l'intention de se substituer \u00e0 une alimentation vari\u00e9e et \u00e9quilibr\u00e9e et \u00e0 un mode de vie sain.<\/p>\n<p>AVERTISSEMENT : Ne pas d\u00e9passer la dose journali\u00e8re recommand\u00e9e. Tenir \u00e0 l'\u00e9cart de la port\u00e9e des enfants de moins de 3 ans.<\/p>\n<p>Les int\u00e9grateurs SIRTLIFE ne pr\u00e9sentent pas de contre-indications, m\u00eame pour les personnes allergiques aux principes actifs du produit. Dans ce cas, ou si vous \u00eates atteint d'une maladie chronique, il est recommand\u00e9 de consulter votre m\u00e9decin traitant avant d'entreprendre le traitement.<\/p>\n<p>&nbsp;<\/p>\n<p>Les produits SIRTLIFE sont des int\u00e9grateurs alimentaires de haute gamme, d\u00e9velopp\u00e9s sur la base d'ann\u00e9es d'\u00e9tudes scientifiques par notre \u00e9quipe, qui a analys\u00e9 en profondeur la corr\u00e9lation entre la production de sirtuine dans l'organisme et le bon d\u00e9roulement des processus m\u00e9taboliques.<\/p>\n<p>&nbsp;<\/p>\n<p>\u00c0 partir de 30-35 ans, la production naturelle de sirtuine dans l'organisme commence \u00e0 diminuer. Voici pourquoi nos experts recommandent de commencer le traitement \u00e0 cette \u00e9poque. Les sirtuines sont une classe de prot\u00e9ines qui exercent une activit\u00e9 enzymatique pr\u00e9cieuse et r\u00e9gissent d'importantes vies m\u00e9taboliques \u00e0 l'int\u00e9rieur de l'organisme.<\/p>\n<p>&nbsp;<\/p>\n<p>Les sirtuines agissent au niveau syst\u00e9mique dans tout l'organisme, r\u00e9gissant les processus m\u00e9taboliques et biologiques et agissant sur le m\u00e9canisme qui est mis en \u0153uvre chaque fois que nous ing\u00e9rons des aliments ou des produits raffin\u00e9s : la r\u00e9sistance \u00e0 l'insuline.<\/p>\n<p>Outre l'am\u00e9lioration des processus m\u00e9taboliques, la production de sirtuine dans l'organisme joue un r\u00f4le de premier plan dans la pr\u00e9vention de pathologies telles que l'iperglic\u00e9mie, le diab\u00e8te, l'ob\u00e9sit\u00e9 et le syndrome m\u00e9tabolique.<\/p>\n<p>&nbsp;<\/p>\n<p>Que contient le SIRT500 Plus ?<\/p>\n<p>SIRT500 Plus est un int\u00e9grateur d'aliments naturels \u00e0 base de min\u00e9raux, de polifenoles et d'activateurs de sirtuine.<\/p>\n<p>Les produits SIRT500 Plus contiennent uniquement des ingr\u00e9dients naturels et de premi\u00e8re qualit\u00e9, \u00e9labor\u00e9s selon des proc\u00e9dures ne n\u00e9cessitant pas l'utilisation de solvants et dans une concentration sup\u00e9rieure \u00e0 celle des int\u00e9grateurs disponibles sur le march\u00e9.<\/p>\n<p>&nbsp;<\/p>\n<p>I MINERALI<\/p>\n<p>Le SIRT500 Plus contient diff\u00e9rents min\u00e9raux, qui activent le<\/p>\n<p>sirtuine e che sono quindi in grado di stimolare il ringiovanimento<\/p>\n<p>de la cellule et qui soutiennent le syst\u00e8me immunitaire pendant la dur\u00e9e<\/p>\n<p>l'invecchiamento :<\/p>\n<p>&nbsp;<\/p>\n<p>Lo zinco<\/p>\n<p>&nbsp;<\/p>\n<p>Le zinc est l'un des \u00e9l\u00e9ments complexes n\u00e9cessaires pour obtenir un r\u00e9sultat correct.<\/p>\n<p>funzionamento di ormoni, insulina, ormoni sessuali e ormone della<\/p>\n<p>crescita. C'est un min\u00e9ral fondamental pour notre organisme.<\/p>\n<p>&nbsp;<\/p>\n<p>Le sel<\/p>\n<p>Le s\u00e9l\u00e9nium est un antioxydant tr\u00e8s efficace. Contre le stress<\/p>\n<p>ossidativo cellulare, svolge attivit\u00e0 di prevenzione, esercita un'azione<\/p>\n<p>protection de la couche de roulement garantissant le bon fonctionnement, et sur les<\/p>\n<p>annessi cutanei.<\/p>\n<p>&nbsp;<\/p>\n<p>&nbsp;<\/p>\n<p>Il cromo<\/p>\n<p>Le chrome r\u00e9gule les niveaux d'insuline, \u00e9l\u00e9ment fondamental de notre soci\u00e9t\u00e9.<\/p>\n<p>organisme qui influence le contr\u00f4le des grains et du glucose.<\/p>\n<p>&nbsp;<\/p>\n<p>&nbsp;<\/p>\n<p>I POLIFENOLI<\/p>\n<p>Les polifenoles sont des substances contenues dans les aliments, principalement dans ceux d'origine v\u00e9g\u00e9tale. Ils sont surtout pr\u00e9sents dans les fruits, la verdure, le vin ros\u00e9, le th\u00e9 vert, le chocolat, le caf\u00e9 et l'huile d'olive.<\/p>\n<p>Remarqu\u00e9s pour leurs effets combin\u00e9s antinflammatoires, antioxydants et antiagr\u00e9gants, les polifenoles repr\u00e9sentent un \u00e9l\u00e9ment important de la vie de l'organisme : il s'agit de mol\u00e9cules d'origine organique v\u00e9g\u00e9tale qui contribuent au maintien de la sant\u00e9 des cellules, en combattant l'invecchimento et en r\u00e9gulant l'absorption et l'immagination du cholest\u00e9rol dans le sang.<\/p>\n<p>Les meilleurs polifenoles et activateurs de sirtuine connus en m\u00e9decine et contenus dans l'int\u00e9grateur exclusif d'aliments naturels SIRT500 Plus sont principalement au nombre de quatre :<\/p>\n<p>&nbsp;<\/p>\n<p>&nbsp;<\/p>\n<p>L'ONOCHIOLO<\/p>\n<p>L'onochiolo a d\u00e9montr\u00e9 qu'il poss\u00e9dait des propri\u00e9t\u00e9s anti-inflammatoires et protectrices. Il exerce des activit\u00e9s de pr\u00e9vention, notamment sur les cellules de notre organisme. Il est \u00e9galement en mesure de r\u00e9duire l'accumulation de graisse corporelle.<\/p>\n<p>&nbsp;<\/p>\n<p>L'ACIDO ELLARGICO<\/p>\n<p>L'acido ellagico \u00e8 un antiossidante fenolico naturale. Il poss\u00e8de des propri\u00e9t\u00e9s antiossidantes, antitrombotiques et antiallergiques, vaso-prot\u00e9triques et gastro-prot\u00e9triques.<\/p>\n<p>&nbsp;<\/p>\n<p>LA POLIDATINA<\/p>\n<p>La polidatine fait partie de la classe des stilibeni de la famille des polifenoli. Elle exerce des activit\u00e9s antioxydantes, anti-inflammatoires, antichocs et antiagr\u00e9gantes.<\/p>\n<p>&nbsp;<\/p>\n<p>IL PTEROSTILBENE<\/p>\n<p>Le pt\u00e9rostilb\u00e8ne r\u00e9duit l'accumulation de graisse, poss\u00e8de des propri\u00e9t\u00e9s protectrices et anti-inflammatoires et soutient le syst\u00e8me immunitaire en exer\u00e7ant des activit\u00e9s de pr\u00e9vention.<\/p>\n<p>&nbsp;<\/p>","protected":false},"featured_media":12172,"template":"","meta":{"_acf_changed":false,"wds_primary_product_brand":0,"wds_primary_product_cat":0,"_wordproof_timestamp":false},"product_brand":[],"product_cat":[78,155],"product_tag":[],"class_list":{"0":"post-12171","1":"product","2":"type-product","3":"status-publish","4":"has-post-thumbnail","6":"product_cat-digitaltwin","7":"product_cat-supplements","9":"first","10":"instock","11":"shipping-taxable","12":"purchasable","13":"product-type-simple"},"acf":[],"_links":{"self":[{"href":"https:\/\/kliniksanktmoritz.ch\/fr\/wp-json\/wp\/v2\/product\/12171","targetHints":{"allow":["GET"]}}],"collection":[{"href":"https:\/\/kliniksanktmoritz.ch\/fr\/wp-json\/wp\/v2\/product"}],"about":[{"href":"https:\/\/kliniksanktmoritz.ch\/fr\/wp-json\/wp\/v2\/types\/product"}],"wp:featuredmedia":[{"embeddable":true,"href":"https:\/\/kliniksanktmoritz.ch\/fr\/wp-json\/wp\/v2\/media\/12172"}],"wp:attachment":[{"href":"https:\/\/kliniksanktmoritz.ch\/fr\/wp-json\/wp\/v2\/media?parent=12171"}],"wp:term":[{"taxonomy":"product_brand","embeddable":true,"href":"https:\/\/kliniksanktmoritz.ch\/fr\/wp-json\/wp\/v2\/product_brand?post=12171"},{"taxonomy":"product_cat","embeddable":true,"href":"https:\/\/kliniksanktmoritz.ch\/fr\/wp-json\/wp\/v2\/product_cat?post=12171"},{"taxonomy":"product_tag","embeddable":true,"href":"https:\/\/kliniksanktmoritz.ch\/fr\/wp-json\/wp\/v2\/product_tag?post=12171"}],"curies":[{"name":"wp","href":"https:\/\/api.w.org\/{rel}","templated":true}]}}