{"id":18105,"date":"2025-03-25T12:32:38","date_gmt":"2025-03-25T11:32:38","guid":{"rendered":"https:\/\/kliniksanktmoritz.ch\/?post_type=product&#038;p=18105"},"modified":"2025-05-08T06:56:35","modified_gmt":"2025-05-08T05:56:35","slug":"easycolon","status":"publish","type":"product","link":"https:\/\/kliniksanktmoritz.ch\/fr\/produit\/easycolon\/","title":{"rendered":"EasyColon"},"content":{"rendered":"<h2>\ud83d\udea8 \"Attendre les sympt\u00f4mes ? Il est peut-\u00eatre trop tard.\"<\/h2>\n<h3>La coloscopie... ce n'est pas une coloscopie.<\/h3>\n<p>30 secondes seulement. Pas de tube. Pas d'anesth\u00e9sie. Juste une prise de sang.<\/p>\n<p>Avez-vous d\u00e9j\u00e0 repouss\u00e9 un examen m\u00e9dical parce que le simple fait d'y penser vous rendait anxieux ?<br \/>\nLa coloscopie est l'un de ces examens.<br \/>\nL'id\u00e9e seule de :<\/p>\n<ul>\n<li>Suivre un r\u00e9gime restrictif pendant plusieurs jours<\/li>\n<li>Passer la nuit coll\u00e9 aux toilettes<\/li>\n<li>L'insertion d'une cam\u00e9ra sous s\u00e9datif...<\/li>\n<\/ul>\n<p>...est suffisant pour dire, \"Peut-\u00eatre le mois prochain\".<\/p>\n<p>Mais voici la v\u00e9rit\u00e9 qui d\u00e9range :<\/p>\n<h3>Le cancer du c\u00f4lon ne pr\u00e9sente aucun sympt\u00f4me.<\/h3>\n<p>Et lorsque c'est le cas, il est souvent trop tard.<\/p>\n<p>C'est la deuxi\u00e8me cause de d\u00e9c\u00e8s par cancer dans le monde.<br \/>\nElle peut se d\u00e9velopper silencieusement pendant des ann\u00e9es, sans douleur, sans signe avant-coureur, sans que l'on puisse la sentir.<br \/>\nEt lorsque \"quelque chose ne va pas\", il se peut que ce soit d\u00e9j\u00e0 \u00e0 un stade avanc\u00e9.<\/p>\n<hr \/>\n<h2>Mais voici la bonne nouvelle :<\/h2>\n<h3>Vous n'avez plus besoin d'une coloscopie pour savoir si vous \u00eates \u00e0 risque.<\/h3>\n<p>D\u00e9sormais, gr\u00e2ce \u00e0 une simple prise de sang, vous pouvez d\u00e9tecter les signes pr\u00e9curseurs, sans aucune g\u00eane.<\/p>\n<p>\u2705 Pas de tube<br \/>\n\u2705 Pas d'anesth\u00e9sie<br \/>\n\u2705 Pas de pr\u00e9paration intestinale<br \/>\nPas de g\u00eane<br \/>\n\u2705 Pas de temps libre<\/p>\n<p>Juste 30 secondes.<br \/>\nJuste une prise de sang.<br \/>\nEt vous obtenez la r\u00e9ponse qui pourrait vous sauver la vie.<\/p>\n<hr \/>\n<h3>Comment cela fonctionne-t-il ?<\/h3>\n<p>Le test recherche des biomarqueurs mol\u00e9culaires sp\u00e9cifiques qui signalent des changements pr\u00e9coces li\u00e9s au cancer du c\u00f4lon.<\/p>\n<p>Il s'agit d'une avanc\u00e9e d\u00e9j\u00e0 utilis\u00e9e dans des pays comme la Suisse et l'Allemagne, mais qui reste encore m\u00e9connue dans la plupart des pays.<\/p>\n<p>Il est pr\u00e9cis \u00e0 97%.<br \/>\nEt si votre r\u00e9sultat est n\u00e9gatif, vous \u00eates tranquille pour les cinq prochaines ann\u00e9es.<\/p>\n<hr \/>\n<h2>Combien cela co\u00fbte-t-il ?<\/h2>\n<p>Soyons clairs.<\/p>\n<p>Le processus se d\u00e9roule en deux temps :<\/p>\n<p>1\ufe0f\u20e3 <strong>La prise de sang<\/strong>que vous pouvez faire dans un laboratoire local. Cette op\u00e9ration peut co\u00fbter jusqu'\u00e0 700 euros selon le laboratoire.<br \/>\n\ud83d\udc49 Certaines personnes b\u00e9n\u00e9ficient d'un remboursement partiel par l'assurance ou les syst\u00e8mes de sant\u00e9 nationaux, d'autres non. Cela varie - et nous ne pouvons pas pr\u00e9dire ce que vous obtiendrez comme couverture.<\/p>\n<p>2\ufe0f\u20e3 <strong>Notre service<\/strong>Les services d'assistance technique : analyse avanc\u00e9e, traitement des donn\u00e9es, interpr\u00e9tation m\u00e9dicale, et rapport certifi\u00e9.<br \/>\n\ud83d\udc49 Notre co\u00fbt fixe : <strong>\u20ac399<\/strong>.<br \/>\nPas de surprises. Pas de frais cach\u00e9s.<\/p>\n<p>\ud83c\udfaf <strong>Co\u00fbt total maximum ?<\/strong><br \/>\n1099 \u20ac si votre laboratoire facture le montant total. Mais dans la plupart des cas, c'est beaucoup moins.<\/p>\n<p>Relativisons tout de m\u00eame.<\/p>\n<p>M\u00eame s'il s'agissait de 1099 euros, c'est moins que cela :<\/p>\n<ul>\n<li>Une facture mensuelle de carburant<\/li>\n<li>Un nouvel iPhone<\/li>\n<li>Un voyage d'un week-end<\/li>\n<\/ul>\n<p>Et qu'obtenez-vous en retour ?<\/p>\n<p>\ud83d\udc49 Tranquillit\u00e9 d'esprit<br \/>\n\ud83d\udc49 Une chance de pr\u00e9venir une maladie mortelle<br \/>\n\ud83d\udc49 Z\u00e9ro stress. Z\u00e9ro douleur. Z\u00e9ro honte.<\/p>\n<hr \/>\n<h2>Que se passe-t-il si vous ne le faites pas ?<\/h2>\n<p>Vous ne cessez de repousser l'\u00e9ch\u00e9ance.<br \/>\nUn jour, quelque chose ne va pas.<br \/>\nVous allez chez le m\u00e9decin.<br \/>\nOn vous envoie faire une coloscopie d'urgence.<br \/>\nEt puis...<\/p>\n<p>\u274c Chirurgie<br \/>\n\u274c Chimioth\u00e9rapie<br \/>\n\u274c Des co\u00fbts \u00e9normes<br \/>\n\u274c La pens\u00e9e d\u00e9chirante : \"Et si j'avais fait quelque chose plus t\u00f4t ?\"<\/p>\n<hr \/>\n<h2>Le choix vous appartient :<\/h2>\n<p>1\ufe0f\u20e3 Ignorer la situation et esp\u00e9rer le meilleur (comme la plupart des gens qui l'ont d\u00e9couvert trop tard),<br \/>\n<strong>OU<\/strong><br \/>\n2\ufe0f\u20e3 Prenez 30 secondes maintenant qui pourraient vous sauver la vie.<\/p>\n<hr \/>\n<p>\ud83d\udfe2 <strong>R\u00e9servez d\u00e8s maintenant.<\/strong> Faites la prise de sang quand cela vous convient.<br \/>\nPas d'attente. Pas de g\u00eane.<\/p>\n<p>\ud83d\udc49 Apr\u00e8s avoir achet\u00e9 le service \u00e0 399 euros, vous recevrez toutes les instructions.<br \/>\n\ud83d\udc49 Choisissez le laboratoire le plus proche pour la prise de sang.<br \/>\n\ud83d\udc49 Recevoir un rapport certifi\u00e9 avec une explication claire et m\u00e9dicale.<\/p>\n<hr \/>\n<h2>Garantie totale<\/h2>\n<p>Si, dans les 30 jours, vous estimez que le service n'a pas r\u00e9pondu \u00e0 vos attentes,<br \/>\nnous vous rembourserons nos 399 \u20ac.<br \/>\nPas de questions. Pas de paperasserie. Pas de jugement.<\/p>\n<p>Parce que votre tranquillit\u00e9 d'esprit passe avant tout.<\/p>\n<hr \/>\n<p>\ud83d\udccd <strong>Votre vie vaut plus qu'un caf\u00e9 par jour.<\/strong><br \/>\nN'attendez pas. Faites-le maintenant.<br \/>\nC'est la d\u00e9cision la plus intelligente que vous puissiez prendre en 2025.<\/p>\n<hr \/>\n<h3>P.S.<\/h3>\n<p>Cessez de vous sentir coupable.<br \/>\nCessez d'avoir peur.<br \/>\nVous avez enfin trouv\u00e9 un moyen de vous prot\u00e9ger, sans douleur, sans peur et sans excuses.<\/p>\n<p>Pas de tube.<br \/>\nPas de stress.<br \/>\nUne simple prise de sang.<br \/>\nJuste 30 secondes.<br \/>\nUne vie plus longue et plus saine<\/p>\n<hr \/>\n<p>&nbsp;<\/p>","protected":false},"excerpt":{"rendered":"<h2>\u2705 Derni\u00e8re \u00e9tape : Obtenez votre place pour le test sanguin de d\u00e9pistage du cancer du c\u00f4lon<\/h2>\n<p>Vous n'\u00eates plus qu'\u00e0 un pas de la tranquillit\u00e9 d'esprit.<br \/>\nPas de coloscopie. Pas de s\u00e9jour \u00e0 l'h\u00f4pital. Pas d'anxi\u00e9t\u00e9.<br \/>\nIl s'agit d'un test certifi\u00e9 qui pourrait vous sauver la vie.<\/p>\n<hr \/>\n<h3>\ud83e\uddea Ce que vous obtenez :<\/h3>\n<p>\ud83d\udd39 Acc\u00e8s \u00e0 notre service de diagnostic avanc\u00e9 bas\u00e9 sur des biomarqueurs sanguins<br \/>\n\ud83d\udd39 Interpr\u00e9tation compl\u00e8te des r\u00e9sultats de laboratoire par des professionnels de la sant\u00e9<br \/>\n\ud83d\udd39 Un rapport certifi\u00e9 avec des r\u00e9sultats faciles \u00e0 comprendre et les prochaines \u00e9tapes.<br \/>\nToutes les instructions pour effectuer la prise de sang dans le laboratoire de confiance le plus proche.<br \/>\n\ud83d\udd39 Soutien de notre \u00e9quipe de soins, \u00e0 chaque \u00e9tape de la proc\u00e9dure<\/p>\n<p>\ud83d\udd52 <strong>Temps n\u00e9cessaire ?<\/strong> 30 secondes pour la prise de sang<br \/>\n\ud83d\udccb <strong>Suivi ?<\/strong> Seulement si les r\u00e9sultats montrent quelque chose qui vaut la peine d'\u00eatre v\u00e9rifi\u00e9<br \/>\n\ud83d\udcc5 <strong>Valable 5 ans<\/strong> si le test est n\u00e9gatif<\/p>\n<hr \/>\n<h3>\ud83d\udcb3 Co\u00fbt total aujourd'hui : CHF399<\/h3>\n<p>Elle couvre l'ensemble de nos services m\u00e9dicaux.<br \/>\nLes frais de laboratoire pour la prise de sang sont pay\u00e9s s\u00e9par\u00e9ment et peuvent varier (jusqu'\u00e0 700 \u20ac).<br \/>\nDans de nombreux cas, cette partie peut \u00eatre rembours\u00e9e par une assurance ou une couverture m\u00e9dicale nationale.<\/p>\n<hr \/>\n<h3>\ud83d\udd10 Paiement s\u00e9curis\u00e9<\/h3>\n<ul>\n<li>Transaction crypt\u00e9e<\/li>\n<li>Confirmation instantan\u00e9e par courrier \u00e9lectronique<\/li>\n<li>Transparence totale. Pas de co\u00fbts cach\u00e9s.<\/li>\n<\/ul>\n<hr \/>\n<h3>Garantie de remboursement de 30 jours<\/h3>\n<p>Si vous n'\u00eates pas satisfait dans les 30 jours, nous vous remboursons nos frais de service, sans poser de questions.<\/p>\n<hr \/>\n<h3>\ud83d\udce6 Que se passe-t-il apr\u00e8s le paiement ?<\/h3>\n<p>1\ufe0f\u20e3 Recevez votre confirmation et vos instructions personnelles par e-mail<br \/>\n2\ufe0f\u20e3 R\u00e9servez votre prise de sang au laboratoire de votre choix<br \/>\n3\ufe0f\u20e3 Envoyez-nous les r\u00e9sultats des tests (easy upload)<br \/>\n4\ufe0f\u20e3 Recevez votre rapport certifi\u00e9 en quelques jours<br \/>\n5\ufe0f\u20e3 Vivre en toute s\u00e9r\u00e9nit\u00e9 pendant les 5 prochaines ann\u00e9es<\/p>\n<hr \/>\n<h3>\ud83d\udfe2 AGISSEZ MAINTENANT - Seulement 150 places de test disponibles ce mois-ci<\/h3>\n<p>\u26a0\ufe0f En raison des limites du laboratoire, nous ne pouvons accepter qu'un nombre limit\u00e9 de nouveaux patients chaque mois.<br \/>\nUne fois la capacit\u00e9 atteinte, les r\u00e9servations sont closes.<\/p>\n<hr \/>\n<h3>\ud83e\udde0 Besoin d'aide ?<\/h3>\n<p>Nous sommes l\u00e0 pour vous aider.<br \/>\n\ud83d\udce9 Assistance par courrier \u00e9lectronique assistance@kliniksm.com|<\/p>\n<hr \/>\n<p>\ud83d\udc49 Compl\u00e9tez votre paiement s\u00e9curis\u00e9 ci-dessous et prenez la d\u00e9cision de sant\u00e9 la plus intelligente de votre vie.<\/p>","protected":false},"featured_media":18112,"template":"","meta":{"_acf_changed":false,"wds_primary_product_brand":0,"wds_primary_product_cat":0,"_wordproof_timestamp":false},"product_brand":[183],"product_cat":[184],"product_tag":[],"class_list":{"0":"post-18105","1":"product","2":"type-product","3":"status-publish","4":"has-post-thumbnail","6":"product_brand-klinik-sankt-moritz","7":"product_cat-easycolon","9":"first","10":"instock","11":"shipping-taxable","12":"purchasable","13":"product-type-simple"},"acf":[],"_links":{"self":[{"href":"https:\/\/kliniksanktmoritz.ch\/fr\/wp-json\/wp\/v2\/product\/18105","targetHints":{"allow":["GET"]}}],"collection":[{"href":"https:\/\/kliniksanktmoritz.ch\/fr\/wp-json\/wp\/v2\/product"}],"about":[{"href":"https:\/\/kliniksanktmoritz.ch\/fr\/wp-json\/wp\/v2\/types\/product"}],"wp:featuredmedia":[{"embeddable":true,"href":"https:\/\/kliniksanktmoritz.ch\/fr\/wp-json\/wp\/v2\/media\/18112"}],"wp:attachment":[{"href":"https:\/\/kliniksanktmoritz.ch\/fr\/wp-json\/wp\/v2\/media?parent=18105"}],"wp:term":[{"taxonomy":"product_brand","embeddable":true,"href":"https:\/\/kliniksanktmoritz.ch\/fr\/wp-json\/wp\/v2\/product_brand?post=18105"},{"taxonomy":"product_cat","embeddable":true,"href":"https:\/\/kliniksanktmoritz.ch\/fr\/wp-json\/wp\/v2\/product_cat?post=18105"},{"taxonomy":"product_tag","embeddable":true,"href":"https:\/\/kliniksanktmoritz.ch\/fr\/wp-json\/wp\/v2\/product_tag?post=18105"}],"curies":[{"name":"wp","href":"https:\/\/api.w.org\/{rel}","templated":true}]}}