{"id":19895,"date":"2025-05-14T15:28:32","date_gmt":"2025-05-14T14:28:32","guid":{"rendered":"https:\/\/kliniksanktmoritz.ch\/?post_type=product&#038;p=19895"},"modified":"2025-05-21T18:18:03","modified_gmt":"2025-05-21T17:18:03","slug":"certified-backlink-cv-yearly-by-verduci-editore","status":"publish","type":"product","link":"https:\/\/kliniksanktmoritz.ch\/fr\/produit\/backlink-cv-certifie-annuellement-par-verduci-editore\/","title":{"rendered":"Backlink &amp; CV certifi\u00e9s annuellement"},"content":{"rendered":"<h3 data-start=\"185\" data-end=\"246\">\ud83d\udea8 <strong data-start=\"188\" data-end=\"244\">Dans un monde plein de faux, soyez celui qui est v\u00e9rifi\u00e9.<\/strong><\/h3>\n<h4 data-start=\"248\" data-end=\"308\">Tout le monde peut acheter un domaine.<br data-start=\"272\" data-end=\"275\" \/>Seulement <em data-start=\"280\" data-end=\"285\">vous<\/em> peut pr\u00e9tendre \u00e0 la v\u00e9rit\u00e9.<\/h4>\n<h5 data-start=\"310\" data-end=\"489\">\ud83c\udf10 <strong data-start=\"313\" data-end=\"358\">Certified Backlink by Klinik Sankt Moritz (en anglais)<\/strong><br data-start=\"358\" data-end=\"361\" \/>Une connexion s\u00e9curis\u00e9e et permanente entre votre site web officiel et un profil v\u00e9rifi\u00e9, qui fait mouche :<br data-start=\"458\" data-end=\"461\" \/><strong data-start=\"461\" data-end=\"489\">\"C'est la vraie affaire\".<\/strong><\/h5>\n<h5 data-start=\"491\" data-end=\"600\">\u2714\ufe0f Votre licence, v\u00e9rifi\u00e9e<br data-start=\"516\" data-end=\"519\" \/>\u2714\ufe0f Votre CV, est disponible<br data-start=\"544\" data-end=\"547\" \/>\u2714\ufe0f Votre nom, prot\u00e9g\u00e9<br data-start=\"570\" data-end=\"573\" \/>\u2714\ufe0f Vos patients, rassur\u00e9s<\/h5>\n<h5 data-start=\"602\" data-end=\"733\">\ud83e\udde0 Dites adieu \u00e0 la confusion en ligne et aux identit\u00e9s clon\u00e9es. Dites bonjour \u00e0 <strong data-start=\"673\" data-end=\"690\">confiance imm\u00e9diate<\/strong>La Commission europ\u00e9enne a \u00e9galement mis l'accent sur l'importance de la formation, de la cr\u00e9dibilit\u00e9 au niveau mondial et de la visibilit\u00e9 de l'\u00e9lite.<\/h5>\n<hr data-start=\"735\" data-end=\"738\" \/>\n<h5 data-start=\"740\" data-end=\"899\"><strong data-start=\"740\" data-end=\"761\">\u26a0\ufe0f L'\u00e9preuve de v\u00e9rit\u00e9 :<\/strong><br data-start=\"761\" data-end=\"764\" \/>Un site web ne suffit plus.<br data-start=\"800\" data-end=\"803\" \/>Fausses critiques. Faux visages. Faux experts.<br data-start=\"842\" data-end=\"845\" \/>Et pourtant, vous \u00eates r\u00e9el. Qualifi\u00e9. Confiant. Maintenant, prouvez-le.<\/h5>\n<hr data-start=\"901\" data-end=\"904\" \/>\n<h5 data-start=\"906\" data-end=\"1099\">\ud83d\udca1 <strong data-start=\"909\" data-end=\"926\">Imaginez ceci :<\/strong><br data-start=\"926\" data-end=\"929\" \/>Un patient recherche votre nom sur Google.<br data-start=\"957\" data-end=\"960\" \/>Ils trouvent votre site. Cliquez sur votre Certified Backlink.<br data-start=\"1011\" data-end=\"1014\" \/>Boom : votre CV v\u00e9rifi\u00e9 sur Klinik Sankt Moritz.<br data-start=\"1060\" data-end=\"1063\" \/>Authenticit\u00e9. Autorit\u00e9. Admiration.<\/h5>\n<hr data-start=\"1101\" data-end=\"1104\" \/>\n<h5 data-start=\"1106\" data-end=\"1289\">\ud83d\udd25 <strong data-start=\"1109\" data-end=\"1161\">Et le co\u00fbt pour se d\u00e9marquer ? Seulement 500 francs suisses par an.<\/strong><br data-start=\"1161\" data-end=\"1164\" \/>C'est moins qu'une course quotidienne au caf\u00e9 - pour un bouclier de confiance public, une identit\u00e9 num\u00e9rique \u00e0 l'\u00e9preuve des balles et une tranquillit\u00e9 d'esprit \u00e0 vie.<\/h5>\n<hr data-start=\"1291\" data-end=\"1294\" \/>\n<h5 data-start=\"1296\" data-end=\"1443\">\ud83d\ude80 <strong data-start=\"1299\" data-end=\"1339\">ACTIVEZ VOTRE BACKLINK CERTIFI\u00c9 MAINTENANT<\/strong><br data-start=\"1339\" data-end=\"1342\" \/>\ud83d\udd17 Get Verified Here<br data-start=\"1364\" data-end=\"1367\" \/>Parce que <em data-start=\"1375\" data-end=\"1386\">apparaissant<\/em> digne de confiance est facile.<br data-start=\"1407\" data-end=\"1410\" \/><strong data-start=\"1410\" data-end=\"1425\">Le prouver ?<\/strong> C'est une l\u00e9gende.<\/h5>","protected":false},"excerpt":{"rendered":"<h3>Certified Backlink &amp; CV - Yearly By Verduci Editore<\/h3>\n<h5><a href=\"https:\/\/wise.com\/gb\/currency-converter\/currencies\/chf-swiss-franc\"><strong data-start=\"4\" data-end=\"43\">Franc suisse en temps r\u00e9el<\/strong><\/a><br \/>\nEn tant qu'entreprise suisse, nous op\u00e9rons principalement en francs suisses, symbole de stabilit\u00e9 et de fiabilit\u00e9. Compte tenu des fluctuations du march\u00e9 mondial, cela garantit l'efficacit\u00e9 et la transparence tout en minimisant les incertitudes li\u00e9es aux devises.<\/h5>","protected":false},"featured_media":19770,"template":"","meta":{"_acf_changed":false,"wds_primary_product_brand":0,"wds_primary_product_cat":0,"_wordproof_timestamp":false},"product_brand":[],"product_cat":[164,119,158],"product_tag":[162,163,187],"class_list":{"0":"post-19895","1":"product","2":"type-product","3":"status-publish","4":"has-post-thumbnail","6":"product_cat-certification","7":"product_cat-partner","8":"product_cat-worldmedcert","9":"product_tag-certified-degree","10":"product_tag-certified-medical-doctor","11":"product_tag-klinik-sankt-moritz-id","12":"yith_shop_vendor-verduci","14":"first","15":"instock","16":"virtual","17":"purchasable","18":"product-type-simple"},"acf":[],"_links":{"self":[{"href":"https:\/\/kliniksanktmoritz.ch\/fr\/wp-json\/wp\/v2\/product\/19895","targetHints":{"allow":["GET"]}}],"collection":[{"href":"https:\/\/kliniksanktmoritz.ch\/fr\/wp-json\/wp\/v2\/product"}],"about":[{"href":"https:\/\/kliniksanktmoritz.ch\/fr\/wp-json\/wp\/v2\/types\/product"}],"wp:featuredmedia":[{"embeddable":true,"href":"https:\/\/kliniksanktmoritz.ch\/fr\/wp-json\/wp\/v2\/media\/19770"}],"wp:attachment":[{"href":"https:\/\/kliniksanktmoritz.ch\/fr\/wp-json\/wp\/v2\/media?parent=19895"}],"wp:term":[{"taxonomy":"product_brand","embeddable":true,"href":"https:\/\/kliniksanktmoritz.ch\/fr\/wp-json\/wp\/v2\/product_brand?post=19895"},{"taxonomy":"product_cat","embeddable":true,"href":"https:\/\/kliniksanktmoritz.ch\/fr\/wp-json\/wp\/v2\/product_cat?post=19895"},{"taxonomy":"product_tag","embeddable":true,"href":"https:\/\/kliniksanktmoritz.ch\/fr\/wp-json\/wp\/v2\/product_tag?post=19895"}],"curies":[{"name":"wp","href":"https:\/\/api.w.org\/{rel}","templated":true}]}}