{"id":19897,"date":"2025-05-14T15:29:49","date_gmt":"2025-05-14T14:29:49","guid":{"rendered":"https:\/\/kliniksanktmoritz.ch\/?post_type=product&#038;p=19897"},"modified":"2025-05-21T18:19:14","modified_gmt":"2025-05-21T17:19:14","slug":"reglement-mensuel-certifie-platine-par-verduci-editore","status":"publish","type":"product","link":"https:\/\/kliniksanktmoritz.ch\/fr\/produit\/reglement-mensuel-certifie-platine-par-verduci-editore\/","title":{"rendered":"Certifi\u00e9 Platine Mensuel"},"content":{"rendered":"<h3>\ud83d\udc68\u200d\u2695\ufe0f <em>Vous \u00eates m\u00e9decin ? Il est temps pour vous de dominer l'\u00e8re num\u00e9rique de la m\u00e9decine.<\/em><\/h3>\n<h5><strong>Docteurs en m\u00e9decine, docteurs en m\u00e9decine, <span style=\"text-decoration: underline;\"><em>M\u00e9decins esth\u00e9tiques<\/em><\/span>Physiatres, Psychiatres, Di\u00e9t\u00e9ticiens, Ost\u00e9opathes (USA) :<\/strong><br \/>\nVous \u00eates n\u00e9 pour gu\u00e9rir. Maintenant, il est temps de certifier votre brillance.<\/h5>\n<hr \/>\n<h5>\ud83c\udf96\ufe0f <strong>Klinik Sankt Moritz Certification m\u00e9dicale<\/strong><br \/>\nPlus qu'une certification, c'est votre passeport d'\u00e9lite pour une reconnaissance mondiale dans le domaine des soins de sant\u00e9 num\u00e9riques.<br \/>\nV\u00e9rification. Autorit\u00e9. R\u00e9putation. Visibilit\u00e9 mondiale. Le tout en un seul badge prestigieux.<\/h5>\n<hr \/>\n<h5><strong>\ud83d\udd0d Qu'est-ce que vous y gagnez ?<\/strong><br \/>\n\u2705 Identit\u00e9 v\u00e9rifi\u00e9e (KYC) + CV g\u00e9r\u00e9 par des experts.<br \/>\n\u2705 Acc\u00e8s au jumeau num\u00e9rique : fid\u00e9lisation des patients tout au long de la vie, suivi intelligent de la sant\u00e9.<br \/>\n\u2705 Formation continue + les derni\u00e8res technologies m\u00e9dicales.<br \/>\n\u2705 ShareKey suite : Communication crypt\u00e9e de qualit\u00e9 suisse et contr\u00f4le des donn\u00e9es.<br \/>\n\u2705 R\u00e9seau d'ambassadeurs et r\u00e9f\u00e9rences directes.<br \/>\n\u2705 Protection de l'identit\u00e9 num\u00e9rique + renforcement de la cr\u00e9dibilit\u00e9.<br \/>\nExposition internationale, r\u00e9f\u00e9rencement de premier plan, r\u00e9putation d'\u00e9lite.<\/h5>\n<hr \/>\n<h5>\ud83d\udca5 <strong>Imaginez maintenant ceci :<\/strong><br \/>\nUn patient vous trouve. Il voit le badge de la Klinik Sankt Moritz.<br \/>\nIls savent que vous faites partie de l'\u00e9lite. Ils vous font confiance. Ils vous choisissent. Ils restent.<\/h5>\n<hr \/>\n<h5>\ud83d\ude80 <strong>Et c'est l\u00e0 que se situe le point culminant.<\/strong><br \/>\nSeulement CHF <strong>1,188<\/strong>. <strong>CHF 99 par mois<\/strong> Conformit\u00e9 initiale ? <a href=\"https:\/\/kliniksanktmoritz.ch\/fr\/produit\/controle-deligibilite-2\/\">CHF <strong>700<\/strong><\/a> une seule fois.<br \/>\nTotal ? CHF <strong>1.888<\/strong> pour pr\u00e9parer votre carri\u00e8re et accro\u00eetre votre visibilit\u00e9.<br \/>\n\ud83d\udd25 TOP <em>\u00c9conomisez 20% avec un paiement unique plut\u00f4t que mensuel ! <a href=\"https:\/\/kliniksanktmoritz.ch\/fr\/produit\/platinum-certified-mds-dosyearly-eligibility-check-top-20\/\">CHF <strong>1.511<\/strong><\/a><\/em><\/h5>\n<hr \/>\n<h5>\ud83d\udc49 <strong>CLIQUEZ ICI ET OBTENEZ LA CERTIFICATION D\u00c8S MAINTENANT.<\/strong><br \/>\n<em>Dominez les moteurs de recherche, \u00e9patez les patients et acc\u00e9dez au panth\u00e9on num\u00e9rique.<\/em><br \/>\n<strong>N'attendez pas l'avenir, devenez l'avenir.<\/strong><\/h5>","protected":false},"excerpt":{"rendered":"<h3>R\u00e8glement mensuel certifi\u00e9 platine par Verduci Editore<\/h3>\n<h5><a href=\"https:\/\/wise.com\/gb\/currency-converter\/currencies\/chf-swiss-franc\"><strong data-start=\"4\" data-end=\"43\">Franc suisse en temps r\u00e9el<\/strong><\/a><br \/>\nEn tant qu'entreprise suisse, nous op\u00e9rons principalement en francs suisses, symbole de stabilit\u00e9 et de fiabilit\u00e9. Compte tenu des fluctuations du march\u00e9 mondial, cela garantit l'efficacit\u00e9 et la transparence tout en minimisant les incertitudes li\u00e9es aux devises.<\/h5>","protected":false},"featured_media":19773,"template":"","meta":{"_acf_changed":false,"wds_primary_product_brand":0,"wds_primary_product_cat":0,"_wordproof_timestamp":false},"product_brand":[],"product_cat":[164,119,158],"product_tag":[162,163,187],"class_list":{"0":"post-19897","1":"product","2":"type-product","3":"status-publish","4":"has-post-thumbnail","6":"product_cat-certification","7":"product_cat-partner","8":"product_cat-worldmedcert","9":"product_tag-certified-degree","10":"product_tag-certified-medical-doctor","11":"product_tag-klinik-sankt-moritz-id","12":"yith_shop_vendor-verduci","14":"first","15":"instock","16":"virtual","17":"purchasable","18":"product-type-simple"},"acf":[],"_links":{"self":[{"href":"https:\/\/kliniksanktmoritz.ch\/fr\/wp-json\/wp\/v2\/product\/19897","targetHints":{"allow":["GET"]}}],"collection":[{"href":"https:\/\/kliniksanktmoritz.ch\/fr\/wp-json\/wp\/v2\/product"}],"about":[{"href":"https:\/\/kliniksanktmoritz.ch\/fr\/wp-json\/wp\/v2\/types\/product"}],"wp:featuredmedia":[{"embeddable":true,"href":"https:\/\/kliniksanktmoritz.ch\/fr\/wp-json\/wp\/v2\/media\/19773"}],"wp:attachment":[{"href":"https:\/\/kliniksanktmoritz.ch\/fr\/wp-json\/wp\/v2\/media?parent=19897"}],"wp:term":[{"taxonomy":"product_brand","embeddable":true,"href":"https:\/\/kliniksanktmoritz.ch\/fr\/wp-json\/wp\/v2\/product_brand?post=19897"},{"taxonomy":"product_cat","embeddable":true,"href":"https:\/\/kliniksanktmoritz.ch\/fr\/wp-json\/wp\/v2\/product_cat?post=19897"},{"taxonomy":"product_tag","embeddable":true,"href":"https:\/\/kliniksanktmoritz.ch\/fr\/wp-json\/wp\/v2\/product_tag?post=19897"}],"curies":[{"name":"wp","href":"https:\/\/api.w.org\/{rel}","templated":true}]}}