{"id":19899,"date":"2025-05-14T15:32:29","date_gmt":"2025-05-14T14:32:29","guid":{"rendered":"https:\/\/kliniksanktmoritz.ch\/?post_type=product&#038;p=19899"},"modified":"2025-05-14T15:33:34","modified_gmt":"2025-05-14T14:33:34","slug":"controle-deligibilite-par-verduci-editore","status":"publish","type":"product","link":"https:\/\/kliniksanktmoritz.ch\/fr\/produit\/controle-deligibilite-par-verduci-editore\/","title":{"rendered":"Contr\u00f4le d'\u00e9ligibilit\u00e9 par Verduci Editore"},"content":{"rendered":"<h2 data-start=\"361\" data-end=\"407\">\ud83c\udf93 <strong data-start=\"364\" data-end=\"407\">V\u00e9rifi\u00e9 pour diriger. Certifi\u00e9 pour inspirer.<\/strong><\/h2>\n<h3 data-start=\"409\" data-end=\"613\">Au <strong data-start=\"412\" data-end=\"435\">Klinik Sankt Moritz<\/strong>Nous ne nous contentons pas de certifier les m\u00e9decins, nous les \u00e9levons au sommet de la reconnaissance mondiale gr\u00e2ce \u00e0 la v\u00e9rification d'\u00e9ligibilit\u00e9 la plus compl\u00e8te et la plus prestigieuse de la m\u00e9decine num\u00e9rique.<\/h3>\n<p data-start=\"615\" data-end=\"818\"><strong data-start=\"615\" data-end=\"648\">\ud83d\udd0d V\u00e9rification du spectre complet<\/strong><br data-start=\"648\" data-end=\"651\" \/>Avant d'obtenir le badge de la Klinik, chaque candidat est soumis \u00e0 un test d'\u00e9valuation. <strong data-start=\"712\" data-end=\"759\">un processus m\u00e9ticuleux de connaissance du client (KYC)<\/strong>-non pas comme une formalit\u00e9, mais comme une marque d'int\u00e9grit\u00e9. Nous v\u00e9rifions :<\/p>\n<p data-start=\"820\" data-end=\"1189\">\u2714\ufe0f Votre licence m\u00e9dicale nationale et votre carte d'identit\u00e9, appuy\u00e9es par une documentation de niveau gouvernemental.<br data-start=\"902\" data-end=\"905\" \/>\u2714\ufe0f Votre dipl\u00f4me de m\u00e9decine v\u00e9rifi\u00e9, recoup\u00e9 et valid\u00e9.<br data-start=\"973\" data-end=\"976\" \/>\u2714\ufe0f Chaque sp\u00e9cialit\u00e9 que vous revendiquez - de la m\u00e9decine esth\u00e9tique \u00e0 la psychiatrie - est \u00e9tay\u00e9e par des r\u00e9f\u00e9rences officielles.<br data-start=\"1074\" data-end=\"1077\" \/>\u2714\ufe0f Toutes les formations avanc\u00e9es, les programmes de ma\u00eetrise et les cours de m\u00e9decine reconnus sont document\u00e9s par des preuves certifi\u00e9es.<\/p>\n<p data-start=\"1191\" data-end=\"1253\">Il ne s'agit pas seulement de bureaucratie. Il s'agit de votre <strong data-start=\"1231\" data-end=\"1241\">h\u00e9ritage<\/strong>valid\u00e9e.<\/p>\n<hr data-start=\"1255\" data-end=\"1258\" \/>\n<p data-start=\"1260\" data-end=\"1471\">\ud83d\udcc4 <strong data-start=\"1263\" data-end=\"1297\">CV dynamique, \u00e9labor\u00e9 par des experts<\/strong><br data-start=\"1297\" data-end=\"1300\" \/>Votre identit\u00e9 professionnelle m\u00e9rite d'\u00e9voluer avec vous. C'est pourquoi la Klinik Sankt Moritz ne s'arr\u00eate pas \u00e0 la v\u00e9rification. <strong data-start=\"1419\" data-end=\"1470\">g\u00e9rer et mettre \u00e0 jour activement son CV professionnel<\/strong>:<\/p>\n<p data-start=\"1473\" data-end=\"1714\">\u2714\ufe0f Int\u00e9gration chronologique des nouvelles qualifications.<br data-start=\"1524\" data-end=\"1527\" \/>\u2714\ufe0f Participation document\u00e9e \u00e0 des congr\u00e8s et \u00e0 des \u00e9v\u00e9nements de formation.<br data-start=\"1589\" data-end=\"1592\" \/>\u2714\ufe0f Formatage ax\u00e9 sur la visibilit\u00e9 pour pr\u00e9senter votre croissance, accessible instantan\u00e9ment aux patients, aux cliniques et aux pairs dans le monde entier.<\/p>\n<p data-start=\"1716\" data-end=\"1815\">Votre CV devient un <strong data-start=\"1734\" data-end=\"1773\">un portefeuille num\u00e9rique vivant<\/strong>-Pr\u00e9cise, \u00e9l\u00e9gante et toujours \u00e0 jour.<\/p>\n<hr data-start=\"1817\" data-end=\"1820\" \/>\n<p data-start=\"1822\" data-end=\"2094\">\ud83c\udfa4 <strong data-start=\"1825\" data-end=\"1871\">Reconnaissance du NFT pour les conf\u00e9renciers internationaux<\/strong><br data-start=\"1871\" data-end=\"1874\" \/>Nous prenons au s\u00e9rieux votre contribution \u00e0 la m\u00e9decine mondiale. C'est pourquoi la Klinik Sankt Moritz <strong data-start=\"1962\" data-end=\"1987\">d\u00e9livre des NFT exclusifs<\/strong> pour les m\u00e9decins agr\u00e9\u00e9s invit\u00e9s comme <strong data-start=\"2021\" data-end=\"2093\">orateurs principaux ou pan\u00e9listes lors de congr\u00e8s internationaux accr\u00e9dit\u00e9s<\/strong>.<\/p>\n<p data-start=\"2096\" data-end=\"2263\">Il ne s'agit pas seulement de jetons num\u00e9riques, mais de <strong data-start=\"2137\" data-end=\"2194\">des symboles s\u00fbrs et v\u00e9rifiables d'autorit\u00e9 et d'expertise<\/strong>Le prix de l'innovation, frapp\u00e9 pour immortaliser votre pr\u00e9sence \u00e0 l'avant-garde de l'innovation.<\/p>\n<hr data-start=\"2265\" data-end=\"2268\" \/>\n<p data-start=\"2270\" data-end=\"2580\">\u2728 <strong data-start=\"2272\" data-end=\"2347\">Le r\u00e9sultat ? Un prestige imm\u00e9diat. Une confiance globale. Tranquillit\u00e9 d'esprit professionnelle.<\/strong><br data-start=\"2347\" data-end=\"2350\" \/>Avec la certification de la Klinik Sankt Moritz, toute votre carri\u00e8re n'est pas seulement valid\u00e9e, elle est aussi valid\u00e9e. <strong data-start=\"2436\" data-end=\"2449\">amplifi\u00e9<\/strong>. Vous n'\u00eates pas seulement un m\u00e9decin.<br data-start=\"2478\" data-end=\"2481\" \/>Vous \u00eates un <strong data-start=\"2490\" data-end=\"2508\">personne de confiance<\/strong> dans l'avenir de la m\u00e9decine, en s'appuyant sur des faits, sur la blockchain et sur le prestige.<\/p>\n<h3 data-start=\"2582\" data-end=\"2670\">\ud83d\udc49 <strong data-start=\"2585\" data-end=\"2655\">Pr\u00eat \u00e0 transformer votre cr\u00e9dibilit\u00e9 en autorit\u00e9 incontestable ?<\/strong><br data-start=\"2655\" data-end=\"2658\" \/>Commen\u00e7ons.<\/h3>\n<p>Seulement CHF <strong>1,188<\/strong>. <strong>CHF 99 par mois<\/strong> Conformit\u00e9 initiale ? <a href=\"https:\/\/kliniksanktmoritz.ch\/fr\/produit\/verification-de-leligibilite\/\">CHF <strong>700<\/strong> <\/a>une seule fois.<br \/>\nTotal ? CHF <strong>1.888<\/strong> pour pr\u00e9parer votre carri\u00e8re et accro\u00eetre votre visibilit\u00e9.<br \/>\n\ud83d\udd25 TOP <em>\u00c9conomisez 20% avec un paiement unique plut\u00f4t que mensuel ! <a href=\"https:\/\/kliniksanktmoritz.ch\/fr\/produit\/platinum-certified-mds-dosyearly-eligibility-check-top-20\/\">CHF <strong>1.511<\/strong><\/a><\/em><\/p>","protected":false},"excerpt":{"rendered":"<p>\ud83c\udf93 Verified to Lead. Certified to Inspire. At Klinik Sankt Moritz, we don\u2019t just certify doctors\u2014we elevate them to the pinnacle of global recognition through the most comprehensive and prestigious eligibility verification in digital medicine. \ud83d\udd0d Full Spectrum VerificationBefore earning the Klinik badge, every candidate undergoes a meticulous Know Your Customer (KYC) process\u2014not as a [&hellip;]<\/p>\n","protected":false},"featured_media":19859,"template":"","meta":{"_acf_changed":false,"wds_primary_product_brand":0,"wds_primary_product_cat":0,"_wordproof_timestamp":false},"product_brand":[183],"product_cat":[69],"product_tag":[],"class_list":{"0":"post-19899","1":"product","2":"type-product","3":"status-publish","4":"has-post-thumbnail","6":"product_brand-klinik-sankt-moritz","7":"product_cat-uncategorized","8":"yith_shop_vendor-verduci","10":"first","11":"instock","12":"virtual","13":"purchasable","14":"product-type-simple"},"acf":[],"_links":{"self":[{"href":"https:\/\/kliniksanktmoritz.ch\/fr\/wp-json\/wp\/v2\/product\/19899","targetHints":{"allow":["GET"]}}],"collection":[{"href":"https:\/\/kliniksanktmoritz.ch\/fr\/wp-json\/wp\/v2\/product"}],"about":[{"href":"https:\/\/kliniksanktmoritz.ch\/fr\/wp-json\/wp\/v2\/types\/product"}],"wp:featuredmedia":[{"embeddable":true,"href":"https:\/\/kliniksanktmoritz.ch\/fr\/wp-json\/wp\/v2\/media\/19859"}],"wp:attachment":[{"href":"https:\/\/kliniksanktmoritz.ch\/fr\/wp-json\/wp\/v2\/media?parent=19899"}],"wp:term":[{"taxonomy":"product_brand","embeddable":true,"href":"https:\/\/kliniksanktmoritz.ch\/fr\/wp-json\/wp\/v2\/product_brand?post=19899"},{"taxonomy":"product_cat","embeddable":true,"href":"https:\/\/kliniksanktmoritz.ch\/fr\/wp-json\/wp\/v2\/product_cat?post=19899"},{"taxonomy":"product_tag","embeddable":true,"href":"https:\/\/kliniksanktmoritz.ch\/fr\/wp-json\/wp\/v2\/product_tag?post=19899"}],"curies":[{"name":"wp","href":"https:\/\/api.w.org\/{rel}","templated":true}]}}