{"id":20124,"date":"2025-05-19T11:13:30","date_gmt":"2025-05-19T10:13:30","guid":{"rendered":"https:\/\/kliniksanktmoritz.ch\/?post_type=product&#038;p=20124"},"modified":"2025-05-21T18:42:39","modified_gmt":"2025-05-21T17:42:39","slug":"klinik-sankt-moritz-id-by-caldelari-medical","status":"publish","type":"product","link":"https:\/\/kliniksanktmoritz.ch\/fr\/produit\/klinik-sankt-moritz-id-by-caldelari-medical\/","title":{"rendered":"Klinik Sankt Moritz ID"},"content":{"rendered":"<h2>\ud83e\ude7a KLINIK SANKT MORITZ ID par Caldelari Medical<br \/>\nUn identifiant num\u00e9rique mondial pour les m\u00e9decins v\u00e9rifi\u00e9s<\/h2>\n<h4>Un num\u00e9ro. Une garantie. Une signature de confiance.<\/h4>\n<h4>\ud83d\udd39 Quel est le num\u00e9ro d'identification de la Klinik Sankt Moritz ?<br \/>\nL'identifiant de la Klinik Sankt Moritz est un identifiant num\u00e9rique unique d\u00e9livr\u00e9 uniquement aux m\u00e9decins inscrits activement aupr\u00e8s d'un ordre des m\u00e9decins reconnu, partout dans le monde.Il s'agit d'un service simple et annuel qui offre aux patients un niveau minimum d'authenticit\u00e9 professionnelle et aux m\u00e9decins une pr\u00e9sence v\u00e9rifi\u00e9e et s\u00e9curis\u00e9e.<\/h4>\n<h4>\ud83e\udde9 A quoi \u00e7a sert ?<br \/>\nIdentifier clairement et imm\u00e9diatement un m\u00e9decin comme tel.<br \/>\nIncorporez l'identifiant dans votre signature de courriel, votre site web, vos documents m\u00e9dicaux ou vos plates-formes num\u00e9riques.<br \/>\nRassurer les patients en leur disant qu'ils parlent \u00e0 un m\u00e9decin agr\u00e9\u00e9 - pas besoin de CV, de titres ou de dipl\u00f4mes.<\/h4>\n<h4>\ud83d\udd10 Que v\u00e9rifie-t-il ?<br \/>\nLe professionnel est activement inscrit aupr\u00e8s d'un conseil m\u00e9dical.<br \/>\nLa Klinik Sankt Moritz l'a v\u00e9rifi\u00e9 au cours des 12 derniers mois.<br \/>\nNi plus ni moins : il confirme l'existence et la l\u00e9gitimit\u00e9, et non les qualifications ou l'expertise.<\/h4>\n<h4>\ud83d\udca1 Pourquoi est-ce important ?<br \/>\n\u00c0 l'\u00e8re de la d\u00e9sinformation et de la fraude num\u00e9rique, la carte d'identit\u00e9 de la Klinik Sankt Moritz fait office de norme de confiance minimale :<br \/>\n\u2705 Prot\u00e8ge les patients contre les faux profils<br \/>\n\u2705 Donne de la visibilit\u00e9 aux vrais professionnels<br \/>\n\u2705 Faire tomber les barri\u00e8res de la confiance num\u00e9rique dans les soins de sant\u00e9<\/h4>\n<h4>\ud83c\udfaf A qui s'adresse-t-il ?<br \/>\nExclusivement pour les m\u00e9decins agr\u00e9\u00e9s, quel que soit leur pays ou leur sp\u00e9cialit\u00e9.<br \/>\nPas de fausses r\u00e9f\u00e9rences. Pas de zones grises. Pas d'ambigu\u00eft\u00e9.<\/h4>\n<h4>\ud83d\udcb5 Combien cela co\u00fbte-t-il ?<br \/>\nUn service d'entr\u00e9e de gamme \u00e0 faible barri\u00e8re :49 USD\/an Pour les m\u00e9decins qui souhaitent \u00eatre facilement v\u00e9rifi\u00e9s dans le monde entier.<\/h4>\n<h4>\ud83c\udf10 Visibilit\u00e9 mondiale<br \/>\nLes m\u00e9decins qui obtiennent une carte d'identit\u00e9 pourront<br \/>\nAppara\u00eetre dans l'annuaire public officiel de la Klinik Sankt Moritz<br \/>\nRecevoir un badge num\u00e9rique pour pr\u00e9senter son identit\u00e9 v\u00e9rifi\u00e9e<br \/>\nFournir aux patients un lien clair et public pour valider leur statut<\/h4>\n<h4>\ud83d\udee1\ufe0f La valeur d'une simple v\u00e9rification<br \/>\nLa Klinik Sankt Moritz ID ne s'immisce pas dans votre vie priv\u00e9e, ne r\u00e9v\u00e8le pas vos donn\u00e9es et ne tente pas de certifier vos comp\u00e9tences.<br \/>\nIl ne confirme qu'une seule v\u00e9rit\u00e9 essentielle : \ud83d\udc49 \"Cette personne est un m\u00e9decin agr\u00e9\u00e9. V\u00e9rifi\u00e9 par nous.\"<\/h4>\n<h4>\ud83d\ude80 Un petit pas pour le m\u00e9decin. Un grand pas pour la confiance du patient.<\/h4>","protected":false},"excerpt":{"rendered":"<h3>Klinik Sankt Moritz ID By Caldelari Medical<\/h3>","protected":false},"featured_media":19764,"template":"","meta":{"_acf_changed":false,"wds_primary_product_brand":0,"wds_primary_product_cat":0,"_wordproof_timestamp":false},"product_brand":[183],"product_cat":[164,158],"product_tag":[163],"class_list":{"0":"post-20124","1":"product","2":"type-product","3":"status-publish","4":"has-post-thumbnail","6":"product_brand-klinik-sankt-moritz","7":"product_cat-certification","8":"product_cat-worldmedcert","9":"product_tag-certified-medical-doctor","10":"yith_shop_vendor-caldelari","12":"first","13":"instock","14":"shipping-taxable","15":"purchasable","16":"product-type-simple"},"acf":[],"_links":{"self":[{"href":"https:\/\/kliniksanktmoritz.ch\/fr\/wp-json\/wp\/v2\/product\/20124","targetHints":{"allow":["GET"]}}],"collection":[{"href":"https:\/\/kliniksanktmoritz.ch\/fr\/wp-json\/wp\/v2\/product"}],"about":[{"href":"https:\/\/kliniksanktmoritz.ch\/fr\/wp-json\/wp\/v2\/types\/product"}],"wp:featuredmedia":[{"embeddable":true,"href":"https:\/\/kliniksanktmoritz.ch\/fr\/wp-json\/wp\/v2\/media\/19764"}],"wp:attachment":[{"href":"https:\/\/kliniksanktmoritz.ch\/fr\/wp-json\/wp\/v2\/media?parent=20124"}],"wp:term":[{"taxonomy":"product_brand","embeddable":true,"href":"https:\/\/kliniksanktmoritz.ch\/fr\/wp-json\/wp\/v2\/product_brand?post=20124"},{"taxonomy":"product_cat","embeddable":true,"href":"https:\/\/kliniksanktmoritz.ch\/fr\/wp-json\/wp\/v2\/product_cat?post=20124"},{"taxonomy":"product_tag","embeddable":true,"href":"https:\/\/kliniksanktmoritz.ch\/fr\/wp-json\/wp\/v2\/product_tag?post=20124"}],"curies":[{"name":"wp","href":"https:\/\/api.w.org\/{rel}","templated":true}]}}