{"id":20291,"date":"2025-05-26T11:13:35","date_gmt":"2025-05-26T10:13:35","guid":{"rendered":"https:\/\/kliniksanktmoritz.ch\/?post_type=product&#038;p=20291"},"modified":"2025-05-26T11:13:35","modified_gmt":"2025-05-26T10:13:35","slug":"%f0%9f%8e%af-pouvez-vous-beneficier-dun-traitement-regenerateur-du-genou","status":"publish","type":"product","link":"https:\/\/kliniksanktmoritz.ch\/fr\/produit\/%f0%9f%8e%af-pouvez-vous-beneficier-dun-traitement-regenerateur-du-genou\/","title":{"rendered":"\ud83c\udfaf POUVEZ-VOUS B\u00c9N\u00c9FICIER D'UN TRAITEMENT R\u00c9G\u00c9N\u00c9RATEUR DU GENOU ?"},"content":{"rendered":"<h1 data-start=\"315\" data-end=\"370\">\ud83c\udfaf POUVEZ-VOUS B\u00c9N\u00c9FICIER D'UN TRAITEMENT R\u00c9G\u00c9N\u00c9RATEUR DU GENOU ?<\/h1>\n<h2 data-start=\"372\" data-end=\"433\">Tous les genoux n'ont pas besoin d'\u00eatre op\u00e9r\u00e9s.<br data-start=\"399\" data-end=\"402\" \/>Tous les joueurs n'ont pas besoin de s'arr\u00eater.<\/h2>\n<h2 data-start=\"435\" data-end=\"572\">Notre syst\u00e8me avanc\u00e9 de <strong data-start=\"448\" data-end=\"492\">programme de r\u00e9g\u00e9n\u00e9ration non chirurgicale du genou<\/strong> est con\u00e7u pour les athl\u00e8tes de plus de 40 ans, mais seulement apr\u00e8s une \u00e9valuation m\u00e9dicale minutieuse.<\/h2>","protected":false},"excerpt":{"rendered":"<h2 data-start=\"315\" data-end=\"370\">\ud83c\udfaf ARE YOU ELIGIBLE FOR REGENERATIVE KNEE TREATMENT?<\/h2>\n<p data-start=\"574\" data-end=\"736\">\ud83d\udc49 Want to avoid knee replacement surgery?<br data-start=\"616\" data-end=\"619\" \/>\ud83d\udc49 Still feel the drive to get back on the court?<br data-start=\"668\" data-end=\"671\" \/>\ud83d\udc49 Curious if <strong data-start=\"685\" data-end=\"708\">stem cell treatment<\/strong> could work for your joints?<\/p>\n<p data-start=\"738\" data-end=\"814\">Start with a personalised <strong data-start=\"764\" data-end=\"790\">eligibility assessment<\/strong> at Klinik Sankt Moritz.<\/p>\n<hr data-start=\"816\" data-end=\"819\" \/>\n<h3 data-start=\"821\" data-end=\"864\">\u2705 What\u2019s included in your consultation:<\/h3>\n<ul data-start=\"865\" data-end=\"1194\">\n<li data-start=\"865\" data-end=\"940\">\n<p data-start=\"867\" data-end=\"940\">Full orthopaedic exam focused on <strong data-start=\"900\" data-end=\"938\">joint condition &amp; cartilage damage<\/strong><\/p>\n<\/li>\n<li data-start=\"941\" data-end=\"1013\">\n<p data-start=\"943\" data-end=\"1013\">Biomechanical movement analysis (ideal for padel and tennis players)<\/p>\n<\/li>\n<li data-start=\"1014\" data-end=\"1076\">\n<p data-start=\"1016\" data-end=\"1076\">1-on-1 discussion with our surgical &amp; sports medicine team<\/p>\n<\/li>\n<li data-start=\"1077\" data-end=\"1134\">\n<p data-start=\"1079\" data-end=\"1134\">Tailored feedback on whether you are a good candidate<\/p>\n<\/li>\n<li data-start=\"1135\" data-end=\"1194\">\n<p data-start=\"1137\" data-end=\"1194\">Clear explanation of options, recovery time, and outcomes<\/p>\n<\/li>\n<\/ul>\n<p data-start=\"1196\" data-end=\"1295\">\ud83d\udcb3 <strong data-start=\"1199\" data-end=\"1225\">Consultation fee: \u20ac300<\/strong><br data-start=\"1225\" data-end=\"1228\" \/>(<em data-start=\"1229\" data-end=\"1294\">Fully deductible if you proceed with the full treatment package<\/em>)<\/p>\n<hr data-start=\"1297\" data-end=\"1300\" \/>\n<h3 data-start=\"1302\" data-end=\"1345\">\ud83d\udd35 [BOOK YOUR MEDICAL ASSESSMENT NOW]<\/h3>\n<p data-start=\"1346\" data-end=\"1420\"><em data-start=\"1346\" data-end=\"1420\">Find out if your knees are ready to perform again \u2014 without prosthetics.<\/em><\/p>\n","protected":false},"featured_media":20293,"template":"","meta":{"_acf_changed":false,"wds_primary_product_brand":0,"wds_primary_product_cat":0,"_wordproof_timestamp":false},"product_brand":[],"product_cat":[69],"product_tag":[],"class_list":{"0":"post-20291","1":"product","2":"type-product","3":"status-publish","4":"has-post-thumbnail","6":"product_cat-uncategorized","8":"first","9":"instock","10":"virtual","11":"purchasable","12":"product-type-simple"},"acf":[],"_links":{"self":[{"href":"https:\/\/kliniksanktmoritz.ch\/fr\/wp-json\/wp\/v2\/product\/20291","targetHints":{"allow":["GET"]}}],"collection":[{"href":"https:\/\/kliniksanktmoritz.ch\/fr\/wp-json\/wp\/v2\/product"}],"about":[{"href":"https:\/\/kliniksanktmoritz.ch\/fr\/wp-json\/wp\/v2\/types\/product"}],"wp:featuredmedia":[{"embeddable":true,"href":"https:\/\/kliniksanktmoritz.ch\/fr\/wp-json\/wp\/v2\/media\/20293"}],"wp:attachment":[{"href":"https:\/\/kliniksanktmoritz.ch\/fr\/wp-json\/wp\/v2\/media?parent=20291"}],"wp:term":[{"taxonomy":"product_brand","embeddable":true,"href":"https:\/\/kliniksanktmoritz.ch\/fr\/wp-json\/wp\/v2\/product_brand?post=20291"},{"taxonomy":"product_cat","embeddable":true,"href":"https:\/\/kliniksanktmoritz.ch\/fr\/wp-json\/wp\/v2\/product_cat?post=20291"},{"taxonomy":"product_tag","embeddable":true,"href":"https:\/\/kliniksanktmoritz.ch\/fr\/wp-json\/wp\/v2\/product_tag?post=20291"}],"curies":[{"name":"wp","href":"https:\/\/api.w.org\/{rel}","templated":true}]}}