{"id":20307,"date":"2025-05-27T13:36:45","date_gmt":"2025-05-27T12:36:45","guid":{"rendered":"https:\/\/kliniksanktmoritz.ch\/?post_type=product&#038;p=20307"},"modified":"2025-05-27T20:39:28","modified_gmt":"2025-05-27T19:39:28","slug":"digital-twin-data-version","status":"publish","type":"product","link":"https:\/\/kliniksanktmoritz.ch\/fr\/produit\/digital-twin-data-version\/","title":{"rendered":"Digital Twin VERSION DE DONN\u00c9ES"},"content":{"rendered":"<h1>\ud83e\udde0 Digital Twin DATA : Un tableau de bord pour tout votre corps<\/h1>\n<h2>Vos donn\u00e9es de sant\u00e9 enfin connect\u00e9es.<\/h2>\n<h3>\u2705 Qu'est-ce qui diff\u00e9rencie Digital Twin DATA ?<\/h3>\n<h5>Unifi\u00e9s <strong>Tableau de bord<\/strong>Toutes vos donn\u00e9es - <strong>dormir<\/strong>, <strong>sang<\/strong> <strong>tests<\/strong>, <strong>\u00e9tapes<\/strong>, <strong>c\u0153ur<\/strong> <strong>taux<\/strong> - en <strong>un<\/strong> <strong>lieu<\/strong>. Plus d'informations <strong>App-hopping<\/strong>. Un <strong>interface intelligente<\/strong>actualis\u00e9e en temps r\u00e9el.<br \/>\nVisualisation des tendances en mati\u00e8re de sant\u00e9 D\u00e9couvrez votre sant\u00e9 comme jamais auparavant. <strong>Graphiques<\/strong> et <strong>courbes<\/strong> <strong>montrer<\/strong> comment votre <strong>dormir<\/strong>, <strong>vitamine D<\/strong>et <strong>cr\u00e9atinine<\/strong> interagir sur <strong>jours<\/strong>, <strong>semaines<\/strong>et <strong>mois<\/strong>.<br \/>\nCybers\u00e9curit\u00e9 avanc\u00e9e Vos donn\u00e9es de sant\u00e9 sont <strong>crypt\u00e9<\/strong>, <strong>prot\u00e9g\u00e9<\/strong>et stock\u00e9s dans un <strong>nuage<\/strong>. Vous seul d\u00e9cidez qui le voit. C'est le v\u00f4tre - et uniquement le v\u00f4tre.<br \/>\nComplet <strong>M\u00e9dical<\/strong> Int\u00e9gration T\u00e9l\u00e9chargez votre dossier m\u00e9dical complet <strong>l'histoire<\/strong>, <strong>laboratoire<\/strong> <strong>r\u00e9sultats<\/strong>, <strong>prescriptions<\/strong>et <strong>portable<\/strong> <strong>donn\u00e9es<\/strong>. Votre <strong>complet<\/strong> <strong>la sant\u00e9<\/strong> <strong>image<\/strong>Enfin ensemble.<br \/>\nCompatible avec <strong>300+ appareils<\/strong>De <strong>Pomme<\/strong> La sant\u00e9, <strong>Fitbit<\/strong>, <strong>Garmin<\/strong> et Oura \u00e0 Dexcom, <strong>Strava<\/strong>, <strong>MyFitnessPal<\/strong>et bient\u00f4t m\u00eame <strong>Tesla<\/strong> et <strong>Peloton<\/strong> - nous connectons tout ce qui vous suit.<\/h5>\n<h3>\ud83c\udf0d \u00c0 qui s'adresse-t-il ?<\/h3>\n<ul>\n<li>Les personnes qui <strong>train<\/strong><\/li>\n<li>Les personnes ayant <strong>chronique<\/strong> conditions<\/li>\n<li>Les personnes qui s'int\u00e9ressent \u00e0 <strong>la pr\u00e9vention<\/strong><\/li>\n<li>Les personnes fatigu\u00e9es de <strong>manquant<\/strong> ou <strong>perdant<\/strong> leur <strong>donn\u00e9es<\/strong><\/li>\n<li>Les personnes qui veulent <strong>clart\u00e9<\/strong>, <strong>contr\u00f4le<\/strong>et <strong>certitude<\/strong><\/li>\n<li>\ud83d\udcca Stop guessing. Commencez \u00e0 voir.<\/li>\n<li>Digital Twin DATA vous permet de conna\u00eetre votre \u00e9tat de sant\u00e9 en temps r\u00e9el.Vous rep\u00e9rez les probl\u00e8mes avant m\u00eame que les sympt\u00f4mes ne se manifestent.Vous agirez avant qu'il ne soit trop tard.<\/li>\n<\/ul>\n<h3>\ud83d\udd10 Prenez votre sant\u00e9 en main d\u00e8s maintenant.<\/h3>\n<h3>Cr\u00e9ez votre jumeau num\u00e9rique d\u00e8s aujourd'hui et <strong>ne plus jamais perdre le fil<\/strong>.<br \/>\n\ud83d\udc49 Rejoignez-nous maintenant et construisez votre <strong>profil de sant\u00e9 complet<\/strong> en quelques minutes.<strong>Propre \u00e0 l'entreprise<\/strong> votre <strong>donn\u00e9es<\/strong>. <strong>Comprendre son corps<\/strong>. <strong>Vivre mieux<\/strong>.<\/h3>","protected":false},"excerpt":{"rendered":"<h1>\ud83e\udde0 Digital Twin DATA : Un tableau de bord pour tout votre corps<\/h1>\n<h2>Vos donn\u00e9es de sant\u00e9 enfin connect\u00e9es.<\/h2>\n<h5>Plus besoin de passer d'une application \u00e0 l'autre. Finis les r\u00e9sultats dispers\u00e9s.Digital Twin DATA r\u00e9unit tous vos <strong>la sant\u00e9<\/strong> en une seule <strong>s\u00e9curis\u00e9<\/strong>, <strong>intelligents<\/strong> con\u00e7ue pour suivre le comportement r\u00e9el de votre corps au fil du temps.<\/h5>\n<h3><\/h3>","protected":false},"featured_media":20308,"template":"","meta":{"_acf_changed":false,"wds_primary_product_brand":0,"wds_primary_product_cat":0,"_wordproof_timestamp":false},"product_brand":[183],"product_cat":[69],"product_tag":[],"class_list":{"0":"post-20307","1":"product","2":"type-product","3":"status-publish","4":"has-post-thumbnail","6":"product_brand-klinik-sankt-moritz","7":"product_cat-uncategorized","9":"first","10":"instock","11":"virtual","12":"purchasable","13":"product-type-simple"},"acf":[],"_links":{"self":[{"href":"https:\/\/kliniksanktmoritz.ch\/fr\/wp-json\/wp\/v2\/product\/20307","targetHints":{"allow":["GET"]}}],"collection":[{"href":"https:\/\/kliniksanktmoritz.ch\/fr\/wp-json\/wp\/v2\/product"}],"about":[{"href":"https:\/\/kliniksanktmoritz.ch\/fr\/wp-json\/wp\/v2\/types\/product"}],"wp:featuredmedia":[{"embeddable":true,"href":"https:\/\/kliniksanktmoritz.ch\/fr\/wp-json\/wp\/v2\/media\/20308"}],"wp:attachment":[{"href":"https:\/\/kliniksanktmoritz.ch\/fr\/wp-json\/wp\/v2\/media?parent=20307"}],"wp:term":[{"taxonomy":"product_brand","embeddable":true,"href":"https:\/\/kliniksanktmoritz.ch\/fr\/wp-json\/wp\/v2\/product_brand?post=20307"},{"taxonomy":"product_cat","embeddable":true,"href":"https:\/\/kliniksanktmoritz.ch\/fr\/wp-json\/wp\/v2\/product_cat?post=20307"},{"taxonomy":"product_tag","embeddable":true,"href":"https:\/\/kliniksanktmoritz.ch\/fr\/wp-json\/wp\/v2\/product_tag?post=20307"}],"curies":[{"name":"wp","href":"https:\/\/api.w.org\/{rel}","templated":true}]}}