{"id":20326,"date":"2025-05-27T21:43:59","date_gmt":"2025-05-27T20:43:59","guid":{"rendered":"https:\/\/kliniksanktmoritz.ch\/?post_type=product&#038;p=20326"},"modified":"2025-05-27T22:10:27","modified_gmt":"2025-05-27T21:10:27","slug":"jumeau-numerique-version-moleculaire","status":"publish","type":"product","link":"https:\/\/kliniksanktmoritz.ch\/fr\/produit\/jumeau-numerique-version-moleculaire\/","title":{"rendered":"Digital Twin - Version mol\u00e9culaire"},"content":{"rendered":"<h1 data-start=\"436\" data-end=\"485\">Qu'est-ce que le jumeau num\u00e9rique - version mol\u00e9culaire ?<\/h1>\n<h2 >Les <strong >Digital Twin Version mol\u00e9culaire<\/strong> est une technologie de pointe en mati\u00e8re de sant\u00e9 qui recueille et visualise les donn\u00e9es sur la sant\u00e9. <strong data-start=\"588\" data-end=\"621\">des donn\u00e9es en temps r\u00e9el sur votre corps<\/strong>y compris :<\/h2>\n<ul data-start=\"635\" data-end=\"761\">\n<li data-start=\"635\" data-end=\"665\">\n<h3 ><strong >Traceurs de sant\u00e9 portables<\/strong><\/h3>\n<\/li>\n<li data-start=\"666\" data-end=\"688\">\n<h3 data-start=\"668\" data-end=\"688\"><strong data-start=\"668\" data-end=\"688\">Biomarqueurs sanguins<\/strong><\/h3>\n<\/li>\n<li data-start=\"689\" data-end=\"719\">\n<h3 data-start=\"691\" data-end=\"719\"><strong data-start=\"691\" data-end=\"719\">R\u00e9sultats des tests m\u00e9tabolomiques<\/strong><\/h3>\n<\/li>\n<li data-start=\"720\" data-end=\"761\">\n<h3 data-start=\"722\" data-end=\"761\"><strong data-start=\"722\" data-end=\"761\">Sommeil, stress, rythme cardiaque, etc.<\/strong><\/h3>\n<\/li>\n<\/ul>\n<h3 data-start=\"763\" data-end=\"923\">Il transforme des donn\u00e9es de sant\u00e9 \u00e9parses en <strong data-start=\"804\" data-end=\"839\">un tableau de bord unique et intelligent<\/strong>vous aidant \u00e0 rep\u00e9rer les tendances et \u00e0 prendre des d\u00e9cisions \u00e9clair\u00e9es sur votre parcours de bien-\u00eatre.<\/h3>\n<hr data-start=\"925\" data-end=\"928\" \/>\n<h3 data-start=\"930\" data-end=\"960\">\ud83d\udd2c Pourquoi ajouter des donn\u00e9es mol\u00e9culaires ?<\/h3>\n<h3 data-start=\"962\" data-end=\"1055\"><strong data-start=\"962\" data-end=\"983\">Tests mol\u00e9culaires<\/strong> vous donne un aper\u00e7u unique de l'int\u00e9rieur de votre corps, avant m\u00eame l'apparition des sympt\u00f4mes.<\/h3>\n<h3 data-start=\"1057\" data-end=\"1136\">En suivant les biomarqueurs cl\u00e9s <strong data-start=\"1084\" data-end=\"1106\">2 \u00e0 3 fois par an<\/strong>Vous y trouverez des informations approfondies sur les sujets suivants<\/h3>\n<ul data-start=\"1138\" data-end=\"1322\">\n<li data-start=\"1138\" data-end=\"1178\">\n<h4 data-start=\"1140\" data-end=\"1178\">M\u00e9tabolisme des nutriments et carences<\/h4>\n<\/li>\n<li data-start=\"1179\" data-end=\"1221\">\n<h4 data-start=\"1181\" data-end=\"1221\">Inflammation pr\u00e9coce ou stress oxydatif<\/h4>\n<\/li>\n<li data-start=\"1222\" data-end=\"1245\">\n<h4 data-start=\"1224\" data-end=\"1245\">D\u00e9s\u00e9quilibres hormonaux<\/h4>\n<\/li>\n<li data-start=\"1246\" data-end=\"1279\">\n<h4 data-start=\"1248\" data-end=\"1279\">Probl\u00e8mes de r\u00e9cup\u00e9ration li\u00e9s au sommeil<\/h4>\n<\/li>\n<li data-start=\"1280\" data-end=\"1322\">\n<h4 data-start=\"1282\" data-end=\"1322\">Fatigue chronique et ralentissement m\u00e9tabolique<\/h4>\n<\/li>\n<\/ul>\n<h4 data-start=\"1324\" data-end=\"1397\">\ud83e\udde0 C'est plus que des donn\u00e9es. C'est <strong data-start=\"1353\" data-end=\"1397\">des pr\u00e9visions en mati\u00e8re de sant\u00e9 fond\u00e9es sur des donn\u00e9es scientifiques r\u00e9elles.<\/strong><\/h4>\n<hr data-start=\"1399\" data-end=\"1402\" \/>\n<h3 data-start=\"1404\" data-end=\"1441\">\ud83d\udcca Votre tableau de bord complet de la sant\u00e9<\/h3>\n<h4 data-start=\"1443\" data-end=\"1503\">Plus besoin de passer d'une application \u00e0 l'autre.<br data-start=\"1474\" data-end=\"1477\" \/>Plus de rapports confus.<\/h4>\n<h4 data-start=\"1505\" data-end=\"1589\">Le jumeau num\u00e9rique s'int\u00e8gre \u00e0 plus de <strong data-start=\"1543\" data-end=\"1577\">300 appareils de sant\u00e9 et de fitness<\/strong>y compris :<\/h4>\n<ul data-start=\"1591\" data-end=\"1762\">\n<li data-start=\"1591\" data-end=\"1645\">\n<h4 data-start=\"1593\" data-end=\"1645\">Apple Health, Fitbit, Oura, Garmin, Samsung Health<\/h4>\n<\/li>\n<li data-start=\"1646\" data-end=\"1698\">\n<h4 data-start=\"1648\" data-end=\"1698\">Dexcom, Polar, Withings, Whoop, Strava, et plus encore<\/h4>\n<\/li>\n<li data-start=\"1699\" data-end=\"1762\">\n<h4 data-start=\"1701\" data-end=\"1762\">Int\u00e9grations \u00e0 venir : Tesla, Peloton, Calm, iFit et autres<\/h4>\n<\/li>\n<\/ul>\n<h4 data-start=\"1764\" data-end=\"1840\">Tous vos signaux de sant\u00e9 - <strong data-start=\"1790\" data-end=\"1813\">visualis\u00e9s ensemble<\/strong>clairement et en temps r\u00e9el.<\/h4>\n<hr data-start=\"1842\" data-end=\"1845\" \/>\n<h3 data-start=\"1847\" data-end=\"1898\">\ud83d\udd10 Une cybers\u00e9curit\u00e9 in\u00e9gal\u00e9e pour vos donn\u00e9es de sant\u00e9<\/h3>\n<ul data-start=\"1900\" data-end=\"2012\">\n<li data-start=\"1900\" data-end=\"1921\">\n<h4 data-start=\"1902\" data-end=\"1921\"><strong data-start=\"1902\" data-end=\"1921\">Enti\u00e8rement crypt\u00e9<\/strong><\/h4>\n<\/li>\n<li data-start=\"1922\" data-end=\"1949\">\n<h4 data-start=\"1924\" data-end=\"1949\"><strong data-start=\"1924\" data-end=\"1949\">Stockage en nuage priv\u00e9<\/strong><\/h4>\n<\/li>\n<li data-start=\"1950\" data-end=\"1977\">\n<h4 data-start=\"1952\" data-end=\"1977\"><strong data-start=\"1952\" data-end=\"1977\">Pas d'acc\u00e8s de tiers<\/strong><\/h4>\n<\/li>\n<li data-start=\"1978\" data-end=\"2012\">\n<h4 data-start=\"1980\" data-end=\"2012\"><strong data-start=\"1980\" data-end=\"2012\">Vous contr\u00f4lez toujours les donn\u00e9es<\/strong><\/h4>\n<\/li>\n<\/ul>\n<h4 data-start=\"2014\" data-end=\"2077\">Vos donn\u00e9es m\u00e9dicales m\u00e9ritent <strong data-start=\"2041\" data-end=\"2076\">le plus haut niveau de protection<\/strong>.<\/h4>\n<hr data-start=\"2079\" data-end=\"2082\" \/>\n<h3 data-start=\"2084\" data-end=\"2109\">\ud83c\udfaf Qui devrait l'utiliser ?<\/h3>\n<h4 data-start=\"2111\" data-end=\"2331\">\u2705 Les professionnels de la sant\u00e9 et les personnes tr\u00e8s performantes<br data-start=\"2153\" data-end=\"2156\" \/>\u2705 Les amateurs de fitness et les athl\u00e8tes<br data-start=\"2190\" data-end=\"2193\" \/>\u2705 Personnes g\u00e9rant des maladies chroniques<br data-start=\"2229\" data-end=\"2232\" \/>\u2705 Toute personne cherchant <strong data-start=\"2249\" data-end=\"2281\">la surveillance pr\u00e9ventive de la sant\u00e9<\/strong><br data-start=\"2281\" data-end=\"2284\" \/>\u2705 Biohackers, coachs et optimiseurs de mode de vie<\/h4>\n<hr data-start=\"2333\" data-end=\"2336\" \/>\n<h3 data-start=\"2338\" data-end=\"2374\">\ud83d\udca5 Arr\u00eatez de deviner. Commencez \u00e0 savoir.<\/h3>\n<h4 data-start=\"2376\" data-end=\"2470\">La sant\u00e9 traditionnelle attend que quelque chose aille mal.<br data-start=\"2427\" data-end=\"2430\" \/>Digital Twin + Molecular Data vous aide :<\/h4>\n<ul data-start=\"2472\" data-end=\"2618\">\n<li data-start=\"2472\" data-end=\"2497\">\n<h4 data-start=\"2474\" data-end=\"2497\">D\u00e9tecter les probl\u00e8mes \u00e0 un stade pr\u00e9coce<\/h4>\n<\/li>\n<li data-start=\"2498\" data-end=\"2539\">\n<h4 data-start=\"2500\" data-end=\"2539\">Optimisez votre alimentation, votre sommeil et votre \u00e9nergie<\/h4>\n<\/li>\n<li data-start=\"2540\" data-end=\"2582\">\n<h4 data-start=\"2542\" data-end=\"2582\">Personnaliser votre formation ou votre traitement<\/h4>\n<\/li>\n<li data-start=\"2583\" data-end=\"2618\">\n<h4 data-start=\"2585\" data-end=\"2618\">Faire des choix de sant\u00e9 fond\u00e9s sur des donn\u00e9es<\/h4>\n<\/li>\n<\/ul>\n<hr data-start=\"2620\" data-end=\"2623\" \/>\n<h1 data-start=\"2625\" data-end=\"2652\">\ud83d\ude80 Pour seulement 500 CHF\/mois<\/h1>\n<h2 data-start=\"2654\" data-end=\"2752\">Prenez votre sant\u00e9 en main gr\u00e2ce \u00e0 la plus <strong data-start=\"2696\" data-end=\"2741\">technologie avanc\u00e9e de bien-\u00eatre personnalis\u00e9<\/strong> disponible.<\/h2>\n<h2 data-start=\"2754\" data-end=\"2841\"><strong data-start=\"2754\" data-end=\"2790\">Digital Twin - Version mol\u00e9culaire<\/strong><br data-start=\"2790\" data-end=\"2793\" \/>Votre corps. Vos mol\u00e9cules. Votre avenir - cartographi\u00e9.<\/h2>\n<h2 data-start=\"2843\" data-end=\"2959\">\ud83d\udc49 <strong data-start=\"2846\" data-end=\"2904\">Adh\u00e9rez maintenant. Gardez une longueur d'avance sur la maladie. Appropriez-vous vos donn\u00e9es de sant\u00e9.<\/strong><br data-start=\"2904\" data-end=\"2907\" \/>Parce que la pr\u00e9vention n'est pas une tendance. C'est une r\u00e9volution.<\/h2>","protected":false},"excerpt":{"rendered":"<h1 data-start=\"233\" data-end=\"280\">\ud83e\uddec Jumeau num\u00e9rique - Tableau de bord de la sant\u00e9 mol\u00e9culaire<\/h1>\n<h2 data-start=\"282\" data-end=\"429\"><strong data-start=\"282\" data-end=\"326\">D\u00e9couvrez ce que votre corps ne peut pas vous dire - pour l'instant.<\/strong><\/h2>\n<h3 data-start=\"282\" data-end=\"429\">Suivre les changements mol\u00e9culaires. D\u00e9tecter des mod\u00e8les. Pr\u00e9venir les maladies.<br data-start=\"387\" data-end=\"390\" \/><strong data-start=\"390\" data-end=\"429\">Le tout dans un tableau de bord intelligent et s\u00e9curis\u00e9.<\/strong><\/h3>\n<h1 data-start=\"2625\" data-end=\"2652\">\ud83d\ude80 Pour seulement 500 CHF\/mois<\/h1>","protected":false},"featured_media":20321,"template":"","meta":{"_acf_changed":false,"wds_primary_product_brand":0,"wds_primary_product_cat":0,"_wordproof_timestamp":false},"product_brand":[183],"product_cat":[69],"product_tag":[],"class_list":{"0":"post-20326","1":"product","2":"type-product","3":"status-publish","4":"has-post-thumbnail","6":"product_brand-klinik-sankt-moritz","7":"product_cat-uncategorized","9":"first","10":"instock","11":"virtual","12":"purchasable","13":"product-type-simple"},"acf":[],"_links":{"self":[{"href":"https:\/\/kliniksanktmoritz.ch\/fr\/wp-json\/wp\/v2\/product\/20326","targetHints":{"allow":["GET"]}}],"collection":[{"href":"https:\/\/kliniksanktmoritz.ch\/fr\/wp-json\/wp\/v2\/product"}],"about":[{"href":"https:\/\/kliniksanktmoritz.ch\/fr\/wp-json\/wp\/v2\/types\/product"}],"wp:featuredmedia":[{"embeddable":true,"href":"https:\/\/kliniksanktmoritz.ch\/fr\/wp-json\/wp\/v2\/media\/20321"}],"wp:attachment":[{"href":"https:\/\/kliniksanktmoritz.ch\/fr\/wp-json\/wp\/v2\/media?parent=20326"}],"wp:term":[{"taxonomy":"product_brand","embeddable":true,"href":"https:\/\/kliniksanktmoritz.ch\/fr\/wp-json\/wp\/v2\/product_brand?post=20326"},{"taxonomy":"product_cat","embeddable":true,"href":"https:\/\/kliniksanktmoritz.ch\/fr\/wp-json\/wp\/v2\/product_cat?post=20326"},{"taxonomy":"product_tag","embeddable":true,"href":"https:\/\/kliniksanktmoritz.ch\/fr\/wp-json\/wp\/v2\/product_tag?post=20326"}],"curies":[{"name":"wp","href":"https:\/\/api.w.org\/{rel}","templated":true}]}}