{"id":11130,"date":"2024-03-05T14:56:42","date_gmt":"2024-03-05T13:56:42","guid":{"rendered":"https:\/\/kliniksanktmoritz.ch\/?page_id=11130"},"modified":"2024-03-05T14:57:11","modified_gmt":"2024-03-05T13:57:11","slug":"podcast","status":"publish","type":"page","link":"https:\/\/kliniksanktmoritz.ch\/it\/podcast\/","title":{"rendered":"Podcast"},"content":{"rendered":"<section class=\"bde-section-11130-100 bde-section\">\n  \n  \n\t\n\n\n\n<div class=\"section-container\"><h1 class=\"bde-dual-heading-11130-101 bde-dual-heading\">\n\n\n            <span data-style=\"primary\" class=\"dual-heading--primary\"><\/span>\n\n            <span data-style=\"secondary\" class=\"dual-heading--secondary\">Podcast<\/span>\n\n\n\n<\/h1><div class=\"bde-rich-text-11130-102 bde-rich-text breakdance-rich-text-styles\">\n<p>Sul nostro canale YouTube, troverete il nostro podcast<\/p>\n<p><strong>Lo stile di vita di un campione, in diretta<\/strong><\/p>\n<p>I campioni condividono i loro dati e parlano del loro stile di vita per rimanere campioni per sempre.<\/p>\n<p>Come uno stile di vita sano al di l\u00e0 delle competizioni ci porta ad avere una longevit\u00e0 sana. Iniziare ad allenarsi pi\u00f9 tardi nella vita \u00e8 altrettanto importante per la salute e per una migliore qualit\u00e0 di vita pi\u00f9 a lungo.<\/p>\n<p>Scopriremo molti atleti, in molti sport e a molte et\u00e0. Entreremo con molti medici in molti stili di vita per vedere quante opportunit\u00e0 funzionano per perdere peso, migliorare, potenziare e ringiovanire.<\/p>\n<\/div><\/div>\n<\/section>","protected":false},"excerpt":{"rendered":"<p>Podcast On our YouTube channel, you will find our podcast The Lifestyle of a Champion, Live Champions share their data and talk about their lifestyle to remain champions forever. How a healthy lifestyle beyond competitions leads us to have a healthy longevity. Starting to train later in life is just as important for health and [&hellip;]<\/p>\n","protected":false},"author":1,"featured_media":0,"parent":0,"menu_order":0,"comment_status":"closed","ping_status":"closed","template":"","meta":{"_acf_changed":false,"_breakdance_hide_in_design_set":false,"_breakdance_tags":"","footnotes":"","_wordproof_timestamp":false},"class_list":["post-11130","page","type-page","status-publish","hentry"],"acf":[],"_links":{"self":[{"href":"https:\/\/kliniksanktmoritz.ch\/it\/wp-json\/wp\/v2\/pages\/11130","targetHints":{"allow":["GET"]}}],"collection":[{"href":"https:\/\/kliniksanktmoritz.ch\/it\/wp-json\/wp\/v2\/pages"}],"about":[{"href":"https:\/\/kliniksanktmoritz.ch\/it\/wp-json\/wp\/v2\/types\/page"}],"author":[{"embeddable":true,"href":"https:\/\/kliniksanktmoritz.ch\/it\/wp-json\/wp\/v2\/users\/1"}],"replies":[{"embeddable":true,"href":"https:\/\/kliniksanktmoritz.ch\/it\/wp-json\/wp\/v2\/comments?post=11130"}],"version-history":[{"count":2,"href":"https:\/\/kliniksanktmoritz.ch\/it\/wp-json\/wp\/v2\/pages\/11130\/revisions"}],"predecessor-version":[{"id":11132,"href":"https:\/\/kliniksanktmoritz.ch\/it\/wp-json\/wp\/v2\/pages\/11130\/revisions\/11132"}],"wp:attachment":[{"href":"https:\/\/kliniksanktmoritz.ch\/it\/wp-json\/wp\/v2\/media?parent=11130"}],"curies":[{"name":"wp","href":"https:\/\/api.w.org\/{rel}","templated":true}]}}