{"id":11183,"date":"2024-03-05T15:24:01","date_gmt":"2024-03-05T14:24:01","guid":{"rendered":"https:\/\/kliniksanktmoritz.ch\/?page_id=11183"},"modified":"2024-09-18T19:33:59","modified_gmt":"2024-09-18T18:33:59","slug":"specialista-medtech","status":"publish","type":"page","link":"https:\/\/kliniksanktmoritz.ch\/it\/specialista-medtech\/","title":{"rendered":"Specialista in tecnologie mediche"},"content":{"rendered":"<section class=\"bde-section-11183-103 bde-section\">\n  \n  \n\t\n\n\n\n<div class=\"section-container\"><div class=\"bde-button-11183-104 bde-button\">\n        \n    \n    \n    \n    \n            \n                    \n            \n            \n\n    \n    \n    \n    \n    \n    <a class=\"breakdance-link button-atom button-atom--secondary bde-button__button\" href=\"https:\/\/kliniksanktmoritz.ch\/it\/prodotto\/medtech-specialist-eng\/\" target=\"_self\" data-type=\"url\"  >\n\n    \n        <span class=\"button-atom__text\">\/Diventa specialista in Medtech<\/span>\n\n        \n        \n                <\/a>\n\n    \n\n\n<\/div><div class=\"bde-columns-11183-105 bde-columns\"><div class=\"bde-column-11183-106 bde-column\">\n  \n  \n\t\n\n\n\n<h2 class=\"bde-dual-heading-11183-107 bde-dual-heading\">\n\n\n            <span data-style=\"primary\" class=\"dual-heading--primary\">Lo Specialista MedTech:<\/span>\n\n\n\n<\/h2><h2 class=\"bde-dual-heading-11183-115 bde-dual-heading\">\n\n\n            <span data-style=\"secondary\" class=\"dual-heading--secondary\"> Una professione in crescita \ud83d\ude80<\/span>\n\n\n\n<\/h2><div class=\"bde-text-11183-108 bde-text\">\nCon i progressi tecnologici e l'invecchiamento della popolazione mondiale, la domanda di assistenza sanitaria digitale sta aumentando vertiginosamente. In particolare, sta emergendo un nuovo ruolo professionale: il configuratore di dispositivi medici, o MedTech Specialist, che svolge un ruolo cruciale nell'ecosistema della sanit\u00e0 digitale.<br><br>Il problema: dispositivi medici senza un supporto adeguato<br>Negli ultimi anni, dispositivi come gli smartwatch e i misuratori di pressione Bluetooth hanno invaso il mercato. Tuttavia, spesso vengono trattati come semplici elettrodomestici. Uno studio di Fortune Business Insights prevede che il mercato globale dei dispositivi medici indossabili raggiunger\u00e0 $139,7 miliardi entro il 2026, con un tasso di crescita annuale del 24,7%.<br>Nonostante la loro diffusione, sono pochi i venditori che capiscono come configurare e ottimizzare correttamente questi strumenti per supportare la salute degli utenti. La mancanza di una formazione adeguata sui dispositivi medici crea una lacuna critica, soprattutto se si considera che 42% della popolazione mondiale soffre di ipertensione e che molti utenti, in particolare quelli pi\u00f9 anziani, faticano persino a leggere le istruzioni per l'uso.\n<\/div><div class=\"bde-button-11183-109 bde-button\">\n        \n    \n    \n    \n    \n            \n                    \n            \n            \n\n    \n    \n    \n    \n    \n    <a class=\"breakdance-link button-atom button-atom--secondary bde-button__button\" href=\"https:\/\/kliniksanktmoritz.ch\/it\/cliniche\/\" target=\"_self\" data-type=\"url\"  >\n\n    \n        <span class=\"button-atom__text\">\/Gemelli digitali per le cliniche <\/span>\n\n        \n        \n                <\/a>\n\n    \n\n\n<\/div><div class=\"bde-button-11183-110 bde-button\">\n        \n    \n    \n    \n    \n            \n                    \n            \n            \n\n    \n    \n    \n    \n    \n    <a class=\"breakdance-link button-atom button-atom--secondary bde-button__button\" href=\"https:\/\/kliniksanktmoritz.ch\/it\/prodotto\/medtech-specialist-eng\/\" target=\"_self\" data-type=\"url\"  >\n\n    \n        <span class=\"button-atom__text\">\/Diventa specialista in tecnologie mediche<\/span>\n\n        \n        \n                <\/a>\n\n    \n\n\n<\/div>\n<\/div><div class=\"bde-column-11183-111 bde-column\">\n  \n  \n\t\n\n\n\n<div class=\"bde-image-11183-112 bde-image\">\n<figure class=\"breakdance-image breakdance-image--12486\">\n\t<div class=\"breakdance-image-container\">\n\t\t<div class=\"breakdance-image-clip\"><img loading=\"lazy\" decoding=\"async\" class=\"breakdance-image-object\" src=\"https:\/\/kliniksanktmoritz.ch\/wp-content\/uploads\/2024\/09\/DALL\u00b7E-2024-09-18-20.32.57-A-vertical-image-showing-a-young-man-explaining-a-digital-twin-concept-to-a-50-year-old-man-in-a-lounge-suit.-They-are-interacting-with-a-smartphone-.webp\" width=\"1024\" height=\"1792\" srcset=\"https:\/\/kliniksanktmoritz.ch\/wp-content\/uploads\/2024\/09\/DALL\u00b7E-2024-09-18-20.32.57-A-vertical-image-showing-a-young-man-explaining-a-digital-twin-concept-to-a-50-year-old-man-in-a-lounge-suit.-They-are-interacting-with-a-smartphone-.webp 1024w, https:\/\/kliniksanktmoritz.ch\/wp-content\/uploads\/2024\/09\/DALL\u00b7E-2024-09-18-20.32.57-A-vertical-image-showing-a-young-man-explaining-a-digital-twin-concept-to-a-50-year-old-man-in-a-lounge-suit.-They-are-interacting-with-a-smartphone--171x300.webp 171w, https:\/\/kliniksanktmoritz.ch\/wp-content\/uploads\/2024\/09\/DALL\u00b7E-2024-09-18-20.32.57-A-vertical-image-showing-a-young-man-explaining-a-digital-twin-concept-to-a-50-year-old-man-in-a-lounge-suit.-They-are-interacting-with-a-smartphone--585x1024.webp 585w, https:\/\/kliniksanktmoritz.ch\/wp-content\/uploads\/2024\/09\/DALL\u00b7E-2024-09-18-20.32.57-A-vertical-image-showing-a-young-man-explaining-a-digital-twin-concept-to-a-50-year-old-man-in-a-lounge-suit.-They-are-interacting-with-a-smartphone--768x1344.webp 768w, https:\/\/kliniksanktmoritz.ch\/wp-content\/uploads\/2024\/09\/DALL\u00b7E-2024-09-18-20.32.57-A-vertical-image-showing-a-young-man-explaining-a-digital-twin-concept-to-a-50-year-old-man-in-a-lounge-suit.-They-are-interacting-with-a-smartphone--878x1536.webp 878w, https:\/\/kliniksanktmoritz.ch\/wp-content\/uploads\/2024\/09\/DALL\u00b7E-2024-09-18-20.32.57-A-vertical-image-showing-a-young-man-explaining-a-digital-twin-concept-to-a-50-year-old-man-in-a-lounge-suit.-They-are-interacting-with-a-smartphone--600x1050.webp 600w\" sizes=\"auto, (max-width: 1024px) 100vw, 1024px\" alt=\"\" title=\"\"><\/div>\n\t<\/div><\/figure>\n\n<\/div>\n<\/div><\/div><div class=\"bde-text-11183-113 bde-text\">\nKlinik Sankt Moritz: un nuovo modello di sanit\u00e0 digitale<br>Mi chiamo Sergio d'Arpa e ho fondato la Klinik Sankt Moritz, la prima clinica completamente digitale che integra l'intelligenza artificiale (AI) per supportare la salute preventiva. Raccogliendo dati da pazienti sani, costruiamo il loro gemello digitale, consentendo all'IA di prevedere le tendenze future della salute.<br>Siamo pionieri nel campo della medicina digitale. Offriamo consulenze avanzate per la configurazione di dispositivi medici, dalla lettura dei tracciati cardiaci alla gestione di parametri vitali come la pressione sanguigna, con l'obiettivo di rilevare i primi segnali di patologie come la depressione.<br><br>Opportunit\u00e0 di mercato \ud83c\udf0d<br>Il mercato globale dei dispositivi medici \u00e8 vasto e in rapida crescita. Secondo Statista, le vendite di dispositivi medici connessi supereranno i 500 milioni di unit\u00e0 entro il 2028. Tuttavia, manca una rete di professionisti specializzati nella configurazione e nel supporto post-vendita di questi dispositivi.<br>La Klinik Sankt Moritz offre un servizio unico: non vendiamo dispositivi, ma conoscenze. Ogni cliente pu\u00f2 acquistare il dispositivo dove vuole, ma la configurazione e il supporto per il suo utilizzo diventano fondamentali. Questo rappresenta un'enorme opportunit\u00e0 per chi si affilia a noi come configuratore di dispositivi medici.<br><br>Diventare uno specialista MedTech<br>Diventare un affiliato della Klinik Sankt Moritz significa entrare in un mercato con un enorme potenziale. Vi offriamo:<br>- Formazione continua e personalizzata, parzialmente finanziata dalla clinica.<br>- Una piattaforma tecnologica avanzata per gestire clienti e servizi.<br>- Visibilit\u00e0 del mercato globale e accesso a una rete di potenziali clienti.<br><br>Potenziali guadagni e condizioni \ud83d\udcbc<br>Offriamo consulenza a distanza per la configurazione dei dispositivi, con una tariffa di 100 euro all'ora. Il 70% del pagamento viene immediatamente assegnato al configuratore al momento del pagamento del cliente. <br><br>Il futuro della medicina digitale<br><br>Il futuro della medicina sta cambiando rapidamente. Non \u00e8 pi\u00f9 necessario sottoporsi a esami invasivi come la colonscopia per lo screening del colon, che ora pu\u00f2 essere effettuato attraverso l'analisi delle proteine nel sangue a migliaia di chilometri di distanza. La medicina predittiva e la raccolta di dati in tempo reale stanno trasformando l'approccio medico, offrendo nuove opportunit\u00e0 professionali a chi \u00e8 pronto a coglierle.<br><br>Le pubblicazioni scientifiche aumentano a ritmo esponenziale, creando un flusso costante di nuove conoscenze da applicare. Entrare nel settore oggi significa posizionarsi all'avanguardia della rivoluzione medica.<br><br>Conclusione<br>Il configuratore di dispositivi medici \u00e8 una professione emergente che risponde a un'esigenza reale nel mercato sanitario globale. La Klinik Sankt Moritz vi offre l'opportunit\u00e0 di far parte di questa rivoluzione. Diventate subito un esperto MedTech e contribuite a plasmare il futuro dell'assistenza sanitaria. \ud83d\ude80<br>\n<\/div><div class=\"bde-button-11183-114 bde-button\">\n        \n    \n    \n    \n    \n            \n                    \n            \n            \n\n    \n    \n    \n    \n    \n    <a class=\"breakdance-link button-atom button-atom--secondary bde-button__button\" href=\"https:\/\/kliniksanktmoritz.ch\/it\/prodotto\/medtech-specialist-eng\/\" target=\"_self\" data-type=\"url\"  >\n\n    \n        <span class=\"button-atom__text\">\/Diventa specialista in tecnologie mediche<\/span>\n\n        \n        \n                <\/a>\n\n    \n\n\n<\/div><\/div>\n<\/section>","protected":false},"excerpt":{"rendered":"<p>\/became Medtech specialist The MedTech Specialist: A Growing Profession \ud83d\ude80 With technological advancements and the ageing global population, the demand for digital healthcare is skyrocketing. In particular, a new professional role is emerging: the medical device configurator, or MedTech Specialist, who plays a crucial role in the digital healthcare ecosystem.The Problem: Medical Devices Without Adequate [&hellip;]<\/p>\n","protected":false},"author":1,"featured_media":0,"parent":0,"menu_order":0,"comment_status":"closed","ping_status":"closed","template":"","meta":{"_acf_changed":false,"_breakdance_hide_in_design_set":false,"_breakdance_tags":"","footnotes":"","_wordproof_timestamp":false},"class_list":["post-11183","page","type-page","status-publish","hentry"],"acf":[],"_links":{"self":[{"href":"https:\/\/kliniksanktmoritz.ch\/it\/wp-json\/wp\/v2\/pages\/11183","targetHints":{"allow":["GET"]}}],"collection":[{"href":"https:\/\/kliniksanktmoritz.ch\/it\/wp-json\/wp\/v2\/pages"}],"about":[{"href":"https:\/\/kliniksanktmoritz.ch\/it\/wp-json\/wp\/v2\/types\/page"}],"author":[{"embeddable":true,"href":"https:\/\/kliniksanktmoritz.ch\/it\/wp-json\/wp\/v2\/users\/1"}],"replies":[{"embeddable":true,"href":"https:\/\/kliniksanktmoritz.ch\/it\/wp-json\/wp\/v2\/comments?post=11183"}],"version-history":[{"count":5,"href":"https:\/\/kliniksanktmoritz.ch\/it\/wp-json\/wp\/v2\/pages\/11183\/revisions"}],"predecessor-version":[{"id":12487,"href":"https:\/\/kliniksanktmoritz.ch\/it\/wp-json\/wp\/v2\/pages\/11183\/revisions\/12487"}],"wp:attachment":[{"href":"https:\/\/kliniksanktmoritz.ch\/it\/wp-json\/wp\/v2\/media?parent=11183"}],"curies":[{"name":"wp","href":"https:\/\/api.w.org\/{rel}","templated":true}]}}