{"id":19904,"date":"2025-05-14T18:09:33","date_gmt":"2025-05-14T17:09:33","guid":{"rendered":"https:\/\/kliniksanktmoritz.ch\/?page_id=19904"},"modified":"2025-05-19T13:44:04","modified_gmt":"2025-05-19T12:44:04","slug":"id","status":"publish","type":"page","link":"https:\/\/kliniksanktmoritz.ch\/it\/concerto-mondiale\/medici-mds-dos-01\/id\/","title":{"rendered":"ID"},"content":{"rendered":"<section class=\"bde-section-19904-112 bde-section\">\n  \n  \n\t\n\n\n\n<div class=\"section-container\"><h1 class=\"bde-dual-heading-19904-113 bde-dual-heading\">\n\n\n            <span data-style=\"secondary\" class=\"dual-heading--secondary\">Klinik Sankt Moritz<\/span>\n\n            <span data-style=\"primary\" class=\"dual-heading--primary\">ID<\/span>\n\n\n\n<\/h1><div class=\"bde-rich-text-19904-114 bde-rich-text breakdance-rich-text-styles\">\n<h3 style=\"text-align: center;\">L'identificatore digitale globale per i medici verificati Un numero.<\/h3>\n<h3 style=\"text-align: center;\">Una garanzia. Una firma di fiducia.<\/h3>\n<\/div><\/div>\n<\/section><section class=\"bde-section-19904-100 bde-section\">\n  \n  \n\t\n\n\n\n<div class=\"section-container\"><div class=\"bde-button-19904-101 bde-button\">\n        \n    \n    \n    \n    \n            \n                    \n            \n            \n\n    \n    \n    \n    \n    \n    <a class=\"breakdance-link button-atom button-atom--secondary bde-button__button\" href=\"https:\/\/kliniksanktmoritz.ch\/it\/prodotto\/clinica-sankt-moritz-id\/\" target=\"_self\" data-type=\"url\"  >\n\n    \n        <span class=\"button-atom__text\">OTTENERE ORA KLINIK Sankt Moritz id<\/span>\n\n        \n        \n                <\/a>\n\n    \n\n\n<\/div><div class=\"bde-columns-19904-102 bde-columns\"><div class=\"bde-column-19904-103 bde-column\">\n  \n  \n\t\n\n\n\n<h2 class=\"bde-dual-heading-19904-104 bde-dual-heading\">\n\n\n            <span data-style=\"secondary\" class=\"dual-heading--secondary\">\ud83d\udd39 Qual \u00e8 il<\/span>\n\n            <span data-style=\"primary\" class=\"dual-heading--primary\">Klinik Sankt Moritz ID?<\/span>\n\n\n\n<\/h2><div class=\"bde-text-19904-105 bde-text\">\nIl Klinik Sankt Moritz ID \u00e8 un identificativo digitale unico rilasciato solo ai medici che sono attivamente registrati presso un ordine dei medici riconosciuto, ovunque nel mondo.\u00c8 un servizio semplice e annuale che garantisce ai pazienti un livello minimo di autenticit\u00e0 professionale e offre ai medici una presenza verificata e sicura.<br><br>\ud83e\udde9 A cosa serve?<br>Identificare chiaramente e immediatamente un medico come tale.<br>Inserite l'ID nella firma della vostra e-mail, nel vostro sito web, nei documenti medici o nelle piattaforme digitali.<br>Rassicurate i pazienti che stanno parlando con un medico abilitato, senza bisogno di curriculum, titoli o diplomi.<br><br>\ud83d\udd10 Cosa verifica?<br>Che il professionista sia attivamente registrato presso un ordine dei medici.<br>Che la Klinik Sankt Moritz lo abbia verificato negli ultimi 12 mesi.<br>Niente di pi\u00f9, niente di meno: conferma l'esistenza e la legittimit\u00e0, non le qualifiche o le competenze.<br><br>\ud83d\udca1 Perch\u00e9 \u00e8 importante?<br>In un'epoca di disinformazione e frodi digitali, l'ID della Klinik Sankt Moritz funge da standard minimo di fiducia:<br>Schermare i pazienti dai profili falsi<br>\u2705 D\u00e0 visibilit\u00e0 ai veri professionisti<br>Abbatte le barriere della fiducia digitale nella sanit\u00e0<br><br>\ud83c\udfaf Per chi \u00e8?<br>Esclusivamente per medici abilitati, indipendentemente dal Paese o dalla specializzazione.<br>Nessuna credenziale falsa. Nessuna zona grigia. Nessuna ambiguit\u00e0.<br><br>\ud83d\udcb5 Quanto costa?<br>Un servizio entry-level a bassa barriera:CHF49\/anno<br>Per i medici che vogliono essere facilmente verificati in tutto il mondo.<br><br>\ud83c\udf10 Visibilit\u00e0 globale<br>I medici che ottengono un documento d'identit\u00e0:<br>Apparire nell'elenco pubblico ufficiale della Klinik Sankt Moritz<br>Ricevere un badge digitale per mostrare il proprio documento d'identit\u00e0 verificato.<br>Fornire ai pazienti un link chiaro e pubblico per convalidare il loro stato.<br><br>\ud83d\udee1\ufe0f Il valore della semplice verifica<br>L'ID della Klinik Sankt Moritz non invade la vostra privacy, non rivela i vostri dati e non cerca di certificare le vostre competenze.<br>Conferma solo una verit\u00e0 essenziale: \ud83d\udc49 \"Questa persona \u00e8 un medico autorizzato. Verificato da noi\".<br><br>\ud83d\ude80 Un piccolo passo per il medico. Un grande balzo per la fiducia del paziente.<br>Attivate oggi stesso il vostro ID Klinik Sankt Moritz.Un numero. Una firma. Un atto di responsabilit\u00e0 professionale.\n<\/div><div class=\"bde-button-19904-106 bde-button\">\n        \n    \n    \n    \n    \n            \n                    \n            \n            \n\n    \n    \n    \n    \n    \n    <a class=\"breakdance-link button-atom button-atom--secondary bde-button__button\" href=\"https:\/\/kliniksanktmoritz.ch\/it\/prodotto\/clinica-sankt-moritz-id\/\" target=\"_self\" data-type=\"url\"  >\n\n    \n        <span class=\"button-atom__text\">ACQUISTA ora Klinik Sankt Moritz ID !<\/span>\n\n        \n        \n                <\/a>\n\n    \n\n\n<\/div>\n<\/div><div class=\"bde-column-19904-108 bde-column\">\n  \n  \n\t\n\n\n\n<div class=\"bde-image-19904-109 bde-image\">\n<figure class=\"breakdance-image breakdance-image--19906\">\n\t<div class=\"breakdance-image-container\">\n\t\t<div class=\"breakdance-image-clip\"><img loading=\"lazy\" decoding=\"async\" class=\"breakdance-image-object\" src=\"https:\/\/kliniksanktmoritz.ch\/wp-content\/uploads\/2025\/05\/May-14-2025-06_59_26-PM.jpg\" width=\"1024\" height=\"1536\" srcset=\"https:\/\/kliniksanktmoritz.ch\/wp-content\/uploads\/2025\/05\/May-14-2025-06_59_26-PM.jpg 1024w, https:\/\/kliniksanktmoritz.ch\/wp-content\/uploads\/2025\/05\/May-14-2025-06_59_26-PM-200x300.jpg 200w, https:\/\/kliniksanktmoritz.ch\/wp-content\/uploads\/2025\/05\/May-14-2025-06_59_26-PM-683x1024.jpg 683w, https:\/\/kliniksanktmoritz.ch\/wp-content\/uploads\/2025\/05\/May-14-2025-06_59_26-PM-768x1152.jpg 768w, https:\/\/kliniksanktmoritz.ch\/wp-content\/uploads\/2025\/05\/May-14-2025-06_59_26-PM-8x12.jpg 8w, https:\/\/kliniksanktmoritz.ch\/wp-content\/uploads\/2025\/05\/May-14-2025-06_59_26-PM-128x192.jpg 128w, https:\/\/kliniksanktmoritz.ch\/wp-content\/uploads\/2025\/05\/May-14-2025-06_59_26-PM-600x900.jpg 600w\" sizes=\"auto, (max-width: 1024px) 100vw, 1024px\" alt=\"\" title=\"\"><\/div>\n\t<\/div><\/figure>\n\n<\/div>\n<\/div><\/div><\/div>\n<\/section>","protected":false},"excerpt":{"rendered":"<p>Klinik Sankt Moritz ID The Global Digital Identifier for Verified Medical Doctors\u2028A number. A guarantee. A signature of trust. GET NOW KLINIK Sankt Moritz id \ud83d\udd39 What is the Klinik Sankt Moritz ID? The Klinik Sankt Moritz ID is a unique digital identifier issued only to doctors who are actively registered with a recognised medical [&hellip;]<\/p>\n","protected":false},"author":2,"featured_media":0,"parent":11118,"menu_order":0,"comment_status":"closed","ping_status":"closed","template":"","meta":{"_acf_changed":false,"_breakdance_hide_in_design_set":false,"_breakdance_tags":"","footnotes":"","_wordproof_timestamp":false},"class_list":["post-19904","page","type-page","status-publish","hentry"],"acf":[],"_links":{"self":[{"href":"https:\/\/kliniksanktmoritz.ch\/it\/wp-json\/wp\/v2\/pages\/19904","targetHints":{"allow":["GET"]}}],"collection":[{"href":"https:\/\/kliniksanktmoritz.ch\/it\/wp-json\/wp\/v2\/pages"}],"about":[{"href":"https:\/\/kliniksanktmoritz.ch\/it\/wp-json\/wp\/v2\/types\/page"}],"author":[{"embeddable":true,"href":"https:\/\/kliniksanktmoritz.ch\/it\/wp-json\/wp\/v2\/users\/2"}],"replies":[{"embeddable":true,"href":"https:\/\/kliniksanktmoritz.ch\/it\/wp-json\/wp\/v2\/comments?post=19904"}],"version-history":[{"count":3,"href":"https:\/\/kliniksanktmoritz.ch\/it\/wp-json\/wp\/v2\/pages\/19904\/revisions"}],"predecessor-version":[{"id":19947,"href":"https:\/\/kliniksanktmoritz.ch\/it\/wp-json\/wp\/v2\/pages\/19904\/revisions\/19947"}],"up":[{"embeddable":true,"href":"https:\/\/kliniksanktmoritz.ch\/it\/wp-json\/wp\/v2\/pages\/11118"}],"wp:attachment":[{"href":"https:\/\/kliniksanktmoritz.ch\/it\/wp-json\/wp\/v2\/media?parent=19904"}],"curies":[{"name":"wp","href":"https:\/\/api.w.org\/{rel}","templated":true}]}}