{"id":19915,"date":"2025-05-15T00:03:45","date_gmt":"2025-05-14T23:03:45","guid":{"rendered":"https:\/\/kliniksanktmoritz.ch\/?page_id=19915"},"modified":"2025-05-19T14:20:11","modified_gmt":"2025-05-19T13:20:11","slug":"platino","status":"publish","type":"page","link":"https:\/\/kliniksanktmoritz.ch\/it\/concerto-mondiale\/medici-mds-dos-01\/platino\/","title":{"rendered":"Platino"},"content":{"rendered":"<section class=\"bde-section-19915-100 bde-section\">\n  \n  \n\t\n\n\n\n<div class=\"section-container\"><h1 class=\"bde-dual-heading-19915-101 bde-dual-heading\">\n\n\n            <span data-style=\"primary\" class=\"dual-heading--primary\">Perch\u00e9<\/span>\n\n            <span data-style=\"secondary\" class=\"dual-heading--secondary\">Certificato Platino<\/span>\n\n            <span data-style=\"primary\" class=\"dual-heading--primary\">\u00c8 un <\/span>\n\n            <span data-style=\"secondary\" class=\"dual-heading--secondary\">Cambiamento di gioco<\/span>\n\n            <span data-style=\"primary\" class=\"dual-heading--primary\"> per i medici di tutto il mondo<\/span>\n\n\n\n<\/h1><div class=\"bde-rich-text-19915-102 bde-rich-text breakdance-rich-text-styles\">\n<h3>In un mondo digitale in cui la reputazione \u00e8 moneta corrente, il vostro nome da solo non basta pi\u00f9.<br data-start=\"291\" data-end=\"294\" \/>Oggi la vera autorit\u00e0 deve essere <span style=\"text-decoration: underline;\"><em>verificata, visibile e imperdonabile.<\/em><\/span><\/h3>\n<\/div><\/div>\n<\/section><section class=\"bde-section-19915-103 bde-section\">\n  \n  \n\t\n\n\n\n<div class=\"section-container\"><div class=\"bde-button-19915-104 bde-button\">\n        \n    \n    \n    \n    \n            \n                    \n            \n            \n\n    \n    \n    \n    \n    \n    <a class=\"breakdance-link button-atom button-atom--secondary bde-button__button\" href=\"https:\/\/kliniksanktmoritz.ch\/it\/prodotto\/medici-certificati-mds-dos-medici-abilitati-md-mensili\/\" target=\"_self\" data-type=\"url\"  >\n\n    \n        <span class=\"button-atom__text\">\/Certificato platino<\/span>\n\n        \n        \n                <\/a>\n\n    \n\n\n<\/div><div class=\"bde-columns-19915-105 bde-columns\"><div class=\"bde-column-19915-106 bde-column\">\n  \n  \n\t\n\n\n\n<h1 class=\"bde-dual-heading-19915-107 bde-dual-heading\">\n\n\n            <span data-style=\"secondary\" class=\"dual-heading--secondary\">Certificato Platino<\/span>\n\n            <span data-style=\"primary\" class=\"dual-heading--primary\">, il servizio d'\u00e9lite di <\/span>\n\n            <span data-style=\"secondary\" class=\"dual-heading--secondary\">Klinik Sankt Moritz<\/span>\n\n            <span data-style=\"primary\" class=\"dual-heading--primary\">\u00e8 lo strumento definitivo per i medici che desiderano:<\/span>\n\n\n\n<\/h1><div class=\"bde-text-19915-108 bde-text\">\n1TP5Proteggono i loro pazienti da frodi e impersonificazioni<br><br>#Sicura la loro identit\u00e0 e le loro credenziali con la tecnologia blockchain<br><br>1TP5Espandere la propria carriera a livello globale attraverso il turismo sanitario e l'autorit\u00e0 verificata<br><br>\ud83d\udd12 1. La vostra identit\u00e0, protetta e rispettata<br>Platinum Certified vi fornisce un sigillo digitale supportato da blockchain, una prova visibile di legittimit\u00e0.<br>Non un distintivo di vanit\u00e0. Un segno di spunta blu scientifico che separa immediatamente i veri medici dagli impostori digitali.<br><br>\ud83d\udca1 Immaginate un paziente che confronta i profili online.<br>Quello con il distintivo Platinum \u00e8:<br><br>#Taffidato<br><br>#Vverificato<br><br>#Immediatamente credibile<br><br>\ud83c\udf10 2. Riconosciuto a livello mondiale. Immediatamente accessibile.<br>Ha conseguito il dottorato in Italia? Si \u00e8 specializzato a Berlino? Lavorate a Dubai? Nessun problema.<br><br>Platinum Certified \u00e8 il vostro passaporto per le credenziali globali. Nessuna barriera burocratica, nessuna limitazione bilaterale.<br><br>\u2705 Verifica immediata di titoli di studio e specializzazioni<br>URL personalizzato (ad es. https:\/\/kliniksanktmoritz.ch\/md\/dr-john-smith)<br>\u2705 CV digitale sempre aggiornato, visibile in tutto il mondo<br><br>\u2708\ufe0f 3. La vostra porta d'accesso al turismo sanitario globale<br>I pazienti attraversano i confini per ottenere cure migliori. Con Platinum Certified, entrate a far parte di una rete internazionale verificata di cliniche, ospedali, centri benessere e pazienti di alto valore.<br><br>\ud83e\ude7a Attirare pazienti all'estero<br>\ud83e\udd1d Collaborare con cliniche e ospedali internazionali<br>\ud83c\udf0d Posizionarsi come fornitore di turismo medico di fiducia<br><br>Il mercato del turismo medico cresce a +24% all'anno: la certificazione Platinum vi pone al centro di questa rivoluzione.<br><br>\ud83c\udf93 4. Formazione continua, documentata e affidabile<br>Platinum Certified include un sistema per tracciare e verificare ogni fase del vostro sviluppo professionale.<br><br>\ud83d\udcda ECM, congressi, corsi di perfezionamento: tutto integrato nel vostro profilo.<br>\ud83e\udde0 Tracciamento delle certificazioni e delle competenze basato sull'IA<br>\ud83c\udfc5 Riconoscimento come autorit\u00e0 costantemente aggiornata e affidabile<br><br>Non \u00e8 pi\u00f9 necessario rincorrere le scartoffie. La vostra crescita \u00e8 sempre registrata.<br><br>\u2694\ufe0f 5. L'ultima difesa contro le frodi<br>I falsi medici sono ovunque. Ma non possono fingere questo.<br><br>Usi certificati Platinum:<br><br>Verifica completa dell'identit\u00e0 KYC<br><br>Controlli accademici riconosciuti dal governo<br><br>Blockchain per memorizzare dati immutabili<br><br>infrastruttura dati di livello sicuro<br><br>\ud83d\udc68\u200d\u2695\ufe0f Il vostro nome diventa non violabile<br>\ud83d\udc8a Le vostre prescrizioni diventano immediatamente verificabili<br>\ud83c\udf10 La vostra presenza online diventa a prova di proiettile<br><br>\ud83d\ude80 In sintesi: essere un medico non basta. Bisogna essere certificati digitalmente.<br>La certificazione Platinum non \u00e8 solo un'altra credenziale.<br>\u00c8 un nuovo standard internazionale di fiducia, costruito per l'era digitale.<br><br>\ud83d\udc49 Se volete la libert\u00e0 di lavorare oltre confine...<br>\ud83d\udc49 Se volete che le vostre credenziali parlino prima di voi...<br>\ud83d\udc49 Se volete proteggere la vostra reputazione e al tempo stesso aprire nuove opportunit\u00e0 globali...<br><br>Il passo successivo \u00e8 la certificazione Platinum.<br><br>In un mondo di rumore digitale, la vostra identit\u00e0 verificata \u00e8 il vostro vantaggio competitivo.<br>Essere visti. Siate fidati. Essere Platino.<br><br>\n<\/div><div class=\"bde-button-19915-109 bde-button\">\n        \n    \n    \n    \n    \n            \n                    \n            \n            \n\n    \n    \n    \n    \n    \n    <a class=\"breakdance-link button-atom button-atom--secondary bde-button__button\" href=\"https:\/\/kliniksanktmoritz.ch\/it\/prodotto\/medici-certificati-mds-dos-medici-abilitati-md-mensili\/\" target=\"_self\" data-type=\"url\"  >\n\n    \n        <span class=\"button-atom__text\">\/certificato platino<\/span>\n\n        \n        \n                <\/a>\n\n    \n\n\n<\/div><div class=\"bde-button-19915-110 bde-button\">\n        \n    \n    \n    \n    \n            \n                    \n            \n            \n\n    \n    \n    \n    \n    \n    <a class=\"breakdance-link button-atom button-atom--secondary bde-button__button\" href=\"https:\/\/kliniksanktmoritz.ch\/it\/concerto-mondiale\/id\/\" target=\"_self\" data-type=\"url\"  >\n\n    \n        <span class=\"button-atom__text\">\/Klinik sankt moritz id<\/span>\n\n        \n        \n                <\/a>\n\n    \n\n\n<\/div>\n<\/div><div class=\"bde-column-19915-111 bde-column\">\n  \n  \n\t\n\n\n\n<div class=\"bde-image-19915-112 bde-image\">\n<figure class=\"breakdance-image breakdance-image--19930\">\n\t<div class=\"breakdance-image-container\">\n\t\t<div class=\"breakdance-image-clip\"><img loading=\"lazy\" decoding=\"async\" class=\"breakdance-image-object\" src=\"https:\/\/kliniksanktmoritz.ch\/wp-content\/uploads\/2025\/05\/ChatGPT-Image-May-15-2025-12_43_17-AM.jpg\" width=\"1024\" height=\"1024\" srcset=\"https:\/\/kliniksanktmoritz.ch\/wp-content\/uploads\/2025\/05\/ChatGPT-Image-May-15-2025-12_43_17-AM.jpg 1024w, https:\/\/kliniksanktmoritz.ch\/wp-content\/uploads\/2025\/05\/ChatGPT-Image-May-15-2025-12_43_17-AM-300x300.jpg 300w, https:\/\/kliniksanktmoritz.ch\/wp-content\/uploads\/2025\/05\/ChatGPT-Image-May-15-2025-12_43_17-AM-150x150.jpg 150w, https:\/\/kliniksanktmoritz.ch\/wp-content\/uploads\/2025\/05\/ChatGPT-Image-May-15-2025-12_43_17-AM-768x768.jpg 768w, https:\/\/kliniksanktmoritz.ch\/wp-content\/uploads\/2025\/05\/ChatGPT-Image-May-15-2025-12_43_17-AM-12x12.jpg 12w, https:\/\/kliniksanktmoritz.ch\/wp-content\/uploads\/2025\/05\/ChatGPT-Image-May-15-2025-12_43_17-AM-128x128.jpg 128w, https:\/\/kliniksanktmoritz.ch\/wp-content\/uploads\/2025\/05\/ChatGPT-Image-May-15-2025-12_43_17-AM-600x600.jpg 600w\" sizes=\"auto, (max-width: 1024px) 100vw, 1024px\" alt=\"\" title=\"\"><\/div>\n\t<\/div><\/figure>\n\n<\/div>\n<\/div><\/div><div class=\"bde-button-19915-114 bde-button\">\n        \n    \n    \n    \n    \n            \n                    \n            \n            \n\n    \n    \n    \n    \n    \n    <a class=\"breakdance-link button-atom button-atom--secondary bde-button__button\" href=\"https:\/\/kliniksanktmoritz.ch\/it\/backlink\/\" target=\"_self\" data-type=\"url\"  >\n\n    \n        <span class=\"button-atom__text\">\/backlink &amp; cv<\/span>\n\n        \n        \n                <\/a>\n\n    \n\n\n<\/div><\/div>\n<\/section>","protected":false},"excerpt":{"rendered":"<p>Why Platinum Certified Is a Game-Changer for Doctors Worldwide In a digital world where reputation is currency, your name alone is no longer enough.Today, true authority must be verified, visible, and unforgeable. \/Platinum certified Platinum Certified , the elite service by Klinik Sankt Moritz , is the ultimate tool for physicians who want to: #Protect [&hellip;]<\/p>\n","protected":false},"author":2,"featured_media":0,"parent":11118,"menu_order":0,"comment_status":"closed","ping_status":"closed","template":"","meta":{"_acf_changed":false,"_breakdance_hide_in_design_set":false,"_breakdance_tags":"","footnotes":"","_wordproof_timestamp":false},"class_list":["post-19915","page","type-page","status-publish","hentry"],"acf":[],"_links":{"self":[{"href":"https:\/\/kliniksanktmoritz.ch\/it\/wp-json\/wp\/v2\/pages\/19915","targetHints":{"allow":["GET"]}}],"collection":[{"href":"https:\/\/kliniksanktmoritz.ch\/it\/wp-json\/wp\/v2\/pages"}],"about":[{"href":"https:\/\/kliniksanktmoritz.ch\/it\/wp-json\/wp\/v2\/types\/page"}],"author":[{"embeddable":true,"href":"https:\/\/kliniksanktmoritz.ch\/it\/wp-json\/wp\/v2\/users\/2"}],"replies":[{"embeddable":true,"href":"https:\/\/kliniksanktmoritz.ch\/it\/wp-json\/wp\/v2\/comments?post=19915"}],"version-history":[{"count":2,"href":"https:\/\/kliniksanktmoritz.ch\/it\/wp-json\/wp\/v2\/pages\/19915\/revisions"}],"predecessor-version":[{"id":19931,"href":"https:\/\/kliniksanktmoritz.ch\/it\/wp-json\/wp\/v2\/pages\/19915\/revisions\/19931"}],"up":[{"embeddable":true,"href":"https:\/\/kliniksanktmoritz.ch\/it\/wp-json\/wp\/v2\/pages\/11118"}],"wp:attachment":[{"href":"https:\/\/kliniksanktmoritz.ch\/it\/wp-json\/wp\/v2\/media?parent=19915"}],"curies":[{"name":"wp","href":"https:\/\/api.w.org\/{rel}","templated":true}]}}