{"id":11918,"date":"2024-08-24T15:49:38","date_gmt":"2024-08-24T14:49:38","guid":{"rendered":"https:\/\/kliniksanktmoritz.ch\/?post_type=product&#038;p=11918"},"modified":"2024-10-01T19:01:21","modified_gmt":"2024-10-01T18:01:21","slug":"kit-saturimetro-oxy-10-con-sensore-adulti-incorporato-sensore-neonatale-e-pediatrico-a-clip","status":"publish","type":"product","link":"https:\/\/kliniksanktmoritz.ch\/it\/prodotto\/kit-saturimetro-oxy-10-con-sensore-adulti-incorporato-sensore-neonatale-e-pediatrico-a-clip\/","title":{"rendered":"KIT saturimetro Oxy 10 con sensore adulti incorporato, sensore neonatale e pediatrico a clip"},"content":{"rendered":"","protected":false},"excerpt":{"rendered":"<p>Informazioni generali<\/p>\n<p>&nbsp;<\/p>\n<p>L'OXY 10 \u00e8 un pulsossimetro con sensore incorporato per adulti che misura la frequenza cardiaca, la SpO2 e l'indice di perfusione. Ha due caratteristiche chiave che lo distinguono:<\/p>\n<ol>\n<li>Pu\u00f2 essere utilizzato anche su bambini e neonati, grazie ai sensori esterni riutilizzabili inclusi.<\/li>\n<li>Consente il trasferimento di dati in modalit\u00e0 wireless a un PC con Windows XP o Seven.<\/li>\n<\/ol>\n<p>&nbsp;<\/p>\n<p>OXY 10 \u00e8 dotato di allarmi personalizzabili e di funzionalit\u00e0 di accensione e spegnimento automatico. Affidabile, versatile e avanzato, OXY 10 \u00e8 stato progettato per soddisfare una serie di esigenze in un'unica soluzione.<\/p>\n<p>&nbsp;<\/p>\n<p>App<\/p>\n<p>Il pulsossimetro OXY 10 si collega all'App, un'applicazione gratuita e innovativa per smartphone compatibile con diversi dispositivi medici. Consente di misurare temperatura, pressione sanguigna, frequenza cardiaca, peso, composizione corporea, saturazione dell'ossigeno, ECG, sonno, glicemia, attivit\u00e0 fisica e molto altro. L'applicazione \u00e8 facile da configurare ed \u00e8 disponibile in 10 lingue (GB, FR, IT, ES, DE, NL, GR, PT, RO, PL).<\/p>\n<p>&nbsp;<\/p>\n<p>Compatibilit\u00e0 della piattaforma di telemedicina<\/p>\n<p>- Piattaforma salute CGM<\/p>\n<p>- iTEL<\/p>\n<p>- Helthia<\/p>\n<p>&nbsp;<\/p>\n<p>Accessori standard<\/p>\n<p>- Pulsossimetro OXY 10<\/p>\n<p>- Sensore a clip per SpO2 pediatrico riutilizzabile<\/p>\n<p>- Sensore SpO2 neonatale riutilizzabile<\/p>\n<p>&nbsp;<\/p>\n<p>Informazioni tecniche<\/p>\n<p>- Trasmissione dati wireless a PC, telefono cellulare o PDA<\/p>\n<p>- Display OLED a colori con rotazione a 360\u00b0<\/p>\n<p>- Parametri misurati: SpO2, frequenza cardiaca, PI e curva pletismografica.<\/p>\n<p>- Funzionalit\u00e0 di accensione e spegnimento automatico<\/p>\n<p>- Allarmi visivi e acustici (impostazioni personalizzabili)<\/p>\n<p>- Segnale acustico ad ogni battito cardiaco<\/p>\n<p>- Indicatore di batteria scarica<\/p>\n<p>- Pu\u00f2 essere utilizzato con sensori esterni<\/p>\n<p>- Campo di misura:<\/p>\n<p>- SpO2: da 85% a 99%<\/p>\n<p>- Pulsazioni: da 30 bpm a 240 bpm<\/p>\n<p>- Indice di perfusione: Da 0,2% a 20%<\/p>\n<p>- Precisione:<\/p>\n<p>- SpO2: \u00b1 3% (per saturazione tra 70% e 100%)<\/p>\n<p>- Frequenza del polso: \u00b1 2 bpm<\/p>\n<p>- Dimensioni: 60 x 33 x 30 mm<\/p>\n<p>- Peso: 35 g (batterie incluse)<\/p>\n<p>- Alimentazione: 2 batterie alcaline AAA<\/p>","protected":false},"featured_media":11903,"template":"","meta":{"_acf_changed":false,"wds_primary_product_brand":0,"wds_primary_product_cat":0,"_wordproof_timestamp":false},"product_brand":[],"product_cat":[113,78],"product_tag":[],"class_list":{"0":"post-11918","1":"product","2":"type-product","3":"status-publish","4":"has-post-thumbnail","6":"product_cat-device","7":"product_cat-digitaltwin","9":"first","10":"instock","11":"shipping-taxable","12":"purchasable","13":"product-type-simple"},"acf":[],"_links":{"self":[{"href":"https:\/\/kliniksanktmoritz.ch\/it\/wp-json\/wp\/v2\/product\/11918","targetHints":{"allow":["GET"]}}],"collection":[{"href":"https:\/\/kliniksanktmoritz.ch\/it\/wp-json\/wp\/v2\/product"}],"about":[{"href":"https:\/\/kliniksanktmoritz.ch\/it\/wp-json\/wp\/v2\/types\/product"}],"wp:featuredmedia":[{"embeddable":true,"href":"https:\/\/kliniksanktmoritz.ch\/it\/wp-json\/wp\/v2\/media\/11903"}],"wp:attachment":[{"href":"https:\/\/kliniksanktmoritz.ch\/it\/wp-json\/wp\/v2\/media?parent=11918"}],"wp:term":[{"taxonomy":"product_brand","embeddable":true,"href":"https:\/\/kliniksanktmoritz.ch\/it\/wp-json\/wp\/v2\/product_brand?post=11918"},{"taxonomy":"product_cat","embeddable":true,"href":"https:\/\/kliniksanktmoritz.ch\/it\/wp-json\/wp\/v2\/product_cat?post=11918"},{"taxonomy":"product_tag","embeddable":true,"href":"https:\/\/kliniksanktmoritz.ch\/it\/wp-json\/wp\/v2\/product_tag?post=11918"}],"curies":[{"name":"wp","href":"https:\/\/api.w.org\/{rel}","templated":true}]}}