{"id":11919,"date":"2024-08-24T15:54:06","date_gmt":"2024-08-24T14:54:06","guid":{"rendered":"https:\/\/kliniksanktmoritz.ch\/?post_type=product&#038;p=11919"},"modified":"2024-09-01T11:40:09","modified_gmt":"2024-09-01T10:40:09","slug":"saturimetro-o2ring-adulti","status":"publish","type":"product","link":"https:\/\/kliniksanktmoritz.ch\/it\/prodotto\/saturimetro-o2ring-adulti\/","title":{"rendered":"Saturimetro O2Ring - Adulti"},"content":{"rendered":"","protected":false},"excerpt":{"rendered":"<p>**O2Ring: Un pulsossimetro indossabile, adattabile e affidabile**<\/p>\n<p>O2Ring \u00e8 un innovativo pulsossimetro indossabile progettato per monitorare la frequenza cardiaca, la saturazione di ossigeno e l'indice di perfusione.<\/p>\n<p>**Che cos'\u00e8 l'indice di perfusione (PI)?<br \/>\nL'indice di perfusione \u00e8 un valore numerico che indica l'intensit\u00e0 del polso nella posizione del sensore. Si tratta di un valore relativo che varia da paziente a paziente e a seconda della posizione del sensore. Un valore PI superiore a 4% \u00e8 considerato affidabile per la misurazione.<\/p>\n<p>**Applicazioni cliniche: Perch\u00e9 il monitoraggio del PI \u00e8 importante**<br \/>\n- La parte del corpo con il valore PI pi\u00f9 alto \u00e8 il punto ottimale per il rilevamento dei parametri SpO2 e BPM, garantendo prestazioni migliori anche quando il paziente si muove.<br \/>\n- Rileva facilmente le variazioni delle condizioni fisiologiche.<br \/>\n- Fornisce un controllo superficiale dell'influenza del sistema nervoso simpatico sul tono muscolare.<\/p>\n<p>**Monitorare i livelli di ossigeno in qualsiasi momento e in qualsiasi luogo**<br \/>\n- Comodo da indossare<br \/>\n- Registra i livelli di ossigeno e la frequenza cardiaca<br \/>\n- Vibra se vengono rilevati livelli bassi di SpO2<br \/>\n- Batteria ricaricabile per l'uso notturno<br \/>\n- Sincronizzazione in tempo reale con l'app tramite Bluetooth<\/p>\n<p>**Registrazione del livello di ossigeno notturno**<br \/>\nDurante il sonno, se vengono rilevati bassi livelli di saturazione o una frequenza cardiaca anomala, l'O2Ring vibra immediatamente per avvisare l'utente. Dopo la sincronizzazione con l'app di registrazione, \u00e8 possibile visualizzare le tendenze e le analisi.<\/p>\n<p>**App**<br \/>\nL'ossimetro O2Ring si collega a un'innovativa applicazione gratuita per smartphone progettata per funzionare con diversi dispositivi medici. Pu\u00f2 misurare la temperatura, la pressione sanguigna, la frequenza cardiaca, i componenti del corpo, la saturazione, l'ECG, il sonno, la glicemia, l'attivit\u00e0 fisica e altro ancora, senza configurazioni o impostazioni complesse. Disponibile in 10 lingue (inglese, francese, italiano, spagnolo, tedesco, olandese, greco, portoghese, rumeno, polacco).<\/p>\n<p>**Equipaggiamento standard**<br \/>\n- Cavo di ricarica e trasferimento dati<br \/>\n- Manuale in inglese (il software pu\u00f2 essere scaricato online)<\/p>\n<p>**Informazioni tecniche**<br \/>\n**Saturazione di ossigeno**<br \/>\n- Gamma: 70-99%<br \/>\n- Precisione: 80-99%: \u00b12%, 70-79%: \u00b13%<\/p>\n<p>**Frequenza cardiaca**<br \/>\n- Intervallo: Da 30 a 250 bpm - \u00b12 bpm o \u00b12%<\/p>\n<p>**Impostazioni di vibrazione**: bassa saturazione, alta\/bassa frequenza cardiaca<br \/>\n**Parametri registrati**: saturazione, frequenza cardiaca, esercizio fisico.<br \/>\n**Peso**: 15 g<br \/>\n**Dimensioni**: Dispositivo 38x30x38 mm; Anello 50-82 mm<br \/>\n**Memoria integrata**: 4 registrazioni, fino a 10 ore per registrazione<br \/>\n**Batteria**: litio ricaricabile 3,7 Vdc<br \/>\n**Tempo di utilizzo**: 12-16 ore<br \/>\n**Tempo di ricarica**: 2-3 ore<br \/>\n**Senza fili**: Bluetooth 4.0 BLE<br \/>\n**Compatibilit\u00e0**: iOS 9.0+; Android 5.0+<\/p>\n<p>**Protezione**<br \/>\n- Scossa elettrica: tipo BF<br \/>\n- Elettromagnetico: Gruppo I, Classe B<br \/>\n- Polvere e acqua: IP24<\/p>\n<p>&nbsp;<\/p>\n<p>Informazioni generali<br \/>\nO2Ring \u00e8 un innovativo saturimetro indossabile, adattabile e affidabile, realizzato per monitorare il battito cardiaco, la saturazione dell'ossigeno e l'indice di perfusione.<\/p>\n<p>Cos'\u00e8 l'Indice di Perfusione?<br \/>\nIl PI \u00e8 un valore numerico che indica l'intensit\u00e0 della pulsazione nel punto in cui viene posizionato il sensore. \u00c8 un valore relativo che varia da paziente a paziente ed in base alla zona in cui viene posto il sensore. Per valori superiori al 4% la misurazione \u00e8 ritenuta attendibile.<\/p>\n<p>Applicazioni cliniche: importanza del monitoraggio del PI<br \/>\n- Il punto del corpo in cui si ha il valore pi\u00f9 elevato di PI \u00e8 il luogo ottimale per la rilevazione dei parametri SpO2 e BPM. Le prestazioni risultano migliori anche in caso di movimento del paziente.<br \/>\n- Facile riscontro di eventuali cambiamenti nelle condizioni fisiologiche<br \/>\n- Controllo superficiale del sistema nervoso simpatico influente sul tono muscolare<\/p>\n<p>Controlla il livello di ossigeno dove vuoi, quando vuoi<br \/>\n- confortevole<br \/>\n- registra il livello di ossigeno e il battito cardiaco<br \/>\n- vibrazione in caso di basso livello di SpO2<br \/>\n- batteria ricaricabile per l'utilizzo notturno<br \/>\n- sincronizzazione in tempo reale con la App tramite Bluetooth<\/p>\n<p>Registrazione del livello di ossigeno notturno<br \/>\nDurante il sonno, una volta che viene rilevato un basso livello di saturazione o un battito cardiaco anormale, l'O2Ring vibrer\u00e0 immediatamente avvisandoti. Dopo aver sincronizzato l'App di registrazione, sar\u00e0 possibile visualizzare i trend e le analisi.<\/p>\n<p>App<br \/>\nIl saturimetro O2Ring si connette a App, un'innovativa applicazione gratuita per smartphone, progettata per funzionare con svariati e molteplici dispositivi medici capaci di misurare temperatura, pressione arteriosa, frequenza cardiaca, peso e componenti corporee, saturazione, ECG, sonno, glicemia, attivit\u00e0 fisica e molto altro ancora, senza configurazioni o impostazioni complesse, e disponibile in 10 lingue (GB, FR, IT, ES, DE, NL, GR, PT, RO, PL).<br \/>\nDotazione standard<br \/>\n- Cavo per la ricarica e lo scarico dei dati<br \/>\n- Manuale: GB (il software pu\u00f2 essere scaricato online)<\/p>\n<p>Informazioni tecniche<br \/>\nSaturazione<br \/>\n- Gamma: 70-99%<br \/>\n- Accuratezza: 80-99%: \u00b12%, 70-79%: \u00b13%<\/p>\n<p>Frequenza cardiaca<br \/>\n- Intervallo: da 30 a 250 bpm - \u00b12 bpm o \u00b12%<\/p>\n<p>- Impostazione vibrazione: bassa saturazione, alta\/bassa frequenza cardiaca<br \/>\n- Parametri registrati: saturazione, frequenza cardiaca, esercizio<br \/>\n- Peso: 15 g<br \/>\n- Dimensioni: dispositivo 38x30x38 mm; anello 50-82 mm<br \/>\n- Memoria integrata: 4 registrazioni, fino a 10 ore per registrazione<br \/>\n- Batteria: ricaricabile al litio 3,7 Vdc<br \/>\n- Tempo di utilizzo: 12-16 ore<br \/>\n- Tempo di ricarica: 2-3 ore<br \/>\n- Senza fili: Bluetooth 4.0 BLE<br \/>\n- Compatibilit\u00e0: iOS 9.0+; Android 5.0+<\/p>\n<p>Protezione<br \/>\n- Shock elettrico: Tipo BF<br \/>\n- Elettromagnetica: Gruppo I, Classe B<br \/>\n- Polvere e acqua: IP24<\/p>","protected":false},"featured_media":11905,"template":"","meta":{"_acf_changed":false,"wds_primary_product_brand":0,"wds_primary_product_cat":0,"_wordproof_timestamp":false},"product_brand":[],"product_cat":[113,78],"product_tag":[],"class_list":{"0":"post-11919","1":"product","2":"type-product","3":"status-publish","4":"has-post-thumbnail","6":"product_cat-device","7":"product_cat-digitaltwin","9":"first","10":"instock","11":"shipping-taxable","12":"purchasable","13":"product-type-simple"},"acf":[],"_links":{"self":[{"href":"https:\/\/kliniksanktmoritz.ch\/it\/wp-json\/wp\/v2\/product\/11919","targetHints":{"allow":["GET"]}}],"collection":[{"href":"https:\/\/kliniksanktmoritz.ch\/it\/wp-json\/wp\/v2\/product"}],"about":[{"href":"https:\/\/kliniksanktmoritz.ch\/it\/wp-json\/wp\/v2\/types\/product"}],"wp:featuredmedia":[{"embeddable":true,"href":"https:\/\/kliniksanktmoritz.ch\/it\/wp-json\/wp\/v2\/media\/11905"}],"wp:attachment":[{"href":"https:\/\/kliniksanktmoritz.ch\/it\/wp-json\/wp\/v2\/media?parent=11919"}],"wp:term":[{"taxonomy":"product_brand","embeddable":true,"href":"https:\/\/kliniksanktmoritz.ch\/it\/wp-json\/wp\/v2\/product_brand?post=11919"},{"taxonomy":"product_cat","embeddable":true,"href":"https:\/\/kliniksanktmoritz.ch\/it\/wp-json\/wp\/v2\/product_cat?post=11919"},{"taxonomy":"product_tag","embeddable":true,"href":"https:\/\/kliniksanktmoritz.ch\/it\/wp-json\/wp\/v2\/product_tag?post=11919"}],"curies":[{"name":"wp","href":"https:\/\/api.w.org\/{rel}","templated":true}]}}