{"id":11922,"date":"2024-08-24T15:58:44","date_gmt":"2024-08-24T14:58:44","guid":{"rendered":"https:\/\/kliniksanktmoritz.ch\/?post_type=product&#038;p=11922"},"modified":"2024-10-01T18:44:56","modified_gmt":"2024-10-01T17:44:56","slug":"omron-m4-intelli-it","status":"publish","type":"product","link":"https:\/\/kliniksanktmoritz.ch\/it\/prodotto\/omron-m4-intelli-it\/","title":{"rendered":"Omron M4 Intelli IT"},"content":{"rendered":"","protected":false},"excerpt":{"rendered":"<p>Informazioni generali<\/p>\n<p>&nbsp;<\/p>\n<p>Il misuratore di pressione OMRON M4 Intelli IT semplifica il monitoraggio domestico dell'ipertensione. Trasferisce automaticamente le letture allo smartphone tramite Bluetooth e pu\u00f2 essere utilizzato anche con Alexa.<\/p>\n<p>&nbsp;<\/p>\n<p>\u00c8 facile ottenere risultati accurati. \u00c8 sufficiente avvolgere il bracciale Intelli Wrap intorno alla parte superiore del braccio e il dispositivo vi guider\u00e0 per assicurarsi che sia posizionato correttamente. Per ottenere una lettura accurata, \u00e8 importante rimanere fermi, ma se ci si muove, il rilevatore di movimento del corpo avvisa di eventuali movimenti che potrebbero influenzare i risultati.<\/p>\n<p>&nbsp;<\/p>\n<p>I valori della pressione arteriosa vengono visualizzati sull'ampio schermo LCD, insieme alla frequenza cardiaca e agli indicatori di pressione alta o battiti cardiaci irregolari.<\/p>\n<p>&nbsp;<\/p>\n<p>Per monitorare la pressione arteriosa nel tempo, \u00e8 possibile memorizzare tutte le letture sul proprio smartphone utilizzando l'applicazione OMRON connect.<\/p>\n<p>&nbsp;<\/p>\n<p>L'OMRON M4 Intelli IT \u00e8 dotato di connettivit\u00e0 Bluetooth, che garantisce l'aggiornamento automatico dei risultati nell'app. \u00c8 anche possibile chiedere ad Alexa l'ultima misurazione della pressione sanguigna o confrontare le medie nel tempo.<\/p>\n<p>&nbsp;<\/p>\n<p>Questo dispositivo fa parte del sistema intelligente OMRON, che aiuta a sostenere la salute del cuore. L'applicazione OMRON connect collega i misuratori di pressione OMRON con VIVA, un monitor intelligente della composizione corporea, per una migliore comprensione dei fattori che influenzano la salute del cuore.<\/p>\n<p>&nbsp;<\/p>\n<p>Il pacchetto standard comprende:<\/p>\n<p>- Misuratore di pressione OMRON M4 Intelli IT<\/p>\n<p>- Polsino Intelli Wrap (22-42 cm)<\/p>\n<p>- Manuali d'istruzione 1 e 2<\/p>\n<p>- Istruzioni per la configurazione<\/p>\n<p>- Batterie e custodia per il trasporto<\/p>\n<p>&nbsp;<\/p>\n<p>Informazioni tecniche:<\/p>\n<p>- Tipo di dispositivo: Misuratore di pressione del braccio superiore<\/p>\n<p>- Tipo di bracciale: Polsino Intelli Wrap (22-42 cm)<\/p>\n<p>- Memoria: 2 utenti x 60 letture<\/p>\n<p>- Guida al posizionamento del bracciale: S\u00ec<\/p>\n<p>- Indicatore del colore dell'ipertensione di facile lettura: S\u00ec<\/p>\n<p>- Rilevamento del battito cardiaco irregolare: S\u00ec<\/p>\n<p>- Rilevamento del movimento del corpo: S\u00ec<\/p>\n<p>- Convalida: Convalidato clinicamente, adatto per il diabete e per la gravidanza.<\/p>\n<p>- Tecnologia IntelliSense: S\u00ec<\/p>\n<p>- Custodia per il trasporto inclusa: S\u00ec<\/p>\n<p>- Uso professionale o di consumo: Consumatore<\/p>\n<p>- Connettivit\u00e0: Bluetooth abilitato<\/p>\n<p>- Compatibilit\u00e0 con le app mobili: Funziona con l'applicazione OMRON connect<\/p>\n<p>- Peso: 0,34 kg<\/p>\n<p>- Dimensioni: 105 x 152 x 85 mm<\/p>","protected":false},"featured_media":11897,"template":"","meta":{"_acf_changed":false,"wds_primary_product_brand":0,"wds_primary_product_cat":0,"_wordproof_timestamp":false},"product_brand":[],"product_cat":[113,78],"product_tag":[],"class_list":{"0":"post-11922","1":"product","2":"type-product","3":"status-publish","4":"has-post-thumbnail","6":"product_cat-device","7":"product_cat-digitaltwin","9":"first","10":"instock","11":"shipping-taxable","12":"purchasable","13":"product-type-simple"},"acf":[],"_links":{"self":[{"href":"https:\/\/kliniksanktmoritz.ch\/it\/wp-json\/wp\/v2\/product\/11922","targetHints":{"allow":["GET"]}}],"collection":[{"href":"https:\/\/kliniksanktmoritz.ch\/it\/wp-json\/wp\/v2\/product"}],"about":[{"href":"https:\/\/kliniksanktmoritz.ch\/it\/wp-json\/wp\/v2\/types\/product"}],"wp:featuredmedia":[{"embeddable":true,"href":"https:\/\/kliniksanktmoritz.ch\/it\/wp-json\/wp\/v2\/media\/11897"}],"wp:attachment":[{"href":"https:\/\/kliniksanktmoritz.ch\/it\/wp-json\/wp\/v2\/media?parent=11922"}],"wp:term":[{"taxonomy":"product_brand","embeddable":true,"href":"https:\/\/kliniksanktmoritz.ch\/it\/wp-json\/wp\/v2\/product_brand?post=11922"},{"taxonomy":"product_cat","embeddable":true,"href":"https:\/\/kliniksanktmoritz.ch\/it\/wp-json\/wp\/v2\/product_cat?post=11922"},{"taxonomy":"product_tag","embeddable":true,"href":"https:\/\/kliniksanktmoritz.ch\/it\/wp-json\/wp\/v2\/product_tag?post=11922"}],"curies":[{"name":"wp","href":"https:\/\/api.w.org\/{rel}","templated":true}]}}