{"id":12078,"date":"2024-08-28T09:55:08","date_gmt":"2024-08-28T08:55:08","guid":{"rendered":"https:\/\/kliniksanktmoritz.ch\/?post_type=product&#038;p=12078"},"modified":"2024-10-03T17:24:05","modified_gmt":"2024-10-03T16:24:05","slug":"supersapiens","status":"publish","type":"product","link":"https:\/\/kliniksanktmoritz.ch\/it\/prodotto\/supersapiens\/","title":{"rendered":"Supersapiens"},"content":{"rendered":"","protected":false},"excerpt":{"rendered":"<p>Il piano di 3 mesi di Supersapiens offre la migliore esperienza di monitoraggio delle prestazioni, combinando biosensori all'avanguardia con un'app e un portale desktop senza soluzione di continuit\u00e0 per una visibilit\u00e0 completa del glucosio. Con sei biosensori e patch per le prestazioni spediti ogni tre mesi, gli utenti possono usufruire di dati sul glucosio in tempo reale e di approfondimenti quotidiani, perfetti per gli atleti che hanno bisogno di monitorare l'alimentazione e il recupero.<\/p>\n<p>Le caratteristiche principali includono la traccia del glucosio minuto per minuto, le notifiche push personalizzate e la possibilit\u00e0 di analizzare le tendenze a lungo termine sul desktop. L'Energy Band, impermeabile, non richiede l'uso del telefono e offre un modo potente e semplice per monitorare i livelli di energia.<\/p>\n<p>Massimizzate il vostro potenziale con Supersapiens, dove la scienza incontra le prestazioni.<\/p>\n<p>&#8212;<\/p>\n<p>**Pronti a prendere il controllo della vostra energia?<\/p>\n<p>&nbsp;<\/p>\n<p>FATTURATI OGNI 3 MESI<\/p>\n<p>I PI\u00d9 POPOLARI<br \/>\nPiano di 3 mesi<\/p>\n<p>6 Biosensori*<\/p>\n<p>6 patch per le prestazioni<\/p>\n<p>App Supersapiens<\/p>\n<p>Spedizione gratuita + IVA inclusa<\/p>\n<p>Spedizione ogni 3 mesi<\/p>\n<p>Annullamento in qualsiasi momento<\/p>\n<p>TRACCIA VIVA<br \/>\nTraccia del glucosio minuto per minuto e freccia di tendenza. Interpretare istantaneamente l'impatto di cibo, umore e movimento.<\/p>\n<p>APPROFONDIMENTI QUOTIDIANI<br \/>\nSeguite i progressi giornalieri attraverso i riepiloghi e le sintesi degli eventi chiave all'interno dell'app.<\/p>\n<p>PUNTEGGIO DEL GLUCOSIO<br \/>\nUna metrica eroica per ogni allenamento per analizzare l'alimentazione per le prestazioni.<\/p>\n<p>Per saperne di pi\u00f9<\/p>\n<p>NOTIFICHE PUSH<br \/>\nAvvisi in tempo reale quando si sta uscendo dalla zona di recupero, per facilitare la stabilit\u00e0 del glucosio.<\/p>\n<p>Per saperne di pi\u00f9<\/p>\n<p>PORTALE DESKTOP<br \/>\nZoom su settimane e mesi. Analizzare le tendenze a lungo termine. Esportazione, condivisione e collaborazione, tutto dal desktop.<\/p>\n<p>FASCIA ENERGETICA<br \/>\nNon \u00e8 necessario il telefono! L'Energy Band si sincronizza direttamente dal biosensore al polso tramite Bluetooth.<\/p>\n<p>Per saperne di pi\u00f9<\/p>\n<p>VISIBILIT\u00c0 COMPLETA<\/p>\n<p>Uno sguardo all'interno dell'app<br \/>\n\"Uso l'app da oltre due mesi e sono ancora stupito di quanto sia facile e intuitiva\". - Recensione App Store<\/p>\n<p>\"Per me Supersapiens \u00e8 la cosa pi\u00f9 importante che abbia mai fatto per migliorare il mio ciclismo, la mia salute e la mia forma fisica\". - Recensione App Store<\/p>\n<p>TRACCIA VIVA<\/p>\n<p>MINUTO PER MINUTO<br \/>\nTRACCIA VIVA<\/p>\n<p>ESERCIZIO<br \/>\nSOMMARIO<\/p>\n<p>RUSH<br \/>\nNOTIFICA<\/p>\n<p>EVENTO ALIMENTARE<\/p>\n<p>RECUPERO<br \/>\nSOMMARIO<\/p>\n<p>RECUPERO<br \/>\nMETRICA<\/p>\n<p>EVENTO GIORNALIERO<br \/>\nLOG<\/p>\n<p>CIBO<br \/>\nEVENTO<br \/>\nABBOTT LIBRE SENSE<\/p>\n<p>Glucosio Sport<br \/>\nBiosensore<\/p>\n<p>Indossamento continuo fino a 14 giorni<\/p>\n<p>Pu\u00f2 essere indossato durante il nuoto<\/p>\n<p>Trasmette i dati sul glucosio via bluetooth<\/p>\n<p>Dati sul glucosio minuto per minuto<\/p>\n<p>Dati altamente precisi e stabili<\/p>\n<p>Sensore senza ago, applicazione indolore<\/p>\n<p>\u200d<br \/>\nMEGLIO INSIEME<\/p>\n<p>Integrazioni con le vostre applicazioni preferite<br \/>\nAggiungete senza problemi i dati sul glucosio alle app e ai dispositivi esistenti. Importazione di dati come frequenza cardiaca, potenza e passo nella Supersapiens Dashboard.<\/p>\n<p>SAPERNE DI PI\u00d9<br \/>\n\u200d<br \/>\n\u200d<\/p>\n<p>DISPOSITIVI GARMIN<\/p>\n<p>WAHOO<br \/>\nDISPOSITIVI<\/p>\n<p>PISTE DI FORMAZIONE<\/p>\n<p>MELA SALUTE<\/p>\n<p>\u200d<br \/>\nNON \u00c8 NECESSARIO IL TELEFONO<\/p>\n<p>Incontrare la banda dell'energia<br \/>\nSemplice. Elegante. Potente. Si abbina direttamente al biosensore Abbott Libre Glucose Sport tramite Bluetooth. Impermeabile e infrangibile.<\/p>\n<p>SAPERNE DI PI\u00d9<\/p>\n<p>Siete pronti a saperne di pi\u00f9?<br \/>\nScaricate la nostra guida al glucosio.<br \/>\nSCARICA GUIDA<\/p>\n<p>MIGLIORI PRESTAZIONI<\/p>\n<p>Massimizzare l'energia. Raggiungere gli obiettivi pi\u00f9 velocemente e con pi\u00f9 forza.<\/p>\n<p>IMPARARE<\/p>\n<p>Il glucosio (comunemente chiamato zucchero nel sangue) \u00e8 la principale fonte di energia per l'attivit\u00e0 ad alta intensit\u00e0.<\/p>\n<p>MONITORAGGIO<\/p>\n<p>I carboidrati si scompongono in glucosio, che viene trasportato nel flusso sanguigno e utilizzato immediatamente come energia o immagazzinato nei muscoli e nel fegato (a volte come grasso).<\/p>\n<p>CONTROLLO<\/p>\n<p>Visibilit\u00e0 del glucosio significa aumentare efficacemente i livelli al momento giusto, per ottenere la massima energia sostenuta quando il corpo ne ha bisogno.<\/p>","protected":false},"featured_media":12081,"template":"","meta":{"_acf_changed":false,"wds_primary_product_brand":0,"wds_primary_product_cat":0,"_wordproof_timestamp":false},"product_brand":[],"product_cat":[113,78],"product_tag":[],"class_list":{"0":"post-12078","1":"product","2":"type-product","3":"status-publish","4":"has-post-thumbnail","6":"product_cat-device","7":"product_cat-digitaltwin","9":"first","10":"instock","11":"shipping-taxable","12":"purchasable","13":"product-type-simple"},"acf":[],"_links":{"self":[{"href":"https:\/\/kliniksanktmoritz.ch\/it\/wp-json\/wp\/v2\/product\/12078","targetHints":{"allow":["GET"]}}],"collection":[{"href":"https:\/\/kliniksanktmoritz.ch\/it\/wp-json\/wp\/v2\/product"}],"about":[{"href":"https:\/\/kliniksanktmoritz.ch\/it\/wp-json\/wp\/v2\/types\/product"}],"wp:featuredmedia":[{"embeddable":true,"href":"https:\/\/kliniksanktmoritz.ch\/it\/wp-json\/wp\/v2\/media\/12081"}],"wp:attachment":[{"href":"https:\/\/kliniksanktmoritz.ch\/it\/wp-json\/wp\/v2\/media?parent=12078"}],"wp:term":[{"taxonomy":"product_brand","embeddable":true,"href":"https:\/\/kliniksanktmoritz.ch\/it\/wp-json\/wp\/v2\/product_brand?post=12078"},{"taxonomy":"product_cat","embeddable":true,"href":"https:\/\/kliniksanktmoritz.ch\/it\/wp-json\/wp\/v2\/product_cat?post=12078"},{"taxonomy":"product_tag","embeddable":true,"href":"https:\/\/kliniksanktmoritz.ch\/it\/wp-json\/wp\/v2\/product_tag?post=12078"}],"curies":[{"name":"wp","href":"https:\/\/api.w.org\/{rel}","templated":true}]}}