{"id":12171,"date":"2024-08-31T16:55:21","date_gmt":"2024-08-31T15:55:21","guid":{"rendered":"https:\/\/kliniksanktmoritz.ch\/?post_type=product&#038;p=12171"},"modified":"2024-09-01T11:13:10","modified_gmt":"2024-09-01T10:13:10","slug":"sirtlife-500","status":"publish","type":"product","link":"https:\/\/kliniksanktmoritz.ch\/it\/prodotto\/sirtlife-500\/","title":{"rendered":"Sirtlife 500"},"content":{"rendered":"","protected":false},"excerpt":{"rendered":"<p>12 pacchetti con consegna mensile<\/p>\n<p>Sirtlife 500<\/p>\n<p>Per un'efficacia ottimale del prodotto, la dose raccomandata \u00e8 di 2 compresse al giorno di SIRT500 Plus. I nostri esperti confermano che i primi risultati sono visibili dopo 2-3 mesi dall'inizio del trattamento.<\/p>\n<p>Abbonatevi per ricevere SIRT500 Plus a un prezzo speciale<\/p>\n<p>Leggere gli ingredienti<\/p>\n<p>Importante: Le promozioni in corso e gli sconti sulle quantit\u00e0 non sono cumulabili.<\/p>\n<p>Come assumerlo:<\/p>\n<p>Assumere una compressa di Sirt500 al mattino e una alla sera.<\/p>\n<p>I nostri esperti consigliano di assumere gli integratori SIRTLIFE prima dei pasti principali e di continuare il trattamento in modo continuativo per almeno 2-3 mesi.<\/p>\n<p>Per ottenere risultati ottimali, l'assunzione degli integratori SIRTLIFE deve essere accompagnata da una dieta equilibrata e da una regolare attivit\u00e0 fisica. Gli integratori non devono essere considerati come sostituti di una dieta varia ed equilibrata e di uno stile di vita sano.<\/p>\n<p>AVVERTENZE: Non superare la dose giornaliera raccomandata. Tenere fuori dalla portata dei bambini al di sotto dei 3 anni.<\/p>\n<p>Gli integratori SIRTLIFE non presentano controindicazioni, tranne nei soggetti allergici ai principi attivi del prodotto. In questi casi o se si soffre di malattie croniche, si consiglia di consultare il medico prima di iniziare il trattamento.<\/p>\n<p>I prodotti SIRTLIFE sono integratori alimentari di alta gamma, sviluppati sulla base di anni di studi scientifici del nostro team, che ha analizzato a fondo la correlazione tra la produzione di sirtuine nell'organismo e il corretto funzionamento dei processi metabolici.<\/p>\n<p>A partire dai 30-35 anni, la produzione naturale di sirtuine nell'organismo inizia a diminuire. Per questo motivo i nostri esperti consigliano di iniziare il trattamento intorno a questa et\u00e0. Le sirtuine sono una classe di proteine che svolgono una preziosa attivit\u00e0 enzimatica e regolano importanti vie metaboliche all'interno dell'organismo.<\/p>\n<p>Le sirtuine agiscono a livello sistemico in tutto l'organismo, regolando i processi metabolici e fisiologici e intervenendo sul meccanismo che si verifica ogni volta che consumiamo dolci o cibi raffinati: l'insulino-resistenza.<\/p>\n<p>Oltre a migliorare i processi metabolici, la produzione di sirtuine nell'organismo svolge un ruolo di primo piano nella prevenzione di malattie come l'iperglicemia, il diabete, l'obesit\u00e0 e la sindrome metabolica.<\/p>\n<p>Che cosa contiene SIRT500 Plus?<\/p>\n<p>SIRT500 Plus \u00e8 un integratore alimentare naturale a base di minerali, polifenoli e attivatori della sirtuina.<\/p>\n<p>I prodotti SIRT500 Plus contengono solo ingredienti naturali di alta qualit\u00e0, estratti con procedure prive di solventi e in una concentrazione superiore alla media degli integratori disponibili sul mercato.<\/p>\n<p>I MINERALI<\/p>\n<p>In SIRT500 Plus sono presenti diversi minerali che attivano le sirtuine e sono quindi in grado di stimolare il ringiovanimento cellulare e di sostenere il sistema immunitario durante l'invecchiamento:<\/p>\n<p>Zinco<\/p>\n<p>Lo zinco \u00e8 uno dei complessi enzimatici necessari per il corretto funzionamento degli ormoni, dell'insulina, degli ormoni sessuali e dell'ormone della crescita. \u00c8 un minerale fondamentale per il nostro organismo.<\/p>\n<p>Selenio<\/p>\n<p>Il selenio \u00e8 un antiossidante molto efficace. Contrasta lo stress ossidativo cellulare, ha attivit\u00e0 preventive, svolge un'azione protettiva sulla tiroide, assicurandone il corretto funzionamento, e sugli annessi cutanei.<\/p>\n<p>Cromo<\/p>\n<p>Il cromo regola i livelli di insulina, un ormone fondamentale del nostro organismo che influenza il controllo dei grassi e del glucosio.<\/p>\n<p>I POLIFENOLI<\/p>\n<p>I polifenoli sono sostanze contenute negli alimenti, soprattutto in quelli di origine vegetale. Sono presenti soprattutto in frutta, verdura, vino rosso, t\u00e8 verde, cioccolato, caff\u00e8 e olio d'oliva.<\/p>\n<p>Noti per i loro comprovati effetti antinfiammatori, antiossidanti e antiaggreganti, i polifenoli rappresentano un importante elemento di difesa per l'organismo: sono molecole organiche di origine vegetale che contribuiscono al mantenimento della salute delle cellule, contrastando l'invecchiamento e regolando l'assorbimento e l'immagazzinamento del colesterolo nel sangue.<\/p>\n<p>I migliori polifenoli e attivatori di sirtuine conosciuti in medicina e contenuti nell'esclusivo integratore alimentare naturale SIRT500 Plus sono principalmente quattro:<\/p>\n<p>L'ONOCHIOLO<\/p>\n<p>\u00c8 stato dimostrato che l'onachiolo possiede propriet\u00e0 antinfiammatorie e protettive. Svolge attivit\u00e0 preventive, soprattutto sulle cellule del nostro corpo. \u00c8 inoltre in grado di ridurre l'accumulo di grasso corporeo.<\/p>\n<p>ACIDO ELLAGICO<\/p>\n<p>L'acido ellagico \u00e8 un antiossidante fenolico naturale. Ha propriet\u00e0 antiossidanti, antitrombotiche e antiallergiche, nonch\u00e9 effetti vasoprotettivi e gastroprotettivi.<\/p>\n<p>POLIDATINA<\/p>\n<p>La polidatina fa parte della classe degli stilbeni della famiglia dei polifenoli. Svolge attivit\u00e0 antiossidanti, antinfiammatorie, antinvecchiamento e antiaggreganti.<\/p>\n<p>PTEROSTILBENE<\/p>\n<p>Il pterostilbene riduce l'accumulo di grasso, ha propriet\u00e0 protettive e antinfiammatorie e supporta il sistema immunitario svolgendo attivit\u00e0 di prevenzione.<\/p>\n<p>12 confezioni con consegna mensile<\/p>\n<p>Sirtlife 500<\/p>\n<p>&nbsp;<\/p>\n<p>Per un'efficacia ottimale del prodotto, la dose consigliata \u00e8 di 2 compresse al giorno di SIRT500 Plus. I nostri esperti confermano che i primi risultati sono visibili dopo 2-3 mesi dall'inizio del trattamento.<\/p>\n<p>&nbsp;<\/p>\n<p>Abbonati per ricevere SIRT500 Plus a un prezzo speciale<\/p>\n<p>Leggi gli ingredienti<\/p>\n<p>Importante: Le promozioni in corso e gli sconti quantit\u00e0 non sono cumulabili.<\/p>\n<p>&nbsp;<\/p>\n<p>Modalit\u00e0 di assunzione:<\/p>\n<ul>\n<li>Assumere una pastiglia di Sirt500 la mattina e una la sera<\/li>\n<\/ul>\n<p>&nbsp;<\/p>\n<p>I nostri esperti consigliano di assumere gli integratori SIRTLIFE prima dei pasti principali e di ripetere il trattamento in maniera continuativa per almeno 2-3 mesi.<\/p>\n<p>Per un risultato ottimale, l'assunzione degli integratori SIRTLIFE deve essere accompagnata da una dieta bilanciata e attivit\u00e0 fisica regolare. Gli integratori non vanno intesi come sostituti di un'alimentazione varia ed equilibrata e di un sano stile di vita.<\/p>\n<p>AVVERTENZE: Non superare la dose giornaliera consigliata. Tenere fuori dalla portata dei bambini al di sotto dei 3 anni di et\u00e0.<\/p>\n<p>Gli integratori SIRTLIFE non presentano controindicazioni, se non nei soggetti allergici ai principi attivi del prodotto. In tal caso o se soggetti a malattie croniche, si raccomanda di consultare il proprio medico curante prima di intraprendere il trattamento.<\/p>\n<p>&nbsp;<\/p>\n<p>I prodotti SIRTLIFE sono integratori alimentari di alta gamma, sviluppati sulla base di anni di studi scientifici da parte della nostra equipe, che ha analizzato a fondo la correlazione tra la produzione di sirtuine nell'organismo e il corretto espletamento dei processi metabolici.<\/p>\n<p>&nbsp;<\/p>\n<p>A partire dai 30-35 anni, la naturale produzione di sirtuine nell'organismo inizia a diminuire. Ecco perch\u00e9 i nostri esperti consigliano di iniziare il trattamento attorno a questa et\u00e0. Le sirtuine sono una classe di proteine che svolgono un'attivit\u00e0 enzimatica preziosa e regolano importanti vie metaboliche all'interno dell'organismo.<\/p>\n<p>&nbsp;<\/p>\n<p>Le sirtuine agiscono a livello sistemico in tutto l'organismo, regolando i processi metabolici e fisiologici e lavorando sul meccanismo che si mette in atto ogni qualvolta ingeriamo dolci o cibi raffinati: la resistenza all'insulina.<\/p>\n<p>Oltre a migliorare i processi metabolici, la produzione di sirtuine nell'organismo svolge un ruolo di primo piano nella prevenzione di patologie quali l'iperglicemia, il diabete, l'obesit\u00e0 e la sindrome metabolica.<\/p>\n<p>&nbsp;<\/p>\n<p>Cosa contiene SIRT500 Plus?<\/p>\n<p>SIRT500 Plus \u00e8 un integratore alimentare naturale a base di minerali, polifenoli e attivatori di sirtuine.<\/p>\n<p>I prodotti SIRT500 Plus contengono solo ingredienti naturali e di primissima qualit\u00e0, estratti con procedure che non prevedono l'utilizzo di solventi e in una concentrazione superiore alla media degli integratori disponibili sul mercato.<\/p>\n<p>&nbsp;<\/p>\n<p>I MINERALI<\/p>\n<p>In SIRT500 Plus sono presenti differenti minerali, che attivano le<\/p>\n<p>sirtuine e che sono quindi in grado di stimolare il ringiovanimento<\/p>\n<p>delle cellule e che sostengono il sistema immunitario durante<\/p>\n<p>l'invecchiamento:<\/p>\n<p>&nbsp;<\/p>\n<p>Lo zinco<\/p>\n<p>&nbsp;<\/p>\n<p>Lo zinco \u00e8 uno dei complessi enzimatici necessari per il corretto<\/p>\n<p>funzionamento di ormoni, insulina, ormoni sessuali e ormone della<\/p>\n<p>crescita. \u00c8 un minerale fondamentale per il nostro organismo.<\/p>\n<p>&nbsp;<\/p>\n<p>Il selenio<\/p>\n<p>Il selenio \u00e8 un antiossidante molto efficace. Contrasta lo stress<\/p>\n<p>ossidativo cellulare, svolge attivit\u00e0 di prevenzione, esercita un'azione<\/p>\n<p>protettiva sulla tiroide garantendo il buon funzionamento, e sugli<\/p>\n<p>annessi cutanei.<\/p>\n<p>&nbsp;<\/p>\n<p>&nbsp;<\/p>\n<p>Il cromo<\/p>\n<p>Il cromo regola i livelli di insulina, ormone fondamentale nel nostro<\/p>\n<p>organismo che influenza il controllo dei grassi e del glucosio.<\/p>\n<p>&nbsp;<\/p>\n<p>&nbsp;<\/p>\n<p>I POLIFENOLI<\/p>\n<p>I polifenoli sono sostanze contenute negli alimenti, principalmente in quelli vegetali. Sono presenti per lo pi\u00f9 in frutta, verdura, vino rosso, t\u00e8 verde, cioccolato, caff\u00e8 e olio d'oliva.<\/p>\n<p>Noti per i loro comprovati effetti antinfiammatori, antiossidanti e antiaggreganti, i polifenoli rappresentano un importante elemento di difesa per l'organismo: si tratta di molecole di origine organica vegetale che contribuiscono al mantenimento della salute delle cellule, combattendo l'invecchiamento e regolando l'assorbimento e l'immagazzinamento del colesterolo nel sangue.<\/p>\n<p>I migliori polifenoli e attivatori di sirtuine conosciuti in medicina e contenuti nell'esclusivo integratore alimentare naturale SIRT500 Plus sono principalmente quattro:<\/p>\n<p>&nbsp;<\/p>\n<p>&nbsp;<\/p>\n<p>L'ONOCHIOLO<\/p>\n<p>L'onochiolo ha dimostrato di possedere propriet\u00e0 antinfiammatorie e protettive. Svolge attivit\u00e0 di prevenzione, soprattutto sulle cellule del nostro organismo. \u00c8 inoltre in grado di ridurre l'accumulo di grasso corporeo.<\/p>\n<p>&nbsp;<\/p>\n<p>L'ACIDO ELLARGICO<\/p>\n<p>L'acido ellagico \u00e8 un antiossidante fenolico naturale. Possiede propriet\u00e0 antiossidanti, antitrombotiche e antiallergiche, vaso-protettrici e gastro-protettrici.<\/p>\n<p>&nbsp;<\/p>\n<p>LA POLIDATINA<\/p>\n<p>La polidatina fa parte della classe degli stilibeni della famiglia dei polifenoli. Svolge attivit\u00e0 antiossidanti, antinfiammatorie, antinvecchiamento e antiaggregante.<\/p>\n<p>&nbsp;<\/p>\n<p>IL PTEROSTILBENE<\/p>\n<p>Il pterostilbene riduce l'accumulo di grasso, possiede propriet\u00e0 protettive e antinfiammatorie, e sostiene il sistema immunitario svolgendo attivit\u00e0 di prevenzione.<\/p>\n<p>&nbsp;<\/p>","protected":false},"featured_media":12172,"template":"","meta":{"_acf_changed":false,"wds_primary_product_brand":0,"wds_primary_product_cat":0,"_wordproof_timestamp":false},"product_brand":[],"product_cat":[78,155],"product_tag":[],"class_list":{"0":"post-12171","1":"product","2":"type-product","3":"status-publish","4":"has-post-thumbnail","6":"product_cat-digitaltwin","7":"product_cat-supplements","9":"first","10":"instock","11":"shipping-taxable","12":"purchasable","13":"product-type-simple"},"acf":[],"_links":{"self":[{"href":"https:\/\/kliniksanktmoritz.ch\/it\/wp-json\/wp\/v2\/product\/12171","targetHints":{"allow":["GET"]}}],"collection":[{"href":"https:\/\/kliniksanktmoritz.ch\/it\/wp-json\/wp\/v2\/product"}],"about":[{"href":"https:\/\/kliniksanktmoritz.ch\/it\/wp-json\/wp\/v2\/types\/product"}],"wp:featuredmedia":[{"embeddable":true,"href":"https:\/\/kliniksanktmoritz.ch\/it\/wp-json\/wp\/v2\/media\/12172"}],"wp:attachment":[{"href":"https:\/\/kliniksanktmoritz.ch\/it\/wp-json\/wp\/v2\/media?parent=12171"}],"wp:term":[{"taxonomy":"product_brand","embeddable":true,"href":"https:\/\/kliniksanktmoritz.ch\/it\/wp-json\/wp\/v2\/product_brand?post=12171"},{"taxonomy":"product_cat","embeddable":true,"href":"https:\/\/kliniksanktmoritz.ch\/it\/wp-json\/wp\/v2\/product_cat?post=12171"},{"taxonomy":"product_tag","embeddable":true,"href":"https:\/\/kliniksanktmoritz.ch\/it\/wp-json\/wp\/v2\/product_tag?post=12171"}],"curies":[{"name":"wp","href":"https:\/\/api.w.org\/{rel}","templated":true}]}}