{"id":18105,"date":"2025-03-25T12:32:38","date_gmt":"2025-03-25T11:32:38","guid":{"rendered":"https:\/\/kliniksanktmoritz.ch\/?post_type=product&#038;p=18105"},"modified":"2025-05-08T06:56:35","modified_gmt":"2025-05-08T05:56:35","slug":"easycolon","status":"publish","type":"product","link":"https:\/\/kliniksanktmoritz.ch\/it\/prodotto\/easycolon\/","title":{"rendered":"EasyColon"},"content":{"rendered":"<h2>\ud83d\udea8 \"Aspettare i sintomi? Potrebbe essere troppo tardi\".<\/h2>\n<h3>La colonscopia... non \u00e8 una colonscopia.<\/h3>\n<p>Solo 30 secondi. Nessun tubo. Nessuna anestesia. Solo un esame del sangue.<\/p>\n<p>Avete mai rimandato una visita medica perch\u00e9 il solo pensiero vi metteva ansia?<br \/>\nLa colonscopia \u00e8 uno di questi esami.<br \/>\nLa sola idea di:<\/p>\n<ul>\n<li>Seguire una dieta restrittiva per giorni<\/li>\n<li>Passare la notte incollati al water<\/li>\n<li>Avere una telecamera inserita mentre si \u00e8 sedati...<\/li>\n<\/ul>\n<p>...\u00e8 sufficiente per dire: \"Forse il mese prossimo\".<\/p>\n<p>Ma ecco la scomoda verit\u00e0:<\/p>\n<h3>Il cancro al colon non presenta sintomi.<\/h3>\n<p>E quando succede, spesso \u00e8 troppo tardi.<\/p>\n<p>\u00c8 la seconda causa di morte per cancro a livello mondiale.<br \/>\nPu\u00f2 crescere silenziosamente per anni, senza dolore, senza segnali di pericolo, senza che si possa sentire nulla.<br \/>\nE quando \"qualcosa non va\", potrebbe essere gi\u00e0 in fase avanzata.<\/p>\n<hr \/>\n<h2>Ma ecco la buona notizia:<\/h2>\n<h3>Non \u00e8 pi\u00f9 necessaria una colonscopia per sapere se si \u00e8 a rischio.<\/h3>\n<p>Ora, con un semplice esame del sangue, \u00e8 possibile individuare i primi segnali di allarme, senza alcun disagio.<\/p>\n<p>\u2705 Nessun tubo<br \/>\n\u2705 Nessuna anestesia<br \/>\n\u2705 Nessuna preparazione intestinale<br \/>\n\u2705 Nessun imbarazzo<br \/>\n\u2705 Nessuna assenza dal lavoro<\/p>\n<p>Solo 30 secondi.<br \/>\nSolo un prelievo di sangue.<br \/>\nE si ottiene la risposta che potrebbe salvare la vita.<\/p>\n<hr \/>\n<h3>Come funziona?<\/h3>\n<p>Il test ricerca specifici biomarcatori molecolari che segnalano cambiamenti precoci legati al cancro del colon.<\/p>\n<p>Si tratta di un'innovazione gi\u00e0 utilizzata in paesi come la Svizzera e la Germania, ma ancora poco diffusa nella maggior parte dei luoghi.<\/p>\n<p>\u00c8 preciso 97%.<br \/>\nE se il risultato \u00e8 negativo, siete al sicuro per i prossimi 5 anni.<\/p>\n<hr \/>\n<h2>Quanto costa?<\/h2>\n<p>Siamo chiari.<\/p>\n<p>Il processo si articola in due parti:<\/p>\n<p>1\ufe0f\u20e3 <strong>Il prelievo di sangue<\/strong>che si pu\u00f2 fare presso un laboratorio locale. Il costo pu\u00f2 arrivare a 700 euro, a seconda del laboratorio.<br \/>\n\ud83d\udc49 Alcune persone ottengono un rimborso parziale attraverso l'assicurazione o i sistemi sanitari nazionali, altre no. Le cose variano e non possiamo prevedere cosa verr\u00e0 coperto.<\/p>\n<p>2\ufe0f\u20e3 <strong>Il nostro servizio<\/strong>Analisi avanzata, elaborazione dei dati, interpretazione medica e referto certificato.<br \/>\n\ud83d\udc49 Il nostro costo fisso: <strong>\u20ac399<\/strong>.<br \/>\nNessuna sorpresa. Nessuna spesa nascosta.<\/p>\n<p>\ud83c\udfaf <strong>Costo massimo totale?<\/strong><br \/>\n1099 euro se il laboratorio addebita l'intero importo. Ma nella maggior parte dei casi \u00e8 molto meno.<\/p>\n<p>Tuttavia, mettiamolo in prospettiva.<\/p>\n<p>Anche se fosse di 1099 euro, \u00e8 meno di:<\/p>\n<ul>\n<li>Una bolletta mensile del carburante<\/li>\n<li>Un nuovo iPhone<\/li>\n<li>Un viaggio di fine settimana<\/li>\n<\/ul>\n<p>E cosa si ottiene in cambio?<\/p>\n<p>\ud83d\udc49 Tranquillit\u00e0 mentale<br \/>\n\ud83d\udc49 La possibilit\u00e0 di prevenire una malattia mortale<br \/>\n\ud83d\udc49 Zero stress. Zero dolore. Zero vergogna.<\/p>\n<hr \/>\n<h2>Cosa succede se non lo fate?<\/h2>\n<p>Continuate a rimandare.<br \/>\nPoi, un giorno, qualcosa non va.<br \/>\nSi va dal medico.<br \/>\nLa mandano a fare una colonscopia urgente.<br \/>\nE poi...<\/p>\n<p>\u274c Chirurgia<br \/>\n\u274c Chemioterapia<br \/>\nCosti enormi<br \/>\nIl pensiero che strazia le budella: \"E se avessi fatto qualcosa prima?\".<\/p>\n<hr \/>\n<h2>La scelta \u00e8 vostra:<\/h2>\n<p>1\ufe0f\u20e3 Ignoratelo e sperate per il meglio (come la maggior parte delle persone che lo hanno scoperto troppo tardi),<br \/>\n<strong>O<\/strong><br \/>\n2\ufe0f\u20e3 Prendetevi 30 secondi che potrebbero salvarvi la vita.<\/p>\n<hr \/>\n<p>\ud83d\udfe2 <strong>Prenotate ora.<\/strong> Effettuate il prelievo di sangue quando vi fa comodo.<br \/>\nNessuna attesa. Nessun disagio.<\/p>\n<p>\ud83d\udc49 Dopo aver acquistato il servizio da 399 euro, riceverete tutte le istruzioni.<br \/>\n\ud83d\udc49 Scegliere il laboratorio pi\u00f9 vicino per il prelievo di sangue.<br \/>\n\ud83d\udc49 Ricevere un referto certificato con una spiegazione chiara e medica.<\/p>\n<hr \/>\n<h2>Garanzia totale<\/h2>\n<p>Se entro 30 giorni ritenete che il servizio non abbia soddisfatto le vostre aspettative,<br \/>\nrimborseremo i nostri 399 euro.<br \/>\nNessuna domanda. Nessuna burocrazia. Nessun giudizio.<\/p>\n<p>Perch\u00e9 la vostra tranquillit\u00e0 viene prima di tutto.<\/p>\n<hr \/>\n<p>\ud83d\udccd <strong>La vostra vita vale pi\u00f9 di un caff\u00e8 al giorno.<\/strong><br \/>\nNon aspettate. Fatelo ora.<br \/>\n\u00c8 la decisione pi\u00f9 intelligente che possiate prendere nel 2025.<\/p>\n<hr \/>\n<h3>P.S.<\/h3>\n<p>Smettere di sentirsi in colpa.<br \/>\nSmettere di avere paura.<br \/>\nAvete finalmente trovato un modo per proteggervi, senza dolore, paura o scuse.<\/p>\n<p>Nessun tubo.<br \/>\nNiente stress.<br \/>\nUn semplice esame del sangue.<br \/>\nSolo 30 secondi.<br \/>\nSolo una vita pi\u00f9 lunga e pi\u00f9 sana da godere<\/p>\n<hr \/>\n<p>&nbsp;<\/p>","protected":false},"excerpt":{"rendered":"<h2>Ultimo passo: Assicurarsi il posto per il test del cancro al colon basato sul sangue<\/h2>\n<p>Siete a un passo dalla tranquillit\u00e0.<br \/>\nNessuna colonscopia. Nessuna degenza in ospedale. Niente ansia.<br \/>\nSolo un test certificato che potrebbe salvarvi la vita.<\/p>\n<hr \/>\n<h3>\ud83e\uddea Cosa si ottiene:<\/h3>\n<p>\ud83d\udd39 Accesso al nostro servizio di diagnostica avanzata basato su biomarcatori ematici<br \/>\n\ud83d\udd39 Interpretazione completa del laboratorio da parte di medici professionisti<br \/>\n\ud83d\udd39 Un rapporto certificato con risultati di facile comprensione e passi successivi<br \/>\n\ud83d\udd39 Tutte le istruzioni per eseguire il prelievo di sangue presso il laboratorio di fiducia pi\u00f9 vicino a voi.<br \/>\n\ud83d\udd39 Supporto del nostro team di assistenza, in ogni fase del percorso<\/p>\n<p>\ud83d\udd52 <strong>Tempo necessario?<\/strong> Solo 30 secondi per il prelievo di sangue<br \/>\n\ud83d\udccb <strong>Seguito?<\/strong> Solo se i risultati mostrano qualcosa che vale la pena controllare<br \/>\n\ud83d\udcc5 <strong>Valido per 5 anni<\/strong> se il test \u00e8 negativo<\/p>\n<hr \/>\n<h3>\ud83d\udcb3 Costo totale oggi: CHF 399<\/h3>\n<p>Questo copre il nostro servizio medico completo.<br \/>\nIl costo del laboratorio per il prelievo di sangue viene pagato separatamente e pu\u00f2 variare (fino a 700 euro).<br \/>\nIn molti casi, questa parte pu\u00f2 essere rimborsata dall'assicurazione o dalla copertura sanitaria nazionale.<\/p>\n<hr \/>\n<h3>\ud83d\udd10 Pagamento sicuro e protetto<\/h3>\n<ul>\n<li>Transazione criptata<\/li>\n<li>Conferma immediata via e-mail<\/li>\n<li>Trasparenza totale. Nessun costo nascosto.<\/li>\n<\/ul>\n<hr \/>\n<h3>Garanzia di rimborso di 30 giorni<\/h3>\n<p>Se non siete soddisfatti entro 30 giorni, vi rimborseremo il costo del servizio, senza fare domande.<\/p>\n<hr \/>\n<h3>\ud83d\udce6 Cosa succede dopo il pagamento?<\/h3>\n<p>1\ufe0f\u20e3 Riceverete la conferma e le istruzioni personali via e-mail.<br \/>\n2\ufe0f\u20e3 Prenotate il vostro prelievo di sangue presso il laboratorio di vostra scelta<br \/>\n3\ufe0f\u20e3 Inviateci i risultati del test (upload facile)<br \/>\n4\ufe0f\u20e3 Ricevete il vostro rapporto certificato entro pochi giorni<br \/>\n5\ufe0f\u20e3 Vivere con serenit\u00e0 per i prossimi 5 anni<\/p>\n<hr \/>\n<h3>\ud83d\udfe2 AGISCI SUBITO - Solo 150 posti disponibili per il test questo mese<\/h3>\n<p>\u26a0\ufe0f A causa delle limitazioni del laboratorio, possiamo accettare solo un numero limitato di nuovi pazienti ogni mese.<br \/>\nUna volta raggiunta la capacit\u00e0, le prenotazioni vengono chiuse.<\/p>\n<hr \/>\n<h3>\ud83e\udde0 Avete bisogno di aiuto?<\/h3>\n<p>Siamo qui per assistervi.<br \/>\n\ud83d\udce9 Assistenza via e-mail assistance@kliniksm.com|<\/p>\n<hr \/>\n<p>\ud83d\udc49 Completate l'acquisto sicuro qui sotto e prendete la decisione di salute pi\u00f9 intelligente della vostra vita.<\/p>","protected":false},"featured_media":18112,"template":"","meta":{"_acf_changed":false,"wds_primary_product_brand":0,"wds_primary_product_cat":0,"_wordproof_timestamp":false},"product_brand":[183],"product_cat":[184],"product_tag":[],"class_list":{"0":"post-18105","1":"product","2":"type-product","3":"status-publish","4":"has-post-thumbnail","6":"product_brand-klinik-sankt-moritz","7":"product_cat-easycolon","9":"first","10":"instock","11":"shipping-taxable","12":"purchasable","13":"product-type-simple"},"acf":[],"_links":{"self":[{"href":"https:\/\/kliniksanktmoritz.ch\/it\/wp-json\/wp\/v2\/product\/18105","targetHints":{"allow":["GET"]}}],"collection":[{"href":"https:\/\/kliniksanktmoritz.ch\/it\/wp-json\/wp\/v2\/product"}],"about":[{"href":"https:\/\/kliniksanktmoritz.ch\/it\/wp-json\/wp\/v2\/types\/product"}],"wp:featuredmedia":[{"embeddable":true,"href":"https:\/\/kliniksanktmoritz.ch\/it\/wp-json\/wp\/v2\/media\/18112"}],"wp:attachment":[{"href":"https:\/\/kliniksanktmoritz.ch\/it\/wp-json\/wp\/v2\/media?parent=18105"}],"wp:term":[{"taxonomy":"product_brand","embeddable":true,"href":"https:\/\/kliniksanktmoritz.ch\/it\/wp-json\/wp\/v2\/product_brand?post=18105"},{"taxonomy":"product_cat","embeddable":true,"href":"https:\/\/kliniksanktmoritz.ch\/it\/wp-json\/wp\/v2\/product_cat?post=18105"},{"taxonomy":"product_tag","embeddable":true,"href":"https:\/\/kliniksanktmoritz.ch\/it\/wp-json\/wp\/v2\/product_tag?post=18105"}],"curies":[{"name":"wp","href":"https:\/\/api.w.org\/{rel}","templated":true}]}}