{"id":19895,"date":"2025-05-14T15:28:32","date_gmt":"2025-05-14T14:28:32","guid":{"rendered":"https:\/\/kliniksanktmoritz.ch\/?post_type=product&#038;p=19895"},"modified":"2025-05-21T18:18:03","modified_gmt":"2025-05-21T17:18:03","slug":"certified-backlink-cv-yearly-by-verduci-editore","status":"publish","type":"product","link":"https:\/\/kliniksanktmoritz.ch\/it\/prodotto\/backlink-certificato-cv-annualmente-da-verduci-editore\/","title":{"rendered":"Backlink certificato e CV annuale"},"content":{"rendered":"<h3 data-start=\"185\" data-end=\"246\">\ud83d\udea8 <strong data-start=\"188\" data-end=\"244\">In un mondo pieno di falsi, siate quelli che sono stati verificati.<\/strong><\/h3>\n<h4 data-start=\"248\" data-end=\"308\">Chiunque pu\u00f2 acquistare un dominio.<br data-start=\"272\" data-end=\"275\" \/>Solo <em data-start=\"280\" data-end=\"285\">voi<\/em> pu\u00f2 rivendicare la verit\u00e0.<\/h4>\n<h5 data-start=\"310\" data-end=\"489\">\ud83c\udf10 <strong data-start=\"313\" data-end=\"358\">Backlink certificato da Klinik Sankt Moritz<\/strong><br data-start=\"358\" data-end=\"361\" \/>Una connessione sicura e permanente tra il vostro sito web ufficiale e un profilo verificato che urla:<br data-start=\"458\" data-end=\"461\" \/><strong data-start=\"461\" data-end=\"489\">\"Questo \u00e8 il vero affare\".<\/strong><\/h5>\n<h5 data-start=\"491\" data-end=\"600\">\u2714\ufe0f La vostra licenza, verificata<br data-start=\"516\" data-end=\"519\" \/>\u2714\ufe0f Il vostro CV \u00e8 disponibile<br data-start=\"544\" data-end=\"547\" \/>\u2714\ufe0f Il tuo nome, protetto<br data-start=\"570\" data-end=\"573\" \/>\u2714\ufe0f I vostri pazienti, rassicurati<\/h5>\n<h5 data-start=\"602\" data-end=\"733\">\ud83e\udde0 Dite addio alla confusione online e alle identit\u00e0 clonate. Dite ciao a <strong data-start=\"673\" data-end=\"690\">fiducia istantanea<\/strong>credibilit\u00e0 globale e visibilit\u00e0 d'\u00e9lite.<\/h5>\n<hr data-start=\"735\" data-end=\"738\" \/>\n<h5 data-start=\"740\" data-end=\"899\"><strong data-start=\"740\" data-end=\"761\">\u26a0\ufe0f Controllo della realt\u00e0:<\/strong><br data-start=\"761\" data-end=\"764\" \/>Un sito web da solo non basta pi\u00f9.<br data-start=\"800\" data-end=\"803\" \/>Recensioni false. Facce finte. Finti esperti.<br data-start=\"842\" data-end=\"845\" \/>Eppure, lei \u00e8 reale. Qualificati. Affidabile. Ora lo dimostri.<\/h5>\n<hr data-start=\"901\" data-end=\"904\" \/>\n<h5 data-start=\"906\" data-end=\"1099\">\ud83d\udca1 <strong data-start=\"909\" data-end=\"926\">Immaginate questo:<\/strong><br data-start=\"926\" data-end=\"929\" \/>Un paziente cerca il vostro nome su Google.<br data-start=\"957\" data-end=\"960\" \/>Trovano il vostro sito. Cliccano sul vostro backlink certificato.<br data-start=\"1011\" data-end=\"1014\" \/>Boom: il tuo CV verificato su Klinik Sankt Moritz.<br data-start=\"1060\" data-end=\"1063\" \/>Autenticit\u00e0. Autorit\u00e0. Ammirazione.<\/h5>\n<hr data-start=\"1101\" data-end=\"1104\" \/>\n<h5 data-start=\"1106\" data-end=\"1289\">\ud83d\udd25 <strong data-start=\"1109\" data-end=\"1161\">E il costo per distinguersi? Solo 500 franchi svizzeri all'anno.<\/strong><br data-start=\"1161\" data-end=\"1164\" \/>\u00c8 meno di un caff\u00e8 al giorno, per uno scudo pubblico di fiducia, un'identit\u00e0 digitale a prova di proiettile e una tranquillit\u00e0 che dura tutta la vita.<\/h5>\n<hr data-start=\"1291\" data-end=\"1294\" \/>\n<h5 data-start=\"1296\" data-end=\"1443\">\ud83d\ude80 <strong data-start=\"1299\" data-end=\"1339\">ATTIVA ORA IL TUO BACKLINK CERTIFICATO<\/strong><br data-start=\"1339\" data-end=\"1342\" \/>\ud83d\udd17 Verifica qui<br data-start=\"1364\" data-end=\"1367\" \/>Perch\u00e9 <em data-start=\"1375\" data-end=\"1386\">apparire<\/em> affidabile \u00e8 facile.<br data-start=\"1407\" data-end=\"1410\" \/><strong data-start=\"1410\" data-end=\"1425\">Dimostrarlo?<\/strong> \u00c8 leggendario.<\/h5>","protected":false},"excerpt":{"rendered":"<h3>Backlink e CV certificati - Annuale di Verduci Editore<\/h3>\n<h5><a href=\"https:\/\/wise.com\/gb\/currency-converter\/currencies\/chf-swiss-franc\"><strong data-start=\"4\" data-end=\"43\">Franco svizzero in tempo reale<\/strong><\/a><br \/>\nIn quanto azienda svizzera, operiamo principalmente in franchi svizzeri, simbolo di stabilit\u00e0 e affidabilit\u00e0. Date le fluttuazioni del mercato globale, questo garantisce efficienza e trasparenza, riducendo al minimo le incertezze legate alla valuta.<\/h5>","protected":false},"featured_media":19770,"template":"","meta":{"_acf_changed":false,"wds_primary_product_brand":0,"wds_primary_product_cat":0,"_wordproof_timestamp":false},"product_brand":[],"product_cat":[164,119,158],"product_tag":[162,163,187],"class_list":{"0":"post-19895","1":"product","2":"type-product","3":"status-publish","4":"has-post-thumbnail","6":"product_cat-certification","7":"product_cat-partner","8":"product_cat-worldmedcert","9":"product_tag-certified-degree","10":"product_tag-certified-medical-doctor","11":"product_tag-klinik-sankt-moritz-id","12":"yith_shop_vendor-verduci","14":"first","15":"instock","16":"virtual","17":"purchasable","18":"product-type-simple"},"acf":[],"_links":{"self":[{"href":"https:\/\/kliniksanktmoritz.ch\/it\/wp-json\/wp\/v2\/product\/19895","targetHints":{"allow":["GET"]}}],"collection":[{"href":"https:\/\/kliniksanktmoritz.ch\/it\/wp-json\/wp\/v2\/product"}],"about":[{"href":"https:\/\/kliniksanktmoritz.ch\/it\/wp-json\/wp\/v2\/types\/product"}],"wp:featuredmedia":[{"embeddable":true,"href":"https:\/\/kliniksanktmoritz.ch\/it\/wp-json\/wp\/v2\/media\/19770"}],"wp:attachment":[{"href":"https:\/\/kliniksanktmoritz.ch\/it\/wp-json\/wp\/v2\/media?parent=19895"}],"wp:term":[{"taxonomy":"product_brand","embeddable":true,"href":"https:\/\/kliniksanktmoritz.ch\/it\/wp-json\/wp\/v2\/product_brand?post=19895"},{"taxonomy":"product_cat","embeddable":true,"href":"https:\/\/kliniksanktmoritz.ch\/it\/wp-json\/wp\/v2\/product_cat?post=19895"},{"taxonomy":"product_tag","embeddable":true,"href":"https:\/\/kliniksanktmoritz.ch\/it\/wp-json\/wp\/v2\/product_tag?post=19895"}],"curies":[{"name":"wp","href":"https:\/\/api.w.org\/{rel}","templated":true}]}}