{"id":19900,"date":"2025-05-14T15:33:46","date_gmt":"2025-05-14T14:33:46","guid":{"rendered":"https:\/\/kliniksanktmoritz.ch\/?post_type=product&#038;p=19900"},"modified":"2025-05-14T15:35:01","modified_gmt":"2025-05-14T14:35:01","slug":"controllo-annuale-di-idoneita-platino-top-20-di-verduci-editore","status":"publish","type":"product","link":"https:\/\/kliniksanktmoritz.ch\/it\/prodotto\/controllo-annuale-di-idoneita-platino-top-20-di-verduci-editore\/","title":{"rendered":"Annuale platino + controllo di idoneit\u00e0 TOP 20% di Verduci Editore"},"content":{"rendered":"<h3>\ud83d\udc68\u200d\u2695\ufe0f <em>Siete medici? Allora \u00e8 il vostro momento di dominare l'era digitale della medicina.<\/em><\/h3>\n<p><strong>Medici e dottori, <em>Medici estetici<\/em>Fisiatri, Psichiatri, Dietologi, Osteopati (USA):<\/strong><br \/>\nSiete nati per guarire. Ora \u00e8 il momento di certificare la vostra genialit\u00e0.<\/p>\n<hr \/>\n<p>\ud83c\udf96\ufe0f <strong>Klinik Sankt Moritz Certificazione medica<\/strong><br \/>\nPi\u00f9 che una certificazione, \u00e8 il vostro passaporto d'\u00e9lite per un riconoscimento globale nell'assistenza sanitaria digitale.<br \/>\nVerifica. Autorit\u00e0. Reputazione. Visibilit\u00e0 mondiale. Tutto in un unico prestigioso distintivo.<\/p>\n<hr \/>\n<p><strong>\ud83d\udd0d Cosa ci guadagna?<\/strong><br \/>\n\u2705 Identit\u00e0 verificata (KYC) + CV gestito con competenza.<br \/>\n\u2705 Accesso al Gemello Digitale: fidelizzazione del paziente per tutta la vita, monitoraggio intelligente della salute.<br \/>\n\u2705 Formazione continua + le pi\u00f9 recenti tecnologie mediche.<br \/>\nSuite ShareKey: Comunicazione e controllo dei dati criptati di livello svizzero.<br \/>\n\u2705 Rete di ambasciatori e referenti diretti.<br \/>\nProtezione dell'identit\u00e0 digitale + aumento della credibilit\u00e0.<br \/>\nEsposizione internazionale, SEO di alto livello, reputazione d'\u00e9lite.<\/p>\n<hr \/>\n<p>\ud83d\udca5 <strong>Ora immaginate questo:<\/strong><br \/>\nUn paziente vi trova. Vede il badge della Klinik Sankt Moritz.<br \/>\nSanno che siete un'\u00e9lite. Si fidano di voi. Vi scelgono. Rimangono.<\/p>\n<hr \/>\n<h1>\ud83d\ude80 <strong>MIGLIOR PREZZO<br \/>\n<\/strong>\ud83d\udd25 TOP <em>Risparmiate 20% con il pagamento unico rispetto a quello mensile!<br \/>\nCHF <strong>1.511<\/strong><\/em><\/h1>\n<hr \/>\n<p>\ud83d\udc49 <strong>CLICCATE QUI E OTTENETE SUBITO LA CERTIFICAZIONE.<\/strong><br \/>\n<em>Dominate i motori di ricerca, stupite i pazienti ed entrate nella hall of fame digitale.<\/em><br \/>\n<strong>Non aspettate il futuro, diventate il futuro.<\/strong><\/p>","protected":false},"excerpt":{"rendered":"<p><a href=\"https:\/\/wise.com\/gb\/currency-converter\/currencies\/chf-swiss-franc\"><strong data-start=\"4\" data-end=\"43\">Franco svizzero in tempo reale<\/strong><\/a><br \/>\nIn quanto azienda svizzera, operiamo principalmente in franchi svizzeri, simbolo di stabilit\u00e0 e affidabilit\u00e0. Date le fluttuazioni del mercato globale, questo garantisce efficienza e trasparenza, riducendo al minimo le incertezze legate alla valuta.<\/p>","protected":false},"featured_media":19773,"template":"","meta":{"_acf_changed":false,"wds_primary_product_brand":0,"wds_primary_product_cat":0,"_wordproof_timestamp":false},"product_brand":[],"product_cat":[164,119,158],"product_tag":[162,163,187],"class_list":{"0":"post-19900","1":"product","2":"type-product","3":"status-publish","4":"has-post-thumbnail","6":"product_cat-certification","7":"product_cat-partner","8":"product_cat-worldmedcert","9":"product_tag-certified-degree","10":"product_tag-certified-medical-doctor","11":"product_tag-klinik-sankt-moritz-id","12":"yith_shop_vendor-verduci","14":"first","15":"instock","16":"virtual","17":"purchasable","18":"product-type-simple"},"acf":[],"_links":{"self":[{"href":"https:\/\/kliniksanktmoritz.ch\/it\/wp-json\/wp\/v2\/product\/19900","targetHints":{"allow":["GET"]}}],"collection":[{"href":"https:\/\/kliniksanktmoritz.ch\/it\/wp-json\/wp\/v2\/product"}],"about":[{"href":"https:\/\/kliniksanktmoritz.ch\/it\/wp-json\/wp\/v2\/types\/product"}],"wp:featuredmedia":[{"embeddable":true,"href":"https:\/\/kliniksanktmoritz.ch\/it\/wp-json\/wp\/v2\/media\/19773"}],"wp:attachment":[{"href":"https:\/\/kliniksanktmoritz.ch\/it\/wp-json\/wp\/v2\/media?parent=19900"}],"wp:term":[{"taxonomy":"product_brand","embeddable":true,"href":"https:\/\/kliniksanktmoritz.ch\/it\/wp-json\/wp\/v2\/product_brand?post=19900"},{"taxonomy":"product_cat","embeddable":true,"href":"https:\/\/kliniksanktmoritz.ch\/it\/wp-json\/wp\/v2\/product_cat?post=19900"},{"taxonomy":"product_tag","embeddable":true,"href":"https:\/\/kliniksanktmoritz.ch\/it\/wp-json\/wp\/v2\/product_tag?post=19900"}],"curies":[{"name":"wp","href":"https:\/\/api.w.org\/{rel}","templated":true}]}}