{"id":20326,"date":"2025-05-27T21:43:59","date_gmt":"2025-05-27T20:43:59","guid":{"rendered":"https:\/\/kliniksanktmoritz.ch\/?post_type=product&#038;p=20326"},"modified":"2025-05-27T22:10:27","modified_gmt":"2025-05-27T21:10:27","slug":"gemello-digitale-versione-molecolare","status":"publish","type":"product","link":"https:\/\/kliniksanktmoritz.ch\/it\/prodotto\/gemello-digitale-versione-molecolare\/","title":{"rendered":"Gemello digitale - Versione molecolare"},"content":{"rendered":"<h1 data-start=\"436\" data-end=\"485\">Che cos'\u00e8 il gemello digitale - versione molecolare?<\/h1>\n<h2 >Il <strong >Versione molecolare Digital Twin<\/strong> \u00e8 una tecnologia sanitaria avanzata che raccoglie e visualizza <strong data-start=\"588\" data-end=\"621\">dati in tempo reale dal vostro corpo<\/strong>, tra cui:<\/h2>\n<ul data-start=\"635\" data-end=\"761\">\n<li data-start=\"635\" data-end=\"665\">\n<h3 ><strong >Tracker sanitari indossabili<\/strong><\/h3>\n<\/li>\n<li data-start=\"666\" data-end=\"688\">\n<h3 data-start=\"668\" data-end=\"688\"><strong data-start=\"668\" data-end=\"688\">Biomarcatori del sangue<\/strong><\/h3>\n<\/li>\n<li data-start=\"689\" data-end=\"719\">\n<h3 data-start=\"691\" data-end=\"719\"><strong data-start=\"691\" data-end=\"719\">Risultati dei test metabolomici<\/strong><\/h3>\n<\/li>\n<li data-start=\"720\" data-end=\"761\">\n<h3 data-start=\"722\" data-end=\"761\"><strong data-start=\"722\" data-end=\"761\">Sonno, stress, frequenza cardiaca e altro ancora<\/strong><\/h3>\n<\/li>\n<\/ul>\n<h3 data-start=\"763\" data-end=\"923\">Trasforma i dati sanitari sparsi in <strong data-start=\"804\" data-end=\"839\">un unico cruscotto intelligente<\/strong>aiutandovi a individuare gli schemi e a prendere decisioni informate sul vostro percorso di benessere.<\/h3>\n<hr data-start=\"925\" data-end=\"928\" \/>\n<h3 data-start=\"930\" data-end=\"960\">\ud83d\udd2c Perch\u00e9 aggiungere dati molecolari?<\/h3>\n<h3 data-start=\"962\" data-end=\"1055\"><strong data-start=\"962\" data-end=\"983\">Test molecolari<\/strong> vi offre uno sguardo unico all'interno del vostro corpo, anche prima della comparsa dei sintomi.<\/h3>\n<h3 data-start=\"1057\" data-end=\"1136\">Tracciando i biomarcatori chiave <strong data-start=\"1084\" data-end=\"1106\">2-3 volte all'anno<\/strong>, si acquisisce una conoscenza approfondita di:<\/h3>\n<ul data-start=\"1138\" data-end=\"1322\">\n<li data-start=\"1138\" data-end=\"1178\">\n<h4 data-start=\"1140\" data-end=\"1178\">Metabolismo dei nutrienti e carenze<\/h4>\n<\/li>\n<li data-start=\"1179\" data-end=\"1221\">\n<h4 data-start=\"1181\" data-end=\"1221\">Infiammazione precoce o stress ossidativo<\/h4>\n<\/li>\n<li data-start=\"1222\" data-end=\"1245\">\n<h4 data-start=\"1224\" data-end=\"1245\">Squilibri ormonali<\/h4>\n<\/li>\n<li data-start=\"1246\" data-end=\"1279\">\n<h4 data-start=\"1248\" data-end=\"1279\">Problemi di recupero legati al sonno<\/h4>\n<\/li>\n<li data-start=\"1280\" data-end=\"1322\">\n<h4 data-start=\"1282\" data-end=\"1322\">Stanchezza cronica e rallentamento metabolico<\/h4>\n<\/li>\n<\/ul>\n<h4 data-start=\"1324\" data-end=\"1397\">\ud83e\udde0 \u00c8 pi\u00f9 di un dato. \u00c8 <strong data-start=\"1353\" data-end=\"1397\">previsioni sulla salute basate sulla scienza reale.<\/strong><\/h4>\n<hr data-start=\"1399\" data-end=\"1402\" \/>\n<h3 data-start=\"1404\" data-end=\"1441\">\ud83d\udcca Il vostro cruscotto sanitario completo<\/h3>\n<h4 data-start=\"1443\" data-end=\"1503\">Non \u00e8 pi\u00f9 necessario passare da un'app all'altra.<br data-start=\"1474\" data-end=\"1477\" \/>Niente pi\u00f9 rapporti confusi.<\/h4>\n<h4 data-start=\"1505\" data-end=\"1589\">Il Digital Twin si integra con oltre <strong data-start=\"1543\" data-end=\"1577\">300 dispositivi per la salute e il fitness<\/strong>, tra cui:<\/h4>\n<ul data-start=\"1591\" data-end=\"1762\">\n<li data-start=\"1591\" data-end=\"1645\">\n<h4 data-start=\"1593\" data-end=\"1645\">Apple Health, Fitbit, Oura, Garmin, Samsung Health<\/h4>\n<\/li>\n<li data-start=\"1646\" data-end=\"1698\">\n<h4 data-start=\"1648\" data-end=\"1698\">Dexcom, Polar, Withings, Whoop, Strava e molto altro ancora.<\/h4>\n<\/li>\n<li data-start=\"1699\" data-end=\"1762\">\n<h4 data-start=\"1701\" data-end=\"1762\">Prossime integrazioni: Tesla, Peloton, Calm, iFit e altri.<\/h4>\n<\/li>\n<\/ul>\n<h4 data-start=\"1764\" data-end=\"1840\">Tutti i segnali di salute - <strong data-start=\"1790\" data-end=\"1813\">visualizzati insieme<\/strong>, in modo chiaro e in tempo reale.<\/h4>\n<hr data-start=\"1842\" data-end=\"1845\" \/>\n<h3 data-start=\"1847\" data-end=\"1898\">\ud83d\udd10 Sicurezza informatica senza pari per i vostri dati sanitari<\/h3>\n<ul data-start=\"1900\" data-end=\"2012\">\n<li data-start=\"1900\" data-end=\"1921\">\n<h4 data-start=\"1902\" data-end=\"1921\"><strong data-start=\"1902\" data-end=\"1921\">Completamente crittografato<\/strong><\/h4>\n<\/li>\n<li data-start=\"1922\" data-end=\"1949\">\n<h4 data-start=\"1924\" data-end=\"1949\"><strong data-start=\"1924\" data-end=\"1949\">Archiviazione in cloud privato<\/strong><\/h4>\n<\/li>\n<li data-start=\"1950\" data-end=\"1977\">\n<h4 data-start=\"1952\" data-end=\"1977\"><strong data-start=\"1952\" data-end=\"1977\">Nessun accesso da parte di terzi<\/strong><\/h4>\n<\/li>\n<li data-start=\"1978\" data-end=\"2012\">\n<h4 data-start=\"1980\" data-end=\"2012\"><strong data-start=\"1980\" data-end=\"2012\">Il controllo dei dati \u00e8 sempre vostro<\/strong><\/h4>\n<\/li>\n<\/ul>\n<h4 data-start=\"2014\" data-end=\"2077\">I vostri dati medici meritano <strong data-start=\"2041\" data-end=\"2076\">il massimo livello di protezione<\/strong>.<\/h4>\n<hr data-start=\"2079\" data-end=\"2082\" \/>\n<h3 data-start=\"2084\" data-end=\"2109\">\ud83c\udfaf Chi dovrebbe usarlo?<\/h3>\n<h4 data-start=\"2111\" data-end=\"2331\">\u2705 Professionisti della salute e persone con prestazioni elevate<br data-start=\"2153\" data-end=\"2156\" \/>\u2705 Appassionati di fitness e atleti<br data-start=\"2190\" data-end=\"2193\" \/>\u2705 Persone che gestiscono condizioni croniche<br data-start=\"2229\" data-end=\"2232\" \/>\u2705 Chiunque cerchi <strong data-start=\"2249\" data-end=\"2281\">monitoraggio preventivo della salute<\/strong><br data-start=\"2281\" data-end=\"2284\" \/>\u2705 Biohacker, coach e ottimizzatori dello stile di vita<\/h4>\n<hr data-start=\"2333\" data-end=\"2336\" \/>\n<h3 data-start=\"2338\" data-end=\"2374\">\ud83d\udca5 Smettere di indovinare. Iniziare a conoscere.<\/h3>\n<h4 data-start=\"2376\" data-end=\"2470\">La sanit\u00e0 tradizionale aspetta che qualcosa vada storto.<br data-start=\"2427\" data-end=\"2430\" \/>Digital Twin + Molecular Data vi aiuta:<\/h4>\n<ul data-start=\"2472\" data-end=\"2618\">\n<li data-start=\"2472\" data-end=\"2497\">\n<h4 data-start=\"2474\" data-end=\"2497\">Individuare precocemente i problemi<\/h4>\n<\/li>\n<li data-start=\"2498\" data-end=\"2539\">\n<h4 data-start=\"2500\" data-end=\"2539\">Ottimizzare la dieta, il sonno e l'energia<\/h4>\n<\/li>\n<li data-start=\"2540\" data-end=\"2582\">\n<h4 data-start=\"2542\" data-end=\"2582\">Personalizzare l'allenamento o il trattamento<\/h4>\n<\/li>\n<li data-start=\"2583\" data-end=\"2618\">\n<h4 data-start=\"2585\" data-end=\"2618\">Fare scelte sanitarie basate sui dati<\/h4>\n<\/li>\n<\/ul>\n<hr data-start=\"2620\" data-end=\"2623\" \/>\n<h1 data-start=\"2625\" data-end=\"2652\">\ud83d\ude80 Per soli 500 CHF\/mese<\/h1>\n<h2 data-start=\"2654\" data-end=\"2752\">Prendete il controllo della vostra salute con il pi\u00f9 <strong data-start=\"2696\" data-end=\"2741\">tecnologia avanzata per il benessere personalizzato<\/strong> disponibile.<\/h2>\n<h2 data-start=\"2754\" data-end=\"2841\"><strong data-start=\"2754\" data-end=\"2790\">Gemello digitale - Versione molecolare<\/strong><br data-start=\"2790\" data-end=\"2793\" \/>Il vostro corpo. Le vostre molecole. Il vostro futuro - mappato.<\/h2>\n<h2 data-start=\"2843\" data-end=\"2959\">\ud83d\udc49 <strong data-start=\"2846\" data-end=\"2904\">Iscrivetevi ora. Anticipate le malattie. Possedere i dati sulla salute.<\/strong><br data-start=\"2904\" data-end=\"2907\" \/>Perch\u00e9 la prevenzione non \u00e8 una tendenza. \u00c8 una rivoluzione.<\/h2>","protected":false},"excerpt":{"rendered":"<h1 data-start=\"233\" data-end=\"280\">\ud83e\uddec Gemello digitale - Cruscotto della salute molecolare<\/h1>\n<h2 data-start=\"282\" data-end=\"429\"><strong data-start=\"282\" data-end=\"326\">Scoprite cosa il vostro corpo non pu\u00f2 ancora dirvi.<\/strong><\/h2>\n<h3 data-start=\"282\" data-end=\"429\">Tracciare i cambiamenti molecolari. Rilevare i modelli. Prevenire le malattie.<br data-start=\"387\" data-end=\"390\" \/><strong data-start=\"390\" data-end=\"429\">Tutto in un cruscotto intelligente e sicuro.<\/strong><\/h3>\n<h1 data-start=\"2625\" data-end=\"2652\">\ud83d\ude80 Per soli 500 CHF\/mese<\/h1>","protected":false},"featured_media":20321,"template":"","meta":{"_acf_changed":false,"wds_primary_product_brand":0,"wds_primary_product_cat":0,"_wordproof_timestamp":false},"product_brand":[183],"product_cat":[69],"product_tag":[],"class_list":{"0":"post-20326","1":"product","2":"type-product","3":"status-publish","4":"has-post-thumbnail","6":"product_brand-klinik-sankt-moritz","7":"product_cat-uncategorized","9":"first","10":"instock","11":"virtual","12":"purchasable","13":"product-type-simple"},"acf":[],"_links":{"self":[{"href":"https:\/\/kliniksanktmoritz.ch\/it\/wp-json\/wp\/v2\/product\/20326","targetHints":{"allow":["GET"]}}],"collection":[{"href":"https:\/\/kliniksanktmoritz.ch\/it\/wp-json\/wp\/v2\/product"}],"about":[{"href":"https:\/\/kliniksanktmoritz.ch\/it\/wp-json\/wp\/v2\/types\/product"}],"wp:featuredmedia":[{"embeddable":true,"href":"https:\/\/kliniksanktmoritz.ch\/it\/wp-json\/wp\/v2\/media\/20321"}],"wp:attachment":[{"href":"https:\/\/kliniksanktmoritz.ch\/it\/wp-json\/wp\/v2\/media?parent=20326"}],"wp:term":[{"taxonomy":"product_brand","embeddable":true,"href":"https:\/\/kliniksanktmoritz.ch\/it\/wp-json\/wp\/v2\/product_brand?post=20326"},{"taxonomy":"product_cat","embeddable":true,"href":"https:\/\/kliniksanktmoritz.ch\/it\/wp-json\/wp\/v2\/product_cat?post=20326"},{"taxonomy":"product_tag","embeddable":true,"href":"https:\/\/kliniksanktmoritz.ch\/it\/wp-json\/wp\/v2\/product_tag?post=20326"}],"curies":[{"name":"wp","href":"https:\/\/api.w.org\/{rel}","templated":true}]}}