{"id":11145,"date":"2024-03-05T15:05:15","date_gmt":"2024-03-05T14:05:15","guid":{"rendered":"https:\/\/kliniksanktmoritz.ch\/?page_id=11145"},"modified":"2024-09-24T13:23:06","modified_gmt":"2024-09-24T12:23:06","slug":"spa","status":"publish","type":"page","link":"https:\/\/kliniksanktmoritz.ch\/pt\/spa\/","title":{"rendered":"SPA"},"content":{"rendered":"<section class=\"bde-section-11145-103 bde-section\">\n  \n  \n\t\n\n\n\n<div class=\"section-container\"><div class=\"bde-button-11145-104 bde-button\">\n        \n    \n    \n    \n    \n            \n                    \n            \n            \n\n    \n    \n    \n    \n    \n    <a class=\"breakdance-link button-atom button-atom--secondary bde-button__button\" href=\"https:\/\/calendly.com\/ksm_darpa\/partner-clinic\" target=\"_self\" data-type=\"url\" rel=\"noopener\">\n\n    \n        <span class=\"button-atom__text\">\/Tornou-se um parceiro<\/span>\n\n        \n        \n                <\/a>\n\n    \n\n\n<\/div><div class=\"bde-columns-11145-105 bde-columns\"><div class=\"bde-column-11145-106 bde-column\">\n  \n  \n\t\n\n\n\n<h2 class=\"bde-dual-heading-11145-107 bde-dual-heading\">\n\n\n            <span data-style=\"primary\" class=\"dual-heading--primary\">Descubra o futuro do bem-estar e da sa\u00fade com <\/span>\n\n            <span data-style=\"secondary\" class=\"dual-heading--secondary\">G\u00eameo digital da Klinik Sankt Moritz<\/span>\n\n\n\n<\/h2><div class=\"bde-text-11145-108 bde-text\">\nImagine um mundo em que a experi\u00eancia rejuvenescedora de um spa de luxo se estenda muito al\u00e9m de seus limites f\u00edsicos. Um lugar onde o seu bem-estar n\u00e3o se limita a um retiro de fim de semana ou a uma desintoxica\u00e7\u00e3o de uma semana, mas onde os benef\u00edcios de um estilo de vida hol\u00edstico s\u00e3o integrados \u00e0 sua rotina di\u00e1ria, onde quer que voc\u00ea esteja no mundo. Essa \u00e9 a promessa da revolucion\u00e1ria tecnologia Digital Twin do Klinik Sankt Moritz - uma combina\u00e7\u00e3o perfeita de servi\u00e7os tradicionais de spa e assist\u00eancia m\u00e9dica digital de ponta.<br><br>\n<\/div><div class=\"bde-button-11145-109 bde-button\">\n        \n    \n    \n    \n    \n            \n                    \n            \n            \n\n    \n    \n    \n    \n    \n    <a class=\"breakdance-link button-atom button-atom--secondary bde-button__button\" href=\"https:\/\/kliniksanktmoritz.ch\/pt\/clinicas\/\" target=\"_self\" data-type=\"url\">\n\n    \n        <span class=\"button-atom__text\">\/G\u00eameo digital para cl\u00ednicas <\/span>\n\n        \n        \n                <\/a>\n\n    \n\n\n<\/div><div class=\"bde-button-11145-110 bde-button\">\n        \n    \n    \n    \n    \n            \n                    \n            \n            \n\n    \n    \n    \n    \n    \n    <a class=\"breakdance-link button-atom button-atom--secondary bde-button__button\" href=\"https:\/\/calendly.com\/ksm_darpa\/partner-clinic\" target=\"_self\" data-type=\"url\" rel=\"noopener\">\n\n    \n        <span class=\"button-atom__text\">\/marcar uma consulta<\/span>\n\n        \n        \n                <\/a>\n\n    \n\n\n<\/div>\n<\/div><div class=\"bde-column-11145-111 bde-column\">\n  \n  \n\t\n\n\n\n<div class=\"bde-image-11145-112 bde-image\">\n<figure class=\"breakdance-image breakdance-image--12552\">\n\t<div class=\"breakdance-image-container\">\n\t\t<div class=\"breakdance-image-clip\"><img loading=\"lazy\" decoding=\"async\" class=\"breakdance-image-object\" src=\"https:\/\/kliniksanktmoritz.ch\/wp-content\/uploads\/2024\/09\/DALL\u00b7E-2024-09-18-12.02.56-A-futuristic-beauty-salon-where-a-beauty-professional-esthetician-is-interacting-with-a-digital-twin-system-alongside-a-client.-The-esthetician-is-u.webp\" width=\"1024\" height=\"1024\" srcset=\"https:\/\/kliniksanktmoritz.ch\/wp-content\/uploads\/2024\/09\/DALL\u00b7E-2024-09-18-12.02.56-A-futuristic-beauty-salon-where-a-beauty-professional-esthetician-is-interacting-with-a-digital-twin-system-alongside-a-client.-The-esthetician-is-u.webp 1024w, https:\/\/kliniksanktmoritz.ch\/wp-content\/uploads\/2024\/09\/DALL\u00b7E-2024-09-18-12.02.56-A-futuristic-beauty-salon-where-a-beauty-professional-esthetician-is-interacting-with-a-digital-twin-system-alongside-a-client.-The-esthetician-is-u-300x300.webp 300w, https:\/\/kliniksanktmoritz.ch\/wp-content\/uploads\/2024\/09\/DALL\u00b7E-2024-09-18-12.02.56-A-futuristic-beauty-salon-where-a-beauty-professional-esthetician-is-interacting-with-a-digital-twin-system-alongside-a-client.-The-esthetician-is-u-150x150.webp 150w, https:\/\/kliniksanktmoritz.ch\/wp-content\/uploads\/2024\/09\/DALL\u00b7E-2024-09-18-12.02.56-A-futuristic-beauty-salon-where-a-beauty-professional-esthetician-is-interacting-with-a-digital-twin-system-alongside-a-client.-The-esthetician-is-u-768x768.webp 768w, https:\/\/kliniksanktmoritz.ch\/wp-content\/uploads\/2024\/09\/DALL\u00b7E-2024-09-18-12.02.56-A-futuristic-beauty-salon-where-a-beauty-professional-esthetician-is-interacting-with-a-digital-twin-system-alongside-a-client.-The-esthetician-is-u-600x600.webp 600w\" sizes=\"auto, (max-width: 1024px) 100vw, 1024px\" alt=\"\" title=\"\"><\/div>\n\t<\/div><\/figure>\n\n<\/div>\n<\/div><\/div><div class=\"bde-text-11145-113 bde-text\">\nNo comando dessa transforma\u00e7\u00e3o est\u00e1 o spa, conhecido por oferecer uma ampla variedade de servi\u00e7os, desde luxuosos tratamentos de pele at\u00e9 procedimentos est\u00e9ticos com orienta\u00e7\u00e3o m\u00e9dica. N\u00e3o se trata apenas de indulg\u00eancias passageiras, mas de experi\u00eancias personalizadas criadas para melhorar seu bem-estar, tanto interno quanto externo. O spa h\u00e1 muito tempo \u00e9 um santu\u00e1rio de sa\u00fade e relaxamento, um lugar onde os clientes podem se desconectar do estresse da vida cotidiana e mergulhar em um mundo de mimos e rejuvenescimento.<br><br>Entretanto, h\u00e1 uma limita\u00e7\u00e3o natural para o que um spa pode oferecer. Normalmente, um cliente - muitas vezes considerado um paciente nesse contexto - fica por um per\u00edodo limitado, que varia de uma r\u00e1pida escapada de fim de semana a um retiro mais indulgente de uma semana. Mas o que acontece depois que a desintoxica\u00e7\u00e3o termina e o cliente retorna \u00e0 sua vida cotidiana? \u00c9 a\u00ed que a magia do G\u00eameo Digital entra em a\u00e7\u00e3o.<br><br>O Digital Twin oferece um n\u00edvel inigual\u00e1vel de suporte e continuidade por dois motivos principais. Em primeiro lugar, ele o acompanha at\u00e9 sua casa, onde quer que voc\u00ea esteja no mundo. O spa pode estar localizado em uma \u00e1rea rural pitoresca ou em uma cidade movimentada, mas o Digital Twin garante que seus benef\u00edcios sejam acess\u00edveis a voc\u00ea, tornando-o uma verdadeira personifica\u00e7\u00e3o do turismo de sa\u00fade. O impacto da sua experi\u00eancia no spa n\u00e3o termina mais quando voc\u00ea faz o check-out; em vez disso, ela se torna uma companheira para toda a vida em sua jornada rumo \u00e0 sa\u00fade ideal.<br><br>Em segundo lugar, o Digital Twin permite que o spa ofere\u00e7a um regime de estilo de vida cont\u00ednuo e personalizado. Isso significa que, mesmo depois de sair dos confins tranquilos do spa, voc\u00ea pode continuar a aproveitar os benef\u00edcios das recomenda\u00e7\u00f5es de estilo de vida selecionadas por especialistas. De planos de dieta a rotinas de bem-estar, o Digital Twin monitora a sua ades\u00e3o a essas diretrizes, fornecendo feedback e ajustes conforme necess\u00e1rio. \u00c9 como ter um concierge pessoal de sa\u00fade, dispon\u00edvel com o toque de um bot\u00e3o, orientando-o em cada etapa de sua jornada de bem-estar.<br><br>O que isso significa para voc\u00ea? Significa que voc\u00ea nunca est\u00e1 sozinho em sua busca por sa\u00fade e bem-estar. Com ferramentas como uma balan\u00e7a inteligente e um di\u00e1rio alimentar digital, o spa pode monitorar o seu progresso e garantir que voc\u00ea se mantenha no caminho certo. N\u00e3o importa se voc\u00ea est\u00e1 do outro lado do mundo ou bem pertinho, o Digital Twin o mant\u00e9m conectado ao seu plano de bem-estar personalizado, convidando-o a voltar ao spa quando necess\u00e1rio para mais tratamentos ou consultas.<br><br>E a melhor parte? Os pacientes adoram. A sensa\u00e7\u00e3o de estar sendo cuidado, de fazer parte de um ecossistema de sa\u00fade mais amplo, n\u00e3o \u00e9 vista como intrusiva, mas sim como um sistema de apoio tranquilizador. Isso alivia o fardo de ter que se lembrar de cada detalhe da dieta ou da rotina de cuidados com a pele, pois tudo \u00e9 gerenciado para voc\u00ea. Al\u00e9m disso, com acesso a um painel de controle abrangente, voc\u00ea est\u00e1 sempre informado, podendo se conectar com m\u00e9dicos, nutricionistas e esteticistas de spa. Imagine receber seus produtos favoritos de cuidados com a pele por meio de um conveniente servi\u00e7o de assinatura, adaptado precisamente \u00e0s suas necessidades, garantindo que seu regime de beleza esteja sempre atualizado.<br><br>Este \u00e9 o futuro da sa\u00fade e do bem-estar personalizados - um mundo em que o Digital Twin serve como uma ponte entre voc\u00ea e os benef\u00edcios luxuosos e que melhoram a vida da Klinik Sankt Moritz. N\u00e3o se trata apenas de uma maravilha tecnol\u00f3gica; \u00e9 uma revolu\u00e7\u00e3o no estilo de vida. Uma abordagem conveniente e hol\u00edstica da sa\u00fade e do bem-estar que se adapta \u00e0 sua vida, \u00e0 sua agenda e \u00e0s suas metas, garantindo que os benef\u00edcios do spa estejam com voc\u00ea, n\u00e3o apenas por alguns dias, mas por toda a vida.<br><br>Bem-vindo \u00e0 nova era do bem-estar, onde o Klinik Sankt Moritz e seu Digital Twin est\u00e3o redefinindo a experi\u00eancia de spa, tornando-a um elemento permanente em sua jornada para uma vida mais saud\u00e1vel e feliz.<br>\n<\/div><div class=\"bde-button-11145-114 bde-button\">\n        \n    \n    \n    \n    \n            \n                    \n            \n            \n\n    \n    \n    \n    \n    \n    <a class=\"breakdance-link button-atom button-atom--secondary bde-button__button\" href=\"https:\/\/calendly.com\/ksm_darpa\/partner-clinic\" target=\"_self\" data-type=\"url\" rel=\"noopener\">\n\n    \n        <span class=\"button-atom__text\">\/marcar uma consulta<\/span>\n\n        \n        \n                <\/a>\n\n    \n\n\n<\/div><\/div>\n<\/section>","protected":false},"excerpt":{"rendered":"<p>\/became a partner Discover the Future of Wellness and Healthcare with Klinik Sankt Moritz\u2019s Digital Twin Imagine a world where the rejuvenating experience of a luxury spa extends far beyond its physical boundaries. A place where your well-being is not confined to a weekend retreat or a week-long detox, but where the benefits of a [&hellip;]<\/p>\n","protected":false},"author":1,"featured_media":0,"parent":0,"menu_order":0,"comment_status":"closed","ping_status":"closed","template":"","meta":{"_acf_changed":false,"_breakdance_hide_in_design_set":false,"_breakdance_tags":"","footnotes":"","_wordproof_timestamp":false},"class_list":["post-11145","page","type-page","status-publish","hentry"],"acf":[],"_links":{"self":[{"href":"https:\/\/kliniksanktmoritz.ch\/pt\/wp-json\/wp\/v2\/pages\/11145","targetHints":{"allow":["GET"]}}],"collection":[{"href":"https:\/\/kliniksanktmoritz.ch\/pt\/wp-json\/wp\/v2\/pages"}],"about":[{"href":"https:\/\/kliniksanktmoritz.ch\/pt\/wp-json\/wp\/v2\/types\/page"}],"author":[{"embeddable":true,"href":"https:\/\/kliniksanktmoritz.ch\/pt\/wp-json\/wp\/v2\/users\/1"}],"replies":[{"embeddable":true,"href":"https:\/\/kliniksanktmoritz.ch\/pt\/wp-json\/wp\/v2\/comments?post=11145"}],"version-history":[{"count":5,"href":"https:\/\/kliniksanktmoritz.ch\/pt\/wp-json\/wp\/v2\/pages\/11145\/revisions"}],"predecessor-version":[{"id":12554,"href":"https:\/\/kliniksanktmoritz.ch\/pt\/wp-json\/wp\/v2\/pages\/11145\/revisions\/12554"}],"wp:attachment":[{"href":"https:\/\/kliniksanktmoritz.ch\/pt\/wp-json\/wp\/v2\/media?parent=11145"}],"curies":[{"name":"wp","href":"https:\/\/api.w.org\/{rel}","templated":true}]}}