{"id":11153,"date":"2024-03-05T15:10:09","date_gmt":"2024-03-05T14:10:09","guid":{"rendered":"https:\/\/kliniksanktmoritz.ch\/?page_id=11153"},"modified":"2024-03-05T15:12:08","modified_gmt":"2024-03-05T14:12:08","slug":"academia","status":"publish","type":"page","link":"https:\/\/kliniksanktmoritz.ch\/pt\/academia\/","title":{"rendered":"ACADEMIA DE GIN\u00c1STICA"},"content":{"rendered":"<section class=\"bde-section-11153-100 bde-section\">\n  \n  \n\t\n\n\n\n<div class=\"section-container\"><h1 class=\"bde-dual-heading-11153-101 bde-dual-heading\">\n\n\n            <span data-style=\"primary\" class=\"dual-heading--primary\">Saiba mais sobre<\/span>\n\n            <span data-style=\"secondary\" class=\"dual-heading--secondary\">ACADEMIA DE GIN\u00c1STICA<\/span>\n\n\n\n<\/h1><div class=\"bde-rich-text-11153-102 bde-rich-text breakdance-rich-text-styles\">\n<p>Aumente a for\u00e7a de seus clientes com as mais avan\u00e7adas solu\u00e7\u00f5es de aprimoramento.<\/p>\n<p>Voc\u00ea poder\u00e1 oferecer servi\u00e7os m\u00e9dicos em colabora\u00e7\u00e3o com uma cl\u00ednica que permitir\u00e1 que seus clientes participem de programas de longevidade.<\/p>\n<p>Nossos protocolos s\u00e3o estudados, testados e continuamente atualizados para melhorar o desempenho dos pilotos que competem no Dakar e na F\u00f3rmula 1.<\/p>\n<p>O melhor suporte para a manuten\u00e7\u00e3o de um treinamento intensivo. O Digital Twin registra toda a atividade f\u00edsica, as mudan\u00e7as corporais e, gra\u00e7as \u00e0 medicina molecular, podemos escolher como identificar com precis\u00e3o o treinamento personalizado adequado para o cliente.<\/p>\n<p>O Digital Twin, ao monitorar constantemente todos os dados, incluindo dieta, suplementos, conforma\u00e7\u00e3o corporal e comportamento metab\u00f3lico, sempre sugere a melhor adapta\u00e7\u00e3o com base em seus treinadores pessoais e em seus produtos e servi\u00e7os.<\/p>\n<p>Treinamento de alto n\u00edvel com certifica\u00e7\u00e3o correspondente para seus personal trainers Para personal trainers graduados, est\u00e1 dispon\u00edvel um mestrado de primeiro n\u00edvel Para os m\u00e9dicos da sua equipe, est\u00e1 dispon\u00edvel um mestrado de segundo n\u00edvel.<\/p>\n<\/div><\/div>\n<\/section>","protected":false},"excerpt":{"rendered":"<p>Learn About GYM Boost the strength of your clients with the most advanced enhancement solutions. You will be able to offer medical services in collaboration with a clinic that will allow your clients to enter longevity programs. Our protocols are studied, tested, and continuously updated to improve the performance of pilots racing in Dakar to [&hellip;]<\/p>\n","protected":false},"author":1,"featured_media":0,"parent":0,"menu_order":0,"comment_status":"closed","ping_status":"closed","template":"","meta":{"_acf_changed":false,"_breakdance_hide_in_design_set":false,"_breakdance_tags":"","footnotes":"","_wordproof_timestamp":false},"class_list":["post-11153","page","type-page","status-publish","hentry"],"acf":[],"_links":{"self":[{"href":"https:\/\/kliniksanktmoritz.ch\/pt\/wp-json\/wp\/v2\/pages\/11153","targetHints":{"allow":["GET"]}}],"collection":[{"href":"https:\/\/kliniksanktmoritz.ch\/pt\/wp-json\/wp\/v2\/pages"}],"about":[{"href":"https:\/\/kliniksanktmoritz.ch\/pt\/wp-json\/wp\/v2\/types\/page"}],"author":[{"embeddable":true,"href":"https:\/\/kliniksanktmoritz.ch\/pt\/wp-json\/wp\/v2\/users\/1"}],"replies":[{"embeddable":true,"href":"https:\/\/kliniksanktmoritz.ch\/pt\/wp-json\/wp\/v2\/comments?post=11153"}],"version-history":[{"count":2,"href":"https:\/\/kliniksanktmoritz.ch\/pt\/wp-json\/wp\/v2\/pages\/11153\/revisions"}],"predecessor-version":[{"id":11155,"href":"https:\/\/kliniksanktmoritz.ch\/pt\/wp-json\/wp\/v2\/pages\/11153\/revisions\/11155"}],"wp:attachment":[{"href":"https:\/\/kliniksanktmoritz.ch\/pt\/wp-json\/wp\/v2\/media?parent=11153"}],"curies":[{"name":"wp","href":"https:\/\/api.w.org\/{rel}","templated":true}]}}