{"id":11157,"date":"2024-03-05T15:13:51","date_gmt":"2024-03-05T14:13:51","guid":{"rendered":"https:\/\/kliniksanktmoritz.ch\/?page_id=11157"},"modified":"2025-05-27T20:51:43","modified_gmt":"2025-05-27T19:51:43","slug":"versao-de-dados","status":"publish","type":"page","link":"https:\/\/kliniksanktmoritz.ch\/pt\/versao-de-dados\/","title":{"rendered":"Vers\u00e3o de dados"},"content":{"rendered":"<section class=\"bde-section-11157-100 bde-section\">\n  \n  \n\t\n\n\n\n<div class=\"section-container\"><h1 class=\"bde-dual-heading-11157-101 bde-dual-heading\">\n\n\n            <span data-style=\"primary\" class=\"dual-heading--primary\">G\u00eameos digitais<\/span>\n\n            <span data-style=\"secondary\" class=\"dual-heading--secondary\">Vers\u00e3o de dados<\/span>\n\n\n\n<\/h1><div class=\"bde-rich-text-11157-102 bde-rich-text breakdance-rich-text-styles\">\n<h1>VERS\u00c3O DE DADOS do Digital Twin<\/h1>\n<h2>Seu corpo. Seus dados. Tudo em um s\u00f3 lugar.<\/h2>\n<h5>Todos os dias, seu corpo gera informa\u00e7\u00f5es:<br \/>Quanto voc\u00ea <strong>dormir<\/strong><br \/>Quantos <strong>etapas<\/strong> voc\u00ea toma<br \/>Seu <strong>cora\u00e7\u00e3o<\/strong> taxa<br \/><strong>Sangue<\/strong> resultados dos testes<br \/>Sangue <strong>press\u00e3o<\/strong><br \/><strong>Estresse<\/strong> n\u00edveis<br \/><strong>Calorias<\/strong> queimado<br \/>Esses sinais s\u00e3o valiosos, mas geralmente est\u00e3o dispersos - um aplicativo para <strong>condicionamento f\u00edsico<\/strong>, outro para <strong>dormir<\/strong>e outro para sua <strong>resultados de laborat\u00f3rio<\/strong>.Confuso. Incompleto. Dif\u00edcil de acompanhar.<\/h5>\n<h3><a href=\"https:\/\/kliniksanktmoritz.ch\/pt\/produto\/versao-de-dados-do-gemeo-digital\/\">Sua sa\u00fade, seus dados, seu poder - por apenas 50 francos su\u00ed\u00e7os por m\u00eas.<\/a><br \/><br \/><\/h3>\n<h2>Um \u00fanico painel de controle para toda a sua sa\u00fade<\/h2>\n<h5>O Digital Twin DATA re\u00fane tudo isso.N\u00e3o \u00e9 mais necess\u00e1rio ficar pulando entre aplicativos.Suas <strong>smartwatches<\/strong>, <strong>vest\u00edveis<\/strong>e <strong>m\u00e9dico<\/strong> todos os dispositivos sincronizados em um painel de controle claro e simples.\u00c9 como um painel de controle para a sua sa\u00fade.<br \/>Voc\u00ea n\u00e3o v\u00ea apenas \"n\u00fameros\" - voc\u00ea v\u00ea tend\u00eancias:<br \/>Como seu sono se relaciona com a vitamina D<br \/>Como o estresse afeta sua <strong>creatinina<\/strong><br \/>Como <strong>alimentos<\/strong>O sono e o esfor\u00e7o moldam seu corpo juntos<br \/>N\u00e3o se trata apenas de dados. \u00c9 uma imagem viva de como seu corpo funciona.<\/h5>\n<h3><a href=\"https:\/\/kliniksanktmoritz.ch\/pt\/produto\/versao-de-dados-do-gemeo-digital\/\">Sua sa\u00fade, seus dados, seu poder - por apenas 50 francos su\u00ed\u00e7os por m\u00eas.<\/a><\/h3>\n<h2>Seguran\u00e7a cibern\u00e9tica integrada. Porque sua sa\u00fade \u00e9 pessoal.<\/h2>\n<h5>Seus dados de sa\u00fade s\u00e3o mais valiosos do que dinheiro - e n\u00f3s os tratamos dessa forma.<br \/>Armazenado em uma nuvem privada e criptografada<br \/>Somente voc\u00ea tem acesso<br \/>Protegido contra perda, roubo e adultera\u00e7\u00e3o<br \/>Seguro contra hackers e falhas no sistema<br \/>Facilmente compartilh\u00e1vel - mas somente se voc\u00ea quiser<br \/><br \/>Seus dados. Seu controle. Suas regras.<\/h5>\n<h2>O que torna o Digital Twin diferente de um registro m\u00e9dico?<\/h2>\n<h5>Os registros m\u00e9dicos s\u00e3o est\u00e1ticos - apenas uma lista de check-ups anteriores.Os DADOS dos g\u00eameos digitais est\u00e3o vivos.<br \/>Ele transforma informa\u00e7\u00f5es m\u00e9dicas em linhas de tempo visuais:<br \/>Gr\u00e1ficos m\u00f3veis<br \/>Curvas conectadas<br \/>Comportamentos de sa\u00fade ao longo do tempo<br \/>Voc\u00ea n\u00e3o recebe apenas \"seu exame de sangue de mar\u00e7o\".Voc\u00ea v\u00ea como sua sa\u00fade est\u00e1 evoluindo semana a semana - e para onde ela est\u00e1 indo.<br \/>Por exemplo:Um dos primeiros sinais de alerta de estresse ou doen\u00e7a?Menos sono.Mas um m\u00e9dico com apenas um relat\u00f3rio de laborat\u00f3rio pode n\u00e3o perceber isso.Com o Digital Twin DATA, tudo est\u00e1 conectado - e voc\u00ea percebe os sinais com anteced\u00eancia.<\/h5>\n<h3><a href=\"https:\/\/kliniksanktmoritz.ch\/pt\/produto\/versao-de-dados-do-gemeo-digital\/\">Sua sa\u00fade, seus dados, seu poder - por apenas 50 francos su\u00ed\u00e7os por m\u00eas.<\/a><\/h3>\n<h2>Conecta-se a mais de 300 dispositivos (e continua aumentando)<\/h2>\n<h5>J\u00e1 \u00e9 compat\u00edvel com:Apple Health, Google Fit, Garmin, Fitbit, Samsung Health, Oura, Polar, Dexcom, Strava, Whoop, Withings, MyFitnessPal, Huawei Health, Suunto, Omron, Zepp, Biostrap, Freestyle Libre e muito mais.<br \/>Em breve:Tesla, Peloton, Meta Quest, Calm, Zwift, iFit, Kindle, Headspace, UberEats, Muse, Lifesum e outros.<\/h5>\n<h2>\ud83d\udd01 Tudo se conecta. Tudo faz sentido.<\/h2>\n<h5>Dormir menos?Mudan\u00e7a nos n\u00edveis sangu\u00edneos?\u26a0\ufe0f Aumento do estresse?<br \/>Seu G\u00eameo Digital v\u00ea os padr\u00f5es antes de voc\u00ea.E, se voc\u00ea preferir, seu m\u00e9dico poder\u00e1 agir com anteced\u00eancia, antes que os problemas aumentem.<\/h5>\n<h5>Para quem \u00e9?<br \/>\u2705 <strong>Atletas<\/strong> e <strong>condicionamento f\u00edsico<\/strong> amantes<br \/>Pessoas com <strong>cr\u00f4nica<\/strong> condi\u00e7\u00f5es<br \/>Qualquer pessoa que queira <strong>prevenir<\/strong> doen\u00e7a<br \/>Algu\u00e9m cansado de <strong>perdendo<\/strong> seus <strong>dados<\/strong> ou <strong>malabarismo<\/strong> <strong>aplicativos<\/strong><br \/>Qualquer pessoa que queira <strong>clareza<\/strong>, <strong>controle<\/strong>e <strong>prote\u00e7\u00e3o<\/strong><\/h5>\n<h2>VERS\u00c3O DE DADOS do Digital Twin<\/h2>\n<h2>Seu <strong>corpo<\/strong>. Seu <strong>n\u00fameros<\/strong>.Tudo em um <strong>seguro<\/strong> lugar - <strong>claro<\/strong>, <strong>conectado<\/strong>e <strong>vivo<\/strong>.<\/h2>\n<h1><a href=\"https:\/\/kliniksanktmoritz.ch\/pt\/produto\/versao-de-dados-do-gemeo-digital\/\">Sua sa\u00fade, seus dados, seu poder - por apenas 50 francos su\u00ed\u00e7os por m\u00eas.<\/a><\/h1>\n<\/div><img decoding=\"async\" class=\"bde-image2-11157-172 bde-image2\" src=\"https:\/\/kliniksanktmoritz.ch\/wp-content\/uploads\/2025\/05\/ChatGPT-Image-May-27-2025-11_47_45-AM.jpg\" loading=\"lazy\" srcset=\"https:\/\/kliniksanktmoritz.ch\/wp-content\/uploads\/2025\/05\/ChatGPT-Image-May-27-2025-11_47_45-AM.jpg 1024w, https:\/\/kliniksanktmoritz.ch\/wp-content\/uploads\/2025\/05\/ChatGPT-Image-May-27-2025-11_47_45-AM-200x300.jpg 200w, https:\/\/kliniksanktmoritz.ch\/wp-content\/uploads\/2025\/05\/ChatGPT-Image-May-27-2025-11_47_45-AM-683x1024.jpg 683w, https:\/\/kliniksanktmoritz.ch\/wp-content\/uploads\/2025\/05\/ChatGPT-Image-May-27-2025-11_47_45-AM-768x1152.jpg 768w, https:\/\/kliniksanktmoritz.ch\/wp-content\/uploads\/2025\/05\/ChatGPT-Image-May-27-2025-11_47_45-AM-8x12.jpg 8w, https:\/\/kliniksanktmoritz.ch\/wp-content\/uploads\/2025\/05\/ChatGPT-Image-May-27-2025-11_47_45-AM-128x192.jpg 128w, https:\/\/kliniksanktmoritz.ch\/wp-content\/uploads\/2025\/05\/ChatGPT-Image-May-27-2025-11_47_45-AM-600x900.jpg 600w\" sizes=\"(max-width: 1024px) 100vw, 1024px\" alt=\"\" title=\"\"><\/div>\n<\/section>","protected":false},"excerpt":{"rendered":"<p>Digital Twin Data Version \ud83e\udde0 Digital Twin DATA VERSION Your body. Your data. All in one place. Every day, your body generates information:How much you sleepHow many steps you takeYour heart rateBlood test resultsBlood pressureStress levelsCalories burnedThese are valuable signals, but they\u2019re often scattered \u2014 one app for fitness, another for sleep, yet another for [&hellip;]<\/p>\n","protected":false},"author":1,"featured_media":0,"parent":0,"menu_order":0,"comment_status":"closed","ping_status":"closed","template":"","meta":{"_acf_changed":false,"_breakdance_hide_in_design_set":false,"_breakdance_tags":"","footnotes":"","_wordproof_timestamp":false},"class_list":["post-11157","page","type-page","status-publish","hentry"],"acf":[],"_links":{"self":[{"href":"https:\/\/kliniksanktmoritz.ch\/pt\/wp-json\/wp\/v2\/pages\/11157","targetHints":{"allow":["GET"]}}],"collection":[{"href":"https:\/\/kliniksanktmoritz.ch\/pt\/wp-json\/wp\/v2\/pages"}],"about":[{"href":"https:\/\/kliniksanktmoritz.ch\/pt\/wp-json\/wp\/v2\/types\/page"}],"author":[{"embeddable":true,"href":"https:\/\/kliniksanktmoritz.ch\/pt\/wp-json\/wp\/v2\/users\/1"}],"replies":[{"embeddable":true,"href":"https:\/\/kliniksanktmoritz.ch\/pt\/wp-json\/wp\/v2\/comments?post=11157"}],"version-history":[{"count":5,"href":"https:\/\/kliniksanktmoritz.ch\/pt\/wp-json\/wp\/v2\/pages\/11157\/revisions"}],"predecessor-version":[{"id":20315,"href":"https:\/\/kliniksanktmoritz.ch\/pt\/wp-json\/wp\/v2\/pages\/11157\/revisions\/20315"}],"wp:attachment":[{"href":"https:\/\/kliniksanktmoritz.ch\/pt\/wp-json\/wp\/v2\/media?parent=11157"}],"curies":[{"name":"wp","href":"https:\/\/api.w.org\/{rel}","templated":true}]}}