{"id":11183,"date":"2024-03-05T15:24:01","date_gmt":"2024-03-05T14:24:01","guid":{"rendered":"https:\/\/kliniksanktmoritz.ch\/?page_id=11183"},"modified":"2024-09-18T19:33:59","modified_gmt":"2024-09-18T18:33:59","slug":"especialista-em-tecnologia-medica","status":"publish","type":"page","link":"https:\/\/kliniksanktmoritz.ch\/pt\/especialista-em-tecnologia-medica\/","title":{"rendered":"Especialista em Medtech"},"content":{"rendered":"<section class=\"bde-section-11183-103 bde-section\">\n  \n  \n\t\n\n\n\n<div class=\"section-container\"><div class=\"bde-button-11183-104 bde-button\">\n        \n    \n    \n    \n    \n            \n                    \n            \n            \n\n    \n    \n    \n    \n    \n    <a class=\"breakdance-link button-atom button-atom--secondary bde-button__button\" href=\"https:\/\/kliniksanktmoritz.ch\/pt\/produto\/medtech-specialist-eng\/\" target=\"_self\" data-type=\"url\"  >\n\n    \n        <span class=\"button-atom__text\">\/Tornou-se especialista em Medtech<\/span>\n\n        \n        \n                <\/a>\n\n    \n\n\n<\/div><div class=\"bde-columns-11183-105 bde-columns\"><div class=\"bde-column-11183-106 bde-column\">\n  \n  \n\t\n\n\n\n<h2 class=\"bde-dual-heading-11183-107 bde-dual-heading\">\n\n\n            <span data-style=\"primary\" class=\"dual-heading--primary\">O especialista em MedTech:<\/span>\n\n\n\n<\/h2><h2 class=\"bde-dual-heading-11183-115 bde-dual-heading\">\n\n\n            <span data-style=\"secondary\" class=\"dual-heading--secondary\"> Uma profiss\u00e3o em crescimento \ud83d\ude80<\/span>\n\n\n\n<\/h2><div class=\"bde-text-11183-108 bde-text\">\nCom os avan\u00e7os tecnol\u00f3gicos e o envelhecimento da popula\u00e7\u00e3o global, a demanda por servi\u00e7os de sa\u00fade digitais est\u00e1 aumentando vertiginosamente. Em particular, uma nova fun\u00e7\u00e3o profissional est\u00e1 surgindo: o configurador de dispositivos m\u00e9dicos, ou MedTech Specialist, que desempenha um papel crucial no ecossistema de sa\u00fade digital.<br><br>O problema: dispositivos m\u00e9dicos sem suporte adequado<br>Nos \u00faltimos anos, dispositivos como smartwatches e monitores de press\u00e3o arterial Bluetooth inundaram o mercado. No entanto, eles geralmente s\u00e3o tratados como simples eletrodom\u00e9sticos. Um estudo da Fortune Business Insights prev\u00ea que o mercado global de dispositivos m\u00e9dicos vest\u00edveis atingir\u00e1 $139,7 bilh\u00f5es at\u00e9 2026, com uma taxa de crescimento anual de 24,7%.<br>Apesar de seu uso generalizado, poucos vendedores sabem como configurar e otimizar adequadamente essas ferramentas para apoiar a sa\u00fade dos usu\u00e1rios. A falta de treinamento adequado em dispositivos m\u00e9dicos cria uma lacuna cr\u00edtica, especialmente considerando que 42% da popula\u00e7\u00e3o mundial sofre de hipertens\u00e3o, e muitos usu\u00e1rios, principalmente os mais velhos, t\u00eam dificuldade at\u00e9 mesmo para ler as instru\u00e7\u00f5es de uso.\n<\/div><div class=\"bde-button-11183-109 bde-button\">\n        \n    \n    \n    \n    \n            \n                    \n            \n            \n\n    \n    \n    \n    \n    \n    <a class=\"breakdance-link button-atom button-atom--secondary bde-button__button\" href=\"https:\/\/kliniksanktmoritz.ch\/pt\/clinicas\/\" target=\"_self\" data-type=\"url\"  >\n\n    \n        <span class=\"button-atom__text\">\/G\u00eameo digital para cl\u00ednicas <\/span>\n\n        \n        \n                <\/a>\n\n    \n\n\n<\/div><div class=\"bde-button-11183-110 bde-button\">\n        \n    \n    \n    \n    \n            \n                    \n            \n            \n\n    \n    \n    \n    \n    \n    <a class=\"breakdance-link button-atom button-atom--secondary bde-button__button\" href=\"https:\/\/kliniksanktmoritz.ch\/pt\/produto\/medtech-specialist-eng\/\" target=\"_self\" data-type=\"url\"  >\n\n    \n        <span class=\"button-atom__text\">\/Tornou-se especialista em tecnologia m\u00e9dica<\/span>\n\n        \n        \n                <\/a>\n\n    \n\n\n<\/div>\n<\/div><div class=\"bde-column-11183-111 bde-column\">\n  \n  \n\t\n\n\n\n<div class=\"bde-image-11183-112 bde-image\">\n<figure class=\"breakdance-image breakdance-image--12486\">\n\t<div class=\"breakdance-image-container\">\n\t\t<div class=\"breakdance-image-clip\"><img loading=\"lazy\" decoding=\"async\" class=\"breakdance-image-object\" src=\"https:\/\/kliniksanktmoritz.ch\/wp-content\/uploads\/2024\/09\/DALL\u00b7E-2024-09-18-20.32.57-A-vertical-image-showing-a-young-man-explaining-a-digital-twin-concept-to-a-50-year-old-man-in-a-lounge-suit.-They-are-interacting-with-a-smartphone-.webp\" width=\"1024\" height=\"1792\" srcset=\"https:\/\/kliniksanktmoritz.ch\/wp-content\/uploads\/2024\/09\/DALL\u00b7E-2024-09-18-20.32.57-A-vertical-image-showing-a-young-man-explaining-a-digital-twin-concept-to-a-50-year-old-man-in-a-lounge-suit.-They-are-interacting-with-a-smartphone-.webp 1024w, https:\/\/kliniksanktmoritz.ch\/wp-content\/uploads\/2024\/09\/DALL\u00b7E-2024-09-18-20.32.57-A-vertical-image-showing-a-young-man-explaining-a-digital-twin-concept-to-a-50-year-old-man-in-a-lounge-suit.-They-are-interacting-with-a-smartphone--171x300.webp 171w, https:\/\/kliniksanktmoritz.ch\/wp-content\/uploads\/2024\/09\/DALL\u00b7E-2024-09-18-20.32.57-A-vertical-image-showing-a-young-man-explaining-a-digital-twin-concept-to-a-50-year-old-man-in-a-lounge-suit.-They-are-interacting-with-a-smartphone--585x1024.webp 585w, https:\/\/kliniksanktmoritz.ch\/wp-content\/uploads\/2024\/09\/DALL\u00b7E-2024-09-18-20.32.57-A-vertical-image-showing-a-young-man-explaining-a-digital-twin-concept-to-a-50-year-old-man-in-a-lounge-suit.-They-are-interacting-with-a-smartphone--768x1344.webp 768w, https:\/\/kliniksanktmoritz.ch\/wp-content\/uploads\/2024\/09\/DALL\u00b7E-2024-09-18-20.32.57-A-vertical-image-showing-a-young-man-explaining-a-digital-twin-concept-to-a-50-year-old-man-in-a-lounge-suit.-They-are-interacting-with-a-smartphone--878x1536.webp 878w, https:\/\/kliniksanktmoritz.ch\/wp-content\/uploads\/2024\/09\/DALL\u00b7E-2024-09-18-20.32.57-A-vertical-image-showing-a-young-man-explaining-a-digital-twin-concept-to-a-50-year-old-man-in-a-lounge-suit.-They-are-interacting-with-a-smartphone--600x1050.webp 600w\" sizes=\"auto, (max-width: 1024px) 100vw, 1024px\" alt=\"\" title=\"\"><\/div>\n\t<\/div><\/figure>\n\n<\/div>\n<\/div><\/div><div class=\"bde-text-11183-113 bde-text\">\nKlinik Sankt Moritz: um novo modelo de assist\u00eancia m\u00e9dica digital<br>Meu nome \u00e9 Sergio d'Arpa e fundei a Klinik Sankt Moritz, a primeira cl\u00ednica totalmente digital que integra intelig\u00eancia artificial (IA) para apoiar a sa\u00fade preventiva. Ao coletar dados de pacientes saud\u00e1veis, criamos seu g\u00eameo digital, permitindo que a IA preveja tend\u00eancias futuras de sa\u00fade.<br>Somos pioneiros no campo da medicina digital. Oferecemos consultas avan\u00e7adas para a configura\u00e7\u00e3o de dispositivos m\u00e9dicos, desde a leitura de tra\u00e7ados card\u00edacos at\u00e9 o gerenciamento de par\u00e2metros vitais, como a press\u00e3o arterial, com o objetivo de detectar sinais precoces de doen\u00e7as como a depress\u00e3o.<br><br>Oportunidade de mercado \ud83c\udf0d<br>O mercado global de dispositivos m\u00e9dicos \u00e9 vasto e est\u00e1 crescendo rapidamente. De acordo com o Statista, as vendas de dispositivos m\u00e9dicos conectados exceder\u00e3o 500 milh\u00f5es de unidades at\u00e9 2028. No entanto, h\u00e1 uma car\u00eancia de uma rede de profissionais especializados na configura\u00e7\u00e3o e no suporte p\u00f3s-venda desses dispositivos.<br>A Klinik Sankt Moritz oferece um servi\u00e7o exclusivo: n\u00e3o vendemos dispositivos, mas sim conhecimento. Cada cliente pode comprar o dispositivo onde quiser, mas a configura\u00e7\u00e3o e o suporte para seu uso tornam-se cruciais. Isso representa uma grande oportunidade para aqueles que se afiliam a n\u00f3s como configuradores de dispositivos m\u00e9dicos.<br><br>Torne-se um especialista em MedTech<br>Tornar-se um afiliado da Klinik Sankt Moritz significa entrar em um mercado com enorme potencial. N\u00f3s lhe oferecemos:<br>- Treinamento cont\u00ednuo e personalizado, parcialmente financiado pela cl\u00ednica.<br>- Uma plataforma tecnol\u00f3gica avan\u00e7ada para gerenciar clientes e servi\u00e7os.<br>- Visibilidade no mercado global e acesso a uma rede de clientes potenciais.<br><br>Ganhos potenciais e condi\u00e7\u00f5es \ud83d\udcbc<br>Oferecemos consultoria remota para configura\u00e7\u00e3o de dispositivos, com uma taxa de 100 euros por hora. O valor de 70% do pagamento \u00e9 imediatamente atribu\u00eddo ao configurador ap\u00f3s o pagamento do cliente. <br><br>O futuro da medicina digital<br><br>O futuro da medicina est\u00e1 mudando rapidamente. N\u00e3o \u00e9 mais necess\u00e1rio submeter-se a exames invasivos, como a colonoscopia, para o rastreamento do c\u00f3lon, que agora pode ser realizado por meio da an\u00e1lise de prote\u00ednas no sangue a milhares de quil\u00f4metros de dist\u00e2ncia. A medicina preditiva e a coleta de dados em tempo real est\u00e3o transformando a abordagem m\u00e9dica, oferecendo novas oportunidades profissionais para quem estiver pronto para aproveit\u00e1-las.<br><br>As publica\u00e7\u00f5es cient\u00edficas est\u00e3o aumentando em uma taxa exponencial, criando um fluxo constante de novos conhecimentos a serem aplicados. Entrar nesse campo hoje significa posicionar-se na vanguarda da revolu\u00e7\u00e3o m\u00e9dica.<br><br>Conclus\u00e3o<br>O configurador de dispositivos m\u00e9dicos \u00e9 uma profiss\u00e3o emergente que atende a uma necessidade real no mercado global de sa\u00fade. A Klinik Sankt Moritz lhe oferece a oportunidade de fazer parte dessa revolu\u00e7\u00e3o. Torne-se um especialista em MedTech agora e ajude a moldar o futuro da sa\u00fade. \ud83d\ude80<br>\n<\/div><div class=\"bde-button-11183-114 bde-button\">\n        \n    \n    \n    \n    \n            \n                    \n            \n            \n\n    \n    \n    \n    \n    \n    <a class=\"breakdance-link button-atom button-atom--secondary bde-button__button\" href=\"https:\/\/kliniksanktmoritz.ch\/pt\/produto\/medtech-specialist-eng\/\" target=\"_self\" data-type=\"url\"  >\n\n    \n        <span class=\"button-atom__text\">\/Tornou-se especialista em tecnologia m\u00e9dica<\/span>\n\n        \n        \n                <\/a>\n\n    \n\n\n<\/div><\/div>\n<\/section>","protected":false},"excerpt":{"rendered":"<p>\/became Medtech specialist The MedTech Specialist: A Growing Profession \ud83d\ude80 With technological advancements and the ageing global population, the demand for digital healthcare is skyrocketing. In particular, a new professional role is emerging: the medical device configurator, or MedTech Specialist, who plays a crucial role in the digital healthcare ecosystem.The Problem: Medical Devices Without Adequate [&hellip;]<\/p>\n","protected":false},"author":1,"featured_media":0,"parent":0,"menu_order":0,"comment_status":"closed","ping_status":"closed","template":"","meta":{"_acf_changed":false,"_breakdance_hide_in_design_set":false,"_breakdance_tags":"","footnotes":"","_wordproof_timestamp":false},"class_list":["post-11183","page","type-page","status-publish","hentry"],"acf":[],"_links":{"self":[{"href":"https:\/\/kliniksanktmoritz.ch\/pt\/wp-json\/wp\/v2\/pages\/11183","targetHints":{"allow":["GET"]}}],"collection":[{"href":"https:\/\/kliniksanktmoritz.ch\/pt\/wp-json\/wp\/v2\/pages"}],"about":[{"href":"https:\/\/kliniksanktmoritz.ch\/pt\/wp-json\/wp\/v2\/types\/page"}],"author":[{"embeddable":true,"href":"https:\/\/kliniksanktmoritz.ch\/pt\/wp-json\/wp\/v2\/users\/1"}],"replies":[{"embeddable":true,"href":"https:\/\/kliniksanktmoritz.ch\/pt\/wp-json\/wp\/v2\/comments?post=11183"}],"version-history":[{"count":5,"href":"https:\/\/kliniksanktmoritz.ch\/pt\/wp-json\/wp\/v2\/pages\/11183\/revisions"}],"predecessor-version":[{"id":12487,"href":"https:\/\/kliniksanktmoritz.ch\/pt\/wp-json\/wp\/v2\/pages\/11183\/revisions\/12487"}],"wp:attachment":[{"href":"https:\/\/kliniksanktmoritz.ch\/pt\/wp-json\/wp\/v2\/media?parent=11183"}],"curies":[{"name":"wp","href":"https:\/\/api.w.org\/{rel}","templated":true}]}}