{"id":11191,"date":"2024-03-05T15:28:23","date_gmt":"2024-03-05T14:28:23","guid":{"rendered":"https:\/\/kliniksanktmoritz.ch\/?page_id=11191"},"modified":"2024-11-17T10:42:54","modified_gmt":"2024-11-17T09:42:54","slug":"patrocinio","status":"publish","type":"page","link":"https:\/\/kliniksanktmoritz.ch\/pt\/patrocinio\/","title":{"rendered":"Patroc\u00ednio"},"content":{"rendered":"<section class=\"bde-section-11191-100 bde-section\">\n  \n  \n\t\n\n\n\n<div class=\"section-container\"><h1 class=\"bde-dual-heading-11191-101 bde-dual-heading\">\n\n\n            <span data-style=\"primary\" class=\"dual-heading--primary\">Saiba mais sobre<\/span>\n\n            <span data-style=\"secondary\" class=\"dual-heading--secondary\">Patroc\u00ednio<\/span>\n\n\n\n<\/h1><div class=\"bde-rich-text-11191-102 bde-rich-text breakdance-rich-text-styles\">\n<p>\"Telemedicina? N\u00e3o, obrigado. Toda vez que falamos sobre o Digital Twin, o mercado o confunde com telemedicina. A telemedicina \u00e9 usada para economizar com pacientes doentes, enviando-os para casa e liberando leitos hospitalares.<\/p>\n<p>O Digital Twin, por outro lado, permite alcan\u00e7ar a longevidade e o desempenho aprimorado em pacientes saud\u00e1veis. Estamos cansados de passar horas explicando a diferen\u00e7a para parceiros, clientes, pacientes saud\u00e1veis, universidades, fabricantes ou qualquer outra pessoa que encontramos.<\/p>\n<p>Precisamos explicar mais r\u00e1pido, com maior velocidade, ent\u00e3o decidimos ser muito r\u00e1pidos. Decidimos ter nossa pr\u00f3pria equipe de corrida com nossos pilotos e nossos Digital Twins para participar de uma corrida extrema como o Rally Dakar.<\/p>\n<p>N\u00e3o est\u00e1vamos muito interessados na corrida de nossos pilotos, mas em seu treinamento, em como seus corpos mudam e alcan\u00e7am desempenhos superiores gra\u00e7as ao seu estilo de vida.<\/p>\n<p>Isso mostra que nossa medicina n\u00e3o \u00e9 para os doentes.<\/p>\n<p>Nosso medicamento \u00e9 para aqueles que querem viver no topo.<\/p>\n<p>Nossa pesquisa m\u00e9dica visa sempre melhorar.<br \/>Mesmo no caso do c\u00e2ncer, queremos ser r\u00e1pidos, chegar l\u00e1 o mais r\u00e1pido poss\u00edvel, com uma triagem generalizada nas formas mais amplas poss\u00edveis.<\/p>\n<p>Estamos presentes nos principais campeonatos de automobilismo, como F\u00f3rmula E, F\u00f3rmula 1, MotoGP, e participamos de eventos de corrida e do Iron Man, entre outros eventos, incluindo, obviamente, o DAKAR.<\/p>\n<p>Moritz, como o Snow Polo e o White Turf, depois o Bull Days, os encontros da Lamborghini e o VivaTech em Paris.<\/p>\n<p>Al\u00e9m disso, todas as nossas atividades de treinamento, desde cursos avan\u00e7ados at\u00e9 mestrados em universidades de v\u00e1rios pa\u00edses do mundo, al\u00e9m de publica\u00e7\u00f5es para estudantes.<\/p>\n<p>Um podcast que mostra os dados e os aprimoramentos de v\u00e1rios campe\u00f5es em diferentes disciplinas com diferentes protocolos.<\/p>\n<p>A oferta est\u00e1 completa para o fabricante:<\/p>\n<p>- Para o paciente saud\u00e1vel, um g\u00eameo digital \u00e9 criado com um protocolo que usa os dispositivos do fabricante<br \/>- O Digital Twin \u00e9 usado por um campe\u00e3o de um campeonato, e o logotipo do fabricante \u00e9 exibido no carro durante as competi\u00e7\u00f5es<br \/>- Os dados do campe\u00e3o s\u00e3o discutidos semanalmente durante o podcast e podem ser usados nas m\u00eddias sociais do fabricante<br \/>- Uma c\u00f3pia do carro com o logotipo do fabricante participa de v\u00e1rios eventos de luxo mostrando os recursos do Digital Twin espec\u00edfico, possivelmente at\u00e9 mesmo o campe\u00e3o<\/p>\n<p>Durante os cursos, configuradores, personal trainers e m\u00e9dicos s\u00e3o treinados para usar os dispositivos com detalhes diferentes, de acordo com o n\u00edvel de treinamento.<\/p>\n<p>O treinamento de configuradores significa uma rede de suporte especializada no territ\u00f3rio que \u00e9 paga pelo cliente por chamada. Criando novos empregos\".<\/p>\n<\/div><\/div>\n<\/section>","protected":false},"excerpt":{"rendered":"<p>Learn About Sponsorship &#8220;Telemedicine? No, thank you. Every time we talk about the Digital Twin, the market confuses it with telemedicine. Telemedicine is used to save on sick patients by sending them home and freeing up hospital beds. The Digital Twin, on the other hand, enables achieving longevity and enhanced performance in healthy patients. We&#8217;re [&hellip;]<\/p>\n","protected":false},"author":1,"featured_media":0,"parent":0,"menu_order":0,"comment_status":"closed","ping_status":"closed","template":"","meta":{"_acf_changed":false,"_breakdance_hide_in_design_set":false,"_breakdance_tags":"","footnotes":"","_wordproof_timestamp":false},"class_list":["post-11191","page","type-page","status-publish","hentry"],"acf":[],"_links":{"self":[{"href":"https:\/\/kliniksanktmoritz.ch\/pt\/wp-json\/wp\/v2\/pages\/11191","targetHints":{"allow":["GET"]}}],"collection":[{"href":"https:\/\/kliniksanktmoritz.ch\/pt\/wp-json\/wp\/v2\/pages"}],"about":[{"href":"https:\/\/kliniksanktmoritz.ch\/pt\/wp-json\/wp\/v2\/types\/page"}],"author":[{"embeddable":true,"href":"https:\/\/kliniksanktmoritz.ch\/pt\/wp-json\/wp\/v2\/users\/1"}],"replies":[{"embeddable":true,"href":"https:\/\/kliniksanktmoritz.ch\/pt\/wp-json\/wp\/v2\/comments?post=11191"}],"version-history":[{"count":3,"href":"https:\/\/kliniksanktmoritz.ch\/pt\/wp-json\/wp\/v2\/pages\/11191\/revisions"}],"predecessor-version":[{"id":13486,"href":"https:\/\/kliniksanktmoritz.ch\/pt\/wp-json\/wp\/v2\/pages\/11191\/revisions\/13486"}],"wp:attachment":[{"href":"https:\/\/kliniksanktmoritz.ch\/pt\/wp-json\/wp\/v2\/media?parent=11191"}],"curies":[{"name":"wp","href":"https:\/\/api.w.org\/{rel}","templated":true}]}}