{"id":12849,"date":"2024-10-23T13:45:19","date_gmt":"2024-10-23T12:45:19","guid":{"rendered":"https:\/\/kliniksanktmoritz.ch\/imprint\/"},"modified":"2024-10-23T13:45:19","modified_gmt":"2024-10-23T12:45:19","slug":"impressao","status":"publish","type":"page","link":"https:\/\/kliniksanktmoritz.ch\/pt\/impressao\/","title":{"rendered":"Impress\u00e3o"},"content":{"rendered":"<!-- Legal document generated by Complianz | GDPR\/CCPA Cookie Consent https:\/\/wordpress.org\/plugins\/complianz-gdpr -->\n<div id=\"cmplz-document\" class=\"cmplz-document impressum cmplz-document-all\"><p><i>Esse selo foi atualizado pela \u00faltima vez em 23 de outubro de 2024.<\/i><\/p><p class=\"cmplz-subtitle\">O propriet\u00e1rio deste site \u00e9:<\/p><p>Klinik Sankt Moritz AG AG<br>Via del Bagn 12 St. Moritz 7500, Su\u00ed\u00e7a<br>Su\u00ed\u00e7a<br>E-mail:&nbsp;<span class=\"cmplz-obfuscate\">&#105;nf&#111;@<span class=\"cmplz-fmail-domain\">e&#120;.co&#109;<\/span>klini&#107;sa&#110;&#107;&#116;&#109;ori&#116;&#122;.c&#104;<\/span><br>Telefone: +39 327 269 4150<br>NIF:&nbsp;CHE-190.003.705<\/p><p class=\"cmplz-subtitle\">O(s) representante(s) legal(is) da Klinik Sankt Moritz AG AG:<\/p><p>Sergio Darpa<\/p><h2>1. Geral<\/h2><p class=\"cmplz-subtitle\">1.1 Estamos registados em Zuoz sob a licen\u00e7a ou n\u00famero de registo:<\/p><p><\/p><p>N\u00e3o estamos dispostos ou somos obrigados a participar de procedimentos de resolu\u00e7\u00e3o de lit\u00edgios perante um conselho de arbitragem de consumidores.<\/p><h2>2. As seguintes informa\u00e7\u00f5es a s\u00e3o obrigat\u00f3rias de acordo com a lei alem\u00e3.<\/h2><p class=\"cmplz-subtitle\">2.1 N\u00f3s oferecemos informa\u00e7\u00f5es jornal\u00edsticas e redativas para verifica\u00e7\u00e3o.<\/p><p>Por isso, devemos informar o nome e o endere\u00e7o da pessoa, que \u00e9 importante para o conte\u00fado deste site:<br \/><br \/>Verantwortlich f\u00fcr den Inhalt nach \u00a7 18 Abs. 2 MStV ist: Sergio Darpa aus Italy.<\/p><\/div>","protected":false},"excerpt":{"rendered":"","protected":false},"author":1,"featured_media":0,"parent":0,"menu_order":0,"comment_status":"closed","ping_status":"closed","template":"","meta":{"_acf_changed":false,"_breakdance_hide_in_design_set":false,"_breakdance_tags":"","footnotes":"","_wordproof_timestamp":false},"class_list":["post-12849","page","type-page","status-publish","hentry"],"acf":[],"_links":{"self":[{"href":"https:\/\/kliniksanktmoritz.ch\/pt\/wp-json\/wp\/v2\/pages\/12849","targetHints":{"allow":["GET"]}}],"collection":[{"href":"https:\/\/kliniksanktmoritz.ch\/pt\/wp-json\/wp\/v2\/pages"}],"about":[{"href":"https:\/\/kliniksanktmoritz.ch\/pt\/wp-json\/wp\/v2\/types\/page"}],"author":[{"embeddable":true,"href":"https:\/\/kliniksanktmoritz.ch\/pt\/wp-json\/wp\/v2\/users\/1"}],"replies":[{"embeddable":true,"href":"https:\/\/kliniksanktmoritz.ch\/pt\/wp-json\/wp\/v2\/comments?post=12849"}],"version-history":[{"count":0,"href":"https:\/\/kliniksanktmoritz.ch\/pt\/wp-json\/wp\/v2\/pages\/12849\/revisions"}],"wp:attachment":[{"href":"https:\/\/kliniksanktmoritz.ch\/pt\/wp-json\/wp\/v2\/media?parent=12849"}],"curies":[{"name":"wp","href":"https:\/\/api.w.org\/{rel}","templated":true}]}}