{"id":19915,"date":"2025-05-15T00:03:45","date_gmt":"2025-05-14T23:03:45","guid":{"rendered":"https:\/\/kliniksanktmoritz.ch\/?page_id=19915"},"modified":"2025-05-19T14:20:11","modified_gmt":"2025-05-19T13:20:11","slug":"platina","status":"publish","type":"page","link":"https:\/\/kliniksanktmoritz.ch\/pt\/worldmedcert\/medicos-mds-dos-01\/platina\/","title":{"rendered":"Platina"},"content":{"rendered":"<section class=\"bde-section-19915-100 bde-section\">\n  \n  \n\t\n\n\n\n<div class=\"section-container\"><h1 class=\"bde-dual-heading-19915-101 bde-dual-heading\">\n\n\n            <span data-style=\"primary\" class=\"dual-heading--primary\">Por que<\/span>\n\n            <span data-style=\"secondary\" class=\"dual-heading--secondary\">Certificado Platinum<\/span>\n\n            <span data-style=\"primary\" class=\"dual-heading--primary\">\u00c9 um <\/span>\n\n            <span data-style=\"secondary\" class=\"dual-heading--secondary\">Mudan\u00e7a de jogo<\/span>\n\n            <span data-style=\"primary\" class=\"dual-heading--primary\"> para m\u00e9dicos em todo o mundo<\/span>\n\n\n\n<\/h1><div class=\"bde-rich-text-19915-102 bde-rich-text breakdance-rich-text-styles\">\n<h3>Em um mundo digital em que a reputa\u00e7\u00e3o \u00e9 moeda corrente, apenas seu nome n\u00e3o \u00e9 mais suficiente.<br data-start=\"291\" data-end=\"294\" \/>Hoje, a verdadeira autoridade deve ser <span style=\"text-decoration: underline;\"><em>verificados, vis\u00edveis e inesquec\u00edveis.<\/em><\/span><\/h3>\n<\/div><\/div>\n<\/section><section class=\"bde-section-19915-103 bde-section\">\n  \n  \n\t\n\n\n\n<div class=\"section-container\"><div class=\"bde-button-19915-104 bde-button\">\n        \n    \n    \n    \n    \n            \n                    \n            \n            \n\n    \n    \n    \n    \n    \n    <a class=\"breakdance-link button-atom button-atom--secondary bde-button__button\" href=\"https:\/\/kliniksanktmoritz.ch\/pt\/produto\/medicos-certificados-mds-dos-medicos-licenciados-md-mensal\/\" target=\"_self\" data-type=\"url\"  >\n\n    \n        <span class=\"button-atom__text\">\/Certificado de platina<\/span>\n\n        \n        \n                <\/a>\n\n    \n\n\n<\/div><div class=\"bde-columns-19915-105 bde-columns\"><div class=\"bde-column-19915-106 bde-column\">\n  \n  \n\t\n\n\n\n<h1 class=\"bde-dual-heading-19915-107 bde-dual-heading\">\n\n\n            <span data-style=\"secondary\" class=\"dual-heading--secondary\">Certificado Platinum<\/span>\n\n            <span data-style=\"primary\" class=\"dual-heading--primary\">, o servi\u00e7o de elite da <\/span>\n\n            <span data-style=\"secondary\" class=\"dual-heading--secondary\">Cl\u00ednica Sankt Moritz<\/span>\n\n            <span data-style=\"primary\" class=\"dual-heading--primary\">\u00e9 a ferramenta definitiva para os m\u00e9dicos que desejam:<\/span>\n\n\n\n<\/h1><div class=\"bde-text-19915-108 bde-text\">\n1TP5Proteger seus pacientes contra fraude e falsifica\u00e7\u00e3o de identidade<br><br>#Segurar sua identidade e credenciais com a tecnologia blockchain<br><br>1TP5Expandir sua carreira globalmente por meio do turismo de sa\u00fade e da autoridade verificada<br><br>\ud83d\udd12 1. Sua identidade, protegida e respeitada<br>A Certifica\u00e7\u00e3o Platinum lhe d\u00e1 um selo digital apoiado em blockchain - uma prova vis\u00edvel de legitimidade.<br>N\u00e3o \u00e9 um crach\u00e1 de vaidade. Uma marca de verifica\u00e7\u00e3o azul cient\u00edfica que separa instantaneamente os m\u00e9dicos reais dos impostores digitais.<br><br>Imagine um paciente comparando perfis on-line.<br>O que tem um emblema Platinum \u00e9:<br><br>#T Confi\u00e1vel<br><br>#Verified<br><br>#Imediatamente confi\u00e1vel<br><br>\ud83c\udf10 2. Reconhecido mundialmente. Acess\u00edvel instantaneamente.<br>Obteve seu t\u00edtulo de doutor na It\u00e1lia? Especializou-se em Berlim? Est\u00e1 trabalhando em Dubai? N\u00e3o tem problema.<br><br>O Platinum Certified \u00e9 seu passaporte global de credenciais. Sem barreiras burocr\u00e1ticas, sem limita\u00e7\u00f5es bilaterais.<br><br>Verifica\u00e7\u00e3o instant\u00e2nea de diplomas e especializa\u00e7\u00f5es<br>URL personalizado (por exemplo, https:\/\/kliniksanktmoritz.ch\/md\/dr-john-smith)<br>CV digital sempre atualizado, vis\u00edvel em todo o mundo<br><br>\u2708\ufe0f 3. Sua porta de entrada para o turismo de sa\u00fade global<br>Os pacientes est\u00e3o cruzando fronteiras em busca de melhores cuidados. Com o Platinum Certified, voc\u00ea passa a fazer parte de uma rede internacional verificada de cl\u00ednicas, hospitais, centros de bem-estar e pacientes de alto valor.<br><br>Atrair pacientes no exterior<br>Parceria com cl\u00ednicas e hospitais internacionais<br>Posicione-se como um provedor de turismo m\u00e9dico confi\u00e1vel<br><br>O mercado de turismo m\u00e9dico est\u00e1 crescendo a uma taxa anual de +24% - a Certifica\u00e7\u00e3o Platinum o coloca no centro dessa revolu\u00e7\u00e3o.<br><br>\ud83c\udf93 4. Treinamento cont\u00ednuo, documentado e confi\u00e1vel<br>O Platinum Certified inclui um sistema para rastrear e verificar cada est\u00e1gio de seu desenvolvimento profissional.<br><br>CME, congressos, masterclasses - todos integrados em seu perfil<br>Rastreamento de certifica\u00e7\u00f5es e habilidades com base em IA<br>\ud83c\udfc5 Reconhecimento como uma autoridade confi\u00e1vel e continuamente atualizada<br><br>N\u00e3o h\u00e1 mais burocracia. Seu crescimento est\u00e1 sempre registrado.<br><br>\u2694\ufe0f 5. A melhor defesa contra fraudes<br>H\u00e1 m\u00e9dicos falsos em toda parte. Mas eles n\u00e3o podem fingir isso.<br><br>Usos certificados Platinum:<br><br>Verifica\u00e7\u00e3o completa da identidade KYC<br><br>Verifica\u00e7\u00f5es acad\u00eamicas reconhecidas pelo governo<br><br>Blockchain para armazenar dados imut\u00e1veis<br><br>infraestrutura de dados de n\u00edvel seguro<br><br>\ud83d\udc68\u200d\u2695\ufe0f Seu nome se torna imposs\u00edvel de ser hackeado<br>Suas prescri\u00e7\u00f5es podem ser verificadas instantaneamente<br>Sua presen\u00e7a on-line se torna \u00e0 prova de balas<br><br>Em resumo: ser m\u00e9dico n\u00e3o \u00e9 suficiente. Voc\u00ea precisa ter uma certifica\u00e7\u00e3o digital.<br>O Platinum Certified n\u00e3o \u00e9 apenas mais uma credencial.<br>Trata-se de um novo padr\u00e3o internacional de confian\u00e7a, desenvolvido para a era digital.<br><br>Se voc\u00ea quer liberdade para trabalhar al\u00e9m das fronteiras...<br>Se voc\u00ea quiser que suas credenciais falem antes de voc\u00ea...<br>Se voc\u00ea deseja proteger sua reputa\u00e7\u00e3o e, ao mesmo tempo, abrir novas oportunidades globais...<br><br>Ent\u00e3o, a Certifica\u00e7\u00e3o Platinum \u00e9 seu pr\u00f3ximo passo.<br><br>Em um mundo de ru\u00eddo digital, sua identidade verificada \u00e9 sua vantagem competitiva.<br>Seja visto. Seja confi\u00e1vel. Seja Platina.<br><br>\n<\/div><div class=\"bde-button-19915-109 bde-button\">\n        \n    \n    \n    \n    \n            \n                    \n            \n            \n\n    \n    \n    \n    \n    \n    <a class=\"breakdance-link button-atom button-atom--secondary bde-button__button\" href=\"https:\/\/kliniksanktmoritz.ch\/pt\/produto\/medicos-certificados-mds-dos-medicos-licenciados-md-mensal\/\" target=\"_self\" data-type=\"url\"  >\n\n    \n        <span class=\"button-atom__text\">\/certificado de platina<\/span>\n\n        \n        \n                <\/a>\n\n    \n\n\n<\/div><div class=\"bde-button-19915-110 bde-button\">\n        \n    \n    \n    \n    \n            \n                    \n            \n            \n\n    \n    \n    \n    \n    \n    <a class=\"breakdance-link button-atom button-atom--secondary bde-button__button\" href=\"https:\/\/kliniksanktmoritz.ch\/pt\/worldmedcert\/id\/\" target=\"_self\" data-type=\"url\"  >\n\n    \n        <span class=\"button-atom__text\">\/Klinik sankt moritz id<\/span>\n\n        \n        \n                <\/a>\n\n    \n\n\n<\/div>\n<\/div><div class=\"bde-column-19915-111 bde-column\">\n  \n  \n\t\n\n\n\n<div class=\"bde-image-19915-112 bde-image\">\n<figure class=\"breakdance-image breakdance-image--19930\">\n\t<div class=\"breakdance-image-container\">\n\t\t<div class=\"breakdance-image-clip\"><img loading=\"lazy\" decoding=\"async\" class=\"breakdance-image-object\" src=\"https:\/\/kliniksanktmoritz.ch\/wp-content\/uploads\/2025\/05\/ChatGPT-Image-May-15-2025-12_43_17-AM.jpg\" width=\"1024\" height=\"1024\" srcset=\"https:\/\/kliniksanktmoritz.ch\/wp-content\/uploads\/2025\/05\/ChatGPT-Image-May-15-2025-12_43_17-AM.jpg 1024w, https:\/\/kliniksanktmoritz.ch\/wp-content\/uploads\/2025\/05\/ChatGPT-Image-May-15-2025-12_43_17-AM-300x300.jpg 300w, https:\/\/kliniksanktmoritz.ch\/wp-content\/uploads\/2025\/05\/ChatGPT-Image-May-15-2025-12_43_17-AM-150x150.jpg 150w, https:\/\/kliniksanktmoritz.ch\/wp-content\/uploads\/2025\/05\/ChatGPT-Image-May-15-2025-12_43_17-AM-768x768.jpg 768w, https:\/\/kliniksanktmoritz.ch\/wp-content\/uploads\/2025\/05\/ChatGPT-Image-May-15-2025-12_43_17-AM-12x12.jpg 12w, https:\/\/kliniksanktmoritz.ch\/wp-content\/uploads\/2025\/05\/ChatGPT-Image-May-15-2025-12_43_17-AM-128x128.jpg 128w, https:\/\/kliniksanktmoritz.ch\/wp-content\/uploads\/2025\/05\/ChatGPT-Image-May-15-2025-12_43_17-AM-600x600.jpg 600w\" sizes=\"auto, (max-width: 1024px) 100vw, 1024px\" alt=\"\" title=\"\"><\/div>\n\t<\/div><\/figure>\n\n<\/div>\n<\/div><\/div><div class=\"bde-button-19915-114 bde-button\">\n        \n    \n    \n    \n    \n            \n                    \n            \n            \n\n    \n    \n    \n    \n    \n    <a class=\"breakdance-link button-atom button-atom--secondary bde-button__button\" href=\"https:\/\/kliniksanktmoritz.ch\/pt\/backlink\/\" target=\"_self\" data-type=\"url\"  >\n\n    \n        <span class=\"button-atom__text\">\/backlink &amp; cv<\/span>\n\n        \n        \n                <\/a>\n\n    \n\n\n<\/div><\/div>\n<\/section>","protected":false},"excerpt":{"rendered":"<p>Why Platinum Certified Is a Game-Changer for Doctors Worldwide In a digital world where reputation is currency, your name alone is no longer enough.Today, true authority must be verified, visible, and unforgeable. \/Platinum certified Platinum Certified , the elite service by Klinik Sankt Moritz , is the ultimate tool for physicians who want to: #Protect [&hellip;]<\/p>\n","protected":false},"author":2,"featured_media":0,"parent":11118,"menu_order":0,"comment_status":"closed","ping_status":"closed","template":"","meta":{"_acf_changed":false,"_breakdance_hide_in_design_set":false,"_breakdance_tags":"","footnotes":"","_wordproof_timestamp":false},"class_list":["post-19915","page","type-page","status-publish","hentry"],"acf":[],"_links":{"self":[{"href":"https:\/\/kliniksanktmoritz.ch\/pt\/wp-json\/wp\/v2\/pages\/19915","targetHints":{"allow":["GET"]}}],"collection":[{"href":"https:\/\/kliniksanktmoritz.ch\/pt\/wp-json\/wp\/v2\/pages"}],"about":[{"href":"https:\/\/kliniksanktmoritz.ch\/pt\/wp-json\/wp\/v2\/types\/page"}],"author":[{"embeddable":true,"href":"https:\/\/kliniksanktmoritz.ch\/pt\/wp-json\/wp\/v2\/users\/2"}],"replies":[{"embeddable":true,"href":"https:\/\/kliniksanktmoritz.ch\/pt\/wp-json\/wp\/v2\/comments?post=19915"}],"version-history":[{"count":2,"href":"https:\/\/kliniksanktmoritz.ch\/pt\/wp-json\/wp\/v2\/pages\/19915\/revisions"}],"predecessor-version":[{"id":19931,"href":"https:\/\/kliniksanktmoritz.ch\/pt\/wp-json\/wp\/v2\/pages\/19915\/revisions\/19931"}],"up":[{"embeddable":true,"href":"https:\/\/kliniksanktmoritz.ch\/pt\/wp-json\/wp\/v2\/pages\/11118"}],"wp:attachment":[{"href":"https:\/\/kliniksanktmoritz.ch\/pt\/wp-json\/wp\/v2\/media?parent=19915"}],"curies":[{"name":"wp","href":"https:\/\/api.w.org\/{rel}","templated":true}]}}