{"id":20135,"date":"2025-05-19T13:42:42","date_gmt":"2025-05-19T12:42:42","guid":{"rendered":"https:\/\/kliniksanktmoritz.ch\/?page_id=20135"},"modified":"2025-05-19T13:46:00","modified_gmt":"2025-05-19T12:46:00","slug":"world-med-cert-by-verduci","status":"publish","type":"page","link":"https:\/\/kliniksanktmoritz.ch\/pt\/world-med-cert-by-verduci\/","title":{"rendered":"World MED Cert da Verduci"},"content":{"rendered":"<section class=\"bde-section-20135-102 bde-section\">\n  \n  \n\t\n\n\n\n<div class=\"section-container\"><h1 class=\"bde-dual-heading-20135-103 bde-dual-heading\">\n\n\n            <span data-style=\"primary\" class=\"dual-heading--primary\">Mundo<\/span>\n\n            <span data-style=\"secondary\" class=\"dual-heading--secondary\">MED<\/span>\n\n            <span data-style=\"primary\" class=\"dual-heading--primary\">Certificado<\/span>\n\n\n\n<\/h1><\/div>\n<\/section><section class=\"bde-section-20135-100 bde-section\">\n  \n  \n\t\n\n\n\n<div class=\"section-container\"><img decoding=\"async\" class=\"bde-image2-20135-104 bde-image2\" src=\"https:\/\/kliniksanktmoritz.ch\/wp-content\/uploads\/2025\/03\/Verduci-Editore-LOGO-300x185.jpg\" loading=\"lazy\" srcset=\"https:\/\/kliniksanktmoritz.ch\/wp-content\/uploads\/2025\/03\/Verduci-Editore-LOGO-300x185.jpg 300w, https:\/\/kliniksanktmoritz.ch\/wp-content\/uploads\/2025\/03\/Verduci-Editore-LOGO-1024x630.jpg 1024w, https:\/\/kliniksanktmoritz.ch\/wp-content\/uploads\/2025\/03\/Verduci-Editore-LOGO-768x473.jpg 768w, https:\/\/kliniksanktmoritz.ch\/wp-content\/uploads\/2025\/03\/Verduci-Editore-LOGO-1536x945.jpg 1536w, https:\/\/kliniksanktmoritz.ch\/wp-content\/uploads\/2025\/03\/Verduci-Editore-LOGO-18x12.jpg 18w, https:\/\/kliniksanktmoritz.ch\/wp-content\/uploads\/2025\/03\/Verduci-Editore-LOGO-600x369.jpg 600w\" sizes=\"(max-width: 300px) 100vw, 300px\" alt=\"\" title=\"\"><div class=\"bde-rich-text-20135-101 bde-rich-text breakdance-rich-text-styles\">\n<h2 data-start=\"170\" data-end=\"277\">\ud83c\udf10 <strong data-start=\"173\" data-end=\"214\">World Med Cert por Klinik Sankt Moritz<\/strong><br data-start=\"214\" data-end=\"217\" \/><strong data-start=\"217\" data-end=\"277\">Certifica\u00e7\u00e3o global para profissionais de sa\u00fade e bem-estar<\/strong><\/h2>\n<p data-start=\"129\" data-end=\"422\">\ud83c\udf0d <strong data-start=\"132\" data-end=\"189\">Torne-se quem voc\u00ea realmente \u00e9. Deixe que o mundo reconhe\u00e7a isso.<\/strong><br data-start=\"189\" data-end=\"192\" \/><strong data-start=\"192\" data-end=\"233\">World Med Cert por Klinik Sankt Moritz<\/strong> \u00e9 mais do que uma certifica\u00e7\u00e3o - \u00e9 um s\u00edmbolo de excel\u00eancia, confian\u00e7a e credibilidade global.<br data-start=\"322\" data-end=\"325\" \/>Em uma \u00e9poca em que tudo pode ser questionado, sua identidade profissional deve brilhar com certeza.<\/p>\n<p data-start=\"424\" data-end=\"680\">Voc\u00ea estudou. Voc\u00ea curou. Voc\u00ea transformou vidas.<br data-start=\"483\" data-end=\"486\" \/>Agora \u00e9 hora de tornar sua hist\u00f3ria vis\u00edvel - e ineg\u00e1vel.<br data-start=\"542\" data-end=\"545\" \/>Com a nossa certifica\u00e7\u00e3o, voc\u00ea n\u00e3o apenas comprova suas qualifica\u00e7\u00f5es - voc\u00ea se junta a um ecossistema global baseado na integridade e na experi\u00eancia verificada.<\/p>\n<p data-start=\"682\" data-end=\"721\">\ud83d\udca0 <strong data-start=\"685\" data-end=\"721\">Escolha seu caminho para o reconhecimento:<\/strong><\/p>\n<p data-start=\"723\" data-end=\"853\"><a href=\"https:\/\/kliniksanktmoritz.ch\/pt\/worldmedcert\/medicos-mds-dos-01\/\">\ud83d\udc68\u200d\u2695\ufe0f <strong data-start=\"729\" data-end=\"756\">M\u00e9dicos (MD\/DO)<\/strong><\/a><br data-start=\"756\" data-end=\"759\" \/>Mostre suas credenciais com certifica\u00e7\u00e3o protegida por blockchain e um perfil p\u00fablico verificado.<\/p>\n<p data-start=\"855\" data-end=\"976\">\ud83e\ude7a <strong data-start=\"858\" data-end=\"895\">Profissionais de sa\u00fade aliados (AHP)<\/strong><br data-start=\"895\" data-end=\"898\" \/>Desbloqueie oportunidades internacionais com uma identidade digital confi\u00e1vel e verificada.<\/p>\n<p data-start=\"978\" data-end=\"1096\">\ud83e\udde0 <strong data-start=\"981\" data-end=\"1016\">Especialistas em sa\u00fade mental (MHS)<\/strong><br data-start=\"1016\" data-end=\"1019\" \/>Aumente sua autoridade e confian\u00e7a nos espa\u00e7os de terapia on-line e presencial.<\/p>\n<p data-start=\"1098\" data-end=\"1240\">\ud83d\udc86\u200d\u2642\ufe0f <strong data-start=\"1104\" data-end=\"1152\">Profissionais de sa\u00fade complementares e de bem-estar (CWP)<\/strong><br data-start=\"1152\" data-end=\"1155\" \/>Destaque-se em um mercado concorrido com uma valida\u00e7\u00e3o prestigiosa e respeitada internacionalmente.<\/p>\n<p data-start=\"1242\" data-end=\"1364\">\ud83c\udfe5 <strong data-start=\"1245\" data-end=\"1277\">Cl\u00ednicas e instala\u00e7\u00f5es m\u00e9dicas<\/strong><br data-start=\"1277\" data-end=\"1280\" \/>Atraia pacientes e parcerias globais com uma equipe respaldada por excel\u00eancia certificada.<\/p>\n<p data-start=\"1366\" data-end=\"1428\">\ud83d\udcac <em data-start=\"1369\" data-end=\"1428\">\"N\u00e3o se trata apenas do que voc\u00ea faz. \u00c9 como o mundo v\u00ea voc\u00ea.\"<\/em><\/p>\n<p data-start=\"1430\" data-end=\"1502\">\u2728 <strong data-start=\"1432\" data-end=\"1502\">Certifique seu valor. Amplie seu alcance. Pratique com confian\u00e7a global.<\/strong><\/p>\n<p>\u00a0<\/p>\n<\/div><\/div>\n<\/section>","protected":false},"excerpt":{"rendered":"<p>World MED Cert \ud83c\udf10 World Med Cert by Klinik Sankt MoritzGlobal Certification for Health &amp; Wellness Professionals \ud83c\udf0d Become Who You Truly Are. Let the World Recognize It.World Med Cert by Klinik Sankt Moritz is more than a certification\u2014it\u2019s a symbol of excellence, trust, and global credibility.In an era where anything can be questioned, your [&hellip;]<\/p>\n","protected":false},"author":2,"featured_media":0,"parent":0,"menu_order":0,"comment_status":"closed","ping_status":"closed","template":"","meta":{"_acf_changed":false,"_breakdance_hide_in_design_set":false,"_breakdance_tags":"","footnotes":"","_wordproof_timestamp":false},"class_list":["post-20135","page","type-page","status-publish","hentry"],"acf":[],"_links":{"self":[{"href":"https:\/\/kliniksanktmoritz.ch\/pt\/wp-json\/wp\/v2\/pages\/20135","targetHints":{"allow":["GET"]}}],"collection":[{"href":"https:\/\/kliniksanktmoritz.ch\/pt\/wp-json\/wp\/v2\/pages"}],"about":[{"href":"https:\/\/kliniksanktmoritz.ch\/pt\/wp-json\/wp\/v2\/types\/page"}],"author":[{"embeddable":true,"href":"https:\/\/kliniksanktmoritz.ch\/pt\/wp-json\/wp\/v2\/users\/2"}],"replies":[{"embeddable":true,"href":"https:\/\/kliniksanktmoritz.ch\/pt\/wp-json\/wp\/v2\/comments?post=20135"}],"version-history":[{"count":3,"href":"https:\/\/kliniksanktmoritz.ch\/pt\/wp-json\/wp\/v2\/pages\/20135\/revisions"}],"predecessor-version":[{"id":20144,"href":"https:\/\/kliniksanktmoritz.ch\/pt\/wp-json\/wp\/v2\/pages\/20135\/revisions\/20144"}],"wp:attachment":[{"href":"https:\/\/kliniksanktmoritz.ch\/pt\/wp-json\/wp\/v2\/media?parent=20135"}],"curies":[{"name":"wp","href":"https:\/\/api.w.org\/{rel}","templated":true}]}}