{"id":20178,"date":"2025-05-20T11:03:57","date_gmt":"2025-05-20T10:03:57","guid":{"rendered":"https:\/\/kliniksanktmoritz.ch\/?page_id=20178"},"modified":"2025-05-20T16:57:52","modified_gmt":"2025-05-20T15:57:52","slug":"klinik-sankt-moritz-id-by-caldelari","status":"publish","type":"page","link":"https:\/\/kliniksanktmoritz.ch\/pt\/certificado-mundial-de-medicina-por-caldelari\/klinik-sankt-moritz-id-by-caldelari\/","title":{"rendered":"Klinik Sankt Moritz ID by Caldelari"},"content":{"rendered":"<section class=\"bde-section-20178-100 bde-section\">\n  \n  \n\t\n\n\n\n<div class=\"section-container\"><h1 class=\"bde-dual-heading-20178-101 bde-dual-heading\">\n\n\n            <span data-style=\"secondary\" class=\"dual-heading--secondary\">Cl\u00ednica Sankt Moritz<\/span>\n\n            <span data-style=\"primary\" class=\"dual-heading--primary\">ID<\/span>\n\n\n\n<\/h1><div class=\"bde-rich-text-20178-102 bde-rich-text breakdance-rich-text-styles\">\n<h3 style=\"text-align: center;\">O identificador digital global para m\u00e9dicos verificados Um n\u00famero.<\/h3>\n<h3 style=\"text-align: center;\">Uma garantia. Uma assinatura de confian\u00e7a.<\/h3>\n<\/div><\/div>\n<\/section><section class=\"bde-section-20178-103 bde-section\">\n  \n  \n\t\n\n\n\n<div class=\"section-container\"><img decoding=\"async\" class=\"bde-image2-20178-104 bde-image2\" src=\"https:\/\/kliniksanktmoritz.ch\/wp-content\/uploads\/2024\/11\/WhatsApp-Image-2024-11-22-at-21.30.03-768x217.jpeg\" alt=\"Caldelari Medical 1928\" loading=\"lazy\" srcset=\"https:\/\/kliniksanktmoritz.ch\/wp-content\/uploads\/2024\/11\/WhatsApp-Image-2024-11-22-at-21.30.03-768x217.jpeg 768w, https:\/\/kliniksanktmoritz.ch\/wp-content\/uploads\/2024\/11\/WhatsApp-Image-2024-11-22-at-21.30.03-300x85.jpeg 300w, https:\/\/kliniksanktmoritz.ch\/wp-content\/uploads\/2024\/11\/WhatsApp-Image-2024-11-22-at-21.30.03-1024x290.jpeg 1024w, https:\/\/kliniksanktmoritz.ch\/wp-content\/uploads\/2024\/11\/WhatsApp-Image-2024-11-22-at-21.30.03-600x170.jpeg 600w, https:\/\/kliniksanktmoritz.ch\/wp-content\/uploads\/2024\/11\/WhatsApp-Image-2024-11-22-at-21.30.03-350x100.jpeg 350w\" sizes=\"(max-width: 768px) 100vw, 768px\" title=\"\"><div class=\"bde-button-20178-105 bde-button\">\n        \n    \n    \n    \n    \n            \n                    \n            \n            \n\n    \n    \n    \n    \n    \n    <a class=\"breakdance-link button-atom button-atom--secondary bde-button__button\" href=\"https:\/\/kliniksanktmoritz.ch\/pt\/produto\/klinik-sankt-moritz-id-by-verduci-editore\/\" target=\"_self\" data-type=\"url\"  >\n\n    \n        <span class=\"button-atom__text\">Obter agora KLINIK Sankt Moritz id<\/span>\n\n        \n        \n                <\/a>\n\n    \n\n\n<\/div><div class=\"bde-columns-20178-106 bde-columns\"><div class=\"bde-column-20178-107 bde-column\">\n  \n  \n\t\n\n\n\n<h2 class=\"bde-dual-heading-20178-108 bde-dual-heading\">\n\n\n            <span data-style=\"secondary\" class=\"dual-heading--secondary\">\ud83d\udd39 O que \u00e9 o<\/span>\n\n            <span data-style=\"primary\" class=\"dual-heading--primary\">Klinik Sankt Moritz ID?<\/span>\n\n\n\n<\/h2><div class=\"bde-rich-text-20178-109 bde-rich-text breakdance-rich-text-styles\">\n<h5>O<a href=\"https:\/\/kliniksanktmoritz.ch\/pt\/produto\/klinik-sankt-moritz-id-by-caldelari-medical\/\"> Cl\u00ednica Sankt Moritz ID<\/a> \u00e9 um identificador digital exclusivo emitido somente para m\u00e9dicos que estejam ativamente registrados em um conselho m\u00e9dico reconhecido, em qualquer lugar do mundo.\u00c9 um servi\u00e7o simples e anual que fornece aos pacientes um n\u00edvel m\u00ednimo de autenticidade profissional e oferece aos m\u00e9dicos uma presen\u00e7a verificada e segura.<\/h5>\n<h5>Para que serve?<br \/>Identificar de forma clara e imediata um m\u00e9dico como tal.<br \/>Incorpore o ID em sua assinatura de e-mail, site, documentos m\u00e9dicos ou plataformas digitais.<br \/>Garanta aos pacientes que eles est\u00e3o falando com um m\u00e9dico licenciado - n\u00e3o h\u00e1 necessidade de curr\u00edculos, t\u00edtulos ou diplomas.<\/h5>\n<h5>O que ele verifica?<br \/>Que o profissional esteja ativamente registrado em um conselho m\u00e9dico.<br \/>Que a Klinik Sankt Moritz verificou isso nos \u00faltimos 12 meses.<br \/>Nada mais, nada menos: ele confirma a exist\u00eancia e a legitimidade, n\u00e3o as qualifica\u00e7\u00f5es ou o conhecimento especializado.<\/h5>\n<h5>Por que isso \u00e9 importante?<br \/>Em uma era de desinforma\u00e7\u00e3o e fraude digital, a <a href=\"https:\/\/kliniksanktmoritz.ch\/pt\/produto\/klinik-sankt-moritz-id-by-caldelari-medical\/\">Cl\u00ednica Sankt Moritz ID<\/a> atua como um padr\u00e3o m\u00ednimo de confian\u00e7a:<br \/>Protege os pacientes de perfis falsos<br \/>D\u00e1 visibilidade a profissionais reais<br \/>Rompe barreiras de confian\u00e7a digital no setor de sa\u00fade<\/h5>\n<h5>Para quem \u00e9?<br \/>Exclusivamente para m\u00e9dicos licenciados, independentemente do pa\u00eds ou da especialidade.<br \/>Sem credenciais falsas. Sem zonas cinzentas. Nenhuma ambiguidade.<\/h5>\n<h5>Quanto custa?<br \/>Um servi\u00e7o de n\u00edvel b\u00e1sico e de baixa barreira:<a href=\"https:\/\/kliniksanktmoritz.ch\/pt\/produto\/klinik-sankt-moritz-id-by-verduci-editore\/\">CHF49\/ano<\/a><br \/>Para m\u00e9dicos que desejam ser facilmente verificados em todo o mundo.<\/h5>\n<h5>Visibilidade global<br \/>Os m\u00e9dicos que obtiverem uma ID ter\u00e3o:<br \/>Aparecer no diret\u00f3rio p\u00fablico oficial da Klinik Sankt Moritz<br \/>Receber um crach\u00e1 digital para exibir sua identifica\u00e7\u00e3o verificada<br \/>Fornecer aos pacientes um link claro e p\u00fablico para validar seu status<\/h5>\n<h5>\ud83d\udee1\ufe0f O valor da verifica\u00e7\u00e3o simples<br \/>O <a href=\"https:\/\/kliniksanktmoritz.ch\/pt\/produto\/klinik-sankt-moritz-id-by-caldelari-medical\/\">Cl\u00ednica Sankt Moritz ID<\/a> n\u00e3o invade sua privacidade, n\u00e3o revela seus dados nem tenta certificar suas habilidades.<br \/>Ele confirma apenas uma verdade essencial: \ud83d\udc49 \"Esta pessoa \u00e9 um m\u00e9dico licenciado. Verificado por n\u00f3s.\"<\/h5>\n<h5>Um pequeno passo para o m\u00e9dico. Um grande salto para a confian\u00e7a do paciente.<br \/>Ativar seu <a href=\"https:\/\/kliniksanktmoritz.ch\/pt\/produto\/klinik-sankt-moritz-id-by-caldelari-medical\/\" data-wplink-edit=\"true\">Klinik Sankt Moritz ID hoje<\/a>.Um n\u00famero. Uma assinatura. Um ato de responsabilidade profissional.<\/h5>\n<\/div><div class=\"bde-button-20178-110 bde-button\">\n        \n    \n    \n    \n    \n            \n                    \n            \n            \n\n    \n    \n    \n    \n    \n    <a class=\"breakdance-link button-atom button-atom--secondary bde-button__button\" href=\"https:\/\/kliniksanktmoritz.ch\/pt\/produto\/klinik-sankt-moritz-id-by-caldelari-medical\/\" target=\"_self\" data-type=\"url\"  >\n\n    \n        <span class=\"button-atom__text\">COMPRAR agora Klinik Sankt Moritz ID !<\/span>\n\n        \n        \n                <\/a>\n\n    \n\n\n<\/div>\n<\/div><div class=\"bde-column-20178-111 bde-column\">\n  \n  \n\t\n\n\n\n<div class=\"bde-image-20178-112 bde-image\">\n<figure class=\"breakdance-image breakdance-image--19906\">\n\t<div class=\"breakdance-image-container\">\n\t\t<div class=\"breakdance-image-clip\"><img loading=\"lazy\" decoding=\"async\" class=\"breakdance-image-object\" src=\"https:\/\/kliniksanktmoritz.ch\/wp-content\/uploads\/2025\/05\/May-14-2025-06_59_26-PM.jpg\" width=\"1024\" height=\"1536\" srcset=\"https:\/\/kliniksanktmoritz.ch\/wp-content\/uploads\/2025\/05\/May-14-2025-06_59_26-PM.jpg 1024w, https:\/\/kliniksanktmoritz.ch\/wp-content\/uploads\/2025\/05\/May-14-2025-06_59_26-PM-200x300.jpg 200w, https:\/\/kliniksanktmoritz.ch\/wp-content\/uploads\/2025\/05\/May-14-2025-06_59_26-PM-683x1024.jpg 683w, https:\/\/kliniksanktmoritz.ch\/wp-content\/uploads\/2025\/05\/May-14-2025-06_59_26-PM-768x1152.jpg 768w, https:\/\/kliniksanktmoritz.ch\/wp-content\/uploads\/2025\/05\/May-14-2025-06_59_26-PM-8x12.jpg 8w, https:\/\/kliniksanktmoritz.ch\/wp-content\/uploads\/2025\/05\/May-14-2025-06_59_26-PM-128x192.jpg 128w, https:\/\/kliniksanktmoritz.ch\/wp-content\/uploads\/2025\/05\/May-14-2025-06_59_26-PM-600x900.jpg 600w\" sizes=\"auto, (max-width: 1024px) 100vw, 1024px\" alt=\"\" title=\"\"><\/div>\n\t<\/div><\/figure>\n\n<\/div>\n<\/div><\/div><\/div>\n<\/section>","protected":false},"excerpt":{"rendered":"<p>Klinik Sankt Moritz ID The Global Digital Identifier for Verified Medical Doctors\u2028A number. A guarantee. A signature of trust. GET NOW KLINIK Sankt Moritz id \ud83d\udd39 What is the Klinik Sankt Moritz ID? The Klinik Sankt Moritz ID is a unique digital identifier issued only to doctors who are actively registered with a recognised medical [&hellip;]<\/p>\n","protected":false},"author":2,"featured_media":0,"parent":20173,"menu_order":0,"comment_status":"closed","ping_status":"closed","template":"","meta":{"_acf_changed":false,"_breakdance_hide_in_design_set":false,"_breakdance_tags":"","footnotes":"","_wordproof_timestamp":false},"class_list":["post-20178","page","type-page","status-publish","hentry"],"acf":[],"_links":{"self":[{"href":"https:\/\/kliniksanktmoritz.ch\/pt\/wp-json\/wp\/v2\/pages\/20178","targetHints":{"allow":["GET"]}}],"collection":[{"href":"https:\/\/kliniksanktmoritz.ch\/pt\/wp-json\/wp\/v2\/pages"}],"about":[{"href":"https:\/\/kliniksanktmoritz.ch\/pt\/wp-json\/wp\/v2\/types\/page"}],"author":[{"embeddable":true,"href":"https:\/\/kliniksanktmoritz.ch\/pt\/wp-json\/wp\/v2\/users\/2"}],"replies":[{"embeddable":true,"href":"https:\/\/kliniksanktmoritz.ch\/pt\/wp-json\/wp\/v2\/comments?post=20178"}],"version-history":[{"count":4,"href":"https:\/\/kliniksanktmoritz.ch\/pt\/wp-json\/wp\/v2\/pages\/20178\/revisions"}],"predecessor-version":[{"id":20193,"href":"https:\/\/kliniksanktmoritz.ch\/pt\/wp-json\/wp\/v2\/pages\/20178\/revisions\/20193"}],"up":[{"embeddable":true,"href":"https:\/\/kliniksanktmoritz.ch\/pt\/wp-json\/wp\/v2\/pages\/20173"}],"wp:attachment":[{"href":"https:\/\/kliniksanktmoritz.ch\/pt\/wp-json\/wp\/v2\/media?parent=20178"}],"curies":[{"name":"wp","href":"https:\/\/api.w.org\/{rel}","templated":true}]}}