{"id":11851,"date":"2024-08-21T10:37:59","date_gmt":"2024-08-21T09:37:59","guid":{"rendered":"https:\/\/kliniksanktmoritz.ch\/?post_type=product&#038;p=11851"},"modified":"2024-10-02T08:55:30","modified_gmt":"2024-10-02T07:55:30","slug":"monitor-multiparametrico-pc-300","status":"publish","type":"product","link":"https:\/\/kliniksanktmoritz.ch\/pt\/produto\/monitor-multiparametrico-pc-300\/","title":{"rendered":"Monitor multiparam\u00e9trico PC-300"},"content":{"rendered":"","protected":false},"excerpt":{"rendered":"<p>Informa\u00e7\u00f5es gerais<\/p>\n<p>Esse monitor port\u00e1til \u00e9 ideal para verifica\u00e7\u00f5es pontuais em hospitais, cl\u00ednicas e ambientes privados para medi\u00e7\u00f5es di\u00e1rias. Com uma bateria de l\u00edtio integrada, ele mede SpO2, frequ\u00eancia card\u00edaca, NIBP (press\u00e3o arterial n\u00e3o invasiva) e temperatura. Ele tamb\u00e9m possui Bluetooth e USB para facilitar a transfer\u00eancia de dados para smartphones ou tablets Android para an\u00e1lise posterior.<\/p>\n<p>&nbsp;<\/p>\n<p>Principais recursos<\/p>\n<p>- Tela LCD de 4,3 polegadas<\/p>\n<p>- Medidas: SpO2, NIBP, frequ\u00eancia card\u00edaca e temperatura<\/p>\n<p>- Armazena at\u00e9 6000 leituras de NIBP<\/p>\n<p>- Pode armazenar dados de 100 pacientes (at\u00e9 999 leituras por paciente)<\/p>\n<p>- Sonda de ouvido para leituras r\u00e1pidas de temperatura com resultados em 5 segundos<\/p>\n<p>- Bateria de l\u00edtio recarreg\u00e1vel integrada<\/p>\n<p>- Transfer\u00eancia de dados Bluetooth<\/p>\n<p>- Conecta-se a smartphones e tablets Android com Bluetooth 4.0 ou superior<\/p>\n<p>&nbsp;<\/p>\n<p>GIMApp<\/p>\n<p>O monitor multipar\u00e2metro port\u00e1til PC-300 se conecta ao GIMApp, um aplicativo gratuito e inovador desenvolvido para smartphones. O aplicativo funciona com uma variedade de dispositivos m\u00e9dicos para medir temperatura, press\u00e3o arterial, frequ\u00eancia card\u00edaca, peso, composi\u00e7\u00e3o corporal, satura\u00e7\u00e3o de oxig\u00eanio, ECG, sono, glicose no sangue, atividade f\u00edsica e muito mais. Ele est\u00e1 dispon\u00edvel em 10 idiomas (GB, FR, IT, ES, DE, NL, GR, PT, RO, PL) e n\u00e3o requer configura\u00e7\u00e3o complicada.<\/p>\n<p>&nbsp;<\/p>\n<p>O pacote padr\u00e3o inclui<\/p>\n<p>- Sensor de SpO2 para adultos<\/p>\n<p>- Manguito de NIBP para adultos<\/p>\n<p>- Term\u00f4metro de ouvido (tampas de sonda n\u00e3o inclu\u00eddas)<\/p>\n<p>- Bateria de l\u00edtio com carregador<\/p>\n<p>- Bolsa de transporte<\/p>\n<p>- Manual do usu\u00e1rio: GB, FR, IT, ES<\/p>\n<p>&nbsp;<\/p>\n<p>Informa\u00e7\u00f5es t\u00e9cnicas<\/p>\n<p>Compatibilidade da plataforma de telemedicina<\/p>\n<p>- iTEL<\/p>\n<p>- Helthia<\/p>\n<p>&nbsp;<\/p>\n<p>Par\u00e2metros de SpO2<\/p>\n<p>- Faixa de medi\u00e7\u00e3o: 35%-100%<\/p>\n<p>- Precis\u00e3o: \u00b12% (75%-100% SpO2) \/ \u00b13% (50%-74% SpO2)<\/p>\n<p>&nbsp;<\/p>\n<p>Par\u00e2metros de frequ\u00eancia card\u00edaca<\/p>\n<p>- Faixa de medi\u00e7\u00e3o: 30-240 bpm<\/p>\n<p>- Precis\u00e3o: at\u00e9 \u00b12%<\/p>\n<p>&nbsp;<\/p>\n<p>Par\u00e2metros de NIBP<\/p>\n<p>- Faixa de NIBP: 0 mmHg-300 mmHg (0-39,9 KPA)<\/p>\n<p>- Precis\u00e3o da press\u00e3o: \u00b13 mmHg<\/p>\n<p>- Faixa sist\u00f3lica: 60 mmHg-240 mmHg<\/p>\n<p>- Faixa diast\u00f3lica: 30mmHg-180mmHg<\/p>\n<p>&nbsp;<\/p>\n<p>Par\u00e2metros de temperatura<\/p>\n<p>- Faixa de medi\u00e7\u00e3o: 32\u00b0C-43\u00b0C<\/p>\n<p>- Precis\u00e3o: \u00b10,2\u00b0C (35\u00b0C-42\u00b0C), \u00b10,3\u00b0C (outros)<\/p>\n<p>- Tempo de medi\u00e7\u00e3o: &lt;5 segundos<\/p>\n<p>&nbsp;<\/p>\n<p>ECG (opcional)<\/p>\n<p>- Faixa de frequ\u00eancia card\u00edaca: 30-240 bpm<\/p>\n<p>- Precis\u00e3o: \u00b12 bpm ou \u00b12%, o que for maior<\/p>\n<p>- Ganho de exibi\u00e7\u00e3o: 5,0 mm\/mV \u00b110%<\/p>\n<p>- Taxa de rejei\u00e7\u00e3o de modo comum (CMRR): \u226560 dB<\/p>\n<p>&nbsp;<\/p>\n<p>Glicose no sangue (opcional)<\/p>\n<p>- Faixa de medi\u00e7\u00e3o: 20-600 mg\/dL<\/p>\n<p>&nbsp;<\/p>\n<p>Fonte de alimenta\u00e7\u00e3o<\/p>\n<p>- Bateria: \u00edon de l\u00edtio de 3,7 V (inclu\u00edda)<\/p>\n<p>- Tens\u00e3o operacional: 3,6-4,2 VCC<\/p>\n<p>- Corrente: \u2264800 mA<\/p>\n<p>- Carregador: 100-240 VCA, 50\/60 Hz, 5 VCC ou USB<\/p>\n<p>&nbsp;<\/p>\n<p>Tempo de medi\u00e7\u00e3o<\/p>\n<p>- &lt;20 segundos para leituras<\/p>","protected":false},"featured_media":11852,"template":"","meta":{"_acf_changed":false,"wds_primary_product_brand":0,"wds_primary_product_cat":0,"_wordproof_timestamp":false},"product_brand":[],"product_cat":[113,78],"product_tag":[],"class_list":{"0":"post-11851","1":"product","2":"type-product","3":"status-publish","4":"has-post-thumbnail","6":"product_cat-device","7":"product_cat-digitaltwin","9":"first","10":"instock","11":"shipping-taxable","12":"purchasable","13":"product-type-simple"},"acf":[],"_links":{"self":[{"href":"https:\/\/kliniksanktmoritz.ch\/pt\/wp-json\/wp\/v2\/product\/11851","targetHints":{"allow":["GET"]}}],"collection":[{"href":"https:\/\/kliniksanktmoritz.ch\/pt\/wp-json\/wp\/v2\/product"}],"about":[{"href":"https:\/\/kliniksanktmoritz.ch\/pt\/wp-json\/wp\/v2\/types\/product"}],"wp:featuredmedia":[{"embeddable":true,"href":"https:\/\/kliniksanktmoritz.ch\/pt\/wp-json\/wp\/v2\/media\/11852"}],"wp:attachment":[{"href":"https:\/\/kliniksanktmoritz.ch\/pt\/wp-json\/wp\/v2\/media?parent=11851"}],"wp:term":[{"taxonomy":"product_brand","embeddable":true,"href":"https:\/\/kliniksanktmoritz.ch\/pt\/wp-json\/wp\/v2\/product_brand?post=11851"},{"taxonomy":"product_cat","embeddable":true,"href":"https:\/\/kliniksanktmoritz.ch\/pt\/wp-json\/wp\/v2\/product_cat?post=11851"},{"taxonomy":"product_tag","embeddable":true,"href":"https:\/\/kliniksanktmoritz.ch\/pt\/wp-json\/wp\/v2\/product_tag?post=11851"}],"curies":[{"name":"wp","href":"https:\/\/api.w.org\/{rel}","templated":true}]}}