{"id":11876,"date":"2024-08-24T15:08:14","date_gmt":"2024-08-24T14:08:14","guid":{"rendered":"https:\/\/kliniksanktmoritz.ch\/?post_type=product&#038;p=11876"},"modified":"2024-10-01T18:36:18","modified_gmt":"2024-10-01T17:36:18","slug":"monitor-multiparametrico-checkme-lite-ecg-e-spo2","status":"publish","type":"product","link":"https:\/\/kliniksanktmoritz.ch\/pt\/produto\/monitor-multiparametrico-checkme-lite-ecg-e-spo2\/","title":{"rendered":"Monitor multiparam\u00e9trico CheckMe Lite ECG e SpO2"},"content":{"rendered":"","protected":false},"excerpt":{"rendered":"<p>Informa\u00e7\u00f5es gerais<\/p>\n<p>O CheckMe Lite \u00e9 um dispositivo multifuncional inovador que combina v\u00e1rias fun\u00e7\u00f5es em uma unidade compacta e port\u00e1til. O CheckMe Lite permite medir ECG, frequ\u00eancia card\u00edaca, dura\u00e7\u00e3o do QRS, SpO2, frequ\u00eancia de pulso e \u00edndice de pulso simultaneamente.<\/p>\n<p>&nbsp;<\/p>\n<p>Com sua tela colorida sens\u00edvel ao toque, interface de usu\u00e1rio intuitiva e instru\u00e7\u00f5es em \u00e1udio, \u00e9 f\u00e1cil de usar. O dispositivo \u00e9 clinicamente testado e aprovado quanto \u00e0 precis\u00e3o.<\/p>\n<p>&nbsp;<\/p>\n<p>Aplicativo<\/p>\n<p>O monitor multipar\u00e2metro CheckMe Lite se conecta ao App, um aplicativo gratuito para smartphone projetado para funcionar com uma variedade de dispositivos m\u00e9dicos. Ele mede a temperatura, a press\u00e3o arterial, a frequ\u00eancia card\u00edaca, o peso, a composi\u00e7\u00e3o corporal, a satura\u00e7\u00e3o de oxig\u00eanio, o ECG, o sono, a glicemia e a atividade f\u00edsica. O aplicativo est\u00e1 dispon\u00edvel em 10 idiomas (GB, FR, IT, ES, DE, NL, GR, PT, RO, PL) e n\u00e3o requer nenhuma configura\u00e7\u00e3o complexa.<\/p>\n<p>&nbsp;<\/p>\n<p>O pacote padr\u00e3o inclui<\/p>\n<p>- Manual: GB, IT, ES, DE, FR<\/p>\n<p>- Instru\u00e7\u00f5es de \u00e1udio: GB, PL, DE, IT, FR, ES, HU<\/p>\n<p>- Software em ingl\u00eas<\/p>\n<p>- Cabo de ECG<\/p>\n<p>- Eletrodos de ECG<\/p>\n<p>- Al\u00e7a de pesco\u00e7o<\/p>\n<p>- Cabo de carregamento (micro D)<\/p>\n<p>&nbsp;<\/p>\n<p>Informa\u00e7\u00f5es t\u00e9cnicas<\/p>\n<p>- Suporta medi\u00e7\u00f5es de ECG e SpO2 com e sem cabo (cabo de SpO2 vendido separadamente)<\/p>\n<p>- Detecta e identifica leituras anormais de ECG em apenas 20 segundos<\/p>\n<p>- Um algoritmo profissional analisa o ECG, fornecendo frequ\u00eancia card\u00edaca, dura\u00e7\u00e3o do QRS, segmento ST e an\u00e1lise do ritmo<\/p>\n<p>- Mede a SpO2 com o sensor integrado em apenas 20 segundos<\/p>\n<p>- A forma de onda de ECG de alta qualidade pode ser salva e reproduzida<\/p>\n<p>- O software inclu\u00eddo permite o gerenciamento de dados e a gera\u00e7\u00e3o de relat\u00f3rios (somente para Windows)<\/p>\n<p>&nbsp;<\/p>\n<p>Para obter mais informa\u00e7\u00f5es, acesse a Declara\u00e7\u00e3o CE e o Manual do Usu\u00e1rio nos links fornecidos:<\/p>\n<p>- [Declara\u00e7\u00e3o CE] (https:\/\/risorse.doctorshop.it\/documentOld\/830852\/DichiarazioneCE)<\/p>\n<p>- [Manual do usu\u00e1rio] (https:\/\/risorse.doctorshop.it\/documentOld\/830852\/ManualeUso)<\/p>","protected":false},"featured_media":11887,"template":"","meta":{"_acf_changed":false,"wds_primary_product_brand":0,"wds_primary_product_cat":0,"_wordproof_timestamp":false},"product_brand":[],"product_cat":[113,78],"product_tag":[],"class_list":{"0":"post-11876","1":"product","2":"type-product","3":"status-publish","4":"has-post-thumbnail","6":"product_cat-device","7":"product_cat-digitaltwin","9":"first","10":"instock","11":"shipping-taxable","12":"purchasable","13":"product-type-simple"},"acf":[],"_links":{"self":[{"href":"https:\/\/kliniksanktmoritz.ch\/pt\/wp-json\/wp\/v2\/product\/11876","targetHints":{"allow":["GET"]}}],"collection":[{"href":"https:\/\/kliniksanktmoritz.ch\/pt\/wp-json\/wp\/v2\/product"}],"about":[{"href":"https:\/\/kliniksanktmoritz.ch\/pt\/wp-json\/wp\/v2\/types\/product"}],"wp:featuredmedia":[{"embeddable":true,"href":"https:\/\/kliniksanktmoritz.ch\/pt\/wp-json\/wp\/v2\/media\/11887"}],"wp:attachment":[{"href":"https:\/\/kliniksanktmoritz.ch\/pt\/wp-json\/wp\/v2\/media?parent=11876"}],"wp:term":[{"taxonomy":"product_brand","embeddable":true,"href":"https:\/\/kliniksanktmoritz.ch\/pt\/wp-json\/wp\/v2\/product_brand?post=11876"},{"taxonomy":"product_cat","embeddable":true,"href":"https:\/\/kliniksanktmoritz.ch\/pt\/wp-json\/wp\/v2\/product_cat?post=11876"},{"taxonomy":"product_tag","embeddable":true,"href":"https:\/\/kliniksanktmoritz.ch\/pt\/wp-json\/wp\/v2\/product_tag?post=11876"}],"curies":[{"name":"wp","href":"https:\/\/api.w.org\/{rel}","templated":true}]}}