{"id":11888,"date":"2024-08-24T15:18:22","date_gmt":"2024-08-24T14:18:22","guid":{"rendered":"https:\/\/kliniksanktmoritz.ch\/?post_type=product&#038;p=11888"},"modified":"2024-10-01T18:33:50","modified_gmt":"2024-10-01T17:33:50","slug":"monitor-multiparametrico-checkme-pro","status":"publish","type":"product","link":"https:\/\/kliniksanktmoritz.ch\/pt\/produto\/monitor-multiparametrico-checkme-pro\/","title":{"rendered":"Monitor multiparam\u00e9trico CheckMe Pro"},"content":{"rendered":"","protected":false},"excerpt":{"rendered":"<p>Informa\u00e7\u00f5es gerais<\/p>\n<p>O CheckMe Pro Vital Signs \u00e9 um dispositivo multifuncional inovador que oferece v\u00e1rias fun\u00e7\u00f5es em um design \u00fanico, compacto e port\u00e1til.<\/p>\n<p>&nbsp;<\/p>\n<p>Com sua tela colorida sens\u00edvel ao toque e uma interface amig\u00e1vel, \u00e9 f\u00e1cil de usar, com instru\u00e7\u00f5es em \u00e1udio para orient\u00e1-lo durante o processo. O dispositivo oferece precis\u00e3o clinicamente testada e aprovada.<\/p>\n<p>&nbsp;<\/p>\n<p>Aplicativo<\/p>\n<p>O monitor multipar\u00e2metro CheckMe Pro conecta-se ao App, um aplicativo gratuito para smartphone projetado para funcionar com uma variedade de dispositivos m\u00e9dicos. Eles podem medir a temperatura, a press\u00e3o arterial, a frequ\u00eancia card\u00edaca, o peso, a composi\u00e7\u00e3o corporal, a satura\u00e7\u00e3o de oxig\u00eanio, o ECG, o sono, a glicemia e a atividade f\u00edsica. O aplicativo est\u00e1 dispon\u00edvel em 10 idiomas (GB, FR, IT, ES, DE, NL, GR, PT, RO, PL) e n\u00e3o requer nenhuma configura\u00e7\u00e3o complexa.<\/p>\n<p>&nbsp;<\/p>\n<p>O pacote padr\u00e3o inclui<\/p>\n<p>- Manual: GB, ES, IT, DE, FR<\/p>\n<p>- Instru\u00e7\u00f5es de \u00e1udio: GB, ES, IT, DE, FR, PL, RU, HU<\/p>\n<p>- Software: GB<\/p>\n<p>- Aplicativos: GB, DE, FR, ES<\/p>\n<p>- Cabo de ECG<\/p>\n<p>- Sensor de SpO2<\/p>\n<p>- Eletrodos de ECG<\/p>\n<p>- Cabo de carregamento (micro D)<\/p>\n<p>- Al\u00e7a de pesco\u00e7o<\/p>\n<p>- Capa protetora<\/p>\n<p>- Pulseira<\/p>\n<p>&nbsp;<\/p>\n<p>Informa\u00e7\u00f5es t\u00e9cnicas<\/p>\n<p>Compatibilidade da plataforma de telemedicina<\/p>\n<p>- Paginemediche (c\u00f3digos 19900000 e 19900001)<\/p>\n<p>- iTEL<\/p>\n<p>- Helthia<\/p>\n<p>&nbsp;<\/p>\n<p>ECG<\/p>\n<p>- Mede ECG com ou sem um cabo<\/p>\n<p>- Frequ\u00eancia de amostragem de 500 Hz<\/p>\n<p>- Fornece um rastreamento de 30\/60 segundos<\/p>\n<p>- O algoritmo profissional retorna a frequ\u00eancia card\u00edaca, a dura\u00e7\u00e3o do QRS, a an\u00e1lise do segmento ST, o intervalo QT\/QTC e os detalhes do ritmo<\/p>\n<p>&nbsp;<\/p>\n<p>SpO2<\/p>\n<p>- Mede a satura\u00e7\u00e3o de oxig\u00eanio, o pulso e a intensidade do pulso com ou sem um cabo<\/p>\n<p>&nbsp;<\/p>\n<p>Triagem de apneia do sono<\/p>\n<p>- Monitor de SpO2 para Apneia Obstrutiva do Sono (AOS)<\/p>\n<p>- Registra SpO2 e pulso por at\u00e9 10 horas<\/p>\n<p>- O aplicativo dedicado fornece an\u00e1lise detalhada de SpO2<\/p>\n<p>&nbsp;<\/p>\n<p>Medi\u00e7\u00e3o de press\u00e3o arterial via Bluetooth<\/p>\n<p>- (\u00c9 necess\u00e1ria uma unidade opcional) Integra todos os dados vitais em tempo real<\/p>\n<p>&nbsp;<\/p>\n<p>Temperatura<\/p>\n<p>- Medi\u00e7\u00e3o de temperatura por infravermelho r\u00e1pida e de alta qualidade<\/p>\n<p>- N\u00e3o h\u00e1 necessidade de acordar o paciente para fazer as leituras<\/p>\n<p>&nbsp;<\/p>\n<p>Ped\u00f4metro<\/p>\n<p>- Rastreia com precis\u00e3o os passos, as calorias e a gordura queimada<\/p>\n<p>- Possui um sensor 3D de alta qualidade<\/p>\n<p>&nbsp;<\/p>\n<p>Aplicativo dedicado para iOS e Android<\/p>\n<p>- Todos os dados podem ser exportados via Bluetooth para smartphones e tablets<\/p>\n<p>- Reduz significativamente os custos de visitas ao hospital ao compartilhar dados remotamente com os prestadores de servi\u00e7os de sa\u00fade<\/p>\n<p>Software para PC<\/p>\n<p>- Gerencia os dados coletados<\/p>\n<p>- Permite a exporta\u00e7\u00e3o de dados do paciente, perfis, notas e formas de onda de ECG do dispositivo CheckMe para um PC via USB (n\u00e3o inclu\u00eddo)<\/p>","protected":false},"featured_media":11889,"template":"","meta":{"_acf_changed":false,"wds_primary_product_brand":0,"wds_primary_product_cat":0,"_wordproof_timestamp":false},"product_brand":[],"product_cat":[113,78],"product_tag":[],"class_list":{"0":"post-11888","1":"product","2":"type-product","3":"status-publish","4":"has-post-thumbnail","6":"product_cat-device","7":"product_cat-digitaltwin","9":"first","10":"instock","11":"shipping-taxable","12":"purchasable","13":"product-type-simple"},"acf":[],"_links":{"self":[{"href":"https:\/\/kliniksanktmoritz.ch\/pt\/wp-json\/wp\/v2\/product\/11888","targetHints":{"allow":["GET"]}}],"collection":[{"href":"https:\/\/kliniksanktmoritz.ch\/pt\/wp-json\/wp\/v2\/product"}],"about":[{"href":"https:\/\/kliniksanktmoritz.ch\/pt\/wp-json\/wp\/v2\/types\/product"}],"wp:featuredmedia":[{"embeddable":true,"href":"https:\/\/kliniksanktmoritz.ch\/pt\/wp-json\/wp\/v2\/media\/11889"}],"wp:attachment":[{"href":"https:\/\/kliniksanktmoritz.ch\/pt\/wp-json\/wp\/v2\/media?parent=11888"}],"wp:term":[{"taxonomy":"product_brand","embeddable":true,"href":"https:\/\/kliniksanktmoritz.ch\/pt\/wp-json\/wp\/v2\/product_brand?post=11888"},{"taxonomy":"product_cat","embeddable":true,"href":"https:\/\/kliniksanktmoritz.ch\/pt\/wp-json\/wp\/v2\/product_cat?post=11888"},{"taxonomy":"product_tag","embeddable":true,"href":"https:\/\/kliniksanktmoritz.ch\/pt\/wp-json\/wp\/v2\/product_tag?post=11888"}],"curies":[{"name":"wp","href":"https:\/\/api.w.org\/{rel}","templated":true}]}}